{"id":1090,"date":"2014-01-20T01:36:47","date_gmt":"2014-01-19T23:36:47","guid":{"rendered":"https:\/\/23spotsgroup.com\/23spotsdiving\/?page_id=1090"},"modified":"2019-09-26T20:57:38","modified_gmt":"2019-09-26T18:57:38","slug":"shark-diving","status":"publish","type":"page","link":"https:\/\/23spots.com\/23spots-divers01\/shark-diving\/","title":{"rendered":"Shark Diving"},"content":{"rendered":"<div class=\"wpb-content-wrapper\"><p>[vc_row][vc_column][vc_column_text]<\/p>\n<h3>Beim Shark Diving Auge in Auge mit den Haien<\/h3>\n<p>Haitauchen geh\u00f6rt wahrscheinlich zu den spektakul\u00e4rsten Tauchabenteuern und zu einem der unvergesslichsten Momente. Deshalb sollte jeder Taucher dies mindestens einmal erlebt haben. Wie bei allem kann man auch beim Tauchen mit Haien klein beginnen und muss nicht gleich mit dem gro\u00dfen wei\u00dfen Hai beim ersten Tauchgang in Kontakt kommen.<\/p>\n<p>Sollte nun Dein Interesse geweckt worden sein und Du willst nun unbedingt mit diesen majest\u00e4tischen Fischen unter Wasser ein T\u00eate-\u00e0-t\u00eate haben, dann ist dies der ideale Einstieg f\u00fcr Dich, doch auch erfahrene Haitaucher kommen hier auf ihre Kosten.<br \/>\nWenn Du diese herrlichen Meeresbewohner aus n\u00e4chster N\u00e4he betrachten kannst, dann ist dies wahrscheinlich f\u00fcr Dich mehr als nur ein aufregendes Erlebnis, viel mehr ist es eine bewegende Begegnung und Du wirst Dich immer wieder gerne daran erinnern. Die unglaubliche Aura dieser von der Natur perfekt geformten Killer-Maschinen zieht einfach jeden Taucher in ihren Bann und fasziniert jeden auf das Unermessliche.<\/p>\n<p>Die heutigen Hai-Safaris werden hochprofessionell durchgef\u00fchrt und sind somit f\u00fcr jeden Taucher und sogar Nichttaucher ein Erlebnis. Hier bist Du in sicheren H\u00e4nden und Du kannst cool und gelassen diese unglaublichen und \u00e4sthetischen Muskelpakete in ihrem Element bewundern.[\/[\/vc_column_text][\/vc_column][\/vc_row][vc_row css=&#8220;.vc_custom_1508917160673{padding-left: 10px !important;background-color: #cccccc !important;}&#8220;][vc_column width=&#8220;1\/2&#8243; css=&#8220;.vc_custom_1508917398592{padding-right: 30px !important;}&#8220;][vc_custom_heading text=&#8220;Das Tauchen mit Haien ist kein Besuch im Streichelzoo&#8220; font_container=&#8220;tag:h3|text_align:left&#8220; google_fonts=&#8220;font_family:Roboto%3A100%2C100italic%2C300%2C300italic%2Cregular%2Citalic%2C500%2C500italic%2C700%2C700italic%2C900%2C900italic|font_style:400%20regular%3A400%3Anormal&#8220; css=&#8220;.vc_custom_1516188829364{padding-bottom: 10px !important;}&#8220;][vc_separator color=&#8220;blue&#8220; border_width=&#8220;2&#8243; css=&#8220;.vc_custom_1508333739153{padding-bottom: 15px !important;}&#8220;][vc_column_text]Jedem Taucher sollte klar sein, dass das Tauchen mit Haien trotz aller Professionalit\u00e4t der Anbieter immer mit Risiken behaftet ist. Wie \u00fcberall gibt es auch beim Hai-Tauchen Kritiker und diese warnen vor der Schnelligkeit und Kraft dieser Raubtiere des Meeres und dass man schnell dies untersch\u00e4tzt und leichtsinnig wird. Ebenso warnen sie davor, dass das Anf\u00fcttern und Anlocken von Haien mit den K\u00f6dern das biologische Gleichgewicht im Meer st\u00f6ren k\u00f6nne und es somit zu einem Ungleichgewicht kommt. Doch es gibt auch positive T\u00f6ne aus den Reihen der Tiersch\u00fctzer, welche das Tauchen mit Haien bef\u00fcrworten um ein besseres Verst\u00e4ndnis von Menschen f\u00fcr Haie entstehen zu lassen.[\/vc_column_text][\/vc_column][vc_column width=&#8220;1\/2&#8243; css=&#8220;.vc_custom_1508917261906{padding-left: 30px !important;}&#8220;][vc_single_image image=&#8220;4830&#8243; img_size=&#8220;500&#215;300&#8243; css=&#8220;.vc_custom_1516190040247{padding-left: 30px !important;}&#8220;][\/vc_column][\/vc_row][vc_row][vc_column width=&#8220;1\/2&#8243;][vc_single_image image=&#8220;4826&#8243; img_size=&#8220;500&#215;300&#8243;][\/vc_column][vc_column width=&#8220;1\/2&#8243;][vc_custom_heading text=&#8220;Notfallma\u00dfnahmen&#8220; font_container=&#8220;tag:h3|text_align:left&#8220; google_fonts=&#8220;font_family:Roboto%3A100%2C100italic%2C300%2C300italic%2Cregular%2Citalic%2C500%2C500italic%2C700%2C700italic%2C900%2C900italic|font_style:400%20regular%3A400%3Anormal&#8220;][vc_separator color=&#8220;blue&#8220; border_width=&#8220;2&#8243; css=&#8220;.vc_custom_1508333739153{padding-bottom: 15px !important;}&#8220;][vc_column_text]F\u00fcr den Fall der F\u00e4lle: Das Notfallblatt<br \/>\nNotfall-Management<br \/>\nDAN Ma\u00dfnahmen-Checkliste<br \/>\nDAN-Neurocheck[\/vc_column_text][\/vc_column][\/vc_row][vc_row css=&#8220;.vc_custom_1508436889449{background-color: #cccccc !important;}&#8220;][vc_column width=&#8220;1\/2&#8243; css=&#8220;.vc_custom_1508936727270{margin-right: 30px !important;padding-right: 30px !important;}&#8220;][vc_custom_heading text=&#8220;Auge in Auge mit dem gef\u00e4hrlichen Freund&#8220; font_container=&#8220;tag:h3|text_align:left&#8220; google_fonts=&#8220;font_family:Roboto%3A100%2C100italic%2C300%2C300italic%2Cregular%2Citalic%2C500%2C500italic%2C700%2C700italic%2C900%2C900italic|font_style:400%20regular%3A400%3Anormal&#8220; css=&#8220;.vc_custom_1516188869752{padding-bottom: 10px !important;}&#8220;][vc_separator color=&#8220;blue&#8220; border_width=&#8220;2&#8243; css=&#8220;.vc_custom_1508951036212{padding-right: 30px !important;padding-bottom: 15px !important;}&#8220;][vc_column_text]Um verantwortungsvolle Tauchg\u00e4nge mit Haien zu absolvieren sollte jedem Taucher klar sein, dass Respekt, Wissen und Aufkl\u00e4rung wichtige Aspekte sind, um Risiken unter Wasser zu vermeiden. Denn f\u00fcr Dich als Taucher sollte der Tauchgang mit einem Hai als unvergessliches Erlebnis enden und dazu ist es wichtig, dass Du wei\u00dft, mit wem Du Auge in Auge schwimmst. Ebenso f\u00fchrt es dazu, dass Du Dir im Klaren bist, wie wichtig Haie f\u00fcr unser \u00d6kosystem sind und dass sie durch uns Menschen vom Aussterben bedroht sind. Somit wird auch die Beziehung zwischen Mensch und Tier, wie oben schon erw\u00e4hnt, verbessert und wir nehmen mehr R\u00fccksicht auf diese herrlichen Tiere.[\/vc_column_text][\/vc_column][vc_column width=&#8220;1\/2&#8243; css=&#8220;.vc_custom_1508938140755{padding-left: 40px !important;}&#8220;][vc_single_image image=&#8220;4828&#8243; img_size=&#8220;500&#215;300&#8243;][\/vc_column][\/vc_row][vc_row][vc_column width=&#8220;1\/2&#8243;][vc_single_image image=&#8220;4827&#8243; img_size=&#8220;500&#215;300&#8243;][\/vc_column][vc_column width=&#8220;1\/2&#8243;][vc_custom_heading text=&#8220;Tauchen mit oder ohne K\u00e4fig&#8220; font_container=&#8220;tag:h3|text_align:left&#8220; google_fonts=&#8220;font_family:Roboto%3A100%2C100italic%2C300%2C300italic%2Cregular%2Citalic%2C500%2C500italic%2C700%2C700italic%2C900%2C900italic|font_style:400%20regular%3A400%3Anormal&#8220; css=&#8220;.vc_custom_1516188912981{padding-bottom: 10px !important;}&#8220;][vc_separator color=&#8220;blue&#8220; border_width=&#8220;2&#8243; css=&#8220;.vc_custom_1508333739153{padding-bottom: 15px !important;}&#8220;][vc_column_text]Es erwarten Dich Z\u00e4hne wie Rasiermesser, kalte Augen und mit bis zu sechs Meter Raubtier, eine Macht unter Wasser, so erwartet Dich der wei\u00dfe Hai (Great White Shark, wie er auch ehrf\u00fcrchtig genannt wird). Auch wenn Du auf dem Schiff noch cool und l\u00e4ssig warst, Dein Puls wird schon beim Einstieg in den Haik\u00e4fig rasen, auch wenn noch kein Hai am K\u00e4fig r\u00fcttelt. Doch sp\u00e4testens, wenn der K\u00e4fig dann langsam nach unten gelassen wird und der erste Hai mit aufgerissenem Maul an Deinem K\u00e4fig knabbert, wird Dich die Faszination Haitauchen nicht mehr loslassen.[\/vc_column_text][\/vc_column][\/vc_row][vc_row css=&#8220;.vc_custom_1508436872900{background-color: #cccccc !important;}&#8220;][vc_column width=&#8220;1\/2&#8243; css=&#8220;.vc_custom_1508936166401{padding-right: 30px !important;}&#8220;][vc_custom_heading text=&#8220;News Haitauchen&#8220; font_container=&#8220;tag:h3|text_align:left&#8220; google_fonts=&#8220;font_family:Roboto%3A100%2C100italic%2C300%2C300italic%2Cregular%2Citalic%2C500%2C500italic%2C700%2C700italic%2C900%2C900italic|font_style:400%20regular%3A400%3Anormal&#8220; css=&#8220;.vc_custom_1516188951431{padding-bottom: 10px !important;}&#8220;][vc_separator color=&#8220;blue&#8220; border_width=&#8220;2&#8243; css=&#8220;.vc_custom_1508333739153{padding-bottom: 15px !important;}&#8220;][vc_basic_grid post_type=&#8220;post&#8220; max_items=&#8220;3&#8243; gap=&#8220;10&#8243; order=&#8220;ASC&#8220; item=&#8220;basicGrid_NoAnimation&#8220; grid_id=&#8220;vc_gid:1569524239429-a32a421b-b32f-2&#8243; taxonomies=&#8220;13&#8243;][\/vc_column][vc_column width=&#8220;1\/2&#8243; css=&#8220;.vc_custom_1508936158116{padding-left: 30px !important;}&#8220;][vc_custom_heading text=&#8220;Eindr\u00fccke Haitauchen&#8220; font_container=&#8220;tag:h3|text_align:left&#8220; google_fonts=&#8220;font_family:Roboto%3A100%2C100italic%2C300%2C300italic%2Cregular%2Citalic%2C500%2C500italic%2C700%2C700italic%2C900%2C900italic|font_style:400%20regular%3A400%3Anormal&#8220; css=&#8220;.vc_custom_1516188965011{padding-bottom: 10px !important;}&#8220;][vc_separator color=&#8220;blue&#8220; border_width=&#8220;2&#8243; css=&#8220;.vc_custom_1508333739153{padding-bottom: 15px !important;}&#8220;][vc_video link=&#8220;https:\/\/youtu.be\/9YfhbJ9naoc&#8220;][\/vc_column][\/vc_row][vc_row][vc_column width=&#8220;1\/2&#8243; css=&#8220;.vc_custom_1508936202728{padding-right: 30px !important;}&#8220;][vc_custom_heading text=&#8220;Die besten Zeiten und besten Regionen f\u00fcr das Haitauchen&#8220; font_container=&#8220;tag:h3|text_align:left&#8220; google_fonts=&#8220;font_family:Roboto%3A100%2C100italic%2C300%2C300italic%2Cregular%2Citalic%2C500%2C500italic%2C700%2C700italic%2C900%2C900italic|font_style:400%20regular%3A400%3Anormal&#8220; css=&#8220;.vc_custom_1516188985333{padding-bottom: 10px !important;}&#8220;][vc_separator color=&#8220;blue&#8220; border_width=&#8220;2&#8243; css=&#8220;.vc_custom_1508951322824{padding-right: 30px !important;padding-bottom: 15px !important;}&#8220;][vc_column_text]Die besten Zeit um in S\u00fcdafrika mit dem wei\u00dfen Hai zu Tauchen ist von April bis September und dies in Gansbaai. Solltest Du das Tauchen mit dem wei\u00dfen Hai im K\u00e4fig noch f\u00fcr zu langweilig halten, dann empfehlen wir Dir das Hai-Abenteuer ohne Schutzk\u00e4fig zu machen. F\u00fcr diesen Trip bietet sich Umkomaas an der S\u00fcdk\u00fcste von S\u00fcdafrika an.<br \/>\nF\u00fcr alle Hai-Besessenen ist der ultimative Trip zum Sardine-Run. Jedes Jahr von Juni bis Juli tummeln sich hier Hunderte von Haien, um sich an dem perfekt gedeckten Tisch satt zu fressen. Die bekanntesten Tauchgebiete f\u00fcr den Sardin Run sind Protea Banks und Alial Shoal.[\/vc_column_text][\/vc_column][vc_column width=&#8220;1\/2&#8243; css=&#8220;.vc_custom_1508936185794{padding-left: 30px !important;}&#8220;][vc_single_image image=&#8220;4829&#8243; img_size=&#8220;500&#215;300&#8243;][\/vc_column][\/vc_row][vc_row css=&#8220;.vc_custom_1508436856718{background-color: #cccccc !important;}&#8220;][vc_column width=&#8220;1\/2&#8243;][vc_single_image image=&#8220;4831&#8243; img_size=&#8220;500&#215;300&#8243;][\/vc_column][vc_column width=&#8220;1\/2&#8243;][vc_custom_heading text=&#8220;Haie, oft gef\u00fcrchtet, jedoch leider bedroht!&#8220; font_container=&#8220;tag:h3|text_align:left&#8220; google_fonts=&#8220;font_family:Roboto%3A100%2C100italic%2C300%2C300italic%2Cregular%2Citalic%2C500%2C500italic%2C700%2C700italic%2C900%2C900italic|font_style:400%20regular%3A400%3Anormal&#8220; css=&#8220;.vc_custom_1516189036071{padding-bottom: 10px !important;}&#8220;][vc_separator color=&#8220;blue&#8220; border_width=&#8220;2&#8243; css=&#8220;.vc_custom_1508333739153{padding-bottom: 15px !important;}&#8220;][vc_column_text]Laut dem WWF werden j\u00e4hrlich bis zu 100 Millionen Haie gefangen und get\u00f6tet und dies oft nur als Beifang in Fischernetzen oder um die Haifischflossen zu erhalten. Gerade in asiatischen L\u00e4ndern gelten die Haifischflossen als Delikatesse, in anderen L\u00e4ndern werden sie einfach gejagt, weil sie R\u00e4uber sind. Deshalb fordern nicht nur wir, dass der Mensch mehr Verst\u00e4ndnis f\u00fcr den Hai bekommt.\u00a0Denn nur durch unser Verst\u00e4ndnis ist es m\u00f6glich, dass wir diese herrlichen R\u00e4uber der Meere bei unseren Tauchg\u00e4ngen auch in der Zukunft antreffen werden. Deshalb bef\u00fcrworten auch Tiersch\u00fctzer das Tauchen mit Haien, denn dadurch kommen Menschen den Haien sehr nahe und erleben sie nicht als blutr\u00fcnstige R\u00e4uber, welche alles fressen, sondern als intelligente Tiere.<\/p>\n<p>F\u00fcr die oft einsamen K\u00fcstenregionen sind auch lebende Haie touristisch viel wertvoller als ein toter Hai auf dem Grill.[\/vc_column_text][\/vc_column][\/vc_row][vc_row][vc_column width=&#8220;1\/2&#8243;][vc_custom_heading text=&#8220;Hier allgemeine Richtlinien,<br \/>\nwelche wir jedoch ohne Gew\u00e4hr weitergeben:&#8220; font_container=&#8220;tag:h3|text_align:left&#8220; google_fonts=&#8220;font_family:Roboto%3A100%2C100italic%2C300%2C300italic%2Cregular%2Citalic%2C500%2C500italic%2C700%2C700italic%2C900%2C900italic|font_style:400%20regular%3A400%3Anormal&#8220; css=&#8220;.vc_custom_1516191329712{padding-bottom: 10px !important;}&#8220;][vc_separator color=&#8220;blue&#8220; border_width=&#8220;2&#8243; css=&#8220;.vc_custom_1508951900078{padding-right: 60px !important;padding-bottom: 15px !important;}&#8220;][vc_column_text]- Halte mind. einen Abstand von zwei K\u00f6rperl\u00e4ngen zum Hai<br \/>\n&#8211; Deine Bewegungen sollten immer ruhig sein<br \/>\n&#8211; Halte st\u00e4ndig Blickkontakt zum Hai<br \/>\n&#8211; Je mehr Taucherfahrung Du hast, desto besser ist es<br \/>\n&#8211; Gew\u00e4hre dem Hai keinen toten Winkel<br \/>\n[\/vc_column_text][\/vc_column][vc_column width=&#8220;1\/2&#8243;][vc_custom_heading text=&#8220;Infos rund um<br \/>\ndas Thema Haitauchen&#8220; font_container=&#8220;tag:h3|text_align:left&#8220; google_fonts=&#8220;font_family:Roboto%3A100%2C100italic%2C300%2C300italic%2Cregular%2Citalic%2C500%2C500italic%2C700%2C700italic%2C900%2C900italic|font_style:400%20regular%3A400%3Anormal&#8220; css=&#8220;.vc_custom_1569524251105{padding-bottom: 10px !important;}&#8220;][vc_separator color=&#8220;blue&#8220; border_width=&#8220;2&#8243; css=&#8220;.vc_custom_1508951911960{padding-bottom: 15px !important;padding-left: 00px !important;}&#8220;][vc_column_text]Da es eh keine absolute Sicherheit gibt, solltest Du immer sehr konzentriert einen Tauchgang mit Haien durchf\u00fchren, denn so wird das Rendezvous mit den majest\u00e4tischen Raubtieren der Meere ein unvergessliches Erlebnis.[\/vc_column_text][\/vc_column][\/vc_row]<\/p>\n<\/div>","protected":false},"excerpt":{"rendered":"<p>[vc_row][vc_column][vc_column_text] Beim Shark Diving Auge in Auge mit den Haien Haitauchen geh\u00f6rt wahrscheinlich zu den spektakul\u00e4rsten Tauchabenteuern und zu einem der unvergesslichsten Momente. Deshalb sollte jeder Taucher dies mindestens einmal erlebt haben. Wie bei allem kann man auch beim Tauchen mit Haien klein beginnen und muss nicht gleich mit dem gro\u00dfen wei\u00dfen Hai beim ersten [&hellip;]<\/p>\n","protected":false},"author":76,"featured_media":0,"parent":0,"menu_order":0,"comment_status":"closed","ping_status":"open","template":"entrada_templates\/layout-visual-composer-default.php","meta":{"footnotes":""},"class_list":["post-1090","page","type-page","status-publish","hentry"],"yoast_head":"<!-- This site is optimized with the Yoast SEO plugin v26.9 - https:\/\/yoast.com\/product\/yoast-seo-wordpress\/ -->\n<title>Shark Diving - 23spots-divers01<\/title>\n<meta name=\"robots\" content=\"noindex, follow, max-snippet:-1, max-image-preview:large, max-video-preview:-1\" \/>\n<meta property=\"og:locale\" content=\"de_DE\" \/>\n<meta property=\"og:type\" content=\"article\" \/>\n<meta property=\"og:title\" content=\"Shark Diving - 23spots-divers01\" \/>\n<meta property=\"og:description\" content=\"[vc_row][vc_column][vc_column_text] Beim Shark Diving Auge in Auge mit den Haien Haitauchen geh\u00f6rt wahrscheinlich zu den spektakul\u00e4rsten Tauchabenteuern und zu einem der unvergesslichsten Momente. Deshalb sollte jeder Taucher dies mindestens einmal erlebt haben. Wie bei allem kann man auch beim Tauchen mit Haien klein beginnen und muss nicht gleich mit dem gro\u00dfen wei\u00dfen Hai beim ersten [&hellip;]\" \/>\n<meta property=\"og:url\" content=\"https:\/\/23spots.com\/23spots-divers01\/shark-diving\/\" \/>\n<meta property=\"og:site_name\" content=\"23spots-divers01\" \/>\n<meta property=\"article:modified_time\" content=\"2019-09-26T18:57:38+00:00\" \/>\n<meta name=\"twitter:card\" content=\"summary_large_image\" \/>\n<meta name=\"twitter:label1\" content=\"Gesch\u00e4tzte Lesezeit\" \/>\n\t<meta name=\"twitter:data1\" content=\"9\u00a0Minuten\" \/>\n<script type=\"application\/ld+json\" class=\"yoast-schema-graph\">{\"@context\":\"https:\/\/schema.org\",\"@graph\":[{\"@type\":\"WebPage\",\"@id\":\"https:\/\/23spots.com\/23spots-divers01\/shark-diving\/\",\"url\":\"https:\/\/23spots.com\/23spots-divers01\/shark-diving\/\",\"name\":\"Shark Diving - 23spots-divers01\",\"isPartOf\":{\"@id\":\"https:\/\/23spots.com\/23spots-divers01\/#website\"},\"datePublished\":\"2014-01-19T23:36:47+00:00\",\"dateModified\":\"2019-09-26T18:57:38+00:00\",\"breadcrumb\":{\"@id\":\"https:\/\/23spots.com\/23spots-divers01\/shark-diving\/#breadcrumb\"},\"inLanguage\":\"de\",\"potentialAction\":[{\"@type\":\"ReadAction\",\"target\":[\"https:\/\/23spots.com\/23spots-divers01\/shark-diving\/\"]}]},{\"@type\":\"BreadcrumbList\",\"@id\":\"https:\/\/23spots.com\/23spots-divers01\/shark-diving\/#breadcrumb\",\"itemListElement\":[{\"@type\":\"ListItem\",\"position\":1,\"name\":\"Startseite\",\"item\":\"https:\/\/23spots.com\/23spots-divers01\/\"},{\"@type\":\"ListItem\",\"position\":2,\"name\":\"Shark Diving\"}]},{\"@type\":\"WebSite\",\"@id\":\"https:\/\/23spots.com\/23spots-divers01\/#website\",\"url\":\"https:\/\/23spots.com\/23spots-divers01\/\",\"name\":\"23spots-divers01\",\"description\":\"Tauchenreisen, Tauchkurse, Tauchausr\u00fcstung\",\"potentialAction\":[{\"@type\":\"SearchAction\",\"target\":{\"@type\":\"EntryPoint\",\"urlTemplate\":\"https:\/\/23spots.com\/23spots-divers01\/?s={search_term_string}\"},\"query-input\":{\"@type\":\"PropertyValueSpecification\",\"valueRequired\":true,\"valueName\":\"search_term_string\"}}],\"inLanguage\":\"de\"}]}<\/script>\n<!-- \/ Yoast SEO plugin. -->","yoast_head_json":{"title":"Shark Diving - 23spots-divers01","robots":{"index":"noindex","follow":"follow","max-snippet":"max-snippet:-1","max-image-preview":"max-image-preview:large","max-video-preview":"max-video-preview:-1"},"og_locale":"de_DE","og_type":"article","og_title":"Shark Diving - 23spots-divers01","og_description":"[vc_row][vc_column][vc_column_text] Beim Shark Diving Auge in Auge mit den Haien Haitauchen geh\u00f6rt wahrscheinlich zu den spektakul\u00e4rsten Tauchabenteuern und zu einem der unvergesslichsten Momente. Deshalb sollte jeder Taucher dies mindestens einmal erlebt haben. Wie bei allem kann man auch beim Tauchen mit Haien klein beginnen und muss nicht gleich mit dem gro\u00dfen wei\u00dfen Hai beim ersten [&hellip;]","og_url":"https:\/\/23spots.com\/23spots-divers01\/shark-diving\/","og_site_name":"23spots-divers01","article_modified_time":"2019-09-26T18:57:38+00:00","twitter_card":"summary_large_image","twitter_misc":{"Gesch\u00e4tzte Lesezeit":"9\u00a0Minuten"},"schema":{"@context":"https:\/\/schema.org","@graph":[{"@type":"WebPage","@id":"https:\/\/23spots.com\/23spots-divers01\/shark-diving\/","url":"https:\/\/23spots.com\/23spots-divers01\/shark-diving\/","name":"Shark Diving - 23spots-divers01","isPartOf":{"@id":"https:\/\/23spots.com\/23spots-divers01\/#website"},"datePublished":"2014-01-19T23:36:47+00:00","dateModified":"2019-09-26T18:57:38+00:00","breadcrumb":{"@id":"https:\/\/23spots.com\/23spots-divers01\/shark-diving\/#breadcrumb"},"inLanguage":"de","potentialAction":[{"@type":"ReadAction","target":["https:\/\/23spots.com\/23spots-divers01\/shark-diving\/"]}]},{"@type":"BreadcrumbList","@id":"https:\/\/23spots.com\/23spots-divers01\/shark-diving\/#breadcrumb","itemListElement":[{"@type":"ListItem","position":1,"name":"Startseite","item":"https:\/\/23spots.com\/23spots-divers01\/"},{"@type":"ListItem","position":2,"name":"Shark Diving"}]},{"@type":"WebSite","@id":"https:\/\/23spots.com\/23spots-divers01\/#website","url":"https:\/\/23spots.com\/23spots-divers01\/","name":"23spots-divers01","description":"Tauchenreisen, Tauchkurse, Tauchausr\u00fcstung","potentialAction":[{"@type":"SearchAction","target":{"@type":"EntryPoint","urlTemplate":"https:\/\/23spots.com\/23spots-divers01\/?s={search_term_string}"},"query-input":{"@type":"PropertyValueSpecification","valueRequired":true,"valueName":"search_term_string"}}],"inLanguage":"de"}]}},"_links":{"self":[{"href":"https:\/\/23spots.com\/23spots-divers01\/wp-json\/wp\/v2\/pages\/1090","targetHints":{"allow":["GET"]}}],"collection":[{"href":"https:\/\/23spots.com\/23spots-divers01\/wp-json\/wp\/v2\/pages"}],"about":[{"href":"https:\/\/23spots.com\/23spots-divers01\/wp-json\/wp\/v2\/types\/page"}],"author":[{"embeddable":true,"href":"https:\/\/23spots.com\/23spots-divers01\/wp-json\/wp\/v2\/users\/76"}],"replies":[{"embeddable":true,"href":"https:\/\/23spots.com\/23spots-divers01\/wp-json\/wp\/v2\/comments?post=1090"}],"version-history":[{"count":12,"href":"https:\/\/23spots.com\/23spots-divers01\/wp-json\/wp\/v2\/pages\/1090\/revisions"}],"predecessor-version":[{"id":5147,"href":"https:\/\/23spots.com\/23spots-divers01\/wp-json\/wp\/v2\/pages\/1090\/revisions\/5147"}],"wp:attachment":[{"href":"https:\/\/23spots.com\/23spots-divers01\/wp-json\/wp\/v2\/media?parent=1090"}],"curies":[{"name":"wp","href":"https:\/\/api.w.org\/{rel}","templated":true}]}}