{"id":1499,"date":"2015-06-21T22:59:03","date_gmt":"2015-06-21T21:59:03","guid":{"rendered":"https:\/\/23spotsgroup.com\/23spotsdiving\/?page_id=1499"},"modified":"2024-02-06T21:35:42","modified_gmt":"2024-02-06T20:35:42","slug":"schnorcheln","status":"publish","type":"page","link":"https:\/\/23spots.com\/23spots-divers01\/schnorcheln\/","title":{"rendered":"Schnorcheln"},"content":{"rendered":"<div class=\"wpb-content-wrapper\"><p>[vc_row][vc_column][vc_column_text]<\/p>\n<h3>Schnorcheln &#8211; Beobachtung der Unterwasserwelt<\/h3>\n<p>Das Schnorcheln ist eine Kombination aus Schwimmen und Tauchen, nur ohne Verwendung eines Atemger\u00e4tes. Schnorcheln wird vorwiegend zum Beobachten der Unterwasserwelt benutzt und so kannst Du zum Beispiel Korallen, Riffe und das Meeresleben beobachten, filmen und fotografieren, ohne die Meeresbewohner durch deine Bewegungen oder das laute Atmen durch ein Atemger\u00e4t zu erschrecken.[\/vc_column_text][\/vc_column][\/vc_row][vc_row css=&#8220;.vc_custom_1508917160673{padding-left: 10px !important;background-color: #cccccc !important;}&#8220;][vc_column width=&#8220;1\/2&#8243; css=&#8220;.vc_custom_1508917398592{padding-right: 30px !important;}&#8220;][vc_custom_heading text=&#8220;Was ist Schnorcheln&#8220; font_container=&#8220;tag:h3|text_align:left&#8220; google_fonts=&#8220;font_family:Roboto%3A100%2C100italic%2C300%2C300italic%2Cregular%2Citalic%2C500%2C500italic%2C700%2C700italic%2C900%2C900italic|font_style:400%20regular%3A400%3Anormal&#8220; css=&#8220;.vc_custom_1509888948925{padding-bottom: 10px !important;}&#8220;][vc_separator color=&#8220;blue&#8220; border_width=&#8220;2&#8243; css=&#8220;.vc_custom_1508333739153{padding-bottom: 15px !important;}&#8220;][vc_column_text]Die Grundvoraussetzung f\u00fcr das Schnorcheln ist, dass man sicher und vor allen Dingen gut schwimmen kann. Bei dieser Wassersportart schwimmt man an der Wasseroberfl\u00e4che und h\u00e4lt den Blick ins Wasser, w\u00e4hrend man durch einen Schnorchel einatmet. Der Schnorchler bzw. Schwimmer kann so durchgehend und ungehindert die Unterwasserwelt beobachten, ohne zum Luftholen den Kopf aus dem Wasser zu nehmen. Ein Abtauchen z\u00e4hlt ebenfalls zum Schnorcheln. Hiebei ist zu beachten, dass Du immer besonders auf einen rechtzeitigen Druckausgleich der Ohren achtest, um ein Barotrauma zu vermeiden. Wie Dir ja recht gut bekannt sein d\u00fcrfte, l\u00e4uft beim Abtauchen immer auch Wasser in den Schnorchel. Es ist daher wichtig, dass Du diesen vor dem Einatmen erstmal kr\u00e4ftig ausbl\u00e4st.[\/vc_column_text][\/vc_column][vc_column width=&#8220;1\/2&#8243;][vc_single_image image=&#8220;3355&#8243; img_size=&#8220;500&#215;300&#8243; alignment=&#8220;right&#8220;][\/vc_column][\/vc_row][vc_row][vc_column width=&#8220;1\/2&#8243;][vc_single_image image=&#8220;3356&#8243; img_size=&#8220;500&#215;300&#8243; css=&#8220;.vc_custom_1510345248474{padding-bottom: 15px !important;}&#8220;][\/vc_column][vc_column width=&#8220;1\/2&#8243;][vc_custom_heading text=&#8220;Das Wesentliche in K\u00fcrze&#8220; font_container=&#8220;tag:h3|text_align:left&#8220; google_fonts=&#8220;font_family:Roboto%3A100%2C100italic%2C300%2C300italic%2Cregular%2Citalic%2C500%2C500italic%2C700%2C700italic%2C900%2C900italic|font_style:400%20regular%3A400%3Anormal&#8220;][vc_separator color=&#8220;blue&#8220; border_width=&#8220;2&#8243; css=&#8220;.vc_custom_1508333739153{padding-bottom: 15px !important;}&#8220;][vc_column_text]Achte auf eine gute Ausr\u00fcstung beim Schnorcheln<br \/>\nAchte auf einen richtigen Sitz der Maske<br \/>\nMache einen Schnorchelkurs<br \/>\nAchte auf die richtige Atmung<br \/>\nBewege Dich langsam und gleichm\u00e4\u00dfig<br \/>\nSchlage nur leicht mit den Flossen<br \/>\nZiehe Deine Flossen im Wasser an<br \/>\nAchte auf einen optimalen K\u00e4lte-\/W\u00e4rmeschutz<br \/>\nAchte auf einen optimalen Hautschutz[\/vc_column_text][\/vc_column][\/vc_row][vc_row css=&#8220;.vc_custom_1508436889449{background-color: #cccccc !important;}&#8220;][vc_column width=&#8220;1\/2&#8243; css=&#8220;.vc_custom_1508936727270{margin-right: 30px !important;padding-right: 30px !important;}&#8220;][vc_custom_heading text=&#8220;Techniken Schnorcheln&#8220; font_container=&#8220;tag:h3|text_align:left&#8220; google_fonts=&#8220;font_family:Roboto%3A100%2C100italic%2C300%2C300italic%2Cregular%2Citalic%2C500%2C500italic%2C700%2C700italic%2C900%2C900italic|font_style:400%20regular%3A400%3Anormal&#8220; css=&#8220;.vc_custom_1509889188379{padding-bottom: 10px !important;}&#8220;][vc_separator color=&#8220;blue&#8220; border_width=&#8220;2&#8243; css=&#8220;.vc_custom_1508951036212{padding-right: 30px !important;padding-bottom: 15px !important;}&#8220;][vc_column_text]<a href=\"https:\/\/23spotsdivers.com\/schnorcheln\/flossentechnik-beim-schnorcheln\/\">Flossentechnik<\/a><br \/>\n<a href=\"https:\/\/23spotsdivers.com\/schnorcheln\/schwimmlage-bein-schnorcheln\/\">Schwimmlage\u00a0und\u00a0Armbewegungen<\/a><br \/>\n<a href=\"https:\/\/23spotsdivers.com\/schnorcheln\/abtauchen-beim-schnorcheln\/\">Abtauchen<\/a><br \/>\n<a href=\"https:\/\/23spotsdivers.com\/atmung-beim-schnorcheln\/\">Atmung<\/a>[\/vc_column_text][\/vc_column][vc_column width=&#8220;1\/2&#8243;][vc_single_image image=&#8220;3358&#8243; img_size=&#8220;500&#215;300&#8243; alignment=&#8220;right&#8220;][\/vc_column][\/vc_row][vc_row][vc_column width=&#8220;1\/2&#8243;][vc_single_image image=&#8220;3359&#8243; img_size=&#8220;500&#215;300&#8243; css=&#8220;.vc_custom_1510345294083{padding-bottom: 15px !important;}&#8220;][\/vc_column][vc_column width=&#8220;1\/2&#8243;][vc_custom_heading text=&#8220;Schnorchel-Equipment&#8220; font_container=&#8220;tag:h3|text_align:left&#8220; google_fonts=&#8220;font_family:Roboto%3A100%2C100italic%2C300%2C300italic%2Cregular%2Citalic%2C500%2C500italic%2C700%2C700italic%2C900%2C900italic|font_style:400%20regular%3A400%3Anormal&#8220; css=&#8220;.vc_custom_1509889285351{padding-bottom: 10px !important;}&#8220;][vc_separator color=&#8220;blue&#8220; border_width=&#8220;2&#8243; css=&#8220;.vc_custom_1508333739153{padding-bottom: 15px !important;}&#8220;][vc_column_text]<a href=\"https:\/\/23spotsdivers.com\/schnorcheln\/equipment-beim-schnorcheln\/\">Die Maske f\u00fcr das\u00a0Schnorcheln<\/a><br \/>\n<a href=\"https:\/\/23spotsdivers.com\/schnorcheln\/equipment-beim-schnorcheln\/\">Die Flossen f\u00fcr das\u00a0Schnorcheln<\/a><br \/>\n<a href=\"https:\/\/23spotsdivers.com\/schnorcheln\/equipment-beim-schnorcheln\/\">Der Schnorchel f\u00fcr das Schnorchel<\/a>[\/vc_column_text][\/vc_column][\/vc_row][vc_row css=&#8220;.vc_custom_1508436872900{background-color: #cccccc !important;}&#8220;][vc_column width=&#8220;1\/2&#8243; css=&#8220;.vc_custom_1508936166401{padding-right: 30px !important;}&#8220;][vc_custom_heading text=&#8220;News Schnorcheln&#8220; font_container=&#8220;tag:h3|text_align:left&#8220; google_fonts=&#8220;font_family:Roboto%3A100%2C100italic%2C300%2C300italic%2Cregular%2Citalic%2C500%2C500italic%2C700%2C700italic%2C900%2C900italic|font_style:400%20regular%3A400%3Anormal&#8220; css=&#8220;.vc_custom_1509889483233{padding-bottom: 10px !important;}&#8220;][vc_separator color=&#8220;blue&#8220; border_width=&#8220;2&#8243; css=&#8220;.vc_custom_1508333739153{padding-bottom: 15px !important;}&#8220;][vc_basic_grid post_type=&#8220;post&#8220; max_items=&#8220;3&#8243; gap=&#8220;10&#8243; order=&#8220;ASC&#8220; item=&#8220;basicGrid_NoAnimation&#8220; grid_id=&#8220;vc_gid:1516182983444-25866a49-725d-8&#8243; taxonomies=&#8220;13&#8243; css=&#8220;.vc_custom_1510345318110{padding-bottom: 15px !important;}&#8220;][\/vc_column][vc_column width=&#8220;1\/2&#8243; css=&#8220;.vc_custom_1508936158116{padding-left: 30px !important;}&#8220;][vc_custom_heading text=&#8220;Eindr\u00fccke Schnorcheln&#8220; font_container=&#8220;tag:h3|text_align:left&#8220; google_fonts=&#8220;font_family:Roboto%3A100%2C100italic%2C300%2C300italic%2Cregular%2Citalic%2C500%2C500italic%2C700%2C700italic%2C900%2C900italic|font_style:400%20regular%3A400%3Anormal&#8220; css=&#8220;.vc_custom_1509889462342{padding-bottom: 10px !important;}&#8220;][vc_separator color=&#8220;blue&#8220; border_width=&#8220;2&#8243; css=&#8220;.vc_custom_1508333739153{padding-bottom: 15px !important;}&#8220;][vc_video link=&#8220;https:\/\/youtu.be\/5ihtsNwcIxs&#8220;][\/vc_column][\/vc_row][vc_row][vc_column width=&#8220;1\/2&#8243; css=&#8220;.vc_custom_1508936202728{padding-right: 30px !important;}&#8220;][vc_custom_heading text=&#8220;Tauchtauglichkeit&#8220; font_container=&#8220;tag:h3|text_align:left&#8220; google_fonts=&#8220;font_family:Roboto%3A100%2C100italic%2C300%2C300italic%2Cregular%2Citalic%2C500%2C500italic%2C700%2C700italic%2C900%2C900italic|font_style:400%20regular%3A400%3Anormal&#8220; css=&#8220;.vc_custom_1509882340465{padding-bottom: 10px !important;}&#8220;][vc_separator color=&#8220;blue&#8220; border_width=&#8220;2&#8243; css=&#8220;.vc_custom_1508951322824{padding-right: 30px !important;padding-bottom: 15px !important;}&#8220;][vc_column_text]Schwimmkenntnisse\u00a0(Anforderungen)<br \/>\nTauchtauglichkeitspr\u00fcfung (Optional)[\/vc_column_text][\/vc_column][vc_column width=&#8220;1\/2&#8243;][vc_single_image image=&#8220;3362&#8243; img_size=&#8220;500&#215;300&#8243; alignment=&#8220;right&#8220;][\/vc_column][\/vc_row][vc_row css=&#8220;.vc_custom_1508436856718{background-color: #cccccc !important;}&#8220;][vc_column width=&#8220;1\/2&#8243;][vc_single_image image=&#8220;3361&#8243; img_size=&#8220;500&#215;300&#8243; css=&#8220;.vc_custom_1510345651222{padding-bottom: 15px !important;}&#8220;][\/vc_column][vc_column width=&#8220;1\/2&#8243;][vc_custom_heading text=&#8220;Notfallmanagement &amp; Sicherheitsregeln&#8220; font_container=&#8220;tag:h3|text_align:left&#8220; google_fonts=&#8220;font_family:Roboto%3A100%2C100italic%2C300%2C300italic%2Cregular%2Citalic%2C500%2C500italic%2C700%2C700italic%2C900%2C900italic|font_style:400%20regular%3A400%3Anormal&#8220; css=&#8220;.vc_custom_1509889378468{padding-bottom: 10px !important;}&#8220;][vc_separator color=&#8220;blue&#8220; border_width=&#8220;2&#8243; css=&#8220;.vc_custom_1508333739153{padding-bottom: 15px !important;}&#8220;][vc_column_text]F\u00fcr den Fall der F\u00e4lle:<br \/>\nDas Notfallblatt<br \/>\nNotfall-Management<br \/>\nErste-Hilfe-Check-Liste<br \/>\n[\/vc_column_text][\/vc_column][\/vc_row]<\/p>\n<\/div>","protected":false},"excerpt":{"rendered":"<p>[vc_row][vc_column][vc_column_text] Schnorcheln &#8211; Beobachtung der Unterwasserwelt Das Schnorcheln ist eine Kombination aus Schwimmen und Tauchen, nur ohne Verwendung eines Atemger\u00e4tes. Schnorcheln wird vorwiegend zum Beobachten der Unterwasserwelt benutzt und so kannst Du zum Beispiel Korallen, Riffe und das Meeresleben beobachten, filmen und fotografieren, ohne die Meeresbewohner durch deine Bewegungen oder das laute Atmen durch ein [&hellip;]<\/p>\n","protected":false},"author":76,"featured_media":0,"parent":0,"menu_order":0,"comment_status":"closed","ping_status":"open","template":"entrada_templates\/layout-visual-composer-default.php","meta":{"footnotes":""},"class_list":["post-1499","page","type-page","status-publish","hentry"],"yoast_head":"<!-- This site is optimized with the Yoast SEO plugin v26.9 - https:\/\/yoast.com\/product\/yoast-seo-wordpress\/ -->\n<title>Schnorcheln - 23spots-divers01<\/title>\n<meta name=\"robots\" content=\"noindex, follow, max-snippet:-1, max-image-preview:large, max-video-preview:-1\" \/>\n<meta property=\"og:locale\" content=\"de_DE\" \/>\n<meta property=\"og:type\" content=\"article\" \/>\n<meta property=\"og:title\" content=\"Schnorcheln - 23spots-divers01\" \/>\n<meta property=\"og:description\" content=\"[vc_row][vc_column][vc_column_text] Schnorcheln &#8211; Beobachtung der Unterwasserwelt Das Schnorcheln ist eine Kombination aus Schwimmen und Tauchen, nur ohne Verwendung eines Atemger\u00e4tes. Schnorcheln wird vorwiegend zum Beobachten der Unterwasserwelt benutzt und so kannst Du zum Beispiel Korallen, Riffe und das Meeresleben beobachten, filmen und fotografieren, ohne die Meeresbewohner durch deine Bewegungen oder das laute Atmen durch ein [&hellip;]\" \/>\n<meta property=\"og:url\" content=\"https:\/\/23spots.com\/23spots-divers01\/schnorcheln\/\" \/>\n<meta property=\"og:site_name\" content=\"23spots-divers01\" \/>\n<meta property=\"article:modified_time\" content=\"2024-02-06T20:35:42+00:00\" \/>\n<meta name=\"twitter:card\" content=\"summary_large_image\" \/>\n<meta name=\"twitter:label1\" content=\"Gesch\u00e4tzte Lesezeit\" \/>\n\t<meta name=\"twitter:data1\" content=\"3\u00a0Minuten\" \/>\n<script type=\"application\/ld+json\" class=\"yoast-schema-graph\">{\"@context\":\"https:\/\/schema.org\",\"@graph\":[{\"@type\":\"WebPage\",\"@id\":\"https:\/\/23spots.com\/23spots-divers01\/schnorcheln\/\",\"url\":\"https:\/\/23spots.com\/23spots-divers01\/schnorcheln\/\",\"name\":\"Schnorcheln - 23spots-divers01\",\"isPartOf\":{\"@id\":\"https:\/\/23spots.com\/23spots-divers01\/#website\"},\"datePublished\":\"2015-06-21T21:59:03+00:00\",\"dateModified\":\"2024-02-06T20:35:42+00:00\",\"breadcrumb\":{\"@id\":\"https:\/\/23spots.com\/23spots-divers01\/schnorcheln\/#breadcrumb\"},\"inLanguage\":\"de\",\"potentialAction\":[{\"@type\":\"ReadAction\",\"target\":[\"https:\/\/23spots.com\/23spots-divers01\/schnorcheln\/\"]}]},{\"@type\":\"BreadcrumbList\",\"@id\":\"https:\/\/23spots.com\/23spots-divers01\/schnorcheln\/#breadcrumb\",\"itemListElement\":[{\"@type\":\"ListItem\",\"position\":1,\"name\":\"Startseite\",\"item\":\"https:\/\/23spots.com\/23spots-divers01\/\"},{\"@type\":\"ListItem\",\"position\":2,\"name\":\"Schnorcheln\"}]},{\"@type\":\"WebSite\",\"@id\":\"https:\/\/23spots.com\/23spots-divers01\/#website\",\"url\":\"https:\/\/23spots.com\/23spots-divers01\/\",\"name\":\"23spots-divers01\",\"description\":\"Tauchenreisen, Tauchkurse, Tauchausr\u00fcstung\",\"potentialAction\":[{\"@type\":\"SearchAction\",\"target\":{\"@type\":\"EntryPoint\",\"urlTemplate\":\"https:\/\/23spots.com\/23spots-divers01\/?s={search_term_string}\"},\"query-input\":{\"@type\":\"PropertyValueSpecification\",\"valueRequired\":true,\"valueName\":\"search_term_string\"}}],\"inLanguage\":\"de\"}]}<\/script>\n<!-- \/ Yoast SEO plugin. -->","yoast_head_json":{"title":"Schnorcheln - 23spots-divers01","robots":{"index":"noindex","follow":"follow","max-snippet":"max-snippet:-1","max-image-preview":"max-image-preview:large","max-video-preview":"max-video-preview:-1"},"og_locale":"de_DE","og_type":"article","og_title":"Schnorcheln - 23spots-divers01","og_description":"[vc_row][vc_column][vc_column_text] Schnorcheln &#8211; Beobachtung der Unterwasserwelt Das Schnorcheln ist eine Kombination aus Schwimmen und Tauchen, nur ohne Verwendung eines Atemger\u00e4tes. Schnorcheln wird vorwiegend zum Beobachten der Unterwasserwelt benutzt und so kannst Du zum Beispiel Korallen, Riffe und das Meeresleben beobachten, filmen und fotografieren, ohne die Meeresbewohner durch deine Bewegungen oder das laute Atmen durch ein [&hellip;]","og_url":"https:\/\/23spots.com\/23spots-divers01\/schnorcheln\/","og_site_name":"23spots-divers01","article_modified_time":"2024-02-06T20:35:42+00:00","twitter_card":"summary_large_image","twitter_misc":{"Gesch\u00e4tzte Lesezeit":"3\u00a0Minuten"},"schema":{"@context":"https:\/\/schema.org","@graph":[{"@type":"WebPage","@id":"https:\/\/23spots.com\/23spots-divers01\/schnorcheln\/","url":"https:\/\/23spots.com\/23spots-divers01\/schnorcheln\/","name":"Schnorcheln - 23spots-divers01","isPartOf":{"@id":"https:\/\/23spots.com\/23spots-divers01\/#website"},"datePublished":"2015-06-21T21:59:03+00:00","dateModified":"2024-02-06T20:35:42+00:00","breadcrumb":{"@id":"https:\/\/23spots.com\/23spots-divers01\/schnorcheln\/#breadcrumb"},"inLanguage":"de","potentialAction":[{"@type":"ReadAction","target":["https:\/\/23spots.com\/23spots-divers01\/schnorcheln\/"]}]},{"@type":"BreadcrumbList","@id":"https:\/\/23spots.com\/23spots-divers01\/schnorcheln\/#breadcrumb","itemListElement":[{"@type":"ListItem","position":1,"name":"Startseite","item":"https:\/\/23spots.com\/23spots-divers01\/"},{"@type":"ListItem","position":2,"name":"Schnorcheln"}]},{"@type":"WebSite","@id":"https:\/\/23spots.com\/23spots-divers01\/#website","url":"https:\/\/23spots.com\/23spots-divers01\/","name":"23spots-divers01","description":"Tauchenreisen, Tauchkurse, Tauchausr\u00fcstung","potentialAction":[{"@type":"SearchAction","target":{"@type":"EntryPoint","urlTemplate":"https:\/\/23spots.com\/23spots-divers01\/?s={search_term_string}"},"query-input":{"@type":"PropertyValueSpecification","valueRequired":true,"valueName":"search_term_string"}}],"inLanguage":"de"}]}},"_links":{"self":[{"href":"https:\/\/23spots.com\/23spots-divers01\/wp-json\/wp\/v2\/pages\/1499","targetHints":{"allow":["GET"]}}],"collection":[{"href":"https:\/\/23spots.com\/23spots-divers01\/wp-json\/wp\/v2\/pages"}],"about":[{"href":"https:\/\/23spots.com\/23spots-divers01\/wp-json\/wp\/v2\/types\/page"}],"author":[{"embeddable":true,"href":"https:\/\/23spots.com\/23spots-divers01\/wp-json\/wp\/v2\/users\/76"}],"replies":[{"embeddable":true,"href":"https:\/\/23spots.com\/23spots-divers01\/wp-json\/wp\/v2\/comments?post=1499"}],"version-history":[{"count":6,"href":"https:\/\/23spots.com\/23spots-divers01\/wp-json\/wp\/v2\/pages\/1499\/revisions"}],"predecessor-version":[{"id":4824,"href":"https:\/\/23spots.com\/23spots-divers01\/wp-json\/wp\/v2\/pages\/1499\/revisions\/4824"}],"wp:attachment":[{"href":"https:\/\/23spots.com\/23spots-divers01\/wp-json\/wp\/v2\/media?parent=1499"}],"curies":[{"name":"wp","href":"https:\/\/api.w.org\/{rel}","templated":true}]}}