{"id":1625,"date":"2017-10-22T08:51:36","date_gmt":"2017-10-22T06:51:36","guid":{"rendered":"https:\/\/23spotsgroup.com\/23spotsdiving\/?page_id=1625"},"modified":"2017-10-22T09:09:55","modified_gmt":"2017-10-22T07:09:55","slug":"nachbearbeitung-am-pc","status":"publish","type":"page","link":"https:\/\/23spots.com\/23spots-divers01\/nachbearbeitung-am-pc\/","title":{"rendered":"Nachbearbeitung am PC"},"content":{"rendered":"<div class=\"wpb-content-wrapper\"><p>[vc_row][vc_column][vc_column_text]<\/p>\n<h3>Nachbearbeitung von Fotos und Videos am PC<\/h3>\n<p>Der Urlaub ist vorbei, die Zeit ist wie immer viel zu schnell verstrichen. Doch zum Gl\u00fcck hast Du mehrere hundert Bilder und Videos auf Deinen Speicherkarten, um Deine herrlichen und sch\u00f6nen Erlebnisse immer und immer wieder ansehen zu k\u00f6nnen oder sie stolz Deinen Freunden zu pr\u00e4sentieren. Aber was tun mit diesen vielen Dateien? Wie bekomme ich diese in den Griff, damit die Aufnahmen nicht unsortiert auf der Festplatte verstauben? Hier solltest Du Dir ein wenig Zeit nehmen und diese Nachbearbeiten. Du m\u00f6chtest doch auch, dass Deine Bilder den richtigen Wow-Effekt bei seinen Betrachtern ausl\u00f6sen. Und ja, 20 sch\u00f6ne Bilder sieht man sich gerne \u00f6fter mal an als 200 mittelm\u00e4\u00dfige oder schlechte.<\/p>\n<p>&nbsp;<\/p>\n<h4>Bilder<\/h4>\n<p><strong>Bilder aussortieren<\/strong><br \/>\nBeschr\u00e4nke dich auf eine kleine Auswahl Deiner besten Bilder und l\u00f6sche den Rest. Ein Ausschuss von 60% Prozent ist nichts Ungew\u00f6hnliches.<\/p>\n<p><strong>Bilder drehen<\/strong><br \/>\n\u00d6ffne die Bilder mit der Windows Bild- und Faxanzeige oder einem g\u00e4ngigen Bildprogramm und drehe die Bilder in die richtige Richtung. Manchmal ist ein Bild, welches man im Hochformat aufgenommen hat, einfach sch\u00f6ner im Querformat anzusehen.<\/p>\n<p><strong>Unterordner anlegen<\/strong><br \/>\nErstelle einen Unterordner mit dem Ordnernamen \u201cDie besten Bilder\u201d und verschiebe alle die Bilder, welche perfekt gelungen sind in diesen hinein (in der Regel nicht mehr als \u00bc Deiner guten Bilder). Lege nun einen Unterordner mit dem Namen \u201cOriginale\u201d in den Ordner \u201cDie besten Bilder\u201d an und kopiere die Bilder ebenfalls hier rein. So hast Du immer eine Sicherungskopie, denn die bearbeiteten Bilder werden unwiderruflich \u00fcberschrieben. Du hast auf diese Weise immer die perfekten Bilder und die Originalbilder. Nichts geht also verloren. Deine Videos packst Du in einen Unterordner \u201cVideos\u201d.<\/p>\n<p><strong>Bilder beschneiden &amp; Tonwertkorrektur <\/strong><br \/>\nBei den meisten Unterwasserfotos fehlt es an Farbe und Brillanz. Mit einem Bildbearbeitungsprogramm kannst Du dies korrigieren. Mit diesen Programmen kann man ganz einfach den Rotanteil eines Bildes verst\u00e4rken, um den unter Wasser entstehenden blau-gr\u00fcn Schleier entgegenzuwirken. Ich selbst benutze sehr gerne Photoshop f\u00fcr meine Bilder, da es einfach zu handhaben und leicht zu verstehen ist. Alternativ gibt es noch GIMP, welches kostenlos zu erwerben ist. Ich w\u00fcrde sagen, es ist nicht einfacher oder schwieriger als Photoshop, hat aber nicht ganz so viele Funktionen und M\u00f6glichkeiten ein Bild zu bearbeiten.<br \/>\nBeim Beschneiden der Bilder sollte man unbedingt beachten, dass es sinnvoll ist, das Seitenverh\u00e4ltnis von 4:3 weiter beizubehalten. Sp\u00e4ter lassen sich in diesem Format problemlos Abz\u00fcge auf Papier bringen.<\/p>\n<p><strong>Bilder verkleinern<\/strong><br \/>\nDie meisten Bilder, welche man mit seiner Kamera macht, sind relativ gro\u00df. Sie belegen daher schon einen gro\u00dfen Teil unseres Speicherplatzes. Im Bereich Unterordner anlegen und Bilder selektieren haben wir ja schon eine genaue Vorauswahl der Bilder getroffen, die bearbeitet werden sollen und welche so gut sind, dass sie nicht bearbeitet werden m\u00fcssen. Die \u201cperfekten Bilder\u201d werden also von uns nicht weiter bearbeitet, lediglich die \u201cguten Bilder\u201d. Mit einem entsprechenden Programm wie z. B. Easy Thumbnails\u201d verkleinern wir nun die restlichen Bilder auf ca. 3 Megapixel (2048&#215;1536) und sparen uns durch diesen Schritt wichtigen Speicherplatz.<\/p>\n<p><strong>Bildrauschen verringern<\/strong><br \/>\nBei einigen unserer Bilder k\u00f6nnen wir gut erkennen, dass beispielsweise das Sonnenlicht nicht ausgereicht hat und diese ein wenig verwackelt aussehen. Die Bilder weisen dann ein deutliches Rauschen auf. Um hier eine optimales Ergebnis zu erzielen, kannst Du die Bilder nachtr\u00e4glich bearbeiten und aufpimpen. Mit dem kostenlosen Programm Noiseware Community Edition Standalone kannst Du beachtliche Ergebnisse erzielen. Hierzu \u00f6ffnest Du das betroffene Bild mit File -&gt; open und w\u00e4hlst \u201cdefault\u201d f\u00fcr leicht verrauschte Bilder (bis ISO 400) und \u201cfull\u201d (ISO 800) aus. Danach bet\u00e4tigst Du \u201cgo\u201d und ein kurzer Rechenvorgang wird gestartet. In einer Vorschau kannst Du dann genau sehen, wie sich Dein Bild ver\u00e4ndert. Bist Du mit dem Ergebnis des Bildes zufrieden, dann speichere es mit dem Befehl File -&gt; Save as.<\/p>\n<p>&nbsp;<\/p>\n<h4>Videos<\/h4>\n<p><strong>Videos aussortieren<\/strong><br \/>\nBehalte wirklich nur, wie auch bei den Bildern, die gelungen Videos und l\u00f6sche den Rest.<\/p>\n<p><strong>Videos schneiden<br \/>\n<\/strong>Reduziere die Videodateien auf das wirklich Wichtige. Szenen die langweilig sind oder vielleicht auch einmal verwackelt k\u00f6nnen sofort entfernt werden. Mit MPEG Streamclip (kostenlos) kannst Du die Videos einfach und schnell k\u00fcrzen. Das Programm leitete dich unkompliziert durch die einzelnen Schritte und Du musst das Video am Ende auch nicht mehr neu rekordieren. Lade die Videodateien \u00fcber File &gt; Open Files hoch und klicke auf den Abspielknopf. Lasse das Video laufen und dr\u00fccke &#8222;I&#8220; auf der Tastatur, wenn der wegzuschneidende erste Teil durchgelaufen ist. Mit &#8222;O&#8220; markierst Du die rechte Beschnittmarke. Mit Edit &gt; Trim (Strg+T) schneidest Du Anfang und Ende ab. Abschlie\u00dfend speicherst Du das gek\u00fcrzte Video mit File &gt; Save as..<\/p>\n<p>Welche Software soll man denn nun nutzen? Diese Frage ist nicht einfach und kann prim\u00e4r auch nicht auf die schnelle beantwortet werden. Der User merkt selbst, mit welcher Software er am besten zurecht kommt. Hier habe ich Dir die wichtigsten und beliebteste Photo- und Video-Software zusammengetragen.[\/vc_column_text][vc_column_text]<\/p>\n<ul>\n<li>Photoshop<\/li>\n<li>iPhoto<\/li>\n<li>Paint.net<\/li>\n<li>Gimp<\/li>\n<\/ul>\n<p>[\/vc_column_text][\/vc_column][\/vc_row]<\/p>\n<\/div>","protected":false},"excerpt":{"rendered":"<p>[vc_row][vc_column][vc_column_text] Nachbearbeitung von Fotos und Videos am PC Der Urlaub ist vorbei, die Zeit ist wie immer viel zu schnell verstrichen. Doch zum Gl\u00fcck hast Du mehrere hundert Bilder und Videos auf Deinen Speicherkarten, um Deine herrlichen und sch\u00f6nen Erlebnisse immer und immer wieder ansehen zu k\u00f6nnen oder sie stolz Deinen Freunden zu pr\u00e4sentieren. Aber [&hellip;]<\/p>\n","protected":false},"author":76,"featured_media":0,"parent":0,"menu_order":0,"comment_status":"closed","ping_status":"open","template":"entrada_templates\/layout-visual-composer-default.php","meta":{"footnotes":""},"class_list":["post-1625","page","type-page","status-publish","hentry"],"yoast_head":"<!-- This site is optimized with the Yoast SEO plugin v26.9 - https:\/\/yoast.com\/product\/yoast-seo-wordpress\/ -->\n<title>Nachbearbeitung am PC - 23spots-divers01<\/title>\n<meta name=\"robots\" content=\"noindex, follow, max-snippet:-1, max-image-preview:large, max-video-preview:-1\" \/>\n<meta property=\"og:locale\" content=\"de_DE\" \/>\n<meta property=\"og:type\" content=\"article\" \/>\n<meta property=\"og:title\" content=\"Nachbearbeitung am PC - 23spots-divers01\" \/>\n<meta property=\"og:description\" content=\"[vc_row][vc_column][vc_column_text] Nachbearbeitung von Fotos und Videos am PC Der Urlaub ist vorbei, die Zeit ist wie immer viel zu schnell verstrichen. Doch zum Gl\u00fcck hast Du mehrere hundert Bilder und Videos auf Deinen Speicherkarten, um Deine herrlichen und sch\u00f6nen Erlebnisse immer und immer wieder ansehen zu k\u00f6nnen oder sie stolz Deinen Freunden zu pr\u00e4sentieren. Aber [&hellip;]\" \/>\n<meta property=\"og:url\" content=\"https:\/\/23spots.com\/23spots-divers01\/nachbearbeitung-am-pc\/\" \/>\n<meta property=\"og:site_name\" content=\"23spots-divers01\" \/>\n<meta property=\"article:modified_time\" content=\"2017-10-22T07:09:55+00:00\" \/>\n<meta name=\"twitter:card\" content=\"summary_large_image\" \/>\n<meta name=\"twitter:label1\" content=\"Gesch\u00e4tzte Lesezeit\" \/>\n\t<meta name=\"twitter:data1\" content=\"4\u00a0Minuten\" \/>\n<script type=\"application\/ld+json\" class=\"yoast-schema-graph\">{\"@context\":\"https:\/\/schema.org\",\"@graph\":[{\"@type\":\"WebPage\",\"@id\":\"https:\/\/23spots.com\/23spots-divers01\/nachbearbeitung-am-pc\/\",\"url\":\"https:\/\/23spots.com\/23spots-divers01\/nachbearbeitung-am-pc\/\",\"name\":\"Nachbearbeitung am PC - 23spots-divers01\",\"isPartOf\":{\"@id\":\"https:\/\/23spots.com\/23spots-divers01\/#website\"},\"datePublished\":\"2017-10-22T06:51:36+00:00\",\"dateModified\":\"2017-10-22T07:09:55+00:00\",\"breadcrumb\":{\"@id\":\"https:\/\/23spots.com\/23spots-divers01\/nachbearbeitung-am-pc\/#breadcrumb\"},\"inLanguage\":\"de\",\"potentialAction\":[{\"@type\":\"ReadAction\",\"target\":[\"https:\/\/23spots.com\/23spots-divers01\/nachbearbeitung-am-pc\/\"]}]},{\"@type\":\"BreadcrumbList\",\"@id\":\"https:\/\/23spots.com\/23spots-divers01\/nachbearbeitung-am-pc\/#breadcrumb\",\"itemListElement\":[{\"@type\":\"ListItem\",\"position\":1,\"name\":\"Startseite\",\"item\":\"https:\/\/23spots.com\/23spots-divers01\/\"},{\"@type\":\"ListItem\",\"position\":2,\"name\":\"Nachbearbeitung am PC\"}]},{\"@type\":\"WebSite\",\"@id\":\"https:\/\/23spots.com\/23spots-divers01\/#website\",\"url\":\"https:\/\/23spots.com\/23spots-divers01\/\",\"name\":\"23spots-divers01\",\"description\":\"Tauchenreisen, Tauchkurse, Tauchausr\u00fcstung\",\"potentialAction\":[{\"@type\":\"SearchAction\",\"target\":{\"@type\":\"EntryPoint\",\"urlTemplate\":\"https:\/\/23spots.com\/23spots-divers01\/?s={search_term_string}\"},\"query-input\":{\"@type\":\"PropertyValueSpecification\",\"valueRequired\":true,\"valueName\":\"search_term_string\"}}],\"inLanguage\":\"de\"}]}<\/script>\n<!-- \/ Yoast SEO plugin. -->","yoast_head_json":{"title":"Nachbearbeitung am PC - 23spots-divers01","robots":{"index":"noindex","follow":"follow","max-snippet":"max-snippet:-1","max-image-preview":"max-image-preview:large","max-video-preview":"max-video-preview:-1"},"og_locale":"de_DE","og_type":"article","og_title":"Nachbearbeitung am PC - 23spots-divers01","og_description":"[vc_row][vc_column][vc_column_text] Nachbearbeitung von Fotos und Videos am PC Der Urlaub ist vorbei, die Zeit ist wie immer viel zu schnell verstrichen. Doch zum Gl\u00fcck hast Du mehrere hundert Bilder und Videos auf Deinen Speicherkarten, um Deine herrlichen und sch\u00f6nen Erlebnisse immer und immer wieder ansehen zu k\u00f6nnen oder sie stolz Deinen Freunden zu pr\u00e4sentieren. Aber [&hellip;]","og_url":"https:\/\/23spots.com\/23spots-divers01\/nachbearbeitung-am-pc\/","og_site_name":"23spots-divers01","article_modified_time":"2017-10-22T07:09:55+00:00","twitter_card":"summary_large_image","twitter_misc":{"Gesch\u00e4tzte Lesezeit":"4\u00a0Minuten"},"schema":{"@context":"https:\/\/schema.org","@graph":[{"@type":"WebPage","@id":"https:\/\/23spots.com\/23spots-divers01\/nachbearbeitung-am-pc\/","url":"https:\/\/23spots.com\/23spots-divers01\/nachbearbeitung-am-pc\/","name":"Nachbearbeitung am PC - 23spots-divers01","isPartOf":{"@id":"https:\/\/23spots.com\/23spots-divers01\/#website"},"datePublished":"2017-10-22T06:51:36+00:00","dateModified":"2017-10-22T07:09:55+00:00","breadcrumb":{"@id":"https:\/\/23spots.com\/23spots-divers01\/nachbearbeitung-am-pc\/#breadcrumb"},"inLanguage":"de","potentialAction":[{"@type":"ReadAction","target":["https:\/\/23spots.com\/23spots-divers01\/nachbearbeitung-am-pc\/"]}]},{"@type":"BreadcrumbList","@id":"https:\/\/23spots.com\/23spots-divers01\/nachbearbeitung-am-pc\/#breadcrumb","itemListElement":[{"@type":"ListItem","position":1,"name":"Startseite","item":"https:\/\/23spots.com\/23spots-divers01\/"},{"@type":"ListItem","position":2,"name":"Nachbearbeitung am PC"}]},{"@type":"WebSite","@id":"https:\/\/23spots.com\/23spots-divers01\/#website","url":"https:\/\/23spots.com\/23spots-divers01\/","name":"23spots-divers01","description":"Tauchenreisen, Tauchkurse, Tauchausr\u00fcstung","potentialAction":[{"@type":"SearchAction","target":{"@type":"EntryPoint","urlTemplate":"https:\/\/23spots.com\/23spots-divers01\/?s={search_term_string}"},"query-input":{"@type":"PropertyValueSpecification","valueRequired":true,"valueName":"search_term_string"}}],"inLanguage":"de"}]}},"_links":{"self":[{"href":"https:\/\/23spots.com\/23spots-divers01\/wp-json\/wp\/v2\/pages\/1625","targetHints":{"allow":["GET"]}}],"collection":[{"href":"https:\/\/23spots.com\/23spots-divers01\/wp-json\/wp\/v2\/pages"}],"about":[{"href":"https:\/\/23spots.com\/23spots-divers01\/wp-json\/wp\/v2\/types\/page"}],"author":[{"embeddable":true,"href":"https:\/\/23spots.com\/23spots-divers01\/wp-json\/wp\/v2\/users\/76"}],"replies":[{"embeddable":true,"href":"https:\/\/23spots.com\/23spots-divers01\/wp-json\/wp\/v2\/comments?post=1625"}],"version-history":[{"count":5,"href":"https:\/\/23spots.com\/23spots-divers01\/wp-json\/wp\/v2\/pages\/1625\/revisions"}],"predecessor-version":[{"id":3070,"href":"https:\/\/23spots.com\/23spots-divers01\/wp-json\/wp\/v2\/pages\/1625\/revisions\/3070"}],"wp:attachment":[{"href":"https:\/\/23spots.com\/23spots-divers01\/wp-json\/wp\/v2\/media?parent=1625"}],"curies":[{"name":"wp","href":"https:\/\/api.w.org\/{rel}","templated":true}]}}