{"id":1834,"date":"2016-01-03T18:20:23","date_gmt":"2016-01-03T16:20:23","guid":{"rendered":"https:\/\/23spotsgroup.com\/23spotsdiving\/?page_id=1834"},"modified":"2024-01-30T11:15:09","modified_gmt":"2024-01-30T10:15:09","slug":"tauch-magazin","status":"publish","type":"page","link":"https:\/\/23spots.com\/23spots-divers01\/tauch-magazin\/","title":{"rendered":"Tauchmagazin"},"content":{"rendered":"<div class=\"wpb-content-wrapper\"><p>[vc_row][vc_column]<header class='content-heading'>\n\t\t\t\t\t\t<h2 class='main-heading'>News f\u00fcr Taucher<\/h2>\n\t\t\t\t\t\t<div class='main-subtitle'><p>Tauchreisen, Tauchausr\u00fcstung, Tauchkurse <\/p>\n<\/div>\n\t\t\t\t\t\t<div class='seperator'><\/div>\n\t\t\t\t\t<\/header>[vc_empty_space][vc_column_text]Tauche ein in die faszinierende Welt der Tiefen! Unser Tauchermagazin entf\u00fchrt dich in atemberaubende Unterwasserwelten, wo Abenteuer und Geheimnisse unter der Meeresoberfl\u00e4che auf dich warten. Hier findest Du top aktuelle Nachrichten rund um das Thema Tauchen und Reisen. Infos zu Equipment, Techniken, <a href=\"https:\/\/23spotsdivers.com\/tauchreisen\/\">Reisezielen<\/a>, Tauchpl\u00e4tzen und sonstigen aktuellen Tauchnews weltweit. Auch Produktvorstellungen und aktuelle Trends aus dem Tauchsport sowie allerlei Wissenswertes\u00a0rund um das Thema der Unterwasserwelt werden wir hier f\u00fcr Euch zusammentragen. Hilfreiche Tripps und Tricks findet Ihr zus\u00e4tzlich auch unter unserem speziellen <a href=\"https:\/\/23spotsdivers.com\/ratgeber-tauchen\/\">Ratgeber f\u00fcr Taucher<\/a>. Erlebe mit uns unvergessliche Momente, entdecke die Vielfalt der Ozeane und tauche ein in spannende Geschichten von Gleichgesinnten. Von atemberaubenden Korallenriffen bis zu mysteri\u00f6sen Wracks \u2013 wir teilen Insider-Tipps, inspirierende Fotos und alles, was das Taucherherz begehrt. Tauche ein, lass dich von unseren Berichten verzaubern und werde Teil einer leidenschaftlichen Community, die die Sch\u00f6nheit der Unterwasserwelt in vollen Z\u00fcgen genie\u00dft![\/vc_column_text][vc_empty_space][vc_masonry_grid post_type=&#8220;post&#8220; max_items=&#8220;&#8220; style=&#8220;lazy&#8220; show_filter=&#8220;yes&#8220; filter_size=&#8220;xs&#8220; initial_loading_animation=&#8220;fadeIn&#8220; grid_id=&#8220;vc_gid:1706609652707-9e817c3e-624e-2&#8243; filter_source=&#8220;category&#8220; exclude_filter=&#8220;1&#8243;][\/vc_column][\/vc_row][vc_row][vc_column][\/vc_column][\/vc_row]<\/p>\n<\/div>","protected":false},"excerpt":{"rendered":"<p>[vc_row][vc_column][vc_empty_space][vc_column_text]Tauche ein in die faszinierende Welt der Tiefen! Unser Tauchermagazin entf\u00fchrt dich in atemberaubende Unterwasserwelten, wo Abenteuer und Geheimnisse unter der Meeresoberfl\u00e4che auf dich warten. Hier findest Du top aktuelle Nachrichten rund um das Thema Tauchen und Reisen. Infos zu Equipment, Techniken, Reisezielen, Tauchpl\u00e4tzen und sonstigen aktuellen Tauchnews weltweit. Auch Produktvorstellungen und aktuelle Trends aus [&hellip;]<\/p>\n","protected":false},"author":76,"featured_media":0,"parent":0,"menu_order":0,"comment_status":"closed","ping_status":"closed","template":"entrada_templates\/layout-visual-composer-default.php","meta":{"footnotes":""},"class_list":["post-1834","page","type-page","status-publish","hentry"],"yoast_head":"<!-- This site is optimized with the Yoast SEO plugin v26.9 - https:\/\/yoast.com\/product\/yoast-seo-wordpress\/ -->\n<title>Tauchmagazin - 23spots-divers01<\/title>\n<meta name=\"robots\" content=\"noindex, follow, max-snippet:-1, max-image-preview:large, max-video-preview:-1\" \/>\n<meta property=\"og:locale\" content=\"de_DE\" \/>\n<meta property=\"og:type\" content=\"article\" \/>\n<meta property=\"og:title\" content=\"Tauchmagazin - 23spots-divers01\" \/>\n<meta property=\"og:description\" content=\"[vc_row][vc_column][vc_empty_space][vc_column_text]Tauche ein in die faszinierende Welt der Tiefen! Unser Tauchermagazin entf\u00fchrt dich in atemberaubende Unterwasserwelten, wo Abenteuer und Geheimnisse unter der Meeresoberfl\u00e4che auf dich warten. Hier findest Du top aktuelle Nachrichten rund um das Thema Tauchen und Reisen. Infos zu Equipment, Techniken, Reisezielen, Tauchpl\u00e4tzen und sonstigen aktuellen Tauchnews weltweit. Auch Produktvorstellungen und aktuelle Trends aus [&hellip;]\" \/>\n<meta property=\"og:url\" content=\"https:\/\/23spots.com\/23spots-divers01\/tauch-magazin\/\" \/>\n<meta property=\"og:site_name\" content=\"23spots-divers01\" \/>\n<meta property=\"article:modified_time\" content=\"2024-01-30T10:15:09+00:00\" \/>\n<meta name=\"twitter:card\" content=\"summary_large_image\" \/>\n<meta name=\"twitter:label1\" content=\"Gesch\u00e4tzte Lesezeit\" \/>\n\t<meta name=\"twitter:data1\" content=\"1\u00a0Minute\" \/>\n<script type=\"application\/ld+json\" class=\"yoast-schema-graph\">{\"@context\":\"https:\/\/schema.org\",\"@graph\":[{\"@type\":\"WebPage\",\"@id\":\"https:\/\/23spots.com\/23spots-divers01\/tauch-magazin\/\",\"url\":\"https:\/\/23spots.com\/23spots-divers01\/tauch-magazin\/\",\"name\":\"Tauchmagazin - 23spots-divers01\",\"isPartOf\":{\"@id\":\"https:\/\/23spots.com\/23spots-divers01\/#website\"},\"datePublished\":\"2016-01-03T16:20:23+00:00\",\"dateModified\":\"2024-01-30T10:15:09+00:00\",\"breadcrumb\":{\"@id\":\"https:\/\/23spots.com\/23spots-divers01\/tauch-magazin\/#breadcrumb\"},\"inLanguage\":\"de\",\"potentialAction\":[{\"@type\":\"ReadAction\",\"target\":[\"https:\/\/23spots.com\/23spots-divers01\/tauch-magazin\/\"]}]},{\"@type\":\"BreadcrumbList\",\"@id\":\"https:\/\/23spots.com\/23spots-divers01\/tauch-magazin\/#breadcrumb\",\"itemListElement\":[{\"@type\":\"ListItem\",\"position\":1,\"name\":\"Startseite\",\"item\":\"https:\/\/23spots.com\/23spots-divers01\/\"},{\"@type\":\"ListItem\",\"position\":2,\"name\":\"Tauchmagazin\"}]},{\"@type\":\"WebSite\",\"@id\":\"https:\/\/23spots.com\/23spots-divers01\/#website\",\"url\":\"https:\/\/23spots.com\/23spots-divers01\/\",\"name\":\"23spots-divers01\",\"description\":\"Tauchenreisen, Tauchkurse, Tauchausr\u00fcstung\",\"potentialAction\":[{\"@type\":\"SearchAction\",\"target\":{\"@type\":\"EntryPoint\",\"urlTemplate\":\"https:\/\/23spots.com\/23spots-divers01\/?s={search_term_string}\"},\"query-input\":{\"@type\":\"PropertyValueSpecification\",\"valueRequired\":true,\"valueName\":\"search_term_string\"}}],\"inLanguage\":\"de\"}]}<\/script>\n<!-- \/ Yoast SEO plugin. -->","yoast_head_json":{"title":"Tauchmagazin - 23spots-divers01","robots":{"index":"noindex","follow":"follow","max-snippet":"max-snippet:-1","max-image-preview":"max-image-preview:large","max-video-preview":"max-video-preview:-1"},"og_locale":"de_DE","og_type":"article","og_title":"Tauchmagazin - 23spots-divers01","og_description":"[vc_row][vc_column][vc_empty_space][vc_column_text]Tauche ein in die faszinierende Welt der Tiefen! Unser Tauchermagazin entf\u00fchrt dich in atemberaubende Unterwasserwelten, wo Abenteuer und Geheimnisse unter der Meeresoberfl\u00e4che auf dich warten. Hier findest Du top aktuelle Nachrichten rund um das Thema Tauchen und Reisen. Infos zu Equipment, Techniken, Reisezielen, Tauchpl\u00e4tzen und sonstigen aktuellen Tauchnews weltweit. Auch Produktvorstellungen und aktuelle Trends aus [&hellip;]","og_url":"https:\/\/23spots.com\/23spots-divers01\/tauch-magazin\/","og_site_name":"23spots-divers01","article_modified_time":"2024-01-30T10:15:09+00:00","twitter_card":"summary_large_image","twitter_misc":{"Gesch\u00e4tzte Lesezeit":"1\u00a0Minute"},"schema":{"@context":"https:\/\/schema.org","@graph":[{"@type":"WebPage","@id":"https:\/\/23spots.com\/23spots-divers01\/tauch-magazin\/","url":"https:\/\/23spots.com\/23spots-divers01\/tauch-magazin\/","name":"Tauchmagazin - 23spots-divers01","isPartOf":{"@id":"https:\/\/23spots.com\/23spots-divers01\/#website"},"datePublished":"2016-01-03T16:20:23+00:00","dateModified":"2024-01-30T10:15:09+00:00","breadcrumb":{"@id":"https:\/\/23spots.com\/23spots-divers01\/tauch-magazin\/#breadcrumb"},"inLanguage":"de","potentialAction":[{"@type":"ReadAction","target":["https:\/\/23spots.com\/23spots-divers01\/tauch-magazin\/"]}]},{"@type":"BreadcrumbList","@id":"https:\/\/23spots.com\/23spots-divers01\/tauch-magazin\/#breadcrumb","itemListElement":[{"@type":"ListItem","position":1,"name":"Startseite","item":"https:\/\/23spots.com\/23spots-divers01\/"},{"@type":"ListItem","position":2,"name":"Tauchmagazin"}]},{"@type":"WebSite","@id":"https:\/\/23spots.com\/23spots-divers01\/#website","url":"https:\/\/23spots.com\/23spots-divers01\/","name":"23spots-divers01","description":"Tauchenreisen, Tauchkurse, Tauchausr\u00fcstung","potentialAction":[{"@type":"SearchAction","target":{"@type":"EntryPoint","urlTemplate":"https:\/\/23spots.com\/23spots-divers01\/?s={search_term_string}"},"query-input":{"@type":"PropertyValueSpecification","valueRequired":true,"valueName":"search_term_string"}}],"inLanguage":"de"}]}},"_links":{"self":[{"href":"https:\/\/23spots.com\/23spots-divers01\/wp-json\/wp\/v2\/pages\/1834","targetHints":{"allow":["GET"]}}],"collection":[{"href":"https:\/\/23spots.com\/23spots-divers01\/wp-json\/wp\/v2\/pages"}],"about":[{"href":"https:\/\/23spots.com\/23spots-divers01\/wp-json\/wp\/v2\/types\/page"}],"author":[{"embeddable":true,"href":"https:\/\/23spots.com\/23spots-divers01\/wp-json\/wp\/v2\/users\/76"}],"replies":[{"embeddable":true,"href":"https:\/\/23spots.com\/23spots-divers01\/wp-json\/wp\/v2\/comments?post=1834"}],"version-history":[{"count":22,"href":"https:\/\/23spots.com\/23spots-divers01\/wp-json\/wp\/v2\/pages\/1834\/revisions"}],"predecessor-version":[{"id":5615,"href":"https:\/\/23spots.com\/23spots-divers01\/wp-json\/wp\/v2\/pages\/1834\/revisions\/5615"}],"wp:attachment":[{"href":"https:\/\/23spots.com\/23spots-divers01\/wp-json\/wp\/v2\/media?parent=1834"}],"curies":[{"name":"wp","href":"https:\/\/api.w.org\/{rel}","templated":true}]}}