{"id":228,"date":"2013-08-22T14:11:57","date_gmt":"2013-08-22T14:11:57","guid":{"rendered":"https:\/\/23spotsgroup.com\/23spotsdiving\/?page_id=228"},"modified":"2024-03-02T07:46:10","modified_gmt":"2024-03-02T06:46:10","slug":"team","status":"publish","type":"page","link":"https:\/\/23spots.com\/23spots-divers01\/team\/","title":{"rendered":"Team"},"content":{"rendered":"<div class=\"wpb-content-wrapper\"><p>[vc_row wrapper_container=&#8220;no-container&#8220; css=&#8220;.vc_custom_1709361773579{padding-top: 15px !important;}&#8220;][vc_column]<header class='content-heading'>\n\t\t\t\t\t\t<h2 class='main-heading'>Das Team<\/h2>\n\t\t\t\t\t\t<div class='main-subtitle'><p>Professionelle Tauchlehrer und Guides<\/p>\n<\/div>\n\t\t\t\t\t\t<div class='seperator'><\/div>\n\t\t\t\t\t<\/header>[vc_column_text css=&#8220;.vc_custom_1709361813805{padding-top: 30px !important;}&#8220;]Auch wenn unser Team auf den ersten Blick riesig erscheinen mag, besteht es tats\u00e4chlich aus nur wenigen engagierten Redakteuren. Wir arbeiten hart daran, qualitativ hochwertige Inhalte zu recherchieren, zu telefonieren, zu diskutieren und zu redigieren, um dir wertvolle Texte, Tipps und Unterhaltung zu bieten. Unsere engagierten freien Fotografen und Experten f\u00fcr spezielle Themen unterst\u00fctzen uns dabei mit Hingabe. Wir nehmen uns besonders viel Zeit bei der Auswahl der Themen, um dir stets aktuelle Berichte, \u00dcberarbeitungen und Tipps zu pr\u00e4sentieren.<\/p>\n<h4>Nachfolgend wollen wir Euch unser Team einfach kurz vorstellen.<\/h4>\n<h4><\/h4>\n<h4><\/h4>\n<p>[\/vc_column_text][\/vc_column][\/vc_row][vc_row wrapper_container=&#8220;no-container&#8220; css=&#8220;.vc_custom_1709317729003{padding-top: 15px !important;}&#8220;][vc_column width=&#8220;1\/3&#8243;]<div class=\"ult-team-member-wrap ult-style-1  \"><div class=\"ult-team-member-image\" style=\"\"> <img decoding=\"async\" class=\"ult-team-grayscale\" src=\"https:\/\/23spots.com\/23spots-divers01\/files\/frank_300x330.jpg\" alt=\"null\"  style=\"\"><span class=\"ult-team-member-image-overlay \"  ><\/span><\/div><div class=\"ult-team-member-bio-wrap style-1 ultimate-heading69e30382d55ae\" style=\"text-align:center;; \"><div class=\"ult-team-member-name-wrap\"><h4 class=\"ult-team-member-name ult-responsive\"  data-ultimate-target='.ult-team-member-bio-wrap.ultimate-heading69e30382d55ae .ult-team-member-name'  data-responsive-json-new='{\"font-size\":\"\",\"line-height\":\"\"}'  style=\"\">Frank<\/h4><div class=\"ult-team-member-position ult-responsive\"  data-ultimate-target='.ult-team-member-bio-wrap.ultimate-heading69e30382d55ae .ult-team-member-position'  data-responsive-json-new='{\"font-size\":\"\",\"line-height\":\"\"}'  style=\"\">Open Water Dive Instructor \/ Freediving Instructor \/ CEO &amp; Shark Specialist \/ Forschungstaucher<\/div><div class=\"ult-team-member-description ult-responsive\"  data-ultimate-target='.ult-team-member-bio-wrap.ultimate-heading69e30382d55ae .ult-team-member-description'  data-responsive-json-new='{\"font-size\":\"\",\"line-height\":\"\"}'  style=\"\"><p>Frank ist unser CEO von 23spotsdivers.com und auch gleichzeitig unser \u201eBrain\u201c. Er lebt den Tauchsport und liebt die Unterwasserfotografie und Erstellung von Videos \u00fcber alles.<br \/>\nSeine gr\u00f6\u00dfte Leidenschaft jedoch geh\u00f6rt den Haien.<\/p>\n<p><strong>Frank\u00b4s Kontaktdaten:<\/strong><br \/>\nmail: frank@23spotsdiving.com<br \/>\nphone: +49 (0) 7541 618 9996<br \/>\nsocial: https:\/\/twitter.com\/Divebrain<br \/>\nweb: https:\/\/divebrain.wordpress.com<\/p><\/div><div style=\"margin-bottom:15px\"><\/div><\/div><\/div><\/div>[\/vc_column][vc_column width=&#8220;1\/3&#8243;]<div class=\"ult-team-member-wrap ult-style-1  \"><div class=\"ult-team-member-image\" style=\"\"> <img decoding=\"async\" class=\"ult-team-grayscale\" src=\"https:\/\/23spots.com\/23spots-divers01\/files\/anja_300x3301.jpg\" alt=\"null\"  style=\"\"><span class=\"ult-team-member-image-overlay \"  ><\/span><\/div><div class=\"ult-team-member-bio-wrap style-1 ultimate-heading69e30382d5869\" style=\"text-align:center;; \"><div class=\"ult-team-member-name-wrap\"><h4 class=\"ult-team-member-name ult-responsive\"  data-ultimate-target='.ult-team-member-bio-wrap.ultimate-heading69e30382d5869 .ult-team-member-name'  data-responsive-json-new='{\"font-size\":\"\",\"line-height\":\"\"}'  style=\"\">Anja<\/h4><div class=\"ult-team-member-position ult-responsive\"  data-ultimate-target='.ult-team-member-bio-wrap.ultimate-heading69e30382d5869 .ult-team-member-position'  data-responsive-json-new='{\"font-size\":\"\",\"line-height\":\"\"}'  style=\"\">Open Water Dive Instructor \/ Writer &amp; Diver<\/div><div class=\"ult-team-member-description ult-responsive\"  data-ultimate-target='.ult-team-member-bio-wrap.ultimate-heading69e30382d5869 .ult-team-member-description'  data-responsive-json-new='{\"font-size\":\"\",\"line-height\":\"\"}'  style=\"\"><p>Anja ist die gute Seele im Haus und k\u00fcmmert sich um alles und jeden. Immer ein offenes Ohr f\u00fcr alle Anfragen und Baustellen nutzt sie ihre Freizeit zum Tauchen und f\u00fcr ihre Passion, die Unterwasserfotografie und die Unterwasservideografie.<\/p>\n<p><strong>Anja\u00b4s Kontaktdaten:<\/strong><br \/>\nmail: anja@23spotsdiving.com<br \/>\nphone: +49 (0) 7541 618 9996<br \/>\nsocial: https:\/\/twitter.com\/Divebrain<br \/>\nweb: https:\/\/divebrain.wordpress.com<\/p><\/div><div style=\"margin-bottom:15px\"><\/div><\/div><\/div><\/div>[\/vc_column][vc_column width=&#8220;1\/3&#8243;]<div class=\"ult-team-member-wrap ult-style-1  \"><div class=\"ult-team-member-image\" style=\"\"> <img decoding=\"async\" class=\"ult-team-grayscale\" src=\"https:\/\/23spots.com\/23spots-divers01\/files\/peter_300x330.jpg\" alt=\"null\"  style=\"\"><span class=\"ult-team-member-image-overlay \"  ><\/span><\/div><div class=\"ult-team-member-bio-wrap style-1 ultimate-heading69e30382d5af7\" style=\"text-align:center;; \"><div class=\"ult-team-member-name-wrap\"><h4 class=\"ult-team-member-name ult-responsive\"  data-ultimate-target='.ult-team-member-bio-wrap.ultimate-heading69e30382d5af7 .ult-team-member-name'  data-responsive-json-new='{\"font-size\":\"\",\"line-height\":\"\"}'  style=\"\">Jochen<\/h4><div class=\"ult-team-member-position ult-responsive\"  data-ultimate-target='.ult-team-member-bio-wrap.ultimate-heading69e30382d5af7 .ult-team-member-position'  data-responsive-json-new='{\"font-size\":\"\",\"line-height\":\"\"}'  style=\"\">Divemaster<\/div><div class=\"ult-team-member-description ult-responsive\"  data-ultimate-target='.ult-team-member-bio-wrap.ultimate-heading69e30382d5af7 .ult-team-member-description'  data-responsive-json-new='{\"font-size\":\"\",\"line-height\":\"\"}'  style=\"\"><p>Jochen ist der Mann f\u00fcr alle F\u00e4lle.\u00a0 Er verf\u00fcgt \u00fcber eine lange Taucherfahrung und verbringt seine Zeit\u00a0 am liebsten unter Wasser und gerne auch mit anderen Tauchen in Gesellschaft.\u00a0 Wenn er gerade mal nicht taucht, dreht sich trotzdem alles ums Tauchen.<\/p>\n<p><strong>Jochens\u00b4s Kontaktdaten:<\/strong><br \/>\nmail: jochen@23spotsdiving.com<br \/>\nphone: +49 (0) 7541 618 9996<\/p><\/div><div style=\"margin-bottom:15px\"><\/div><\/div><\/div><\/div>[\/vc_column][\/vc_row]<\/p>\n<\/div>","protected":false},"excerpt":{"rendered":"<p>[vc_row wrapper_container=&#8220;no-container&#8220; css=&#8220;.vc_custom_1709361773579{padding-top: 15px !important;}&#8220;][vc_column][vc_column_text css=&#8220;.vc_custom_1709361813805{padding-top: 30px !important;}&#8220;]Auch wenn unser Team auf den ersten Blick riesig erscheinen mag, besteht es tats\u00e4chlich aus nur wenigen engagierten Redakteuren. Wir arbeiten hart daran, qualitativ hochwertige Inhalte zu recherchieren, zu telefonieren, zu diskutieren und zu redigieren, um dir wertvolle Texte, Tipps und Unterhaltung zu bieten. Unsere engagierten freien Fotografen [&hellip;]<\/p>\n","protected":false},"author":76,"featured_media":0,"parent":0,"menu_order":0,"comment_status":"closed","ping_status":"open","template":"","meta":{"footnotes":""},"class_list":["post-228","page","type-page","status-publish","hentry"],"yoast_head":"<!-- This site is optimized with the Yoast SEO plugin v26.9 - https:\/\/yoast.com\/product\/yoast-seo-wordpress\/ -->\n<title>Team - 23spots-divers01<\/title>\n<meta name=\"robots\" content=\"noindex, follow, max-snippet:-1, max-image-preview:large, max-video-preview:-1\" \/>\n<meta property=\"og:locale\" content=\"de_DE\" \/>\n<meta property=\"og:type\" content=\"article\" \/>\n<meta property=\"og:title\" content=\"Team - 23spots-divers01\" \/>\n<meta property=\"og:description\" content=\"[vc_row wrapper_container=&#8220;no-container&#8220; css=&#8220;.vc_custom_1709361773579{padding-top: 15px !important;}&#8220;][vc_column][vc_column_text css=&#8220;.vc_custom_1709361813805{padding-top: 30px !important;}&#8220;]Auch wenn unser Team auf den ersten Blick riesig erscheinen mag, besteht es tats\u00e4chlich aus nur wenigen engagierten Redakteuren. Wir arbeiten hart daran, qualitativ hochwertige Inhalte zu recherchieren, zu telefonieren, zu diskutieren und zu redigieren, um dir wertvolle Texte, Tipps und Unterhaltung zu bieten. Unsere engagierten freien Fotografen [&hellip;]\" \/>\n<meta property=\"og:url\" content=\"https:\/\/23spots.com\/23spots-divers01\/team\/\" \/>\n<meta property=\"og:site_name\" content=\"23spots-divers01\" \/>\n<meta property=\"article:modified_time\" content=\"2024-03-02T06:46:10+00:00\" \/>\n<meta name=\"twitter:card\" content=\"summary_large_image\" \/>\n<meta name=\"twitter:label1\" content=\"Gesch\u00e4tzte Lesezeit\" \/>\n\t<meta name=\"twitter:data1\" content=\"2\u00a0Minuten\" \/>\n<script type=\"application\/ld+json\" class=\"yoast-schema-graph\">{\"@context\":\"https:\/\/schema.org\",\"@graph\":[{\"@type\":\"WebPage\",\"@id\":\"https:\/\/23spots.com\/23spots-divers01\/team\/\",\"url\":\"https:\/\/23spots.com\/23spots-divers01\/team\/\",\"name\":\"Team - 23spots-divers01\",\"isPartOf\":{\"@id\":\"https:\/\/23spots.com\/23spots-divers01\/#website\"},\"datePublished\":\"2013-08-22T14:11:57+00:00\",\"dateModified\":\"2024-03-02T06:46:10+00:00\",\"breadcrumb\":{\"@id\":\"https:\/\/23spots.com\/23spots-divers01\/team\/#breadcrumb\"},\"inLanguage\":\"de\",\"potentialAction\":[{\"@type\":\"ReadAction\",\"target\":[\"https:\/\/23spots.com\/23spots-divers01\/team\/\"]}]},{\"@type\":\"BreadcrumbList\",\"@id\":\"https:\/\/23spots.com\/23spots-divers01\/team\/#breadcrumb\",\"itemListElement\":[{\"@type\":\"ListItem\",\"position\":1,\"name\":\"Startseite\",\"item\":\"https:\/\/23spots.com\/23spots-divers01\/\"},{\"@type\":\"ListItem\",\"position\":2,\"name\":\"Team\"}]},{\"@type\":\"WebSite\",\"@id\":\"https:\/\/23spots.com\/23spots-divers01\/#website\",\"url\":\"https:\/\/23spots.com\/23spots-divers01\/\",\"name\":\"23spots-divers01\",\"description\":\"Tauchenreisen, Tauchkurse, Tauchausr\u00fcstung\",\"potentialAction\":[{\"@type\":\"SearchAction\",\"target\":{\"@type\":\"EntryPoint\",\"urlTemplate\":\"https:\/\/23spots.com\/23spots-divers01\/?s={search_term_string}\"},\"query-input\":{\"@type\":\"PropertyValueSpecification\",\"valueRequired\":true,\"valueName\":\"search_term_string\"}}],\"inLanguage\":\"de\"}]}<\/script>\n<!-- \/ Yoast SEO plugin. -->","yoast_head_json":{"title":"Team - 23spots-divers01","robots":{"index":"noindex","follow":"follow","max-snippet":"max-snippet:-1","max-image-preview":"max-image-preview:large","max-video-preview":"max-video-preview:-1"},"og_locale":"de_DE","og_type":"article","og_title":"Team - 23spots-divers01","og_description":"[vc_row wrapper_container=&#8220;no-container&#8220; css=&#8220;.vc_custom_1709361773579{padding-top: 15px !important;}&#8220;][vc_column][vc_column_text css=&#8220;.vc_custom_1709361813805{padding-top: 30px !important;}&#8220;]Auch wenn unser Team auf den ersten Blick riesig erscheinen mag, besteht es tats\u00e4chlich aus nur wenigen engagierten Redakteuren. Wir arbeiten hart daran, qualitativ hochwertige Inhalte zu recherchieren, zu telefonieren, zu diskutieren und zu redigieren, um dir wertvolle Texte, Tipps und Unterhaltung zu bieten. Unsere engagierten freien Fotografen [&hellip;]","og_url":"https:\/\/23spots.com\/23spots-divers01\/team\/","og_site_name":"23spots-divers01","article_modified_time":"2024-03-02T06:46:10+00:00","twitter_card":"summary_large_image","twitter_misc":{"Gesch\u00e4tzte Lesezeit":"2\u00a0Minuten"},"schema":{"@context":"https:\/\/schema.org","@graph":[{"@type":"WebPage","@id":"https:\/\/23spots.com\/23spots-divers01\/team\/","url":"https:\/\/23spots.com\/23spots-divers01\/team\/","name":"Team - 23spots-divers01","isPartOf":{"@id":"https:\/\/23spots.com\/23spots-divers01\/#website"},"datePublished":"2013-08-22T14:11:57+00:00","dateModified":"2024-03-02T06:46:10+00:00","breadcrumb":{"@id":"https:\/\/23spots.com\/23spots-divers01\/team\/#breadcrumb"},"inLanguage":"de","potentialAction":[{"@type":"ReadAction","target":["https:\/\/23spots.com\/23spots-divers01\/team\/"]}]},{"@type":"BreadcrumbList","@id":"https:\/\/23spots.com\/23spots-divers01\/team\/#breadcrumb","itemListElement":[{"@type":"ListItem","position":1,"name":"Startseite","item":"https:\/\/23spots.com\/23spots-divers01\/"},{"@type":"ListItem","position":2,"name":"Team"}]},{"@type":"WebSite","@id":"https:\/\/23spots.com\/23spots-divers01\/#website","url":"https:\/\/23spots.com\/23spots-divers01\/","name":"23spots-divers01","description":"Tauchenreisen, Tauchkurse, Tauchausr\u00fcstung","potentialAction":[{"@type":"SearchAction","target":{"@type":"EntryPoint","urlTemplate":"https:\/\/23spots.com\/23spots-divers01\/?s={search_term_string}"},"query-input":{"@type":"PropertyValueSpecification","valueRequired":true,"valueName":"search_term_string"}}],"inLanguage":"de"}]}},"_links":{"self":[{"href":"https:\/\/23spots.com\/23spots-divers01\/wp-json\/wp\/v2\/pages\/228","targetHints":{"allow":["GET"]}}],"collection":[{"href":"https:\/\/23spots.com\/23spots-divers01\/wp-json\/wp\/v2\/pages"}],"about":[{"href":"https:\/\/23spots.com\/23spots-divers01\/wp-json\/wp\/v2\/types\/page"}],"author":[{"embeddable":true,"href":"https:\/\/23spots.com\/23spots-divers01\/wp-json\/wp\/v2\/users\/76"}],"replies":[{"embeddable":true,"href":"https:\/\/23spots.com\/23spots-divers01\/wp-json\/wp\/v2\/comments?post=228"}],"version-history":[{"count":14,"href":"https:\/\/23spots.com\/23spots-divers01\/wp-json\/wp\/v2\/pages\/228\/revisions"}],"predecessor-version":[{"id":5902,"href":"https:\/\/23spots.com\/23spots-divers01\/wp-json\/wp\/v2\/pages\/228\/revisions\/5902"}],"wp:attachment":[{"href":"https:\/\/23spots.com\/23spots-divers01\/wp-json\/wp\/v2\/media?parent=228"}],"curies":[{"name":"wp","href":"https:\/\/api.w.org\/{rel}","templated":true}]}}