{"id":250,"date":"2013-08-22T21:28:28","date_gmt":"2013-08-22T21:28:28","guid":{"rendered":"https:\/\/23spotsgroup.com\/23spotsdiving\/?page_id=250"},"modified":"2024-03-01T17:36:52","modified_gmt":"2024-03-01T16:36:52","slug":"schreibe-fuer-uns","status":"publish","type":"page","link":"https:\/\/23spots.com\/23spots-divers01\/schreibe-fuer-uns\/","title":{"rendered":"Schreibe f\u00fcr uns"},"content":{"rendered":"<div class=\"wpb-content-wrapper\"><p>[vc_row][vc_column]<header class='content-heading'>\n\t\t\t\t\t\t<h2 class='main-heading'>Werde Autor<\/h2>\n\t\t\t\t\t\t<div class='main-subtitle'><p>und schreibe f\u00fcr und \u00fcber uns<\/p>\n<\/div>\n\t\t\t\t\t\t<div class='seperator'><\/div>\n\t\t\t\t\t<\/header>[vc_column_text css=&#8220;.vc_custom_1709282591134{margin-top: 30px !important;}&#8220;]Willkommen bei 23SpotsDivers &#8211; der Plattform f\u00fcr begeisterte Autoren und Tauchliebhaber! M\u00f6chtest du deine Leidenschaft f\u00fcr das Tauchen mit anderen teilen und als Autor f\u00fcr uns schreiben? Tauche ein in die faszinierende Welt des Tauchens und verfasse mit uns informative, spannende und inspirierende Artikel \u00fcber Tauchspots, Tauchausr\u00fcstung, Techniken, Sicherheitstipps und vieles mehr. Werde Teil unseres Autorenteams und teile deine Erfahrungen, Tipps und Abenteuer mit unserer Leserschaft. Deine Stimme kann dazu beitragen, andere Taucher zu inspirieren und die Sch\u00f6nheit der Unterwasserwelt zu entdecken. Werde Autor bei 23SpotsDivers und lasse uns gemeinsam die Welt des Tauchens erkunden und erleben![\/vc_column_text][vc_row_inner css=&#8220;.vc_custom_1709310795224{margin-top: 30px !important;background-position: center !important;background-repeat: no-repeat !important;background-size: cover !important;}&#8220;][vc_column_inner width=&#8220;1\/2&#8243;][vc_column_text]Wir suchen nach engagierten Autoren, die unsere Leidenschaft f\u00fcr das Tauchen teilen und bereit sind, ihre Erfahrungen und Abenteuer mit unserer Leserschaft zu teilen. Idealerweise verf\u00fcgen unsere Autoren \u00fcber einen fl\u00fcssigen Schreibstil, sind begeisterte Taucher und legen Wert auf eine gute Rechtschreibung. Erfahrung als Blogger oder Journalist ist von Vorteil, ebenso wie eine Affinit\u00e4t f\u00fcr Technik und eine Leidenschaft f\u00fcr Tauchen und Reisen. Wenn du bereit bist f\u00fcr neue Abenteuer und deine Begeisterung f\u00fcr das Tauchen mit anderen teilen m\u00f6chtest, dann bist du bei uns genau richtig!&#8220;<\/p>\n<p>W\u00fcnschenswert w\u00e4ren folgende Dinge f\u00fcr uns:<br \/>\n&#8211; ein fl\u00fcssiger Schreibstil<br \/>\n&#8211; begeisterter Taucher<br \/>\n&#8211; eine gute Rechtschreibung<br \/>\n&#8211; gerne Erfahrung als Blogger oder Journalist<br \/>\n&#8211; Tauch- und Reisebegeisterung<br \/>\n&#8211; wenn m\u00f6glich technikaffin<br \/>\n&#8211; bereit f\u00fcr neue Abenteuer[\/vc_column_text][\/vc_column_inner][vc_column_inner width=&#8220;1\/2&#8243;][vc_single_image image=&#8220;5871&#8243; img_size=&#8220;full&#8220;][\/vc_column_inner][\/vc_row_inner][vc_row_inner css=&#8220;.vc_custom_1709310781899{background-position: center !important;background-repeat: no-repeat !important;background-size: cover !important;}&#8220;][vc_column_inner width=&#8220;1\/2&#8243;]<article class=\"article text-center article-top-space\"><div class=\"img-wrap1\">\n\t\t\t\t\t<img decoding=\"async\"  src=\"https:\/\/23spots.com\/23spots-divers01\/files\/was-wir-suchen.jpg\" alt=\"image description\">\n\t\t\t\t <\/div><div class=\"description\">\n\t\t\t\t\t\t\t<h3>Was wir suchen<\/h3>\n\t\t\t\t\t\t\t<p>Ein engagiertes, spa\u00dfiges Team, welches ausschlie\u00dflich aus Tauchern besteht und sich t\u00e4glich mit dem Thema Tauchen besch\u00e4ftigt. Ganz egal ob Tauchreisen, Tauchausbildung, Tauchtechniken oder allgemeines zum Tauchen, wir lieben und leben das Tauchen.<\/p>\n\t\t\t\t\t\t<\/div><\/article>[\/vc_column_inner][vc_column_inner width=&#8220;1\/2&#8243;]<article class=\"article text-center article-top-space\"><div class=\"img-wrap1\">\n\t\t\t\t\t<img decoding=\"async\"  src=\"https:\/\/23spots.com\/23spots-divers01\/files\/was-wir-bieten.jpg\" alt=\"image description\">\n\t\t\t\t <\/div><div class=\"description\">\n\t\t\t\t\t\t\t<h3>Was wir bieten<\/h3>\n\t\t\t\t\t\t\t<p>Ein engagiertes, spa\u00dfiges Team, welches ausschlie\u00dflich aus Tauchern besteht und sich t\u00e4glich mit dem Thema Tauchen besch\u00e4ftigt. Ganz egal ob Tauchreisen, Tauchausbildung, Tauchtechniken oder allgemeines zum Tauchen, wir lieben und leben das Tauchen.<\/p>\n\t\t\t\t\t\t<\/div><\/article>[\/vc_column_inner][\/vc_row_inner][vc_separator css=&#8220;.vc_custom_1709304068643{padding-top: 15px !important;padding-bottom: 15px !important;}&#8220;][vc_row_inner css=&#8220;.vc_custom_1709302902895{padding-top: 15px !important;}&#8220;][vc_column_inner]<header class='content-heading'>\n\t\t\t\t\t\t<h2 class='main-heading'>Wer wir sind<\/h2>\n\t\t\t\t\t\t<div class='main-subtitle'><p>Infos zu uns<\/p>\n<\/div>\n\t\t\t\t\t\t<div class='seperator'><\/div>\n\t\t\t\t\t<\/header>[vc_column_text css=&#8220;.vc_custom_1515868363662{margin-top: 30px !important;}&#8220;]Wir sind ein Team von Tauchern, welches sich zum Ziel gesetzt hat, dass diese Seite eine Anlaufstelle f\u00fcr Taucher ist, um all seine offenen Fragen beantwortet zu bekommen, neue Infos rund ums Tauchen zu erhalten und das Tauchen einem breiteren Publikum zu zeigen. Solltest Du Interesse daran haben, dieses Team zu unterst\u00fctzen, dann freuen wir uns auf Dich. Im besten Falle hast Du schon mit WordPress gearbeitet und kennst Dich mit dem Backend aus, sollte dies nicht der Fall sein, bekommst Du 100% Unterst\u00fctzung durch uns, bei der Einarbeitung.[\/vc_column_text][\/vc_column_inner][\/vc_row_inner][\/vc_column][\/vc_row][vc_row wrapper_container=&#8220;special-block&#8220;][vc_column]<p class=\"special-text\">Werde Autor bei 23Spots Divers.<strong> Call +49 157 -9232 4008<\/strong>\n<\/p>[\/vc_column][\/vc_row][vc_row][vc_column]<header class='content-heading'>\n\t\t\t\t\t\t<h2 class='main-heading'>Gastartikel<\/h2>\n\t\t\t\t\t\t<div class='main-subtitle'><p>Was muss ich tun<\/p>\n<\/div>\n\t\t\t\t\t\t<div class='seperator'><\/div>\n\t\t\t\t\t<\/header>[vc_row_inner][vc_column_inner width=&#8220;1\/2&#8243;][vc_column_text css=&#8220;.vc_custom_1515870227138{margin-top: 20px !important;}&#8220;]Solltest Du ein Blogger sein, der einen eigenen Reiseblog betreibt, dann bieten wir Dir die M\u00f6glichkeit, dass Du Gastartikel auf unserem Blog ver\u00f6ffentlichen kannst. Diese Beitr\u00e4ge sind unbezahlt, wir verlinken jedoch selbstverst\u00e4ndlich auf Deinen Blog.<br \/>\nDie einzige Voraussetzung ist, dass wir einen sinnvollen Backlink vor Dir erhalten.<\/p>\n<p><strong>Ich m\u00f6chte nun Blog-Autor werden, was muss ich tun?<\/strong><\/p>\n<p>Die Bewerbung bei uns als Autor ist sehr einfach:<br \/>\nF\u00fclle nachfolgendes Formular vollst\u00e4ndig aus und wir melden uns dann umgehend bei Dir.<br \/>\nAm besten ist es, wenn Du uns auch noch eine kleine Schreibprobe, oder einen Deiner Texte zukommen l\u00e4sst, damit wir Deinen Stil kennen lernen k\u00f6nnen.[\/vc_column_text][\/vc_column_inner][vc_column_inner width=&#8220;1\/2&#8243;][vc_single_image image=&#8220;3098&#8243; img_size=&#8220;full&#8220; css=&#8220;.vc_custom_1709310849220{margin-top: 30px !important;padding-bottom: 15px !important;}&#8220;][\/vc_column_inner][\/vc_row_inner][vc_row_inner][vc_column_inner]\n<div class=\"wpcf7 no-js\" id=\"wpcf7-f3100-o1\" lang=\"de-DE\" dir=\"ltr\" data-wpcf7-id=\"3100\">\n<div class=\"screen-reader-response\"><p role=\"status\" aria-live=\"polite\" aria-atomic=\"true\"><\/p> <ul><\/ul><\/div>\n<form action=\"\/23spots-divers01\/wp-json\/wp\/v2\/pages\/250#wpcf7-f3100-o1\" method=\"post\" class=\"wpcf7-form init\" aria-label=\"Kontaktformular\" novalidate=\"novalidate\" data-status=\"init\">\n<fieldset class=\"hidden-fields-container\"><input type=\"hidden\" name=\"_wpcf7\" value=\"3100\" \/><input type=\"hidden\" name=\"_wpcf7_version\" value=\"6.1.5\" \/><input type=\"hidden\" name=\"_wpcf7_locale\" value=\"de_DE\" \/><input type=\"hidden\" name=\"_wpcf7_unit_tag\" value=\"wpcf7-f3100-o1\" \/><input type=\"hidden\" name=\"_wpcf7_container_post\" value=\"0\" \/><input type=\"hidden\" name=\"_wpcf7_posted_data_hash\" value=\"\" \/><input type=\"hidden\" name=\"_wpcf7_recaptcha_response\" value=\"\" \/>\n<\/fieldset>\n<p><label> Ihr Name (Pflichtfeld)<br \/>\n<span class=\"wpcf7-form-control-wrap\" data-name=\"your-name\"><input size=\"40\" maxlength=\"400\" class=\"wpcf7-form-control wpcf7-text wpcf7-validates-as-required\" aria-required=\"true\" aria-invalid=\"false\" value=\"\" type=\"text\" name=\"your-name\" \/><\/span><br \/>\n<\/label>\n<\/p>\n<p><label> Adresse (Pflichtfeld)<br \/>\n<span class=\"wpcf7-form-control-wrap\" data-name=\"your-adress\"><input size=\"40\" maxlength=\"400\" class=\"wpcf7-form-control wpcf7-text wpcf7-validates-as-required\" aria-required=\"true\" aria-invalid=\"false\" value=\"\" type=\"text\" name=\"your-adress\" \/><\/span><br \/>\n<\/label>\n<\/p>\n<p><label> Ihre E-Mail-Adresse (Pflichtfeld)<br \/>\n<span class=\"wpcf7-form-control-wrap\" data-name=\"your-email\"><input size=\"40\" maxlength=\"400\" class=\"wpcf7-form-control wpcf7-email wpcf7-validates-as-required wpcf7-text wpcf7-validates-as-email\" aria-required=\"true\" aria-invalid=\"false\" value=\"\" type=\"email\" name=\"your-email\" \/><\/span><br \/>\n<\/label>\n<\/p>\n<p><label>Deine Telefonnummer (Pflichtfeld)<br \/>\n<span class=\"wpcf7-form-control-wrap\" data-name=\"tel-423\"><input size=\"40\" maxlength=\"400\" class=\"wpcf7-form-control wpcf7-tel wpcf7-validates-as-required wpcf7-text wpcf7-validates-as-tel\" aria-required=\"true\" aria-invalid=\"false\" value=\"\" type=\"tel\" name=\"tel-423\" \/><\/span><br \/>\n<\/label>\n<\/p>\n<p><label> Dein erster Bericht 250 Worte<br \/>\n<span class=\"wpcf7-form-control-wrap\" data-name=\"your-Text\"><input size=\"40\" maxlength=\"400\" class=\"wpcf7-form-control wpcf7-text\" aria-invalid=\"false\" value=\"\" type=\"text\" name=\"your-Text\" \/><\/span><br \/>\n<\/label>\n<\/p>\n<p><label>Deine Webseite falls vorhanden<br \/>\n<span class=\"wpcf7-form-control-wrap\" data-name=\"url-994\"><input size=\"40\" maxlength=\"400\" class=\"wpcf7-form-control wpcf7-url wpcf7-text wpcf7-validates-as-url\" aria-invalid=\"false\" placeholder=\"\" value=\"\" type=\"url\" name=\"url-994\" \/><\/span><br \/>\n<\/label>\n<\/p>\n<p><label><br \/>\nDein Linkedin-Profil<br \/>\n<span class=\"wpcf7-form-control-wrap\" data-name=\"url-994\"><input size=\"40\" maxlength=\"400\" class=\"wpcf7-form-control wpcf7-url wpcf7-text wpcf7-validates-as-url\" aria-invalid=\"false\" placeholder=\"\" value=\"\" type=\"url\" name=\"url-994\" \/><\/span><br \/>\n<\/label>\n<\/p>\n<p><label>Dein Twitter Account<br \/>\n<span class=\"wpcf7-form-control-wrap\" data-name=\"url-994\"><input size=\"40\" maxlength=\"400\" class=\"wpcf7-form-control wpcf7-url wpcf7-text wpcf7-validates-as-url\" aria-invalid=\"false\" placeholder=\"\" value=\"\" type=\"url\" name=\"url-994\" \/><\/span><br \/>\n<\/label>\n<\/p>\n<p><label>Dein Pinterest Account<br \/>\n<span class=\"wpcf7-form-control-wrap\" data-name=\"url-994\"><input size=\"40\" maxlength=\"400\" class=\"wpcf7-form-control wpcf7-url wpcf7-text wpcf7-validates-as-url\" aria-invalid=\"false\" placeholder=\"\" value=\"\" type=\"url\" name=\"url-994\" \/><\/span><br \/>\n<\/label>\n<\/p>\n<p><label>Dein Dein Xing Profil<br \/>\n<span class=\"wpcf7-form-control-wrap\" data-name=\"url-994\"><input size=\"40\" maxlength=\"400\" class=\"wpcf7-form-control wpcf7-url wpcf7-text wpcf7-validates-as-url\" aria-invalid=\"false\" placeholder=\"\" value=\"\" type=\"url\" name=\"url-994\" \/><\/span><br \/>\n<\/label>\n<\/p>\n<p><label> Links zu Deinen Referenzen<br \/>\n<span class=\"wpcf7-form-control-wrap\" data-name=\"your-Links\"><textarea cols=\"40\" rows=\"10\" maxlength=\"2000\" class=\"wpcf7-form-control wpcf7-textarea\" aria-invalid=\"false\" name=\"your-Links\"><\/textarea><\/span><br \/>\n<\/label><br \/>\n<br \/>\n<input class=\"wpcf7-form-control wpcf7-submit has-spinner\" type=\"submit\" value=\"Senden\" \/>\n<\/p><div class=\"wpcf7-response-output\" aria-hidden=\"true\"><\/div>\n<\/form>\n<\/div>\n[\/vc_column_inner][\/vc_row_inner][\/vc_column][\/vc_row]<\/p>\n<\/div>","protected":false},"excerpt":{"rendered":"<p>[vc_row][vc_column][vc_column_text css=&#8220;.vc_custom_1709282591134{margin-top: 30px !important;}&#8220;]Willkommen bei 23SpotsDivers &#8211; der Plattform f\u00fcr begeisterte Autoren und Tauchliebhaber! M\u00f6chtest du deine Leidenschaft f\u00fcr das Tauchen mit anderen teilen und als Autor f\u00fcr uns schreiben? Tauche ein in die faszinierende Welt des Tauchens und verfasse mit uns informative, spannende und inspirierende Artikel \u00fcber Tauchspots, Tauchausr\u00fcstung, Techniken, Sicherheitstipps und vieles mehr. [&hellip;]<\/p>\n","protected":false},"author":76,"featured_media":0,"parent":0,"menu_order":0,"comment_status":"closed","ping_status":"open","template":"entrada_templates\/layout-visual-composer-default.php","meta":{"footnotes":""},"class_list":["post-250","page","type-page","status-publish","hentry"],"yoast_head":"<!-- This site is optimized with the Yoast SEO plugin v26.9 - https:\/\/yoast.com\/product\/yoast-seo-wordpress\/ -->\n<title>Schreibe f\u00fcr uns - 23spots-divers01<\/title>\n<meta name=\"robots\" content=\"noindex, follow, max-snippet:-1, max-image-preview:large, max-video-preview:-1\" \/>\n<meta property=\"og:locale\" content=\"de_DE\" \/>\n<meta property=\"og:type\" content=\"article\" \/>\n<meta property=\"og:title\" content=\"Schreibe f\u00fcr uns - 23spots-divers01\" \/>\n<meta property=\"og:description\" content=\"[vc_row][vc_column][vc_column_text css=&#8220;.vc_custom_1709282591134{margin-top: 30px !important;}&#8220;]Willkommen bei 23SpotsDivers &#8211; der Plattform f\u00fcr begeisterte Autoren und Tauchliebhaber! M\u00f6chtest du deine Leidenschaft f\u00fcr das Tauchen mit anderen teilen und als Autor f\u00fcr uns schreiben? Tauche ein in die faszinierende Welt des Tauchens und verfasse mit uns informative, spannende und inspirierende Artikel \u00fcber Tauchspots, Tauchausr\u00fcstung, Techniken, Sicherheitstipps und vieles mehr. [&hellip;]\" \/>\n<meta property=\"og:url\" content=\"https:\/\/23spots.com\/23spots-divers01\/schreibe-fuer-uns\/\" \/>\n<meta property=\"og:site_name\" content=\"23spots-divers01\" \/>\n<meta property=\"article:modified_time\" content=\"2024-03-01T16:36:52+00:00\" \/>\n<meta name=\"twitter:card\" content=\"summary_large_image\" \/>\n<meta name=\"twitter:label1\" content=\"Gesch\u00e4tzte Lesezeit\" \/>\n\t<meta name=\"twitter:data1\" content=\"4\u00a0Minuten\" \/>\n<script type=\"application\/ld+json\" class=\"yoast-schema-graph\">{\"@context\":\"https:\/\/schema.org\",\"@graph\":[{\"@type\":\"WebPage\",\"@id\":\"https:\/\/23spots.com\/23spots-divers01\/schreibe-fuer-uns\/\",\"url\":\"https:\/\/23spots.com\/23spots-divers01\/schreibe-fuer-uns\/\",\"name\":\"Schreibe f\u00fcr uns - 23spots-divers01\",\"isPartOf\":{\"@id\":\"https:\/\/23spots.com\/23spots-divers01\/#website\"},\"datePublished\":\"2013-08-22T21:28:28+00:00\",\"dateModified\":\"2024-03-01T16:36:52+00:00\",\"breadcrumb\":{\"@id\":\"https:\/\/23spots.com\/23spots-divers01\/schreibe-fuer-uns\/#breadcrumb\"},\"inLanguage\":\"de\",\"potentialAction\":[{\"@type\":\"ReadAction\",\"target\":[\"https:\/\/23spots.com\/23spots-divers01\/schreibe-fuer-uns\/\"]}]},{\"@type\":\"BreadcrumbList\",\"@id\":\"https:\/\/23spots.com\/23spots-divers01\/schreibe-fuer-uns\/#breadcrumb\",\"itemListElement\":[{\"@type\":\"ListItem\",\"position\":1,\"name\":\"Startseite\",\"item\":\"https:\/\/23spots.com\/23spots-divers01\/\"},{\"@type\":\"ListItem\",\"position\":2,\"name\":\"Schreibe f\u00fcr uns\"}]},{\"@type\":\"WebSite\",\"@id\":\"https:\/\/23spots.com\/23spots-divers01\/#website\",\"url\":\"https:\/\/23spots.com\/23spots-divers01\/\",\"name\":\"23spots-divers01\",\"description\":\"Tauchenreisen, Tauchkurse, Tauchausr\u00fcstung\",\"potentialAction\":[{\"@type\":\"SearchAction\",\"target\":{\"@type\":\"EntryPoint\",\"urlTemplate\":\"https:\/\/23spots.com\/23spots-divers01\/?s={search_term_string}\"},\"query-input\":{\"@type\":\"PropertyValueSpecification\",\"valueRequired\":true,\"valueName\":\"search_term_string\"}}],\"inLanguage\":\"de\"}]}<\/script>\n<!-- \/ Yoast SEO plugin. -->","yoast_head_json":{"title":"Schreibe f\u00fcr uns - 23spots-divers01","robots":{"index":"noindex","follow":"follow","max-snippet":"max-snippet:-1","max-image-preview":"max-image-preview:large","max-video-preview":"max-video-preview:-1"},"og_locale":"de_DE","og_type":"article","og_title":"Schreibe f\u00fcr uns - 23spots-divers01","og_description":"[vc_row][vc_column][vc_column_text css=&#8220;.vc_custom_1709282591134{margin-top: 30px !important;}&#8220;]Willkommen bei 23SpotsDivers &#8211; der Plattform f\u00fcr begeisterte Autoren und Tauchliebhaber! M\u00f6chtest du deine Leidenschaft f\u00fcr das Tauchen mit anderen teilen und als Autor f\u00fcr uns schreiben? Tauche ein in die faszinierende Welt des Tauchens und verfasse mit uns informative, spannende und inspirierende Artikel \u00fcber Tauchspots, Tauchausr\u00fcstung, Techniken, Sicherheitstipps und vieles mehr. [&hellip;]","og_url":"https:\/\/23spots.com\/23spots-divers01\/schreibe-fuer-uns\/","og_site_name":"23spots-divers01","article_modified_time":"2024-03-01T16:36:52+00:00","twitter_card":"summary_large_image","twitter_misc":{"Gesch\u00e4tzte Lesezeit":"4\u00a0Minuten"},"schema":{"@context":"https:\/\/schema.org","@graph":[{"@type":"WebPage","@id":"https:\/\/23spots.com\/23spots-divers01\/schreibe-fuer-uns\/","url":"https:\/\/23spots.com\/23spots-divers01\/schreibe-fuer-uns\/","name":"Schreibe f\u00fcr uns - 23spots-divers01","isPartOf":{"@id":"https:\/\/23spots.com\/23spots-divers01\/#website"},"datePublished":"2013-08-22T21:28:28+00:00","dateModified":"2024-03-01T16:36:52+00:00","breadcrumb":{"@id":"https:\/\/23spots.com\/23spots-divers01\/schreibe-fuer-uns\/#breadcrumb"},"inLanguage":"de","potentialAction":[{"@type":"ReadAction","target":["https:\/\/23spots.com\/23spots-divers01\/schreibe-fuer-uns\/"]}]},{"@type":"BreadcrumbList","@id":"https:\/\/23spots.com\/23spots-divers01\/schreibe-fuer-uns\/#breadcrumb","itemListElement":[{"@type":"ListItem","position":1,"name":"Startseite","item":"https:\/\/23spots.com\/23spots-divers01\/"},{"@type":"ListItem","position":2,"name":"Schreibe f\u00fcr uns"}]},{"@type":"WebSite","@id":"https:\/\/23spots.com\/23spots-divers01\/#website","url":"https:\/\/23spots.com\/23spots-divers01\/","name":"23spots-divers01","description":"Tauchenreisen, Tauchkurse, Tauchausr\u00fcstung","potentialAction":[{"@type":"SearchAction","target":{"@type":"EntryPoint","urlTemplate":"https:\/\/23spots.com\/23spots-divers01\/?s={search_term_string}"},"query-input":{"@type":"PropertyValueSpecification","valueRequired":true,"valueName":"search_term_string"}}],"inLanguage":"de"}]}},"_links":{"self":[{"href":"https:\/\/23spots.com\/23spots-divers01\/wp-json\/wp\/v2\/pages\/250","targetHints":{"allow":["GET"]}}],"collection":[{"href":"https:\/\/23spots.com\/23spots-divers01\/wp-json\/wp\/v2\/pages"}],"about":[{"href":"https:\/\/23spots.com\/23spots-divers01\/wp-json\/wp\/v2\/types\/page"}],"author":[{"embeddable":true,"href":"https:\/\/23spots.com\/23spots-divers01\/wp-json\/wp\/v2\/users\/76"}],"replies":[{"embeddable":true,"href":"https:\/\/23spots.com\/23spots-divers01\/wp-json\/wp\/v2\/comments?post=250"}],"version-history":[{"count":19,"href":"https:\/\/23spots.com\/23spots-divers01\/wp-json\/wp\/v2\/pages\/250\/revisions"}],"predecessor-version":[{"id":5886,"href":"https:\/\/23spots.com\/23spots-divers01\/wp-json\/wp\/v2\/pages\/250\/revisions\/5886"}],"wp:attachment":[{"href":"https:\/\/23spots.com\/23spots-divers01\/wp-json\/wp\/v2\/media?parent=250"}],"curies":[{"name":"wp","href":"https:\/\/api.w.org\/{rel}","templated":true}]}}