{"id":343,"date":"2013-08-23T22:01:49","date_gmt":"2013-08-23T21:01:49","guid":{"rendered":"https:\/\/23spotsgroup.com\/23spotsdiving\/?page_id=343"},"modified":"2018-01-13T17:12:44","modified_gmt":"2018-01-13T16:12:44","slug":"tauchanfaenger","status":"publish","type":"page","link":"https:\/\/23spots.com\/23spots-divers01\/tauchanfaenger\/","title":{"rendered":"Tauchanf\u00e4nger"},"content":{"rendered":"<div class=\"wpb-content-wrapper\"><p>[vc_row][vc_column][vc_column_text]<\/p>\n<h3>Unser kleine Infoseite f\u00fcr Tauchanf\u00e4nger<\/h3>\n<p>Aller Anfang der ist schwer, auch beim Tauchen. Du stellst Dir die Frage welches Tauchequipment soll ich mir zuerst kaufen, was macht Sinn. Ist der Computer wichtiger, der Anzug oder gar der Atemregler! Oder Du fragst Dich welche Tauchkurse f\u00fcr Dich die richtige sind, weil Du nicht wei\u00dft wohin Dich die Reise bringt. Doch mit unserer kleinen Infoseite bekommst Du einen Guide an die Hand, welcher Dich bei den ersten Steps im Tauchsport begleitet und Dir den Weg zum guten Taucher vereinfacht.[\/vc_column_text][\/vc_column][\/vc_row][vc_row css=&#8220;.vc_custom_1508917160673{padding-left: 10px !important;background-color: #cccccc !important;}&#8220;][vc_column width=&#8220;1\/2&#8243; css=&#8220;.vc_custom_1508917398592{padding-right: 30px !important;}&#8220;][vc_custom_heading text=&#8220;Warum mit dem Tauchen beginnen&#8220; font_container=&#8220;tag:h3|text_align:left&#8220; google_fonts=&#8220;font_family:Roboto%3A100%2C100italic%2C300%2C300italic%2Cregular%2Citalic%2C500%2C500italic%2C700%2C700italic%2C900%2C900italic|font_style:400%20regular%3A400%3Anormal&#8220; css=&#8220;.vc_custom_1509906951559{padding-bottom: 10px !important;}&#8220;][vc_separator color=&#8220;blue&#8220; border_width=&#8220;2&#8243; css=&#8220;.vc_custom_1508333739153{padding-bottom: 15px !important;}&#8220;][vc_column_text]Das Tauchen ist wohl einer der vielf\u00e4ltigsten und faszinierendsten Sportarten. Du erf\u00e4hrst beim Tauchen die Schwerelosigkeit, wie sie sonst nur Astronauten kennen. Wenn Taucher \u00fcber ihre einzigartigen Erlebnisse Unterwasser erz\u00e4hlen, stehst Du als Landratte einfach &#8222;dumm&#8220; da. Dies hat nichts mit komplizierten Fachbegriffen zu tun, sondern es liegt vor allem daran, dass Taucher privilegiert sind. Sie berichten aus einer Welt, die Du schlichtweg nicht kennst, weil Du ja noch nie dort warst. Wir wollen Dir mit diesem kleinen Ratgeber, den Einstieg in die herrlich bunte Unterwasserwelt vereinfachen![\/vc_column_text][\/vc_column][vc_column width=&#8220;1\/2&#8243;][vc_single_image image=&#8220;3479&#8243; img_size=&#8220;500&#215;300&#8243; alignment=&#8220;right&#8220;][\/vc_column][\/vc_row][vc_row][vc_column width=&#8220;1\/2&#8243;][vc_single_image image=&#8220;3476&#8243; img_size=&#8220;500&#215;300&#8243; css=&#8220;.vc_custom_1510402715910{padding-bottom: 15px !important;}&#8220;][\/vc_column][vc_column width=&#8220;1\/2&#8243;][vc_custom_heading text=&#8220;Tauchtechniken&#8220; font_container=&#8220;tag:h3|text_align:left&#8220; google_fonts=&#8220;font_family:Roboto%3A100%2C100italic%2C300%2C300italic%2Cregular%2Citalic%2C500%2C500italic%2C700%2C700italic%2C900%2C900italic|font_style:400%20regular%3A400%3Anormal&#8220;][vc_separator color=&#8220;blue&#8220; border_width=&#8220;2&#8243; css=&#8220;.vc_custom_1508333739153{padding-bottom: 15px !important;}&#8220;][vc_column_text]<a href=\"https:\/\/23spotsdivers.com\/allgemein\/luft-atmen-in-der-tiefe\/\">Luft atmen in der Tiefe<\/a><br \/>\n<a href=\"https:\/\/23spotsdivers.com\/allgemein\/atmen-unter-wasser-ohne-maske\/\">Atmen unter Wasser ohne Maske<\/a><br \/>\nDer Aufstieg<br \/>\n<a href=\"https:\/\/23spotsdivers.com\/allgemein\/der-abstieg-beim-tauchen\/\">Der Abstieg<\/a><br \/>\n<a href=\"https:\/\/23spotsdivers.com\/allgemein\/schwimmen-an-der-oberflaeche\/\">Schwimmen an der Oberfl\u00e4che<\/a><br \/>\n<a href=\"https:\/\/23spotsdivers.com\/allgemein\/druckausgleichtechniken\/\">Druckausgleichstechniken<\/a><br \/>\n<a href=\"https:\/\/23spotsdivers.com\/allgemein\/tarierungskontrolle\/\">Tarierungskontrolle<\/a><br \/>\n<a href=\"https:\/\/23spotsdivers.com\/allgemein\/kompass-navigation\/\">Kompass-Navigation<\/a><br \/>\n<a href=\"https:\/\/23spotsdivers.com\/allgemein\/bootstauchgaenge-vorbereitung\/\">Bootstauchg\u00e4nge \u2013 Vorbereitung<\/a><br \/>\n<a href=\"https:\/\/23spotsdivers.com\/allgemein\/neutrale-tarierung-an-der-oberflaeche\/\">Neutrale Tarierung an der Oberfl\u00e4che<\/a>[\/vc_column_text][\/vc_column][\/vc_row][vc_row css=&#8220;.vc_custom_1508436889449{background-color: #cccccc !important;}&#8220;][vc_column width=&#8220;1\/2&#8243; css=&#8220;.vc_custom_1508936727270{margin-right: 30px !important;padding-right: 30px !important;}&#8220;][vc_custom_heading text=&#8220;Tauchausr\u00fcstung&#8220; font_container=&#8220;tag:h3|text_align:left&#8220; google_fonts=&#8220;font_family:Roboto%3A100%2C100italic%2C300%2C300italic%2Cregular%2Citalic%2C500%2C500italic%2C700%2C700italic%2C900%2C900italic|font_style:400%20regular%3A400%3Anormal&#8220; css=&#8220;.vc_custom_1509907345255{padding-bottom: 10px !important;}&#8220;][vc_separator color=&#8220;blue&#8220; border_width=&#8220;2&#8243; css=&#8220;.vc_custom_1508951036212{padding-right: 30px !important;padding-bottom: 15px !important;}&#8220;][vc_column_text]<a href=\"https:\/\/23spotsdivers.com\/allgemein\/tipps-fuer-tauchanfaenger-welche-ausruestung-benoetige-ich-zuerst\/\">Welche Ausr\u00fcstung ben\u00f6tige ich zuerst?<\/a><br \/>\n<a href=\"https:\/\/23spotsdivers.com\/allgemein\/tipps-fuer-tauchanfaenger-macht-ein-tauchcomputer-denn-sinn\/\">Macht ein Tauchcomputer denn Sinn?<\/a>[\/vc_column_text][\/vc_column][vc_column width=&#8220;1\/2&#8243;][vc_single_image image=&#8220;3480&#8243; img_size=&#8220;500&#215;300&#8243; alignment=&#8220;right&#8220;][\/vc_column][\/vc_row][vc_row][vc_column width=&#8220;1\/2&#8243;][vc_single_image image=&#8220;3477&#8243; img_size=&#8220;500&#215;300&#8243; css=&#8220;.vc_custom_1510402805484{padding-bottom: 15px !important;}&#8220;][\/vc_column][vc_column width=&#8220;1\/2&#8243;][vc_custom_heading text=&#8220;Allgemeines&#8220; font_container=&#8220;tag:h3|text_align:left&#8220; google_fonts=&#8220;font_family:Roboto%3A100%2C100italic%2C300%2C300italic%2Cregular%2Citalic%2C500%2C500italic%2C700%2C700italic%2C900%2C900italic|font_style:400%20regular%3A400%3Anormal&#8220; css=&#8220;.vc_custom_1509907708431{padding-bottom: 10px !important;}&#8220;][vc_separator color=&#8220;blue&#8220; border_width=&#8220;2&#8243; css=&#8220;.vc_custom_1508333739153{padding-bottom: 15px !important;}&#8220;][vc_column_text]<a href=\"https:\/\/23spotsdivers.com\/allgemein\/tauchen-fuer-das-persoenliche-wachstum\/\">Tauchen f\u00fcr das pers\u00f6nliche Wachstum<\/a><br \/>\n<a href=\"https:\/\/23spotsdivers.com\/allgemein\/sei-ein-guter-tauchpartner\/\">Sei ein guter Tauchpartner<\/a><br \/>\n<a href=\"https:\/\/23spotsdivers.com\/allgemein\/risiken-beim-tauchen\/\">Risiken beim Tauchen<\/a><br \/>\n<a href=\"https:\/\/23spotsdivers.com\/allgemein\/tauchtauglichkeit-ueberpruefen\/\">Tauchtauglichkeit \u00fcberpr\u00fcfen<\/a>[\/vc_column_text][\/vc_column][\/vc_row][vc_row css=&#8220;.vc_custom_1508436872900{background-color: #cccccc !important;}&#8220;][vc_column width=&#8220;1\/2&#8243; css=&#8220;.vc_custom_1509972434482{margin-right: 30px !important;}&#8220;][vc_custom_heading text=&#8220;Tauchtauglichkeit&#8220; font_container=&#8220;tag:h3|text_align:left&#8220; google_fonts=&#8220;font_family:Roboto%3A100%2C100italic%2C300%2C300italic%2Cregular%2Citalic%2C500%2C500italic%2C700%2C700italic%2C900%2C900italic|font_style:400%20regular%3A400%3Anormal&#8220; css=&#8220;.vc_custom_1509908588362{padding-bottom: 10px !important;}&#8220;][vc_separator color=&#8220;blue&#8220; border_width=&#8220;2&#8243; css=&#8220;.vc_custom_1508333739153{padding-bottom: 15px !important;}&#8220;][vc_column_text]Grundlagen (Anforderungen)<br \/>\nUntersuchungsbogen (Kontrolluntersuchung)<br \/>\nTauglichkeitsattest[\/vc_column_text][\/vc_column][vc_column width=&#8220;1\/2&#8243;][vc_single_image image=&#8220;3482&#8243; img_size=&#8220;500&#215;300&#8243; alignment=&#8220;right&#8220;][\/vc_column][\/vc_row][vc_row][vc_column width=&#8220;1\/2&#8243; css=&#8220;.vc_custom_1508936202728{padding-right: 30px !important;}&#8220;][vc_single_image image=&#8220;3362&#8243; img_size=&#8220;500&#215;300&#8243; css=&#8220;.vc_custom_1510402871764{padding-bottom: 15px !important;}&#8220;][\/vc_column][vc_column width=&#8220;1\/2&#8243; css=&#8220;.vc_custom_1508936185794{padding-left: 30px !important;}&#8220;][vc_custom_heading text=&#8220;Notfallmanagement &amp; Sicherheitsregeln&#8220; font_container=&#8220;tag:h3|text_align:left&#8220; google_fonts=&#8220;font_family:Roboto%3A100%2C100italic%2C300%2C300italic%2Cregular%2Citalic%2C500%2C500italic%2C700%2C700italic%2C900%2C900italic|font_style:400%20regular%3A400%3Anormal&#8220; css=&#8220;.vc_custom_1509889378468{padding-bottom: 10px !important;}&#8220;][vc_separator color=&#8220;blue&#8220; border_width=&#8220;2&#8243; css=&#8220;.vc_custom_1508951322824{padding-right: 30px !important;padding-bottom: 15px !important;}&#8220;][vc_column_text]F\u00fcr den Fall der F\u00e4lle:<br \/>\nDas Notfallblatt<br \/>\nNotfall-Management<br \/>\nErste-Hilfe-Check-Liste<br \/>\n[\/vc_column_text][\/vc_column][\/vc_row][vc_row css=&#8220;.vc_custom_1508436856718{background-color: #cccccc !important;}&#8220;][vc_column][vc_custom_heading text=&#8220;Tauchkurse f\u00fcr Einsteiger&#8220; font_container=&#8220;tag:h3|text_align:left&#8220; google_fonts=&#8220;font_family:Roboto%3A100%2C100italic%2C300%2C300italic%2Cregular%2Citalic%2C500%2C500italic%2C700%2C700italic%2C900%2C900italic|font_style:400%20regular%3A400%3Anormal&#8220; css=&#8220;.vc_custom_1509908826607{padding-bottom: 10px !important;}&#8220;][vc_separator color=&#8220;blue&#8220; border_width=&#8220;2&#8243; css=&#8220;.vc_custom_1509954171715{margin-bottom: 25px !important;padding-bottom: 15px !important;}&#8220;][vc_row_inner][vc_column_inner width=&#8220;1\/2&#8243;][vc_column_text css=&#8220;.vc_custom_1509972143601{margin-right: 30px !important;}&#8220;]<strong>Discover Scuba Diver<\/strong><br \/>\nBei Discover Scuba Diver -auch Schnuppertauchen genannt &#8211; hast Du die M\u00f6glichkeit das Tauchen einfach mal auszuprobieren, um zu sehen ob es Dir auch wirklich Spa\u00df macht. Du lernst die wichtigsten Tauchtechniken und erf\u00e4hrst, wie es ist unter Wasser atmen zu k\u00f6nnen.[\/vc_column_text][\/vc_column_inner][vc_column_inner width=&#8220;1\/2&#8243;][vc_single_image image=&#8220;3475&#8243; img_size=&#8220;500&#215;300&#8243; alignment=&#8220;right&#8220;][\/vc_column_inner][\/vc_row_inner][vc_separator color=&#8220;blue&#8220; border_width=&#8220;2&#8243; css=&#8220;.vc_custom_1509954153158{margin-top: 40px !important;margin-bottom: 40px !important;}&#8220;][vc_row_inner][vc_column_inner width=&#8220;1\/2&#8243;][vc_single_image image=&#8220;3481&#8243; img_size=&#8220;500&#215;300&#8243; css=&#8220;.vc_custom_1510402941089{padding-bottom: 15px !important;}&#8220;][\/vc_column_inner][vc_column_inner width=&#8220;1\/2&#8243; css=&#8220;.vc_custom_1509954070505{padding-left: 15px !important;}&#8220;][vc_column_text]<strong>Scuba Diver<\/strong><br \/>\nDu m\u00f6chtest ein zertifizierter Taucher werden, hast aber nicht gen\u00fcgend Zeit f\u00fcr einen kompletten Kurs? Dann ist die Ausbildung zum Scuba Diver mit Ausstellung eines Taucherbrevets das Richtige f\u00fcr Dich. Der Kurs dauert nicht so lange wie der vollst\u00e4ndige Beginnertauchkurs, da hier nur die ersten Module zur Tauchtheorie und Tauchpraxis erlernt werden.[\/vc_column_text][\/vc_column_inner][\/vc_row_inner][vc_separator color=&#8220;blue&#8220; border_width=&#8220;2&#8243; css=&#8220;.vc_custom_1509954051978{margin-top: 40px !important;margin-bottom: 40px !important;}&#8220;][vc_row_inner][vc_column_inner width=&#8220;1\/2&#8243;][vc_column_text css=&#8220;.vc_custom_1509972110163{margin-right: 30px !important;}&#8220;]<strong>Open Water Diver oder CMAS*<\/strong><br \/>\nDies ist der erste Tauchschein mit Brevetierung, welcher Dich berechtigt weltweit tauchen zu gehen und Tauchequipment zu leihen oder kaufen. In diesem Tauchkurs lernst Du die wichtigsten Tauchtechniken, um Dir in Ruhe die einzigartige Unterwasserwelt in all seinen wunderbaren Facetten anzusehen.[\/vc_column_text][\/vc_column_inner][vc_column_inner width=&#8220;1\/2&#8243;][vc_single_image image=&#8220;3485&#8243; img_size=&#8220;500&#215;300&#8243; alignment=&#8220;right&#8220;][\/vc_column_inner][\/vc_row_inner][\/vc_column][\/vc_row]<\/p>\n<\/div>","protected":false},"excerpt":{"rendered":"<p>[vc_row][vc_column][vc_column_text] Unser kleine Infoseite f\u00fcr Tauchanf\u00e4nger Aller Anfang der ist schwer, auch beim Tauchen. Du stellst Dir die Frage welches Tauchequipment soll ich mir zuerst kaufen, was macht Sinn. Ist der Computer wichtiger, der Anzug oder gar der Atemregler! Oder Du fragst Dich welche Tauchkurse f\u00fcr Dich die richtige sind, weil Du nicht wei\u00dft wohin [&hellip;]<\/p>\n","protected":false},"author":76,"featured_media":0,"parent":0,"menu_order":0,"comment_status":"closed","ping_status":"open","template":"entrada_templates\/layout-visual-composer-default.php","meta":{"footnotes":""},"class_list":["post-343","page","type-page","status-publish","hentry"],"yoast_head":"<!-- This site is optimized with the Yoast SEO plugin v26.9 - https:\/\/yoast.com\/product\/yoast-seo-wordpress\/ -->\n<title>Tauchanf\u00e4nger - 23spots-divers01<\/title>\n<meta name=\"robots\" content=\"noindex, follow, max-snippet:-1, max-image-preview:large, max-video-preview:-1\" \/>\n<meta property=\"og:locale\" content=\"de_DE\" \/>\n<meta property=\"og:type\" content=\"article\" \/>\n<meta property=\"og:title\" content=\"Tauchanf\u00e4nger - 23spots-divers01\" \/>\n<meta property=\"og:description\" content=\"[vc_row][vc_column][vc_column_text] Unser kleine Infoseite f\u00fcr Tauchanf\u00e4nger Aller Anfang der ist schwer, auch beim Tauchen. Du stellst Dir die Frage welches Tauchequipment soll ich mir zuerst kaufen, was macht Sinn. Ist der Computer wichtiger, der Anzug oder gar der Atemregler! Oder Du fragst Dich welche Tauchkurse f\u00fcr Dich die richtige sind, weil Du nicht wei\u00dft wohin [&hellip;]\" \/>\n<meta property=\"og:url\" content=\"https:\/\/23spots.com\/23spots-divers01\/tauchanfaenger\/\" \/>\n<meta property=\"og:site_name\" content=\"23spots-divers01\" \/>\n<meta property=\"article:modified_time\" content=\"2018-01-13T16:12:44+00:00\" \/>\n<meta name=\"twitter:card\" content=\"summary_large_image\" \/>\n<meta name=\"twitter:label1\" content=\"Gesch\u00e4tzte Lesezeit\" \/>\n\t<meta name=\"twitter:data1\" content=\"6\u00a0Minuten\" \/>\n<script type=\"application\/ld+json\" class=\"yoast-schema-graph\">{\"@context\":\"https:\/\/schema.org\",\"@graph\":[{\"@type\":\"WebPage\",\"@id\":\"https:\/\/23spots.com\/23spots-divers01\/tauchanfaenger\/\",\"url\":\"https:\/\/23spots.com\/23spots-divers01\/tauchanfaenger\/\",\"name\":\"Tauchanf\u00e4nger - 23spots-divers01\",\"isPartOf\":{\"@id\":\"https:\/\/23spots.com\/23spots-divers01\/#website\"},\"datePublished\":\"2013-08-23T21:01:49+00:00\",\"dateModified\":\"2018-01-13T16:12:44+00:00\",\"breadcrumb\":{\"@id\":\"https:\/\/23spots.com\/23spots-divers01\/tauchanfaenger\/#breadcrumb\"},\"inLanguage\":\"de\",\"potentialAction\":[{\"@type\":\"ReadAction\",\"target\":[\"https:\/\/23spots.com\/23spots-divers01\/tauchanfaenger\/\"]}]},{\"@type\":\"BreadcrumbList\",\"@id\":\"https:\/\/23spots.com\/23spots-divers01\/tauchanfaenger\/#breadcrumb\",\"itemListElement\":[{\"@type\":\"ListItem\",\"position\":1,\"name\":\"Startseite\",\"item\":\"https:\/\/23spots.com\/23spots-divers01\/\"},{\"@type\":\"ListItem\",\"position\":2,\"name\":\"Tauchanf\u00e4nger\"}]},{\"@type\":\"WebSite\",\"@id\":\"https:\/\/23spots.com\/23spots-divers01\/#website\",\"url\":\"https:\/\/23spots.com\/23spots-divers01\/\",\"name\":\"23spots-divers01\",\"description\":\"Tauchenreisen, Tauchkurse, Tauchausr\u00fcstung\",\"potentialAction\":[{\"@type\":\"SearchAction\",\"target\":{\"@type\":\"EntryPoint\",\"urlTemplate\":\"https:\/\/23spots.com\/23spots-divers01\/?s={search_term_string}\"},\"query-input\":{\"@type\":\"PropertyValueSpecification\",\"valueRequired\":true,\"valueName\":\"search_term_string\"}}],\"inLanguage\":\"de\"}]}<\/script>\n<!-- \/ Yoast SEO plugin. -->","yoast_head_json":{"title":"Tauchanf\u00e4nger - 23spots-divers01","robots":{"index":"noindex","follow":"follow","max-snippet":"max-snippet:-1","max-image-preview":"max-image-preview:large","max-video-preview":"max-video-preview:-1"},"og_locale":"de_DE","og_type":"article","og_title":"Tauchanf\u00e4nger - 23spots-divers01","og_description":"[vc_row][vc_column][vc_column_text] Unser kleine Infoseite f\u00fcr Tauchanf\u00e4nger Aller Anfang der ist schwer, auch beim Tauchen. Du stellst Dir die Frage welches Tauchequipment soll ich mir zuerst kaufen, was macht Sinn. Ist der Computer wichtiger, der Anzug oder gar der Atemregler! Oder Du fragst Dich welche Tauchkurse f\u00fcr Dich die richtige sind, weil Du nicht wei\u00dft wohin [&hellip;]","og_url":"https:\/\/23spots.com\/23spots-divers01\/tauchanfaenger\/","og_site_name":"23spots-divers01","article_modified_time":"2018-01-13T16:12:44+00:00","twitter_card":"summary_large_image","twitter_misc":{"Gesch\u00e4tzte Lesezeit":"6\u00a0Minuten"},"schema":{"@context":"https:\/\/schema.org","@graph":[{"@type":"WebPage","@id":"https:\/\/23spots.com\/23spots-divers01\/tauchanfaenger\/","url":"https:\/\/23spots.com\/23spots-divers01\/tauchanfaenger\/","name":"Tauchanf\u00e4nger - 23spots-divers01","isPartOf":{"@id":"https:\/\/23spots.com\/23spots-divers01\/#website"},"datePublished":"2013-08-23T21:01:49+00:00","dateModified":"2018-01-13T16:12:44+00:00","breadcrumb":{"@id":"https:\/\/23spots.com\/23spots-divers01\/tauchanfaenger\/#breadcrumb"},"inLanguage":"de","potentialAction":[{"@type":"ReadAction","target":["https:\/\/23spots.com\/23spots-divers01\/tauchanfaenger\/"]}]},{"@type":"BreadcrumbList","@id":"https:\/\/23spots.com\/23spots-divers01\/tauchanfaenger\/#breadcrumb","itemListElement":[{"@type":"ListItem","position":1,"name":"Startseite","item":"https:\/\/23spots.com\/23spots-divers01\/"},{"@type":"ListItem","position":2,"name":"Tauchanf\u00e4nger"}]},{"@type":"WebSite","@id":"https:\/\/23spots.com\/23spots-divers01\/#website","url":"https:\/\/23spots.com\/23spots-divers01\/","name":"23spots-divers01","description":"Tauchenreisen, Tauchkurse, Tauchausr\u00fcstung","potentialAction":[{"@type":"SearchAction","target":{"@type":"EntryPoint","urlTemplate":"https:\/\/23spots.com\/23spots-divers01\/?s={search_term_string}"},"query-input":{"@type":"PropertyValueSpecification","valueRequired":true,"valueName":"search_term_string"}}],"inLanguage":"de"}]}},"_links":{"self":[{"href":"https:\/\/23spots.com\/23spots-divers01\/wp-json\/wp\/v2\/pages\/343","targetHints":{"allow":["GET"]}}],"collection":[{"href":"https:\/\/23spots.com\/23spots-divers01\/wp-json\/wp\/v2\/pages"}],"about":[{"href":"https:\/\/23spots.com\/23spots-divers01\/wp-json\/wp\/v2\/types\/page"}],"author":[{"embeddable":true,"href":"https:\/\/23spots.com\/23spots-divers01\/wp-json\/wp\/v2\/users\/76"}],"replies":[{"embeddable":true,"href":"https:\/\/23spots.com\/23spots-divers01\/wp-json\/wp\/v2\/comments?post=343"}],"version-history":[{"count":7,"href":"https:\/\/23spots.com\/23spots-divers01\/wp-json\/wp\/v2\/pages\/343\/revisions"}],"predecessor-version":[{"id":3446,"href":"https:\/\/23spots.com\/23spots-divers01\/wp-json\/wp\/v2\/pages\/343\/revisions\/3446"}],"wp:attachment":[{"href":"https:\/\/23spots.com\/23spots-divers01\/wp-json\/wp\/v2\/media?parent=343"}],"curies":[{"name":"wp","href":"https:\/\/api.w.org\/{rel}","templated":true}]}}