{"id":3556,"date":"2017-11-08T19:25:33","date_gmt":"2017-11-08T18:25:33","guid":{"rendered":"https:\/\/23spotsdivers.com\/?page_id=3556"},"modified":"2024-02-06T22:04:21","modified_gmt":"2024-02-06T21:04:21","slug":"tauchreisen","status":"publish","type":"page","link":"https:\/\/23spots.com\/23spots-divers01\/tauchreisen\/","title":{"rendered":"Tauchreisen"},"content":{"rendered":"<div class=\"wpb-content-wrapper\"><p>[vc_row][vc_column]<header class='content-heading'>\n\t\t\t\t\t\t<h2 class='main-heading'>Tauchreisen weltweit<\/h2>\n\t\t\t\t\t\t<div class='main-subtitle'><p>Finde hier Dein n\u00e4chstes Tauchreiseziel in Deinem Traumland!<\/p>\n<\/div>\n\t\t\t\t\t\t<div class='seperator'><\/div>\n\t\t\t\t\t<\/header>[vc_column_text css=&#8220;.vc_custom_1706600431838{padding-top: 40px !important;}&#8220;]Tauche ein in die faszinierende Welt der Ozeane und entdecke mit uns atemberaubende Unterwasserwelten auf unseren Tauchreisen rund um den Globus! In der blauen Stille der Tiefen erwarten dich unvergessliche Abenteuer, die deinen Puls beschleunigen und deine Sinne beleben werden.<\/p>\n<p>Tauche mit uns in die farbenpr\u00e4chtigen Koralleng\u00e4rten des Great Barrier Reefs in Australien ein, wo eine schier endlose Vielfalt exotischer Meeresbewohner auf dich wartet. Erlebe bei deiner n\u00e4chsten Tauchreise die Magie der Malediven, wo du mit majest\u00e4tischen Mantarochen schwimmen kannst und die farbenfrohen Riffe eine beeindruckende Kulisse f\u00fcr deine Tauchg\u00e4nge bieten.<\/p>\n<p>Entdecke das Geheimnis der versunkenen St\u00e4dte in den Gew\u00e4ssern Griechenlands und tauche ein in die Geschichte, die sich unter der Meeresoberfl\u00e4che verbirgt. Oder wage dich in die eiskalten Gew\u00e4sser Islands, um die einzigartige Unterwasserwelt der arktischen Region zu erkunden \u2013 ein Abenteuer, das Mutige bei ihrer Tauchreise belohnt.[\/vc_column_text][vc_row_inner css=&#8220;.vc_custom_1516658173965{margin-top: 30px !important;}&#8220;][vc_column_inner width=&#8220;1\/3&#8243; css=&#8220;.vc_custom_1706564266085{margin-bottom: 20px !important;padding-top: 20px !important;padding-right: 15px !important;padding-left: 15px !important;}&#8220;][vc_single_image image=&#8220;5640&#8243; img_size=&#8220;full&#8220; alignment=&#8220;center&#8220; css=&#8220;.vc_custom_1706623235173{margin-bottom: 30px !important;}&#8220;][vc_custom_heading text=&#8220;Tauchreisen Afrika&#8220; font_container=&#8220;tag:h3|font_size:25|text_align:left&#8220; google_fonts=&#8220;font_family:Roboto%3A100%2C100italic%2C300%2C300italic%2Cregular%2Citalic%2C500%2C500italic%2C700%2C700italic%2C900%2C900italic|font_style:900%20bold%20regular%3A900%3Anormal&#8220;][vc_separator css=&#8220;.vc_custom_1706561411774{margin-bottom: 20px !important;}&#8220;][vc_column_text css=&#8220;.vc_custom_1706564177093{padding-bottom: 20px !important;}&#8220;]Afrika bietet eine gro\u00dfe Anzahl an interessanten und unglaublichen Tauchpl\u00e4tzen. Vor allem die Gebiete rund um das Rote Meer sind \u00e4u\u00dferst attraktiv f\u00fcr viele Taucher. Doch auch die zahlreichen Seen mit ihrer Vielfalt an Barschen ist ein Traum f\u00fcr jeden Taucher. Vor allem das Haitauchen in S\u00fcdafrika \u00fcbt eine ganz besondere Anziehungskraft auf uns Taucher aus.[\/vc_column_text][vc_btn title=&#8220;Finde Dein Tauchreiseziel in Afrika&#8220; style=&#8220;flat&#8220; shape=&#8220;square&#8220; color=&#8220;primary&#8220; align=&#8220;left&#8220; i_icon_fontawesome=&#8220;fas fa-water&#8220; button_block=&#8220;true&#8220; add_icon=&#8220;true&#8220; css=&#8220;.vc_custom_1706561494026{padding-top: 5px !important;}&#8220; link=&#8220;url:http%3A%2F%2F23spotsdivers.com%2Ftauchplaetze%2Ftauchen-afrika%2F|title:Tauchreisen%20Afrika&#8220;][\/vc_column_inner][vc_column_inner width=&#8220;1\/3&#8243; css=&#8220;.vc_custom_1706564278433{margin-bottom: 20px !important;padding-top: 20px !important;padding-right: 15px !important;padding-left: 15px !important;}&#8220;][vc_single_image image=&#8220;5639&#8243; img_size=&#8220;full&#8220; alignment=&#8220;center&#8220; css=&#8220;.vc_custom_1706623249862{margin-bottom: 30px !important;}&#8220;][vc_custom_heading text=&#8220;Tauchreisen Europa&#8220; font_container=&#8220;tag:h3|font_size:25|text_align:left&#8220; google_fonts=&#8220;font_family:Roboto%3A100%2C100italic%2C300%2C300italic%2Cregular%2Citalic%2C500%2C500italic%2C700%2C700italic%2C900%2C900italic|font_style:900%20bold%20regular%3A900%3Anormal&#8220;][vc_separator css=&#8220;.vc_custom_1706561502765{margin-bottom: 20px !important;}&#8220;][vc_column_text css=&#8220;.vc_custom_1706564338962{padding-bottom: 20px !important;}&#8220;]Europa ist durch seine unterschiedlichen und facettenreichen Tauchgebiete und L\u00e4nder ein absolutes Mekka zum Tauchen, aber auch landschaftlich und kulturell sehr reizvoll. Von H\u00f6hlentauchen, Flusstauchen bis Wracktauchen kann der Taucher hier einfach alles finden. Einzigartige Tauchpl\u00e4tze warten darauf von Dir betaucht und erkundet zu werden.[\/vc_column_text][vc_btn title=&#8220;Finde Dein Tauchreiseziel in Europa&#8220; style=&#8220;flat&#8220; shape=&#8220;square&#8220; color=&#8220;primary&#8220; align=&#8220;left&#8220; i_icon_fontawesome=&#8220;fas fa-water&#8220; button_block=&#8220;true&#8220; add_icon=&#8220;true&#8220; css=&#8220;.vc_custom_1706561482170{padding-top: 5px !important;}&#8220; link=&#8220;url:https%3A%2F%2F23spotsdivers.com%2Ftauchplaetze%2Ftauchen-europa%2F|title:Tauchreisen%20Europa&#8220;][\/vc_column_inner][vc_column_inner width=&#8220;1\/3&#8243; css=&#8220;.vc_custom_1706564289721{margin-bottom: 20px !important;padding-top: 20px !important;padding-right: 15px !important;padding-left: 15px !important;}&#8220;][vc_single_image image=&#8220;5636&#8243; img_size=&#8220;full&#8220; alignment=&#8220;center&#8220; css=&#8220;.vc_custom_1706623264883{margin-bottom: 30px !important;}&#8220;][vc_custom_heading text=&#8220;Tauchreisen Asien&#8220; font_container=&#8220;tag:h3|font_size:25|text_align:left&#8220; google_fonts=&#8220;font_family:Roboto%3A100%2C100italic%2C300%2C300italic%2Cregular%2Citalic%2C500%2C500italic%2C700%2C700italic%2C900%2C900italic|font_style:900%20bold%20regular%3A900%3Anormal&#8220;][vc_separator css=&#8220;.vc_custom_1706561559463{margin-bottom: 20px !important;}&#8220;][vc_column_text css=&#8220;.vc_custom_1706561319889{padding-bottom: 20px !important;}&#8220;]Tauchen in Asien f\u00fchrt Dich in Gebiete, die eine gr\u00f6\u00dfere Vielfalt an Meereslebewesen aufweisen, als sonst irgendwo auf der Erde. Du kannst im Indischen Ozean, im S\u00fcdchinesischen Meer und im Pazifik tauchen, oder kannst Dir die Unterwasserwelt in einem Gebiet ansehen, wo sich das Wasser dieser Meere vermischt zum ber\u00fchmten Korallendreieck (Coral Triangle).[\/vc_column_text][vc_btn title=&#8220;Finde Dein Tauchreiseziel in Asien&#8220; style=&#8220;flat&#8220; shape=&#8220;square&#8220; color=&#8220;primary&#8220; align=&#8220;left&#8220; i_icon_fontawesome=&#8220;fas fa-water&#8220; button_block=&#8220;true&#8220; add_icon=&#8220;true&#8220; css=&#8220;.vc_custom_1706561635678{padding-top: 5px !important;}&#8220; link=&#8220;url:https%3A%2F%2F23spotsdivers.com%2Ftauchplaetze%2Ftauchen-asien%2F|title:Tauchreisen%20Asien&#8220;][\/vc_column_inner][\/vc_row_inner][\/vc_column][\/vc_row][vc_row wrapper_container=&#8220;special-block&#8220; css=&#8220;.vc_custom_1510328930658{border-radius: 2px !important;}&#8220;][vc_column]<p class=\"special-text\">Unsere aktuellen Tauchreise-Angebote:<strong>\u00a0Call +49 7451 6189996<\/strong>\n<\/p>[\/vc_column][\/vc_row][vc_row][vc_column width=&#8220;1\/3&#8243; css=&#8220;.vc_custom_1706564614463{margin-bottom: 20px !important;padding-top: 20px !important;padding-right: 15px !important;padding-left: 15px !important;}&#8220;][vc_single_image image=&#8220;5635&#8243; img_size=&#8220;full&#8220; alignment=&#8220;center&#8220; css=&#8220;.vc_custom_1706623109806{margin-bottom: 30px !important;}&#8220;][vc_custom_heading text=&#8220;Tauchreisen Australien&#8220; font_container=&#8220;tag:h3|font_size:25|text_align:left&#8220; google_fonts=&#8220;font_family:Roboto%3A100%2C100italic%2C300%2C300italic%2Cregular%2Citalic%2C500%2C500italic%2C700%2C700italic%2C900%2C900italic|font_style:900%20bold%20regular%3A900%3Anormal&#8220; link=&#8220;url:https%3A%2F%2F23spotsdivers.com%2Ftauchplaetze%2Ftauchen-ozeanien%2F|title:Tauchreise%20Australien%20%2F%20Ozenaien&#8220;][vc_separator css=&#8220;.vc_custom_1706564479771{margin-bottom: 20px !important;}&#8220;][vc_column_text css=&#8220;.vc_custom_1706565380090{padding-bottom: 20px !important;}&#8220;]Tauchreisen in das Herz Ozeaniens, egal ob Australien oder Neuseeland, sind einfach Weltklasse. Ein Tauchgang dort ist f\u00fcr die meisten Taucher ein gro\u00dfer Traum und Herzenswunsch: H\u00f6hlen, Korallenriffe und Schluchten bieten den Unterwasserlebewesen und Pflanzen einzigartige Lebensr\u00e4ume. Bunt, faszinierend und einzigartig kannst Du bei tollen Sichtweiten unglaubliche Begegnungen machen.[\/vc_column_text][vc_btn title=&#8220;Finde Tauchreiseziele in Ozeanien&#8220; style=&#8220;flat&#8220; shape=&#8220;square&#8220; color=&#8220;primary&#8220; align=&#8220;left&#8220; i_icon_fontawesome=&#8220;fas fa-water&#8220; button_block=&#8220;true&#8220; add_icon=&#8220;true&#8220; css=&#8220;.vc_custom_1706564598371{padding-top: 5px !important;}&#8220; link=&#8220;url:https%3A%2F%2F23spotsdivers.com%2Ftauchplaetze%2Ftauchen-ozeanien%2F|title:Tauchreisen%20Australien%2C%20Neuseeland&#8220;][\/vc_column][vc_column width=&#8220;1\/3&#8243; css=&#8220;.vc_custom_1706564634997{margin-bottom: 20px !important;padding-top: 20px !important;padding-right: 15px !important;padding-left: 15px !important;}&#8220;][vc_single_image image=&#8220;5637&#8243; img_size=&#8220;full&#8220; alignment=&#8220;center&#8220; css=&#8220;.vc_custom_1706623157496{margin-bottom: 30px !important;}&#8220;][vc_custom_heading text=&#8220;Tauchreisen S\u00fcdamerika&#8220; font_container=&#8220;tag:h3|font_size:25|text_align:left&#8220; google_fonts=&#8220;font_family:Roboto%3A100%2C100italic%2C300%2C300italic%2Cregular%2Citalic%2C500%2C500italic%2C700%2C700italic%2C900%2C900italic|font_style:900%20bold%20regular%3A900%3Anormal&#8220;][vc_separator css=&#8220;.vc_custom_1706564489462{margin-bottom: 20px !important;}&#8220;][vc_column_text css=&#8220;.vc_custom_1706565087858{padding-bottom: 20px !important;}&#8220;]S\u00fcdamerika beheimatet einige der biologisch vielf\u00e4ltigsten Lebensr\u00e4ume, welche es auf der Erde gibt \u2013 an Land wie im Wasser. Tauche im &#8218;Blue Hole&#8216; vor Belize, an den Steilabf\u00e4llen von Roatan, im Galapagos Nationalpark oder in den Gew\u00e4ssern um Costa Ricas Cocos Inseln. Einige Tauchpl\u00e4tze sind nur per Liveaboard zu erreichen, andere wiederum liegen direkt vor der Haust\u00fcr deines Resorts.[\/vc_column_text][vc_btn title=&#8220;Finde Tauchreiseziele in S\u00fcdamerika&#8220; style=&#8220;flat&#8220; shape=&#8220;square&#8220; color=&#8220;primary&#8220; align=&#8220;left&#8220; i_icon_fontawesome=&#8220;fas fa-water&#8220; button_block=&#8220;true&#8220; add_icon=&#8220;true&#8220; css=&#8220;.vc_custom_1706564737714{padding-top: 5px !important;}&#8220; link=&#8220;url:https%3A%2F%2F23spotsdivers.com%2Ftauchplaetze%2Ftauchen-suedamerika%2F|title:Tauchreisen%20S%C3%BCdamerika&#8220;][\/vc_column][vc_column width=&#8220;1\/3&#8243; css=&#8220;.vc_custom_1706564649405{margin-bottom: 20px !important;padding-top: 20px !important;padding-right: 15px !important;padding-left: 15px !important;}&#8220;][vc_single_image image=&#8220;5638&#8243; img_size=&#8220;full&#8220; alignment=&#8220;center&#8220; css=&#8220;.vc_custom_1706623209889{margin-bottom: 30px !important;}&#8220;][vc_custom_heading text=&#8220;Tauchreisen Nordamerika&#8220; font_container=&#8220;tag:h3|font_size:25|text_align:left&#8220; google_fonts=&#8220;font_family:Roboto%3A100%2C100italic%2C300%2C300italic%2Cregular%2Citalic%2C500%2C500italic%2C700%2C700italic%2C900%2C900italic|font_style:900%20bold%20regular%3A900%3Anormal&#8220;][vc_separator css=&#8220;.vc_custom_1706564506428{margin-bottom: 20px !important;}&#8220;][vc_column_text css=&#8220;.vc_custom_1706565318114{padding-bottom: 20px !important;}&#8220;]Kanada, die Vereinigten Staaten von Amerika, Gr\u00f6nland und Mexiko bilden zusammen Nordamerika. Jedes Land hat einige unterschiedliche Dinge zu bieten. Erkunde die Wracks vor der Ostk\u00fcste der USA, tauche an den Riffen in der mexikanischen Karibik, oder an Unterwasser-Vulkanen in den Gew\u00e4ssern vor Hawaii. Nordamerika bietet eine Menge Optionen f\u00fcr Deine n\u00e4chsten unvergesslichen Tauchg\u00e4nge im Tauchurlaub.[\/vc_column_text][vc_btn title=&#8220;Finde Tauchreiseziele in Nordamerika&#8220; style=&#8220;flat&#8220; shape=&#8220;square&#8220; color=&#8220;primary&#8220; align=&#8220;left&#8220; i_icon_fontawesome=&#8220;fas fa-water&#8220; button_block=&#8220;true&#8220; add_icon=&#8220;true&#8220; css=&#8220;.vc_custom_1706564729025{padding-top: 5px !important;}&#8220; link=&#8220;url:https%3A%2F%2F23spotsdivers.com%2Ftauchplaetze%2Ftauchen-nordamerika%2F|title:Tauchreisen%20Nordamerika&#8220;][\/vc_column][\/vc_row][vc_row wrapper_container=&#8220;browse-block&#8220;][vc_column width=&#8220;1\/2&#8243;]<div class=\"browse-destination column\">\n\t\t\t\t\t<a href=\"https:\/\/23spotsdivers.com\/tauchshop\/\" class=\"link\">\n\t\t\t\t\t\t<span>Tauchshop<\/span>\n\t\t\t\t\t<\/a>\n\t\t\t\t<\/div>[\/vc_column][vc_column width=&#8220;1\/2&#8243; css=&#8220;.vc_custom_1510316385127{padding-top: 0px !important;padding-bottom: 0px !important;}&#8220;]<div class=\"browse-destination column\">\n\t\t\t\t\t<a href=\"https:\/\/23spotsdivers.com\/tauchschule\/\" class=\"link\">\n\t\t\t\t\t\t<span>Tauchkurse<\/span>\n\t\t\t\t\t<\/a>\n\t\t\t\t<\/div>[\/vc_column][\/vc_row][vc_row][vc_column width=&#8220;2\/3&#8243;][vc_single_image image=&#8220;4966&#8243; img_size=&#8220;full&#8220;][\/vc_column][vc_column width=&#8220;1\/3&#8243;][vc_single_image image=&#8220;4967&#8243; img_size=&#8220;380&#215;350&#8243;][\/vc_column][\/vc_row][vc_row wrapper_container=&#8220;count-block&#8220;][vc_column width=&#8220;1\/4&#8243;]<div class=\"holder block-1\">\n\t\t\t\t\t\t\t<span class=\"icon icon-airplane\"><\/span>\n\t\t\t\t\t\t\t<span class=\"info\"><span class=\"counter\">252<\/span><\/span>\n\t\t\t\t\t\t\t<span class=\"txt\">Tauchreisen<\/span>\n\t\t\t\t\t\t<\/div>[\/vc_column][vc_column width=&#8220;1\/4&#8243;]<div class=\"holder block-2\">\n\t\t\t\t\t\t\t<span class=\"icon icon-scuba-diving\"><\/span>\n\t\t\t\t\t\t\t<span class=\"info\"><span class=\"counter\">1423<\/span><\/span>\n\t\t\t\t\t\t\t<span class=\"txt\">Tauchabenteuer<\/span>\n\t\t\t\t\t\t<\/div>[\/vc_column][vc_column width=&#8220;1\/4&#8243;]<div class=\"holder block-3\">\n\t\t\t\t\t\t\t<span class=\"icon icon-water-sea\"><\/span>\n\t\t\t\t\t\t\t<span class=\"info\"><span class=\"counter\">10932<\/span><\/span>\n\t\t\t\t\t\t\t<span class=\"txt\">Tauchkurse<\/span>\n\t\t\t\t\t\t<\/div>[\/vc_column][vc_column width=&#8220;1\/4&#8243;]<div class=\"holder block-4\">\n\t\t\t\t\t\t\t<span class=\"icon icon-scuba-diving\"><\/span>\n\t\t\t\t\t\t\t<span class=\"info\"><span class=\"counter\">92345<\/span><\/span>\n\t\t\t\t\t\t\t<span class=\"txt\">Tauchg\u00e4nge<\/span>\n\t\t\t\t\t\t<\/div>[\/vc_column][\/vc_row][vc_row][vc_column][vc_column_text]Unsere professionellen Tauchguides begleiten dich auf jeder Reise und teilen ihr Fachwissen \u00fcber die lokalen Gew\u00e4sser, um deine Taucherfahrung sicher und unvergesslich zu gestalten. Ob du ein erfahrener Taucher bist oder deine ersten Schritte unter Wasser machst, unsere Tauchreisen bieten f\u00fcr jeden das passende Abenteuer.<\/p>\n<p>Die Welt der Unterwasserwunder erwartet dich \u2013 sei bereit, in eine andere Dimension einzutauchen und die Sch\u00e4tze der Ozeane zu entdecken. Lass den Alltag hinter dir und tauche ein in die unvergessliche Magie unserer Tauchreisen, die dich an die sch\u00f6nsten Orte unserer Erde f\u00fchren.<br \/>\n<strong>Dein n\u00e4chstes Abenteuer beginnt hier \u2013 bereit, die Tiefe zu erkunden?<\/strong>[\/vc_column_text][\/vc_column][\/vc_row]<\/p>\n<\/div>","protected":false},"excerpt":{"rendered":"<p>[vc_row][vc_column][vc_column_text css=&#8220;.vc_custom_1706600431838{padding-top: 40px !important;}&#8220;]Tauche ein in die faszinierende Welt der Ozeane und entdecke mit uns atemberaubende Unterwasserwelten auf unseren Tauchreisen rund um den Globus! In der blauen Stille der Tiefen erwarten dich unvergessliche Abenteuer, die deinen Puls beschleunigen und deine Sinne beleben werden. Tauche mit uns in die farbenpr\u00e4chtigen Koralleng\u00e4rten des Great Barrier Reefs in [&hellip;]<\/p>\n","protected":false},"author":1,"featured_media":0,"parent":0,"menu_order":0,"comment_status":"closed","ping_status":"closed","template":"entrada_templates\/layout-visual-composer-default.php","meta":{"footnotes":""},"class_list":["post-3556","page","type-page","status-publish","hentry"],"yoast_head":"<!-- This site is optimized with the Yoast SEO plugin v26.9 - https:\/\/yoast.com\/product\/yoast-seo-wordpress\/ -->\n<title>Tauchreisen - 23spots-divers01<\/title>\n<meta name=\"description\" content=\"Wir bieten dir Tauchreisen weltweit. Genie\u00dfe mit uns deinen n\u00e4chsten Tauchurlaub, egal ob Europa, Amerika, Asien, oder Australien. Tauchen pur\" \/>\n<meta name=\"robots\" content=\"noindex, follow, max-snippet:-1, max-image-preview:large, max-video-preview:-1\" \/>\n<meta property=\"og:locale\" content=\"de_DE\" \/>\n<meta property=\"og:type\" content=\"article\" \/>\n<meta property=\"og:title\" content=\"Tauchreisen - 23spots-divers01\" \/>\n<meta property=\"og:description\" content=\"Wir bieten dir Tauchreisen weltweit. Genie\u00dfe mit uns deinen n\u00e4chsten Tauchurlaub, egal ob Europa, Amerika, Asien, oder Australien. Tauchen pur\" \/>\n<meta property=\"og:url\" content=\"https:\/\/23spots.com\/23spots-divers01\/tauchreisen\/\" \/>\n<meta property=\"og:site_name\" content=\"23spots-divers01\" \/>\n<meta property=\"article:modified_time\" content=\"2024-02-06T21:04:21+00:00\" \/>\n<meta name=\"twitter:card\" content=\"summary_large_image\" \/>\n<meta name=\"twitter:label1\" content=\"Gesch\u00e4tzte Lesezeit\" \/>\n\t<meta name=\"twitter:data1\" content=\"5\u00a0Minuten\" \/>\n<script type=\"application\/ld+json\" class=\"yoast-schema-graph\">{\"@context\":\"https:\/\/schema.org\",\"@graph\":[{\"@type\":\"WebPage\",\"@id\":\"https:\/\/23spots.com\/23spots-divers01\/tauchreisen\/\",\"url\":\"https:\/\/23spots.com\/23spots-divers01\/tauchreisen\/\",\"name\":\"Tauchreisen - 23spots-divers01\",\"isPartOf\":{\"@id\":\"https:\/\/23spots.com\/23spots-divers01\/#website\"},\"datePublished\":\"2017-11-08T18:25:33+00:00\",\"dateModified\":\"2024-02-06T21:04:21+00:00\",\"description\":\"Wir bieten dir Tauchreisen weltweit. Genie\u00dfe mit uns deinen n\u00e4chsten Tauchurlaub, egal ob Europa, Amerika, Asien, oder Australien. Tauchen pur\",\"breadcrumb\":{\"@id\":\"https:\/\/23spots.com\/23spots-divers01\/tauchreisen\/#breadcrumb\"},\"inLanguage\":\"de\",\"potentialAction\":[{\"@type\":\"ReadAction\",\"target\":[\"https:\/\/23spots.com\/23spots-divers01\/tauchreisen\/\"]}]},{\"@type\":\"BreadcrumbList\",\"@id\":\"https:\/\/23spots.com\/23spots-divers01\/tauchreisen\/#breadcrumb\",\"itemListElement\":[{\"@type\":\"ListItem\",\"position\":1,\"name\":\"Startseite\",\"item\":\"https:\/\/23spots.com\/23spots-divers01\/\"},{\"@type\":\"ListItem\",\"position\":2,\"name\":\"Tauchreisen\"}]},{\"@type\":\"WebSite\",\"@id\":\"https:\/\/23spots.com\/23spots-divers01\/#website\",\"url\":\"https:\/\/23spots.com\/23spots-divers01\/\",\"name\":\"23spots-divers01\",\"description\":\"Tauchenreisen, Tauchkurse, Tauchausr\u00fcstung\",\"potentialAction\":[{\"@type\":\"SearchAction\",\"target\":{\"@type\":\"EntryPoint\",\"urlTemplate\":\"https:\/\/23spots.com\/23spots-divers01\/?s={search_term_string}\"},\"query-input\":{\"@type\":\"PropertyValueSpecification\",\"valueRequired\":true,\"valueName\":\"search_term_string\"}}],\"inLanguage\":\"de\"}]}<\/script>\n<!-- \/ Yoast SEO plugin. -->","yoast_head_json":{"title":"Tauchreisen - 23spots-divers01","description":"Wir bieten dir Tauchreisen weltweit. Genie\u00dfe mit uns deinen n\u00e4chsten Tauchurlaub, egal ob Europa, Amerika, Asien, oder Australien. Tauchen pur","robots":{"index":"noindex","follow":"follow","max-snippet":"max-snippet:-1","max-image-preview":"max-image-preview:large","max-video-preview":"max-video-preview:-1"},"og_locale":"de_DE","og_type":"article","og_title":"Tauchreisen - 23spots-divers01","og_description":"Wir bieten dir Tauchreisen weltweit. Genie\u00dfe mit uns deinen n\u00e4chsten Tauchurlaub, egal ob Europa, Amerika, Asien, oder Australien. Tauchen pur","og_url":"https:\/\/23spots.com\/23spots-divers01\/tauchreisen\/","og_site_name":"23spots-divers01","article_modified_time":"2024-02-06T21:04:21+00:00","twitter_card":"summary_large_image","twitter_misc":{"Gesch\u00e4tzte Lesezeit":"5\u00a0Minuten"},"schema":{"@context":"https:\/\/schema.org","@graph":[{"@type":"WebPage","@id":"https:\/\/23spots.com\/23spots-divers01\/tauchreisen\/","url":"https:\/\/23spots.com\/23spots-divers01\/tauchreisen\/","name":"Tauchreisen - 23spots-divers01","isPartOf":{"@id":"https:\/\/23spots.com\/23spots-divers01\/#website"},"datePublished":"2017-11-08T18:25:33+00:00","dateModified":"2024-02-06T21:04:21+00:00","description":"Wir bieten dir Tauchreisen weltweit. Genie\u00dfe mit uns deinen n\u00e4chsten Tauchurlaub, egal ob Europa, Amerika, Asien, oder Australien. Tauchen pur","breadcrumb":{"@id":"https:\/\/23spots.com\/23spots-divers01\/tauchreisen\/#breadcrumb"},"inLanguage":"de","potentialAction":[{"@type":"ReadAction","target":["https:\/\/23spots.com\/23spots-divers01\/tauchreisen\/"]}]},{"@type":"BreadcrumbList","@id":"https:\/\/23spots.com\/23spots-divers01\/tauchreisen\/#breadcrumb","itemListElement":[{"@type":"ListItem","position":1,"name":"Startseite","item":"https:\/\/23spots.com\/23spots-divers01\/"},{"@type":"ListItem","position":2,"name":"Tauchreisen"}]},{"@type":"WebSite","@id":"https:\/\/23spots.com\/23spots-divers01\/#website","url":"https:\/\/23spots.com\/23spots-divers01\/","name":"23spots-divers01","description":"Tauchenreisen, Tauchkurse, Tauchausr\u00fcstung","potentialAction":[{"@type":"SearchAction","target":{"@type":"EntryPoint","urlTemplate":"https:\/\/23spots.com\/23spots-divers01\/?s={search_term_string}"},"query-input":{"@type":"PropertyValueSpecification","valueRequired":true,"valueName":"search_term_string"}}],"inLanguage":"de"}]}},"_links":{"self":[{"href":"https:\/\/23spots.com\/23spots-divers01\/wp-json\/wp\/v2\/pages\/3556","targetHints":{"allow":["GET"]}}],"collection":[{"href":"https:\/\/23spots.com\/23spots-divers01\/wp-json\/wp\/v2\/pages"}],"about":[{"href":"https:\/\/23spots.com\/23spots-divers01\/wp-json\/wp\/v2\/types\/page"}],"author":[{"embeddable":true,"href":"https:\/\/23spots.com\/23spots-divers01\/wp-json\/wp\/v2\/users\/1"}],"replies":[{"embeddable":true,"href":"https:\/\/23spots.com\/23spots-divers01\/wp-json\/wp\/v2\/comments?post=3556"}],"version-history":[{"count":34,"href":"https:\/\/23spots.com\/23spots-divers01\/wp-json\/wp\/v2\/pages\/3556\/revisions"}],"predecessor-version":[{"id":5786,"href":"https:\/\/23spots.com\/23spots-divers01\/wp-json\/wp\/v2\/pages\/3556\/revisions\/5786"}],"wp:attachment":[{"href":"https:\/\/23spots.com\/23spots-divers01\/wp-json\/wp\/v2\/media?parent=3556"}],"curies":[{"name":"wp","href":"https:\/\/api.w.org\/{rel}","templated":true}]}}