{"id":376,"date":"2013-08-27T16:36:39","date_gmt":"2013-08-27T15:36:39","guid":{"rendered":"https:\/\/23spotsgroup.com\/23spotsdiving\/?page_id=376"},"modified":"2017-11-10T21:37:42","modified_gmt":"2017-11-10T20:37:42","slug":"die-aussergewoehnlichsten-meeresbewohner","status":"publish","type":"page","link":"https:\/\/23spots.com\/23spots-divers01\/ratgeber-tauchen\/die-aussergewoehnlichsten-meeresbewohner\/","title":{"rendered":"Die au\u00dfergew\u00f6hnlichsten Meeresbewohner"},"content":{"rendered":"<div class=\"wpb-content-wrapper\"><p>[vc_row][vc_column][vc_column_text]<\/p>\n<h3>Die au\u00dfergew\u00f6hnlichsten Meerestiere<\/h3>\n<p>Es gibt in unseren Weltmeeren Fische, Lebewesen und Pflanzen, welche ganz besonders sind. Kein Tier gleicht dem anderen. Alle bestechen sie durch ihre au\u00dfergew\u00f6hnliche Art und Weise in ihrem Lebensraum dem Wasser zurechtzukommen. Andere Spezies wiederum haben auf die Dauer eine spezielle Art der Jagd und Verteidigung entwickelt. Aus diesem Grund haben wir hier f\u00fcr Euch einige der au\u00dfergew\u00f6hnlichsten Meeresbewohner gesucht und aufgelistet.[\/vc_column_text][\/vc_column][\/vc_row][vc_row css=&#8220;.vc_custom_1508917160673{padding-left: 10px !important;background-color: #cccccc !important;}&#8220;][vc_column width=&#8220;1\/2&#8243; css=&#8220;.vc_custom_1509561343470{padding-right: 40px !important;}&#8220;][vc_custom_heading text=&#8220;Riffbarsche oder Damselfish (Pomacentridae)&#8220; font_container=&#8220;tag:h3|text_align:left&#8220; google_fonts=&#8220;font_family:Roboto%3A100%2C100italic%2C300%2C300italic%2Cregular%2Citalic%2C500%2C500italic%2C700%2C700italic%2C900%2C900italic|font_style:400%20regular%3A400%3Anormal&#8220; css=&#8220;.vc_custom_1509552930965{padding-bottom: 10px !important;}&#8220;][vc_separator color=&#8220;blue&#8220; border_width=&#8220;2&#8243; css=&#8220;.vc_custom_1508333739153{padding-bottom: 15px !important;}&#8220;][vc_column_text]Riffbarsche leben in den subtropischen und tropischen Meeren immer k\u00fcstennah. Die meisten Taucher kennen ihn durch den Bekanntesten von ihnen, den Anemomenfisch (Amphiprion), da er eine Symbiose mit einer Seeanemone eingeht. Wer viel im Mittelmeer tauchen geht, trifft dort auch auf eine weit verbreitete Gattung der Riffbarsche, den M\u00f6nchsfisch (Chromis chromis).<br \/>\nMehr Infos zum <a title=\"Damselfish\" href=\"https:\/\/en.wikipedia.org\/wiki\/Damselfish\" target=\"_blank\" rel=\"noopener\">Damselfish<\/a><br \/>\nMehr Infos zum <a title=\"Riffbarsche\" href=\"https:\/\/de.wikipedia.org\/wiki\/Riffbarsche\" target=\"_blank\" rel=\"noopener\">Riffbarsch<\/a>[\/vc_column_text][\/vc_column][vc_column width=&#8220;1\/2&#8243; css=&#8220;.vc_custom_1510344878581{padding-left: 30px !important;}&#8220;][vc_single_image image=&#8220;3320&#8243; img_size=&#8220;500&#215;300&#8243; alignment=&#8220;right&#8220;][\/vc_column][\/vc_row][vc_row][vc_column width=&#8220;1\/2&#8243;][vc_single_image image=&#8220;3324&#8243; img_size=&#8220;500&#215;300&#8243; css=&#8220;.vc_custom_1510344417542{padding-bottom: 15px !important;}&#8220;][\/vc_column][vc_column width=&#8220;1\/2&#8243;][vc_custom_heading text=&#8220;Trompetenfisch (Aulostomus)&#8220; font_container=&#8220;tag:h3|text_align:left&#8220; google_fonts=&#8220;font_family:Roboto%3A100%2C100italic%2C300%2C300italic%2Cregular%2Citalic%2C500%2C500italic%2C700%2C700italic%2C900%2C900italic|font_style:400%20regular%3A400%3Anormal&#8220;][vc_separator color=&#8220;blue&#8220; border_width=&#8220;2&#8243; css=&#8220;.vc_custom_1508333739153{padding-bottom: 15px !important;}&#8220;][vc_column_text]Trompetenfische werden zwischen 75 &#8211; 100 cm lang und ihr Kopf misst oft bis zu einem Drittel der kompletten K\u00f6rperl\u00e4nge. Sie geh\u00f6ren zur Ordnung der seenadelartigen Meeresbewohner. Ihr K\u00f6rper ist lang, schlank und platt gedr\u00fcckt und macht sie auf diese Art fast unverwechselbar. Haupts\u00e4chlich leben sie in den tropischen Meeren an Korallenriffen oder in Seegraswiesen. <a title=\"Trompetenfische\" href=\"https:\/\/de.wikipedia.org\/wiki\/Trompetenfische\" target=\"_blank\" rel=\"noopener\">Trompetenfische<\/a> sind tagaktive Fische und Du siehst sie als Taucher in allen m\u00f6glichen Lagen in den Riffen, auch mal kopf\u00fcber. Ihr Nahrung sind haupts\u00e4chlich Kleinfische.[\/vc_column_text][\/vc_column][\/vc_row][vc_row css=&#8220;.vc_custom_1508436889449{background-color: #cccccc !important;}&#8220;][vc_column width=&#8220;1\/2&#8243; css=&#8220;.vc_custom_1508936727270{margin-right: 30px !important;padding-right: 30px !important;}&#8220;][vc_custom_heading text=&#8220;Draculafisch (Danoniella dracula)&#8220; font_container=&#8220;tag:h3|text_align:left&#8220; google_fonts=&#8220;font_family:Roboto%3A100%2C100italic%2C300%2C300italic%2Cregular%2Citalic%2C500%2C500italic%2C700%2C700italic%2C900%2C900italic|font_style:400%20regular%3A400%3Anormal&#8220; css=&#8220;.vc_custom_1509553483421{padding-bottom: 10px !important;}&#8220;][vc_separator color=&#8220;blue&#8220; border_width=&#8220;2&#8243; css=&#8220;.vc_custom_1508951036212{padding-right: 30px !important;padding-bottom: 15px !important;}&#8220;][vc_column_text]Der Draculafisch ist eine nur in Fl\u00fcssen in Burma (bei Myanmar) vorkommende, neu entdeckte Elritzen Art, die im Kiefer kn\u00f6cherige Strukturen aufweist. Diese Strukturen erinnern sehr stark an Z\u00e4hne. Auf Grund dieser \u201cZ\u00e4hne\u201d taufte man den kleinen Fisch, welcher ca. 17 mm L\u00e4nge aufweist,<a title=\"Draculafisch\" href=\"https:\/\/www.welt.de\/wissenschaft\/article3359318\/Der-Dracula-aus-burmesischen-Gewaessern.html\" target=\"_blank\" rel=\"noopener\">Danionella dracula<\/a>.<br \/>\nKeine andere Art aus der Gruppe der Karpfenfische (<a title=\"Karpfenfische\" href=\"https:\/\/de.wikipedia.org\/wiki\/Karpfenfische\" target=\"_blank\" rel=\"noopener\">Cyprinidae<\/a>) hat vergleichbare zahnartige Strukturen im Kiefer.[\/vc_column_text][\/vc_column][vc_column width=&#8220;1\/2&#8243; css=&#8220;.vc_custom_1510344774395{padding-left: 30px !important;}&#8220;][vc_single_image image=&#8220;3326&#8243; img_size=&#8220;500&#215;300&#8243; alignment=&#8220;right&#8220;][\/vc_column][\/vc_row][vc_row][vc_column width=&#8220;1\/2&#8243;][vc_single_image image=&#8220;3322&#8243; img_size=&#8220;500&#215;300&#8243; css=&#8220;.vc_custom_1510344500671{padding-bottom: 15px !important;}&#8220;][\/vc_column][vc_column width=&#8220;1\/2&#8243;][vc_custom_heading text=&#8220;Mondfisch (Mola Mola)&#8220; font_container=&#8220;tag:h3|text_align:left&#8220; google_fonts=&#8220;font_family:Roboto%3A100%2C100italic%2C300%2C300italic%2Cregular%2Citalic%2C500%2C500italic%2C700%2C700italic%2C900%2C900italic|font_style:400%20regular%3A400%3Anormal&#8220; css=&#8220;.vc_custom_1509553568054{padding-bottom: 10px !important;}&#8220;][vc_separator color=&#8220;blue&#8220; border_width=&#8220;2&#8243; css=&#8220;.vc_custom_1508333739153{padding-bottom: 15px !important;}&#8220;][vc_column_text]Ein <a title=\"Mondfisch\" href=\"https:\/\/de.wikipedia.org\/wiki\/Mondfisch\" target=\"_blank\" rel=\"noopener\">Mondfisch<\/a> kann eine L\u00e4nge von \u00fcber 3 Meter erreichen, bis zu 4 Meter hoch werden und ein Gewicht von 2,5 Tonnen haben. Doch in der Regel sind sie max. halb so gro\u00df. Seine Gestalt hinterl\u00e4sst bei jedem Taucher einen bleibenden Eindruck. Denn sein K\u00f6rper ist plump und scheibenf\u00f6rmig und seine Flossen sind eigentlich zu klein f\u00fcr seinen zu gro\u00dfen K\u00f6rper. Der <a title=\"Mondfische\" href=\"https:\/\/de.wikipedia.org\/wiki\/Mondfische\" target=\"_blank\" rel=\"noopener\">Mondfisch<\/a> lebt haupts\u00e4chlich in den warmen Meeren von Asien, Afrika und Australien, wird jedoch auch des \u00f6fteren im Mittelmeer gesichtet. Die Nahrung des <a title=\"Mola Mola\" href=\"https:\/\/www.mondfisch.eu\/de\/index.html\" target=\"_blank\" rel=\"noopener\">Mola Molas<\/a> besteht vor allem aus gallertartigen Lebenwesen wie Quallen. Ebenso frisst er Plankton, kleine Fische und Tintenfische.[\/vc_column_text][\/vc_column][\/vc_row][vc_row css=&#8220;.vc_custom_1508436872900{background-color: #cccccc !important;}&#8220;][vc_column width=&#8220;1\/2&#8243; css=&#8220;.vc_custom_1509562033668{padding-right: 40px !important;}&#8220;][vc_custom_heading text=&#8220;Napoleonfisch (Cheilinus undulatus)&#8220; font_container=&#8220;tag:h3|text_align:left&#8220; google_fonts=&#8220;font_family:Roboto%3A100%2C100italic%2C300%2C300italic%2Cregular%2Citalic%2C500%2C500italic%2C700%2C700italic%2C900%2C900italic|font_style:400%20regular%3A400%3Anormal&#8220; css=&#8220;.vc_custom_1509553743058{padding-bottom: 10px !important;}&#8220;][vc_separator color=&#8220;blue&#8220; border_width=&#8220;2&#8243; css=&#8220;.vc_custom_1508333739153{padding-bottom: 15px !important;}&#8220;][vc_column_text]Mit einer Gr\u00f6\u00dfe von \u00fcber zwei Metern ist der Napoleon-Lippfisch der gr\u00f6\u00dfte der Gattung der Lippfische. Im Normalfall bleiben sie jedoch um die 60 cm und fallen durch ihre dicke, aufgeworfenen Lippen und einen auff\u00e4lligen Kopfbuckel auf. Ihre F\u00e4rbung ist gr\u00fcnlich, grau oder bl\u00e4ulich. <a title=\"Napoleon-Lippfisch\" href=\"https:\/\/de.wikipedia.org\/wiki\/Napoleon-Lippfisch\" target=\"_blank\" rel=\"noopener\">Napoleon-Lippfische<\/a> sind tendenzielle, tagaktive und ortsgebundene Einzelg\u00e4nger und schlafen in der Nacht zwischen den Korallen.<br \/>\nSeine Nahrung sind vor allem Fische, Mollusken und Krustentieren. Er geh\u00f6rt zu den wenigen Raubfischen, welche auch giftige Arten verzehren k\u00f6nnen. Im Normalfall kann sich ein Taucher ihm leicht n\u00e4hern.[\/vc_column_text][\/vc_column][vc_column width=&#8220;1\/2&#8243; css=&#8220;.vc_custom_1510344751802{padding-left: 30px !important;}&#8220;][vc_single_image image=&#8220;3328&#8243; img_size=&#8220;500&#215;300&#8243; alignment=&#8220;right&#8220;][\/vc_column][\/vc_row][vc_row][vc_column width=&#8220;1\/2&#8243;][vc_single_image image=&#8220;3327&#8243; img_size=&#8220;500&#215;300&#8243; css=&#8220;.vc_custom_1510344574009{padding-bottom: 15px !important;}&#8220;][\/vc_column][vc_column width=&#8220;1\/2&#8243;][vc_custom_heading text=&#8220;Erbsengro\u00dfes Seepferdchen (Hippocampus satomiae)&#8220; font_container=&#8220;tag:h3|text_align:left&#8220; google_fonts=&#8220;font_family:Roboto%3A100%2C100italic%2C300%2C300italic%2Cregular%2Citalic%2C500%2C500italic%2C700%2C700italic%2C900%2C900italic|font_style:400%20regular%3A400%3Anormal&#8220; css=&#8220;.vc_custom_1509556742286{padding-bottom: 10px !important;}&#8220;][vc_separator color=&#8220;blue&#8220; border_width=&#8220;2&#8243; css=&#8220;.vc_custom_1508333739153{padding-bottom: 15px !important;}&#8220;][vc_column_text]Das winzige Seepferdchen Hippocampus satomiae verdankt seinen Namen der japanischen Taucherin Satomi Onishi, die das nur 13,8 Millimeter lange Tier nahe der Insel Derawan vor der K\u00fcste Borneos eingesammelt hat und nach deren Namen es nun auch benannt wurde. Das Seepferdchen Hippocampus satomiae ist uns erst seit dem Jahre 2009 bekannt.<br \/>\nVorkommen: Insel Borneo, Indonesien<br \/>\nMehr Infos zum <a title=\"Hippocampus satomiae\" href=\"https:\/\/de.wikipedia.org\/wiki\/Hippocampus_satomiae\" target=\"_blank\" rel=\"noopener\">Hippocampus satomiae<\/a>[\/vc_column_text][\/vc_column][\/vc_row][vc_row css=&#8220;.vc_custom_1508436872900{background-color: #cccccc !important;}&#8220;][vc_column width=&#8220;1\/2&#8243; css=&#8220;.vc_custom_1509562051768{padding-right: 40px !important;}&#8220;][vc_custom_heading text=&#8220;Drachenkopf oder auch Meersau (Scorpaena scrofa)&#8220; font_container=&#8220;tag:h3|text_align:left&#8220; google_fonts=&#8220;font_family:Roboto%3A100%2C100italic%2C300%2C300italic%2Cregular%2Citalic%2C500%2C500italic%2C700%2C700italic%2C900%2C900italic|font_style:400%20regular%3A400%3Anormal&#8220; css=&#8220;.vc_custom_1509556544291{padding-bottom: 10px !important;}&#8220;][vc_separator color=&#8220;blue&#8220; border_width=&#8220;2&#8243; css=&#8220;.vc_custom_1508333739153{padding-bottom: 15px !important;}&#8220;][vc_column_text]Das Vorkommen des <a title=\"Drachenkopf\" href=\"https:\/\/de.wikipedia.org\/wiki\/Gro%C3%9Fer_Roter_Drachenkopf\" target=\"_blank\" rel=\"noopener\">Drachenkopfes<\/a> ist das Mittelmeer, der nord\u00f6stliche Atlantik vom Senegal bis zu den Britischen Inseln, sowie Madeira und die Kanarischen- und die Kapverdischen Inseln.<br \/>\nSeine L\u00e4nge betr\u00e4gt maximal 50 cm und seine rot-br\u00e4unliche F\u00e4rbung ist ideal auf seinen Lebensraum angepasst. Auff\u00e4llig ist sein robuster, kr\u00e4ftiger K\u00f6rper, welcher seitlich etwas abgeflacht ist.<br \/>\n\u00dcber seinen beiden Augen und auf den Nasenl\u00f6chern hat er tentakelartige Hautforts\u00e4tze doch Vorsicht vor seiner R\u00fcckenflosse und der Afterflosse, denn dort sind einige Giftstacheln, welche er bei Gefahr aufstellen kann. Das Gift, welche sie abgeben, kann auch f\u00fcr Menschen t\u00f6dlich sein. Der Drachenkopf ist ein guter Speisefisch, welche ged\u00fcnstet oder im Ofen gebraten herrlich schmeckt.<br \/>\nSein Nahrung sind kleine Fische und Krebstiere, welche er als d\u00e4mmerungs- und nachtaktiver J\u00e4ger als Lauerj\u00e4ger erbeutet. Dabei verl\u00e4sst er sich auf seine hervorragende Tarnung.[\/vc_column_text][\/vc_column][vc_column width=&#8220;1\/2&#8243; css=&#8220;.vc_custom_1510344709573{padding-left: 30px !important;}&#8220;][vc_single_image image=&#8220;3321&#8243; img_size=&#8220;500&#215;300&#8243; alignment=&#8220;right&#8220;][\/vc_column][\/vc_row][vc_row][vc_column width=&#8220;1\/2&#8243;][vc_single_image image=&#8220;3323&#8243; img_size=&#8220;500&#215;300&#8243; css=&#8220;.vc_custom_1510344664624{padding-bottom: 15px !important;}&#8220;][\/vc_column][vc_column width=&#8220;1\/2&#8243;][vc_custom_heading text=&#8220;Schnabeltiere (Ornithorhynchus anatinus)&#8220; font_container=&#8220;tag:h3|text_align:left&#8220; google_fonts=&#8220;font_family:Roboto%3A100%2C100italic%2C300%2C300italic%2Cregular%2Citalic%2C500%2C500italic%2C700%2C700italic%2C900%2C900italic|font_style:400%20regular%3A400%3Anormal&#8220; css=&#8220;.vc_custom_1509556206396{padding-bottom: 10px !important;}&#8220;][vc_separator color=&#8220;blue&#8220; border_width=&#8220;2&#8243; css=&#8220;.vc_custom_1508333739153{padding-bottom: 15px !important;}&#8220;][vc_column_text]Das Schnabeltier ist eines der ungew\u00f6hnlichsten Tiere auf der Welt und nachtaktiver Einzelg\u00e4nger. Wenn man es anschaut, meint man, dass Frankenstein am Werk war und es aus den folgenden Tieren zusammengesetzt hat: Ente (Schnabel), Biber (Schwanz, Schwimmf\u00fc\u00dfe), B\u00e4r (Krallen), Otter (Pelz). Der K\u00f6rperbau des Schnabeltieres ist flachgedr\u00fcckt und stromlinienf\u00f6rmig und somit optimal dem Lebensraum im Wasser angepasst. <a title=\"Schnabeltiere\" href=\"https:\/\/de.wikipedia.org\/wiki\/Schnabeltier\" target=\"_blank\" rel=\"noopener\">Schnabeltiere<\/a> sind Fleischfresser und sie st\u00f6bern haupts\u00e4chlich in B\u00e4chen und Fl\u00fcssen nach ihrer Nahrung, welche vorwiegend aus Krabben, Insektenlarven und W\u00fcrmern besteht.<br \/>\nSein Lebensraum ist nur Australien und dort wird es Platypus genannt.[\/vc_column_text][\/vc_column][\/vc_row]<\/p>\n<\/div>","protected":false},"excerpt":{"rendered":"<p>[vc_row][vc_column][vc_column_text] Die au\u00dfergew\u00f6hnlichsten Meerestiere Es gibt in unseren Weltmeeren Fische, Lebewesen und Pflanzen, welche ganz besonders sind. Kein Tier gleicht dem anderen. Alle bestechen sie durch ihre au\u00dfergew\u00f6hnliche Art und Weise in ihrem Lebensraum dem Wasser zurechtzukommen. Andere Spezies wiederum haben auf die Dauer eine spezielle Art der Jagd und Verteidigung entwickelt. Aus diesem Grund [&hellip;]<\/p>\n","protected":false},"author":76,"featured_media":0,"parent":766,"menu_order":0,"comment_status":"closed","ping_status":"open","template":"entrada_templates\/layout-visual-composer-default.php","meta":{"footnotes":""},"class_list":["post-376","page","type-page","status-publish","hentry"],"yoast_head":"<!-- This site is optimized with the Yoast SEO plugin v26.9 - https:\/\/yoast.com\/product\/yoast-seo-wordpress\/ -->\n<title>Die au\u00dfergew\u00f6hnlichsten Meeresbewohner - 23spots-divers01<\/title>\n<meta name=\"robots\" content=\"noindex, follow, max-snippet:-1, max-image-preview:large, max-video-preview:-1\" \/>\n<meta property=\"og:locale\" content=\"de_DE\" \/>\n<meta property=\"og:type\" content=\"article\" \/>\n<meta property=\"og:title\" content=\"Die au\u00dfergew\u00f6hnlichsten Meeresbewohner - 23spots-divers01\" \/>\n<meta property=\"og:description\" content=\"[vc_row][vc_column][vc_column_text] Die au\u00dfergew\u00f6hnlichsten Meerestiere Es gibt in unseren Weltmeeren Fische, Lebewesen und Pflanzen, welche ganz besonders sind. Kein Tier gleicht dem anderen. Alle bestechen sie durch ihre au\u00dfergew\u00f6hnliche Art und Weise in ihrem Lebensraum dem Wasser zurechtzukommen. Andere Spezies wiederum haben auf die Dauer eine spezielle Art der Jagd und Verteidigung entwickelt. Aus diesem Grund [&hellip;]\" \/>\n<meta property=\"og:url\" content=\"https:\/\/23spots.com\/23spots-divers01\/ratgeber-tauchen\/die-aussergewoehnlichsten-meeresbewohner\/\" \/>\n<meta property=\"og:site_name\" content=\"23spots-divers01\" \/>\n<meta property=\"article:modified_time\" content=\"2017-11-10T20:37:42+00:00\" \/>\n<meta name=\"twitter:card\" content=\"summary_large_image\" \/>\n<meta name=\"twitter:label1\" content=\"Gesch\u00e4tzte Lesezeit\" \/>\n\t<meta name=\"twitter:data1\" content=\"8\u00a0Minuten\" \/>\n<script type=\"application\/ld+json\" class=\"yoast-schema-graph\">{\"@context\":\"https:\/\/schema.org\",\"@graph\":[{\"@type\":\"WebPage\",\"@id\":\"https:\/\/23spots.com\/23spots-divers01\/ratgeber-tauchen\/die-aussergewoehnlichsten-meeresbewohner\/\",\"url\":\"https:\/\/23spots.com\/23spots-divers01\/ratgeber-tauchen\/die-aussergewoehnlichsten-meeresbewohner\/\",\"name\":\"Die au\u00dfergew\u00f6hnlichsten Meeresbewohner - 23spots-divers01\",\"isPartOf\":{\"@id\":\"https:\/\/23spots.com\/23spots-divers01\/#website\"},\"datePublished\":\"2013-08-27T15:36:39+00:00\",\"dateModified\":\"2017-11-10T20:37:42+00:00\",\"breadcrumb\":{\"@id\":\"https:\/\/23spots.com\/23spots-divers01\/ratgeber-tauchen\/die-aussergewoehnlichsten-meeresbewohner\/#breadcrumb\"},\"inLanguage\":\"de\",\"potentialAction\":[{\"@type\":\"ReadAction\",\"target\":[\"https:\/\/23spots.com\/23spots-divers01\/ratgeber-tauchen\/die-aussergewoehnlichsten-meeresbewohner\/\"]}]},{\"@type\":\"BreadcrumbList\",\"@id\":\"https:\/\/23spots.com\/23spots-divers01\/ratgeber-tauchen\/die-aussergewoehnlichsten-meeresbewohner\/#breadcrumb\",\"itemListElement\":[{\"@type\":\"ListItem\",\"position\":1,\"name\":\"Startseite\",\"item\":\"https:\/\/23spots.com\/23spots-divers01\/\"},{\"@type\":\"ListItem\",\"position\":2,\"name\":\"Ratgeber\",\"item\":\"https:\/\/23spots.com\/23spots-divers01\/ratgeber-tauchen\/\"},{\"@type\":\"ListItem\",\"position\":3,\"name\":\"Die au\u00dfergew\u00f6hnlichsten Meeresbewohner\"}]},{\"@type\":\"WebSite\",\"@id\":\"https:\/\/23spots.com\/23spots-divers01\/#website\",\"url\":\"https:\/\/23spots.com\/23spots-divers01\/\",\"name\":\"23spots-divers01\",\"description\":\"Tauchenreisen, Tauchkurse, Tauchausr\u00fcstung\",\"potentialAction\":[{\"@type\":\"SearchAction\",\"target\":{\"@type\":\"EntryPoint\",\"urlTemplate\":\"https:\/\/23spots.com\/23spots-divers01\/?s={search_term_string}\"},\"query-input\":{\"@type\":\"PropertyValueSpecification\",\"valueRequired\":true,\"valueName\":\"search_term_string\"}}],\"inLanguage\":\"de\"}]}<\/script>\n<!-- \/ Yoast SEO plugin. -->","yoast_head_json":{"title":"Die au\u00dfergew\u00f6hnlichsten Meeresbewohner - 23spots-divers01","robots":{"index":"noindex","follow":"follow","max-snippet":"max-snippet:-1","max-image-preview":"max-image-preview:large","max-video-preview":"max-video-preview:-1"},"og_locale":"de_DE","og_type":"article","og_title":"Die au\u00dfergew\u00f6hnlichsten Meeresbewohner - 23spots-divers01","og_description":"[vc_row][vc_column][vc_column_text] Die au\u00dfergew\u00f6hnlichsten Meerestiere Es gibt in unseren Weltmeeren Fische, Lebewesen und Pflanzen, welche ganz besonders sind. Kein Tier gleicht dem anderen. Alle bestechen sie durch ihre au\u00dfergew\u00f6hnliche Art und Weise in ihrem Lebensraum dem Wasser zurechtzukommen. Andere Spezies wiederum haben auf die Dauer eine spezielle Art der Jagd und Verteidigung entwickelt. Aus diesem Grund [&hellip;]","og_url":"https:\/\/23spots.com\/23spots-divers01\/ratgeber-tauchen\/die-aussergewoehnlichsten-meeresbewohner\/","og_site_name":"23spots-divers01","article_modified_time":"2017-11-10T20:37:42+00:00","twitter_card":"summary_large_image","twitter_misc":{"Gesch\u00e4tzte Lesezeit":"8\u00a0Minuten"},"schema":{"@context":"https:\/\/schema.org","@graph":[{"@type":"WebPage","@id":"https:\/\/23spots.com\/23spots-divers01\/ratgeber-tauchen\/die-aussergewoehnlichsten-meeresbewohner\/","url":"https:\/\/23spots.com\/23spots-divers01\/ratgeber-tauchen\/die-aussergewoehnlichsten-meeresbewohner\/","name":"Die au\u00dfergew\u00f6hnlichsten Meeresbewohner - 23spots-divers01","isPartOf":{"@id":"https:\/\/23spots.com\/23spots-divers01\/#website"},"datePublished":"2013-08-27T15:36:39+00:00","dateModified":"2017-11-10T20:37:42+00:00","breadcrumb":{"@id":"https:\/\/23spots.com\/23spots-divers01\/ratgeber-tauchen\/die-aussergewoehnlichsten-meeresbewohner\/#breadcrumb"},"inLanguage":"de","potentialAction":[{"@type":"ReadAction","target":["https:\/\/23spots.com\/23spots-divers01\/ratgeber-tauchen\/die-aussergewoehnlichsten-meeresbewohner\/"]}]},{"@type":"BreadcrumbList","@id":"https:\/\/23spots.com\/23spots-divers01\/ratgeber-tauchen\/die-aussergewoehnlichsten-meeresbewohner\/#breadcrumb","itemListElement":[{"@type":"ListItem","position":1,"name":"Startseite","item":"https:\/\/23spots.com\/23spots-divers01\/"},{"@type":"ListItem","position":2,"name":"Ratgeber","item":"https:\/\/23spots.com\/23spots-divers01\/ratgeber-tauchen\/"},{"@type":"ListItem","position":3,"name":"Die au\u00dfergew\u00f6hnlichsten Meeresbewohner"}]},{"@type":"WebSite","@id":"https:\/\/23spots.com\/23spots-divers01\/#website","url":"https:\/\/23spots.com\/23spots-divers01\/","name":"23spots-divers01","description":"Tauchenreisen, Tauchkurse, Tauchausr\u00fcstung","potentialAction":[{"@type":"SearchAction","target":{"@type":"EntryPoint","urlTemplate":"https:\/\/23spots.com\/23spots-divers01\/?s={search_term_string}"},"query-input":{"@type":"PropertyValueSpecification","valueRequired":true,"valueName":"search_term_string"}}],"inLanguage":"de"}]}},"_links":{"self":[{"href":"https:\/\/23spots.com\/23spots-divers01\/wp-json\/wp\/v2\/pages\/376","targetHints":{"allow":["GET"]}}],"collection":[{"href":"https:\/\/23spots.com\/23spots-divers01\/wp-json\/wp\/v2\/pages"}],"about":[{"href":"https:\/\/23spots.com\/23spots-divers01\/wp-json\/wp\/v2\/types\/page"}],"author":[{"embeddable":true,"href":"https:\/\/23spots.com\/23spots-divers01\/wp-json\/wp\/v2\/users\/76"}],"replies":[{"embeddable":true,"href":"https:\/\/23spots.com\/23spots-divers01\/wp-json\/wp\/v2\/comments?post=376"}],"version-history":[{"count":5,"href":"https:\/\/23spots.com\/23spots-divers01\/wp-json\/wp\/v2\/pages\/376\/revisions"}],"predecessor-version":[{"id":3602,"href":"https:\/\/23spots.com\/23spots-divers01\/wp-json\/wp\/v2\/pages\/376\/revisions\/3602"}],"up":[{"embeddable":true,"href":"https:\/\/23spots.com\/23spots-divers01\/wp-json\/wp\/v2\/pages\/766"}],"wp:attachment":[{"href":"https:\/\/23spots.com\/23spots-divers01\/wp-json\/wp\/v2\/media?parent=376"}],"curies":[{"name":"wp","href":"https:\/\/api.w.org\/{rel}","templated":true}]}}