{"id":410,"date":"2013-08-27T19:30:34","date_gmt":"2013-08-27T18:30:34","guid":{"rendered":"https:\/\/23spotsgroup.com\/23spotsdiving\/?page_id=410"},"modified":"2024-02-29T10:18:44","modified_gmt":"2024-02-29T09:18:44","slug":"tauchen-suedamerika","status":"publish","type":"page","link":"https:\/\/23spots.com\/23spots-divers01\/tauchreisen\/tauchen-suedamerika\/","title":{"rendered":"Tauchen S\u00fcdamerika"},"content":{"rendered":"<div class=\"wpb-content-wrapper\"><p>[vc_row wrapper_container=&#8220;adventure-style&#8220;][vc_column]<header class='content-heading'>\n\t\t\t\t\t\t<h2 class='main-heading'>S\u00dcDAMERIKA<\/h2>\n\t\t\t\t\t\t<div class='main-subtitle'><p>Entdecke eines der ph\u00e4nomenalsten Tauchreiseziele<\/p>\n<\/div>\n\t\t\t\t\t\t<div class='seperator'><\/div>\n\t\t\t\t\t<\/header>[vc_column_text css=&#8220;.vc_custom_1510560628622{padding-top: 40px !important;}&#8220;]Vom Pazifik im Westen und der Karibik sowie dem Atlantik im Osten umschlossen, beheimaten S\u00fcd-und Mittelamerika einige der biologisch artenreichsten Lebensr\u00e4ume, die es auf der Erde gibt \u2013 an Land wie auch im Wasser. Tauche im &#8218;Blue Hole&#8216; vor Belize, an den Steilabf\u00e4llen von Roatan, in den Gew\u00e4ssern rund um Costa Ricas Cocos Inseln oder im Galapagos Nationalpark. Diese Tauchpl\u00e4tze haben bei Tauchern einen gewissen Kultstatus. Einige der Tauchpl\u00e4tze sind ausschlie\u00dflich per Liveaboard zu erreichen, andere wiederum liegen direkt vor der Haust\u00fcr. Interessante Kulturen, freundliche Menschen und viel Spa\u00df erg\u00e4nzen eine Tauchreise in diese Region.[\/vc_column_text][\/vc_column][\/vc_row][vc_row wrapper_container=&#8220;special-block&#8220;][vc_column]<p class=\"special-text\">Wir helfen Dir gerne bei Deiner Buchung zu Deinem Tauchreiseziel.<strong> Call +49 157 9323 4008<\/strong>\n<\/p>[\/vc_column][\/vc_row][vc_row][vc_column]<header class='content-heading'>\n\t\t\t\t\t\t<h2 class='main-heading'>Beste Tauchreviere in S\u00fcd- und Mittelamerika<\/h2>\n\t\t\t\t\t\t<div class='main-subtitle'><p>Finde unglaubliche Tauchpl\u00e4tze<\/p>\n<\/div>\n\t\t\t\t\t\t<div class='seperator'><\/div>\n\t\t\t\t\t<\/header>[vc_row_inner css=&#8220;.vc_custom_1510484383501{padding-top: 25px !important;}&#8220;][vc_column_inner width=&#8220;1\/4&#8243; css=&#8220;.vc_custom_1510482461925{padding-right: 25px !important;}&#8220;][vc_column_text]<\/p>\n<ul>\n<li>Brasilien<\/li>\n<li><span class=\"ng-binding\">Belize<\/span><\/li>\n<li><span class=\"ng-binding\">Argentinien<\/span><\/li>\n<\/ul>\n<p>[\/vc_column_text][\/vc_column_inner][vc_column_inner width=&#8220;1\/4&#8243;][vc_column_text css=&#8220;.vc_custom_1707252918544{padding-right: 25px !important;}&#8220;]<\/p>\n<ul>\n<li>Columbien<\/li>\n<li><span class=\"ng-binding\">Uruguay<\/span><\/li>\n<li><span class=\"ng-binding\">Venezuela<\/span><\/li>\n<\/ul>\n<p>[\/vc_column_text][\/vc_column_inner][vc_column_inner width=&#8220;1\/4&#8243;][vc_column_text]<\/p>\n<ul>\n<li><span class=\"ng-binding\">Ecuador<\/span><\/li>\n<li><span class=\"ng-binding\">Chile<\/span><\/li>\n<li><span class=\"ng-binding\">Costa Rica<\/span><\/li>\n<\/ul>\n<p>[\/vc_column_text][\/vc_column_inner][vc_column_inner width=&#8220;1\/4&#8243;][vc_column_text]<\/p>\n<ul>\n<li>Panama<\/li>\n<li><span class=\"ng-binding\">Honduras<\/span><\/li>\n<li>Falklandinseln<\/li>\n<\/ul>\n<p>[\/vc_column_text][\/vc_column_inner][\/vc_row_inner][\/vc_column][\/vc_row][vc_row css=&#8220;.vc_custom_1510482373948{background-color: #cccccc !important;}&#8220;][vc_column][vc_images_carousel images=&#8220;3708,3709,3710&#8243; img_size=&#8220;1200&#215;400&#8243;][\/vc_column][\/vc_row][vc_row wrapper_container=&#8220;count-block&#8220;][vc_column width=&#8220;1\/4&#8243;]<div class=\"holder block-1\">\n\t\t\t\t\t\t\t<span class=\"icon icon-fishing-rod\"><\/span>\n\t\t\t\t\t\t\t<span class=\"info\"><span class=\"counter\">10<\/span><\/span>\n\t\t\t\t\t\t\t<span class=\"txt\">Gro\u00dffische<\/span>\n\t\t\t\t\t\t<\/div>[\/vc_column][vc_column width=&#8220;1\/4&#8243;]<div class=\"holder block-4\">\n\t\t\t\t\t\t\t<span class=\"icon icon-ship\"><\/span>\n\t\t\t\t\t\t\t<span class=\"info\"><span class=\"counter\">7<\/span><\/span>\n\t\t\t\t\t\t\t<span class=\"txt\">Wracks<\/span>\n\t\t\t\t\t\t<\/div>[\/vc_column][vc_column width=&#8220;1\/4&#8243;]<div class=\"holder block-2\">\n\t\t\t\t\t\t\t<span class=\"icon icon-fishing-rod\"><\/span>\n\t\t\t\t\t\t\t<span class=\"info\"><span class=\"counter\">9<\/span><\/span>\n\t\t\t\t\t\t\t<span class=\"txt\">Makrolebewesen<\/span>\n\t\t\t\t\t\t<\/div>[\/vc_column][vc_column width=&#8220;1\/4&#8243;]<div class=\"holder block-3\">\n\t\t\t\t\t\t\t<span class=\"icon icon-fishing-rod\"><\/span>\n\t\t\t\t\t\t\t<span class=\"info\"><span class=\"counter\">8<\/span><\/span>\n\t\t\t\t\t\t\t<span class=\"txt\">Unterwasserflora<\/span>\n\t\t\t\t\t\t<\/div>[\/vc_column][\/vc_row][vc_row][vc_column]<header class='content-heading'>\n\t\t\t\t\t\t<h2 class='main-heading'>Unsere Top Tauchreiseziele<\/h2>\n\t\t\t\t\t\t<div class='main-subtitle'><p>Hier findest Du unsere Top-Tauchreiseziele rund um den Globus!<\/p>\n<\/div>\n\t\t\t\t\t\t<div class='seperator'><\/div>\n\t\t\t\t\t<\/header>[vc_row_inner][vc_column_inner]<div class=\"woocommerce columns-4 \"><div class=\"row db-3-col\">\n<article class=\"col;-sm-6 col-md-3 article has-hover-s1\">\n\t\t\t\t\t<div class=\"thumbnail\" itemscope itemtype=\"http:\/\/schema.org\/Product\"><div class=\"img-wrap\"><img loading=\"lazy\" decoding=\"async\" width=\"358\" height=\"358\" src=\"https:\/\/23spots.com\/23spots-divers01\/files\/Tauchsafari-Mittelmeer-Test.jpg\" class=\"attachment-550x358 size-550x358 wp-post-image\" alt=\"\" itemprop=\"image\" srcset=\"https:\/\/23spots.com\/23spots-divers01\/files\/Tauchsafari-Mittelmeer-Test.jpg 800w, https:\/\/23spots.com\/23spots-divers01\/files\/Tauchsafari-Mittelmeer-Test-300x300.jpg 300w, https:\/\/23spots.com\/23spots-divers01\/files\/Tauchsafari-Mittelmeer-Test-150x150.jpg 150w, https:\/\/23spots.com\/23spots-divers01\/files\/Tauchsafari-Mittelmeer-Test-768x768.jpg 768w, https:\/\/23spots.com\/23spots-divers01\/files\/Tauchsafari-Mittelmeer-Test-570x570.jpg 570w, https:\/\/23spots.com\/23spots-divers01\/files\/Tauchsafari-Mittelmeer-Test-500x500.jpg 500w, https:\/\/23spots.com\/23spots-divers01\/files\/Tauchsafari-Mittelmeer-Test-700x700.jpg 700w, https:\/\/23spots.com\/23spots-divers01\/files\/Tauchsafari-Mittelmeer-Test-600x600.jpg 600w, https:\/\/23spots.com\/23spots-divers01\/files\/Tauchsafari-Mittelmeer-Test-100x100.jpg 100w\" sizes=\"auto, (max-width: 358px) 100vw, 358px\" \/><div class=\"product-badge\"><ul><\/ul><\/div><\/div><h3 class=\"small-space\"><a href=\"https:\/\/23spots.com\/23spots-divers01\/tauchshop\/mittelmeer-tauchsafari\/\" itemprop=\"name\">Mittelmeer Tauchsafari<\/a><\/h3>\n\t\t\t<span class=\"info\"><a href=\"https:\/\/23spots.com\/23spots-divers01\/produkt-kategorie\/23spots-portfolio\/tauchsport\/tauchreisen\/\">Tauchreisen<\/a>, <a href=\"https:\/\/23spots.com\/23spots-divers01\/produkt-kategorie\/23spots-portfolio\/tauchsport\/\">Tauchsport<\/a><\/span>\n\t\t\t<aside class=\"meta\"><span class=\"country\"><span class=\"icon-world\"> <\/span>0 Place<\/span><span class=\"activity\"><span class=\"icon-acitivities\"> <\/span>2 Activities<\/span>\n\t\t\t<\/aside>\n\t\t\t<p itemprop=\"description\">Eine Tauchsafari im europ\u00e4ischen Mittelmeer mit dem herrlichen Segelschiff Sir Robert und seiner freundlichen Crew. Erkunde auf Deiner Tauchreise die Unterwasserwelt in Mallorca, Menorca, Sardinien, Golf von Nepal, Korsika oder entlang der Cote a Sur. Egal welche Tauchtour Du startest,&hellip;<\/p>\n\t\t\t<a href=\"https:\/\/23spots.com\/23spots-divers01\/tauchshop\/mittelmeer-tauchsafari\/\" class=\"btn btn-default\" itemprop=\"url\">explore<\/a>\n\t\t\t<footer>\n\t\t\t\t<ul class=\"social-networks\">\n\t\t\t\t\t<li><a href=\"javascript:void(null);\" onClick = \"fb_callout(&quot;https:\/\/23spots.com\/23spots-divers01\/tauchshop\/mittelmeer-tauchsafari\/&quot;, &quot;https:\/\/23spots.com\/23spots-divers01\/files\/Tauchsafari-Mittelmeer-Test.jpg&quot;, &quot;Mittelmeer Tauchsafari&quot;, &quot;Eine Tauchsafari im europ\u00e4ischen Mittelmeer mit dem herrlichen Segelschiff Sir Robert und seiner freundlichen Crew. Erkunde auf Deiner Tauchreise die Unterwasserwelt in Mallorca, Menorca, Sardinien, Golf von Nepal, Korsika oder&hellip;&quot;);\"><span class=\"icon-facebook\"><\/span><\/a><\/li><li><a href=\"javascript:void(null);\" onClick =\"share_on_twitter(&quot;https:\/\/23spots.com\/23spots-divers01\/tauchshop\/mittelmeer-tauchsafari\/&quot;, &quot;Mittelmeer Tauchsafari&quot;);\"> <span class=\"icon-twitter\"><\/span><\/a><\/li>\n\t\t\t\t<\/ul>\n\t\t\t\t<span class=\"price\">from <span itemprop=\"offers\" itemscope itemtype=\"http:\/\/schema.org\/Offer\"><span itemprop=\"price\">1.400,00<\/span>&nbsp;<span itemprop=\"priceCurrency\">&euro;<\/span><\/span><\/span>\n\t\t\t\t\t\t<\/footer>\n\t\t\t\t\t\t<\/div>\n\t\t\t\t\t\t<\/article><article class=\"col;-sm-6 col-md-3 article has-hover-s1\">\n\t\t\t\t\t<div class=\"thumbnail\" itemscope itemtype=\"http:\/\/schema.org\/Product\"><div class=\"img-wrap\"><img loading=\"lazy\" decoding=\"async\" width=\"550\" height=\"275\" src=\"https:\/\/23spots.com\/23spots-divers01\/files\/tauchen_sueden_spanien_murcia-1.jpg\" class=\"attachment-550x358 size-550x358 wp-post-image\" alt=\"\" itemprop=\"image\" srcset=\"https:\/\/23spots.com\/23spots-divers01\/files\/tauchen_sueden_spanien_murcia-1.jpg 560w, https:\/\/23spots.com\/23spots-divers01\/files\/tauchen_sueden_spanien_murcia-1-150x75.jpg 150w, https:\/\/23spots.com\/23spots-divers01\/files\/tauchen_sueden_spanien_murcia-1-300x150.jpg 300w, https:\/\/23spots.com\/23spots-divers01\/files\/tauchen_sueden_spanien_murcia-1-20x10.jpg 20w\" sizes=\"auto, (max-width: 550px) 100vw, 550px\" \/><div class=\"product-badge\"><ul><\/ul><\/div><\/div><h3 class=\"small-space\"><a href=\"https:\/\/23spots.com\/23spots-divers01\/tauchshop\/tauchreise-suedspanien\/\" itemprop=\"name\">Tauchreise  S\u00fcdspanien<\/a><\/h3>\n\t\t\t<span class=\"info\"><a href=\"https:\/\/23spots.com\/23spots-divers01\/produkt-kategorie\/23spots-portfolio\/tauchsport\/tauchreisen\/\">Tauchreisen<\/a><\/span>\n\t\t\t<aside class=\"meta\"><span class=\"country\"><span class=\"icon-world\"> <\/span>0 Place<\/span><span class=\"activity\"><span class=\"icon-acitivities\"> <\/span>1 Activity<\/span>\n\t\t\t<\/aside>\n\t\t\t<p itemprop=\"description\">Tauche ab in einem ph\u00e4nomenalen Meeresschutzgebiet, welches von zahlreichen bizarren Felsformationen gezeichnet ist, die den optimalen Lebensraum f\u00fcr Unterwasserlebewesen darstellen. Ein wahres Mekka f\u00fcr Unterwasserfotographie und Videographie. Um die Region Cartagena findest Du rund 30 Wracks, welche betauchbar sind von&hellip;<\/p>\n\t\t\t<a href=\"https:\/\/23spots.com\/23spots-divers01\/tauchshop\/tauchreise-suedspanien\/\" class=\"btn btn-default\" itemprop=\"url\">explore<\/a>\n\t\t\t<footer>\n\t\t\t\t<ul class=\"social-networks\">\n\t\t\t\t\t<li><a href=\"javascript:void(null);\" onClick = \"fb_callout(&quot;https:\/\/23spots.com\/23spots-divers01\/tauchshop\/tauchreise-suedspanien\/&quot;, &quot;https:\/\/23spots.com\/23spots-divers01\/files\/tauchen_sueden_spanien_murcia-1.jpg&quot;, &quot;Tauchreise  S\u00fcdspanien&quot;, &quot;Tauche ab in einem ph\u00e4nomenalen Meeresschutzgebiet, welches von zahlreichen bizarren Felsformationen gezeichnet ist, die den optimalen Lebensraum f\u00fcr Unterwasserlebewesen darstellen. Ein wahres Mekka f\u00fcr Unterwasserfotographie und Videographie. Um die Region&hellip;&quot;);\"><span class=\"icon-facebook\"><\/span><\/a><\/li><li><a href=\"javascript:void(null);\" onClick =\"share_on_twitter(&quot;https:\/\/23spots.com\/23spots-divers01\/tauchshop\/tauchreise-suedspanien\/&quot;, &quot;Tauchreise  S\u00fcdspanien&quot;);\"> <span class=\"icon-twitter\"><\/span><\/a><\/li>\n\t\t\t\t<\/ul>\n\t\t\t\t<span class=\"price\">from <span itemprop=\"offers\" itemscope itemtype=\"http:\/\/schema.org\/Offer\"><span itemprop=\"price\">299,00<\/span>&nbsp;<span itemprop=\"priceCurrency\">&euro;<\/span><\/span><\/span>\n\t\t\t\t\t\t<\/footer>\n\t\t\t\t\t\t<\/div>\n\t\t\t\t\t\t<\/article><\/div>\n<\/div>[\/vc_column_inner][\/vc_row_inner][vc_separator css=&#8220;.vc_custom_1510503242888{padding-top: 40px !important;padding-bottom: 15px !important;}&#8220;][vc_row_inner css=&#8220;.vc_custom_1508866768265{margin-top: 50px !important;}&#8220;][vc_column_inner width=&#8220;1\/3&#8243;][vc_hoverbox image=&#8220;3664&#8243; primary_title=&#8220;Aegypten Special&#8220; primary_title_font_container=&#8220;font_size:30|color:%23ffffff&#8220; primary_title_use_theme_fonts=&#8220;yes&#8220; hover_title=&#8220;\u00c4gypten&#8220; shape=&#8220;square&#8220; use_custom_fonts_primary_title=&#8220;true&#8220;]\u00c4gypten ist eines der beliebtesten Tauchreviere. Gerade durch die unglaubliche Artenvielfalt zieht es Taucher magisch an.[\/vc_hoverbox][\/vc_column_inner][vc_column_inner width=&#8220;1\/3&#8243;][vc_hoverbox image=&#8220;3659&#8243; primary_title=&#8220;Australien Special&#8220; primary_title_font_container=&#8220;font_size:30|color:%23ffffff&#8220; primary_title_use_theme_fonts=&#8220;yes&#8220; hover_title=&#8220;Australien&#8220; shape=&#8220;square&#8220; use_custom_fonts_primary_title=&#8220;true&#8220;]Erlebe eines der beeindruckensten Tauchgebiete auf der ganzen Welt &#8211; das Great Barrier Reef[\/vc_hoverbox][\/vc_column_inner][vc_column_inner width=&#8220;1\/3&#8243;][vc_hoverbox image=&#8220;3666&#8243; primary_title=&#8220;ABC-Inseln Special&#8220; primary_title_font_container=&#8220;font_size:30|color:%23ffffff&#8220; primary_title_use_theme_fonts=&#8220;yes&#8220; hover_title=&#8220;ABC-Inseln&#8220; shape=&#8220;square&#8220; hover_background_color=&#8220;white&#8220; use_custom_fonts_primary_title=&#8220;true&#8220;]Tauchen in einem traumhaften Tauchrevier und einer unglaublich sch\u00f6nen landschaftlichen Kulisse.[\/vc_hoverbox][\/vc_column_inner][\/vc_row_inner][vc_row_inner css=&#8220;.vc_custom_1508866768265{margin-top: 50px !important;}&#8220;][vc_column_inner width=&#8220;1\/3&#8243;][vc_hoverbox image=&#8220;3662&#8243; primary_title=&#8220;Mexiko Special&#8220; primary_title_font_container=&#8220;font_size:30|color:%23ffffff&#8220; primary_title_use_theme_fonts=&#8220;yes&#8220; hover_title=&#8220;Mexico&#8220; shape=&#8220;square&#8220; use_custom_fonts_primary_title=&#8220;true&#8220;]Faszinierende Grotten und H\u00f6hlen warten hier auf Dich und beeindrucken durch ein unglaubliches Lichterschauspiel.[\/vc_hoverbox][\/vc_column_inner][vc_column_inner width=&#8220;1\/3&#8243;][vc_hoverbox image=&#8220;3680&#8243; primary_title=&#8220;Thailand Special&#8220; primary_title_font_container=&#8220;font_size:30|color:%23ffffff&#8220; primary_title_use_theme_fonts=&#8220;yes&#8220; hover_title=&#8220;Thailand&#8220; shape=&#8220;square&#8220; use_custom_fonts_primary_title=&#8220;true&#8220;]Von Miniseepferdchen bis zum Walhai kannst Du hier beim Tauchen alles sehen![\/vc_hoverbox][\/vc_column_inner][vc_column_inner width=&#8220;1\/3&#8243;][vc_hoverbox image=&#8220;3661&#8243; primary_title=&#8220;Malediven Special&#8220; primary_title_font_container=&#8220;font_size:30|color:%23ffffff&#8220; primary_title_use_theme_fonts=&#8220;yes&#8220; hover_title=&#8220;Malediven&#8220; shape=&#8220;square&#8220; use_custom_fonts_primary_title=&#8220;true&#8220;]Luxuri\u00f6se Unterk\u00fcnfte, traumhafte Str\u00e4nde und einzigartige Tauchpl\u00e4tze begr\u00fc\u00dfen Dich auf den Malediven.[\/vc_hoverbox][\/vc_column_inner][\/vc_row_inner][vc_row_inner css=&#8220;.vc_custom_1508866768265{margin-top: 50px !important;}&#8220;][vc_column_inner width=&#8220;1\/3&#8243;][vc_hoverbox image=&#8220;3678&#8243; primary_title=&#8220;Azoren Special&#8220; primary_title_font_container=&#8220;font_size:30|color:%23ffffff&#8220; primary_title_use_theme_fonts=&#8220;yes&#8220; hover_title=&#8220;Azoren&#8220; shape=&#8220;square&#8220; use_custom_fonts_primary_title=&#8220;true&#8220;]Ph\u00e4nomenale Landschaft mit Tauchrevieren die einem den Atem rauben durch ihre extrem bunte Artenvielfalt.[\/vc_hoverbox][\/vc_column_inner][vc_column_inner width=&#8220;1\/3&#8243;][vc_hoverbox image=&#8220;3679&#8243; primary_title=&#8220;Mittelmeer Special&#8220; primary_title_font_container=&#8220;font_size:30|color:%23ffffff&#8220; primary_title_use_theme_fonts=&#8220;yes&#8220; hover_title=&#8220;Mittelmeer&#8220; shape=&#8220;square&#8220; use_custom_fonts_primary_title=&#8220;true&#8220;]Verborgene Sch\u00e4tze, unz\u00e4hlige Wracks und tolle Tauchpl\u00e4tze bietet Dir das Mittelmeer![\/vc_hoverbox][\/vc_column_inner][vc_column_inner width=&#8220;1\/3&#8243;][vc_hoverbox image=&#8220;3660&#8243; primary_title=&#8220;Galapagos Special&#8220; primary_title_font_container=&#8220;font_size:30|color:%23ffffff&#8220; primary_title_use_theme_fonts=&#8220;yes&#8220; hover_title=&#8220;Galapagos&#8220; shape=&#8220;square&#8220; use_custom_fonts_primary_title=&#8220;true&#8220;]Einzigartige Unterwasserwelt, die Du unbedingt gesehen habe musst.[\/vc_hoverbox][\/vc_column_inner][\/vc_row_inner][\/vc_column][\/vc_row]<\/p>\n<\/div>","protected":false},"excerpt":{"rendered":"<p>[vc_row wrapper_container=&#8220;adventure-style&#8220;][vc_column][vc_column_text css=&#8220;.vc_custom_1510560628622{padding-top: 40px !important;}&#8220;]Vom Pazifik im Westen und der Karibik sowie dem Atlantik im Osten umschlossen, beheimaten S\u00fcd-und Mittelamerika einige der biologisch artenreichsten Lebensr\u00e4ume, die es auf der Erde gibt \u2013 an Land wie auch im Wasser. Tauche im &#8218;Blue Hole&#8216; vor Belize, an den Steilabf\u00e4llen von Roatan, in den Gew\u00e4ssern rund um Costa [&hellip;]<\/p>\n","protected":false},"author":76,"featured_media":0,"parent":3556,"menu_order":6,"comment_status":"closed","ping_status":"open","template":"entrada_templates\/layout-visual-composer-default.php","meta":{"footnotes":""},"class_list":["post-410","page","type-page","status-publish","hentry"],"yoast_head":"<!-- This site is optimized with the Yoast SEO plugin v26.9 - https:\/\/yoast.com\/product\/yoast-seo-wordpress\/ -->\n<title>Tauchen S\u00fcdamerika - 23spots-divers01<\/title>\n<meta name=\"robots\" content=\"noindex, follow, max-snippet:-1, max-image-preview:large, max-video-preview:-1\" \/>\n<meta property=\"og:locale\" content=\"de_DE\" \/>\n<meta property=\"og:type\" content=\"article\" \/>\n<meta property=\"og:title\" content=\"Tauchen S\u00fcdamerika - 23spots-divers01\" \/>\n<meta property=\"og:description\" content=\"[vc_row wrapper_container=&#8220;adventure-style&#8220;][vc_column][vc_column_text css=&#8220;.vc_custom_1510560628622{padding-top: 40px !important;}&#8220;]Vom Pazifik im Westen und der Karibik sowie dem Atlantik im Osten umschlossen, beheimaten S\u00fcd-und Mittelamerika einige der biologisch artenreichsten Lebensr\u00e4ume, die es auf der Erde gibt \u2013 an Land wie auch im Wasser. Tauche im &#8218;Blue Hole&#8216; vor Belize, an den Steilabf\u00e4llen von Roatan, in den Gew\u00e4ssern rund um Costa [&hellip;]\" \/>\n<meta property=\"og:url\" content=\"https:\/\/23spots.com\/23spots-divers01\/tauchreisen\/tauchen-suedamerika\/\" \/>\n<meta property=\"og:site_name\" content=\"23spots-divers01\" \/>\n<meta property=\"article:modified_time\" content=\"2024-02-29T09:18:44+00:00\" \/>\n<meta name=\"twitter:card\" content=\"summary_large_image\" \/>\n<meta name=\"twitter:label1\" content=\"Gesch\u00e4tzte Lesezeit\" \/>\n\t<meta name=\"twitter:data1\" content=\"5\u00a0Minuten\" \/>\n<script type=\"application\/ld+json\" class=\"yoast-schema-graph\">{\"@context\":\"https:\/\/schema.org\",\"@graph\":[{\"@type\":\"WebPage\",\"@id\":\"https:\/\/23spots.com\/23spots-divers01\/tauchreisen\/tauchen-suedamerika\/\",\"url\":\"https:\/\/23spots.com\/23spots-divers01\/tauchreisen\/tauchen-suedamerika\/\",\"name\":\"Tauchen S\u00fcdamerika - 23spots-divers01\",\"isPartOf\":{\"@id\":\"https:\/\/23spots.com\/23spots-divers01\/#website\"},\"datePublished\":\"2013-08-27T18:30:34+00:00\",\"dateModified\":\"2024-02-29T09:18:44+00:00\",\"breadcrumb\":{\"@id\":\"https:\/\/23spots.com\/23spots-divers01\/tauchreisen\/tauchen-suedamerika\/#breadcrumb\"},\"inLanguage\":\"de\",\"potentialAction\":[{\"@type\":\"ReadAction\",\"target\":[\"https:\/\/23spots.com\/23spots-divers01\/tauchreisen\/tauchen-suedamerika\/\"]}]},{\"@type\":\"BreadcrumbList\",\"@id\":\"https:\/\/23spots.com\/23spots-divers01\/tauchreisen\/tauchen-suedamerika\/#breadcrumb\",\"itemListElement\":[{\"@type\":\"ListItem\",\"position\":1,\"name\":\"Startseite\",\"item\":\"https:\/\/23spots.com\/23spots-divers01\/\"},{\"@type\":\"ListItem\",\"position\":2,\"name\":\"Tauchreisen\",\"item\":\"https:\/\/23spots.com\/23spots-divers01\/tauchreisen\/\"},{\"@type\":\"ListItem\",\"position\":3,\"name\":\"Tauchen S\u00fcdamerika\"}]},{\"@type\":\"WebSite\",\"@id\":\"https:\/\/23spots.com\/23spots-divers01\/#website\",\"url\":\"https:\/\/23spots.com\/23spots-divers01\/\",\"name\":\"23spots-divers01\",\"description\":\"Tauchenreisen, Tauchkurse, Tauchausr\u00fcstung\",\"potentialAction\":[{\"@type\":\"SearchAction\",\"target\":{\"@type\":\"EntryPoint\",\"urlTemplate\":\"https:\/\/23spots.com\/23spots-divers01\/?s={search_term_string}\"},\"query-input\":{\"@type\":\"PropertyValueSpecification\",\"valueRequired\":true,\"valueName\":\"search_term_string\"}}],\"inLanguage\":\"de\"}]}<\/script>\n<!-- \/ Yoast SEO plugin. -->","yoast_head_json":{"title":"Tauchen S\u00fcdamerika - 23spots-divers01","robots":{"index":"noindex","follow":"follow","max-snippet":"max-snippet:-1","max-image-preview":"max-image-preview:large","max-video-preview":"max-video-preview:-1"},"og_locale":"de_DE","og_type":"article","og_title":"Tauchen S\u00fcdamerika - 23spots-divers01","og_description":"[vc_row wrapper_container=&#8220;adventure-style&#8220;][vc_column][vc_column_text css=&#8220;.vc_custom_1510560628622{padding-top: 40px !important;}&#8220;]Vom Pazifik im Westen und der Karibik sowie dem Atlantik im Osten umschlossen, beheimaten S\u00fcd-und Mittelamerika einige der biologisch artenreichsten Lebensr\u00e4ume, die es auf der Erde gibt \u2013 an Land wie auch im Wasser. Tauche im &#8218;Blue Hole&#8216; vor Belize, an den Steilabf\u00e4llen von Roatan, in den Gew\u00e4ssern rund um Costa [&hellip;]","og_url":"https:\/\/23spots.com\/23spots-divers01\/tauchreisen\/tauchen-suedamerika\/","og_site_name":"23spots-divers01","article_modified_time":"2024-02-29T09:18:44+00:00","twitter_card":"summary_large_image","twitter_misc":{"Gesch\u00e4tzte Lesezeit":"5\u00a0Minuten"},"schema":{"@context":"https:\/\/schema.org","@graph":[{"@type":"WebPage","@id":"https:\/\/23spots.com\/23spots-divers01\/tauchreisen\/tauchen-suedamerika\/","url":"https:\/\/23spots.com\/23spots-divers01\/tauchreisen\/tauchen-suedamerika\/","name":"Tauchen S\u00fcdamerika - 23spots-divers01","isPartOf":{"@id":"https:\/\/23spots.com\/23spots-divers01\/#website"},"datePublished":"2013-08-27T18:30:34+00:00","dateModified":"2024-02-29T09:18:44+00:00","breadcrumb":{"@id":"https:\/\/23spots.com\/23spots-divers01\/tauchreisen\/tauchen-suedamerika\/#breadcrumb"},"inLanguage":"de","potentialAction":[{"@type":"ReadAction","target":["https:\/\/23spots.com\/23spots-divers01\/tauchreisen\/tauchen-suedamerika\/"]}]},{"@type":"BreadcrumbList","@id":"https:\/\/23spots.com\/23spots-divers01\/tauchreisen\/tauchen-suedamerika\/#breadcrumb","itemListElement":[{"@type":"ListItem","position":1,"name":"Startseite","item":"https:\/\/23spots.com\/23spots-divers01\/"},{"@type":"ListItem","position":2,"name":"Tauchreisen","item":"https:\/\/23spots.com\/23spots-divers01\/tauchreisen\/"},{"@type":"ListItem","position":3,"name":"Tauchen S\u00fcdamerika"}]},{"@type":"WebSite","@id":"https:\/\/23spots.com\/23spots-divers01\/#website","url":"https:\/\/23spots.com\/23spots-divers01\/","name":"23spots-divers01","description":"Tauchenreisen, Tauchkurse, Tauchausr\u00fcstung","potentialAction":[{"@type":"SearchAction","target":{"@type":"EntryPoint","urlTemplate":"https:\/\/23spots.com\/23spots-divers01\/?s={search_term_string}"},"query-input":{"@type":"PropertyValueSpecification","valueRequired":true,"valueName":"search_term_string"}}],"inLanguage":"de"}]}},"_links":{"self":[{"href":"https:\/\/23spots.com\/23spots-divers01\/wp-json\/wp\/v2\/pages\/410","targetHints":{"allow":["GET"]}}],"collection":[{"href":"https:\/\/23spots.com\/23spots-divers01\/wp-json\/wp\/v2\/pages"}],"about":[{"href":"https:\/\/23spots.com\/23spots-divers01\/wp-json\/wp\/v2\/types\/page"}],"author":[{"embeddable":true,"href":"https:\/\/23spots.com\/23spots-divers01\/wp-json\/wp\/v2\/users\/76"}],"replies":[{"embeddable":true,"href":"https:\/\/23spots.com\/23spots-divers01\/wp-json\/wp\/v2\/comments?post=410"}],"version-history":[{"count":11,"href":"https:\/\/23spots.com\/23spots-divers01\/wp-json\/wp\/v2\/pages\/410\/revisions"}],"predecessor-version":[{"id":5813,"href":"https:\/\/23spots.com\/23spots-divers01\/wp-json\/wp\/v2\/pages\/410\/revisions\/5813"}],"up":[{"embeddable":true,"href":"https:\/\/23spots.com\/23spots-divers01\/wp-json\/wp\/v2\/pages\/3556"}],"wp:attachment":[{"href":"https:\/\/23spots.com\/23spots-divers01\/wp-json\/wp\/v2\/media?parent=410"}],"curies":[{"name":"wp","href":"https:\/\/api.w.org\/{rel}","templated":true}]}}