{"id":4563,"date":"2018-01-09T21:14:33","date_gmt":"2018-01-09T20:14:33","guid":{"rendered":"https:\/\/23spotsdivers.com\/?page_id=4563"},"modified":"2024-02-29T20:57:39","modified_gmt":"2024-02-29T19:57:39","slug":"impressum","status":"publish","type":"page","link":"https:\/\/23spots.com\/23spots-divers01\/impressum\/","title":{"rendered":"Impressum"},"content":{"rendered":"<div class=\"wpb-content-wrapper\"><p>[vc_row][vc_column][vc_column_text]<\/p>\n<h3>Impressum<\/h3>\n<p>Dieses Internet-Portal liegt in der Verantwortlichkeit von:<\/p>\n<p>23SpotsGroup<br \/>\nPorto Montenegro<br \/>\nMontenegro\/Europe<\/p>\n<p>Phone Germany: +49 157 9231 0127<br \/>\nMail: info@23spotsgroup.com<\/p>\n<p>Gesch\u00e4ftsf\u00fchrer: Thomas Hofmann<br \/>\nDatenschutzbeauftragter: Thomas Hofmann<\/p>\n<p><strong>Hotline f\u00fcr unsere Kunden:<\/strong><br \/>\nTelefon Deutschland: 0049 157 9232 4008<br \/>\n(Mo.-Fr., 08.00-20.00 Uhr und Sa. 10.00-16.00 Uhr; au\u00dfer bundesweite Feiertage)<\/p>\n<p><strong>Hotline f\u00fcr unsere Firmenkunden:<\/strong><br \/>\nTelefon Deutschland: 0049 157 9232 4008<br \/>\n(Mo.-Fr., 09.00-18.00 Uhr)<\/p>\n<p>Das Impressum gilt auch f\u00fcr unsere Social Media Profile:<br \/>\nFacebook, Google+, LinkedIn, Twitter, youtube, XING,<\/p>\n<p><strong>Gew\u00e4hrleistung<\/strong><br \/>\nAlle Angaben und Inhalte der 23SpotsDivers wurden sorgf\u00e4ltig gepr\u00fcft. Trotzdem k\u00f6nnen wir keine Garantie f\u00fcr die Vollst\u00e4ndigkeit, Richtigkeit und letzte Aktualit\u00e4t \u00fcbernehmen. Diese Informationen werden von 23SpotsDivers ohne jegliche Zusicherung oder Gew\u00e4hrleistung jedweder Art zur Verf\u00fcgung gestellt. 23SpotsDivers schlie\u00dft jegliche Haftung f\u00fcr Sch\u00e4den, welche direkt oder indirekt bei der Benutzung der 23SpotsDivers-Webseite entstehen, aus, soweit es nicht auf Vorsatz oder grober Fahrl\u00e4ssigkeit von 23SpotsDivers beruht.<\/p>\n<p><strong>Copyright<\/strong><br \/>\nCopyright 2107 23SpotsDivers. Alle Rechte vorbehalten. Jegliche Informationen und Inhalte (Bilder, Grafiken, Texte, Videos, Tondateien und Animationen, unabh\u00e4ngig der Anordnung so wie die Darstellung derer) unterliegen dem Schutz des Urheberrechts und anderer Schutzgesetze. Die Vervielf\u00e4ltigung darf weder teilweise noch vollst\u00e4ndig ohne schriftliche Genehmigung der 23SpotsDivers gemacht werden. Dies betrifft auch die Vervielf\u00e4ltigung, Speicherung, \u00dcbersetzung, Ver\u00e4nderung oder der Zug\u00e4nglichmachung f\u00fcr Dritte. Einige Bereiche der 23SpotsDivers Webseite enthalten zudem Bilder o. Videos mit dem Copyright Dritter. Soweit von uns nicht anders angegeben, sind alle Markenzeichen welche Sie auf der 23SpotsDivers sehen, markenrechtlich gesch\u00fctzt.<\/p>\n<p><strong>Analytics<\/strong><br \/>\nUnsere Webseiten nutzen Google Analytics. Mehr Hinweise wie wir mit Deinen personenbezogenen Daten umgehen, findest Du in unserer <a href=\"https:\/\/23spotsdivers.com\/datenschutzrichtlinien\/\">Datenschutzrichtlinien<\/a>.<br \/>\nWeiterhin nutzen unserer Webseiten Social Media Plug-Ins der Unternehmen Facebook, Google und Twitter. Bitte lies auch hierzu unsere <a href=\"https:\/\/23spotsdivers.com\/datenschutzrichtlinien\/\">Datenschutzrichtlinien<\/a>.<\/p>\n<p><strong>Rechtliche Hinweis<\/strong><br \/>\nEU-Online-Streitbeilegung<br \/>\nVon der Europ\u00e4ische Kommission wird eine Plattform zur Online-Streitbeilegung (OS) bereitgestellt. Diese findest Du unter nachfolgendem Link:<br \/>\n<a href=\"https:\/\/ec.europa.eu\/consumers\/odr\/main\/index.cfm?event=main.home.show&amp;lng=DE\" target=\"_blank\" rel=\"noopener\">EU-Online-Streitbeteilung<\/a>[\/vc_column_text][vc_row_inner css=&#8220;.vc_custom_1709236656076{padding-top: 15px !important;}&#8220;][vc_column_inner][vc_column_text]<br \/>\n<div class=\"woocommerce woocommerce-gzd woocommerce-gzd-complaints-shortcode\">\n\t\t\t<h3>Alternative Streitbeilegung gem\u00e4\u00df Art. 14 Abs. 1 ODR-VO und \u00a7 36 VSBG:<\/h3>\n\t\nZur Teilnahme an einem Streitbeilegungsverfahren vor einer Verbraucherschlichtungsstelle sind wir nicht verpflichtet und nicht bereit. <\/div>[\/vc_column_text][\/vc_column_inner][\/vc_row_inner][\/vc_column][\/vc_row]<\/p>\n<\/div>","protected":false},"excerpt":{"rendered":"<p>[vc_row][vc_column][vc_column_text] Impressum Dieses Internet-Portal liegt in der Verantwortlichkeit von: 23SpotsGroup Porto Montenegro Montenegro\/Europe Phone Germany: +49 157 9231 0127 Mail: info@23spotsgroup.com Gesch\u00e4ftsf\u00fchrer: Thomas Hofmann Datenschutzbeauftragter: Thomas Hofmann Hotline f\u00fcr unsere Kunden: Telefon Deutschland: 0049 157 9232 4008 (Mo.-Fr., 08.00-20.00 Uhr und Sa. 10.00-16.00 Uhr; au\u00dfer bundesweite Feiertage) Hotline f\u00fcr unsere Firmenkunden: Telefon Deutschland: 0049 157 [&hellip;]<\/p>\n","protected":false},"author":1,"featured_media":0,"parent":0,"menu_order":0,"comment_status":"closed","ping_status":"closed","template":"entrada_templates\/layout-visual-composer-default.php","meta":{"footnotes":""},"class_list":["post-4563","page","type-page","status-publish","hentry"],"yoast_head":"<!-- This site is optimized with the Yoast SEO plugin v26.9 - https:\/\/yoast.com\/product\/yoast-seo-wordpress\/ -->\n<title>Impressum - 23spots-divers01<\/title>\n<meta name=\"robots\" content=\"noindex, follow\" \/>\n<meta property=\"og:locale\" content=\"de_DE\" \/>\n<meta property=\"og:type\" content=\"article\" \/>\n<meta property=\"og:title\" content=\"Impressum - 23spots-divers01\" \/>\n<meta property=\"og:description\" content=\"[vc_row][vc_column][vc_column_text] Impressum Dieses Internet-Portal liegt in der Verantwortlichkeit von: 23SpotsGroup Porto Montenegro Montenegro\/Europe Phone Germany: +49 157 9231 0127 Mail: info@23spotsgroup.com Gesch\u00e4ftsf\u00fchrer: Thomas Hofmann Datenschutzbeauftragter: Thomas Hofmann Hotline f\u00fcr unsere Kunden: Telefon Deutschland: 0049 157 9232 4008 (Mo.-Fr., 08.00-20.00 Uhr und Sa. 10.00-16.00 Uhr; au\u00dfer bundesweite Feiertage) Hotline f\u00fcr unsere Firmenkunden: Telefon Deutschland: 0049 157 [&hellip;]\" \/>\n<meta property=\"og:url\" content=\"https:\/\/23spots.com\/23spots-divers01\/impressum\/\" \/>\n<meta property=\"og:site_name\" content=\"23spots-divers01\" \/>\n<meta property=\"article:modified_time\" content=\"2024-02-29T19:57:39+00:00\" \/>\n<meta name=\"twitter:card\" content=\"summary_large_image\" \/>\n<meta name=\"twitter:label1\" content=\"Gesch\u00e4tzte Lesezeit\" \/>\n\t<meta name=\"twitter:data1\" content=\"2\u00a0Minuten\" \/>\n<script type=\"application\/ld+json\" class=\"yoast-schema-graph\">{\"@context\":\"https:\/\/schema.org\",\"@graph\":[{\"@type\":\"WebPage\",\"@id\":\"https:\/\/23spots.com\/23spots-divers01\/impressum\/\",\"url\":\"https:\/\/23spots.com\/23spots-divers01\/impressum\/\",\"name\":\"Impressum - 23spots-divers01\",\"isPartOf\":{\"@id\":\"https:\/\/23spots.com\/23spots-divers01\/#website\"},\"datePublished\":\"2018-01-09T20:14:33+00:00\",\"dateModified\":\"2024-02-29T19:57:39+00:00\",\"breadcrumb\":{\"@id\":\"https:\/\/23spots.com\/23spots-divers01\/impressum\/#breadcrumb\"},\"inLanguage\":\"de\",\"potentialAction\":[{\"@type\":\"ReadAction\",\"target\":[\"https:\/\/23spots.com\/23spots-divers01\/impressum\/\"]}]},{\"@type\":\"BreadcrumbList\",\"@id\":\"https:\/\/23spots.com\/23spots-divers01\/impressum\/#breadcrumb\",\"itemListElement\":[{\"@type\":\"ListItem\",\"position\":1,\"name\":\"Startseite\",\"item\":\"https:\/\/23spots.com\/23spots-divers01\/\"},{\"@type\":\"ListItem\",\"position\":2,\"name\":\"Impressum\"}]},{\"@type\":\"WebSite\",\"@id\":\"https:\/\/23spots.com\/23spots-divers01\/#website\",\"url\":\"https:\/\/23spots.com\/23spots-divers01\/\",\"name\":\"23spots-divers01\",\"description\":\"Tauchenreisen, Tauchkurse, Tauchausr\u00fcstung\",\"potentialAction\":[{\"@type\":\"SearchAction\",\"target\":{\"@type\":\"EntryPoint\",\"urlTemplate\":\"https:\/\/23spots.com\/23spots-divers01\/?s={search_term_string}\"},\"query-input\":{\"@type\":\"PropertyValueSpecification\",\"valueRequired\":true,\"valueName\":\"search_term_string\"}}],\"inLanguage\":\"de\"}]}<\/script>\n<!-- \/ Yoast SEO plugin. -->","yoast_head_json":{"title":"Impressum - 23spots-divers01","robots":{"index":"noindex","follow":"follow"},"og_locale":"de_DE","og_type":"article","og_title":"Impressum - 23spots-divers01","og_description":"[vc_row][vc_column][vc_column_text] Impressum Dieses Internet-Portal liegt in der Verantwortlichkeit von: 23SpotsGroup Porto Montenegro Montenegro\/Europe Phone Germany: +49 157 9231 0127 Mail: info@23spotsgroup.com Gesch\u00e4ftsf\u00fchrer: Thomas Hofmann Datenschutzbeauftragter: Thomas Hofmann Hotline f\u00fcr unsere Kunden: Telefon Deutschland: 0049 157 9232 4008 (Mo.-Fr., 08.00-20.00 Uhr und Sa. 10.00-16.00 Uhr; au\u00dfer bundesweite Feiertage) Hotline f\u00fcr unsere Firmenkunden: Telefon Deutschland: 0049 157 [&hellip;]","og_url":"https:\/\/23spots.com\/23spots-divers01\/impressum\/","og_site_name":"23spots-divers01","article_modified_time":"2024-02-29T19:57:39+00:00","twitter_card":"summary_large_image","twitter_misc":{"Gesch\u00e4tzte Lesezeit":"2\u00a0Minuten"},"schema":{"@context":"https:\/\/schema.org","@graph":[{"@type":"WebPage","@id":"https:\/\/23spots.com\/23spots-divers01\/impressum\/","url":"https:\/\/23spots.com\/23spots-divers01\/impressum\/","name":"Impressum - 23spots-divers01","isPartOf":{"@id":"https:\/\/23spots.com\/23spots-divers01\/#website"},"datePublished":"2018-01-09T20:14:33+00:00","dateModified":"2024-02-29T19:57:39+00:00","breadcrumb":{"@id":"https:\/\/23spots.com\/23spots-divers01\/impressum\/#breadcrumb"},"inLanguage":"de","potentialAction":[{"@type":"ReadAction","target":["https:\/\/23spots.com\/23spots-divers01\/impressum\/"]}]},{"@type":"BreadcrumbList","@id":"https:\/\/23spots.com\/23spots-divers01\/impressum\/#breadcrumb","itemListElement":[{"@type":"ListItem","position":1,"name":"Startseite","item":"https:\/\/23spots.com\/23spots-divers01\/"},{"@type":"ListItem","position":2,"name":"Impressum"}]},{"@type":"WebSite","@id":"https:\/\/23spots.com\/23spots-divers01\/#website","url":"https:\/\/23spots.com\/23spots-divers01\/","name":"23spots-divers01","description":"Tauchenreisen, Tauchkurse, Tauchausr\u00fcstung","potentialAction":[{"@type":"SearchAction","target":{"@type":"EntryPoint","urlTemplate":"https:\/\/23spots.com\/23spots-divers01\/?s={search_term_string}"},"query-input":{"@type":"PropertyValueSpecification","valueRequired":true,"valueName":"search_term_string"}}],"inLanguage":"de"}]}},"_links":{"self":[{"href":"https:\/\/23spots.com\/23spots-divers01\/wp-json\/wp\/v2\/pages\/4563","targetHints":{"allow":["GET"]}}],"collection":[{"href":"https:\/\/23spots.com\/23spots-divers01\/wp-json\/wp\/v2\/pages"}],"about":[{"href":"https:\/\/23spots.com\/23spots-divers01\/wp-json\/wp\/v2\/types\/page"}],"author":[{"embeddable":true,"href":"https:\/\/23spots.com\/23spots-divers01\/wp-json\/wp\/v2\/users\/1"}],"replies":[{"embeddable":true,"href":"https:\/\/23spots.com\/23spots-divers01\/wp-json\/wp\/v2\/comments?post=4563"}],"version-history":[{"count":9,"href":"https:\/\/23spots.com\/23spots-divers01\/wp-json\/wp\/v2\/pages\/4563\/revisions"}],"predecessor-version":[{"id":5848,"href":"https:\/\/23spots.com\/23spots-divers01\/wp-json\/wp\/v2\/pages\/4563\/revisions\/5848"}],"wp:attachment":[{"href":"https:\/\/23spots.com\/23spots-divers01\/wp-json\/wp\/v2\/media?parent=4563"}],"curies":[{"name":"wp","href":"https:\/\/api.w.org\/{rel}","templated":true}]}}