{"id":4616,"date":"2018-01-13T20:55:44","date_gmt":"2018-01-13T19:55:44","guid":{"rendered":"https:\/\/23spotsdivers.com\/?page_id=4616"},"modified":"2024-03-03T19:40:31","modified_gmt":"2024-03-03T18:40:31","slug":"unser-leitbild","status":"publish","type":"page","link":"https:\/\/23spots.com\/23spots-divers01\/unser-leitbild\/","title":{"rendered":"Unser Leitbild"},"content":{"rendered":"<div class=\"wpb-content-wrapper\"><p>[vc_row][vc_column]<header class='content-heading'>\n\t\t\t\t\t\t<h2 class='main-heading'>23Spots Divers Leitbild<\/h2>\n\t\t\t\t\t\t<div class='main-subtitle'><p>F\u00fcr ein gemeinsames Miteinander!<\/p>\n<\/div>\n\t\t\t\t\t\t<div class='seperator'><\/div>\n\t\t\t\t\t<\/header>[vc_column_text css=&#8220;.vc_custom_1515873831311{margin-top: 30px !important;}&#8220;]Die Welt in welcher wir leben wird zunehmend dynamischer und hektischer. Unsere Lebensgewohnheiten und Bed\u00fcrfnisse \u00e4ndern sich wahnsinnig schnell und der technologische Wandel gibt ein rasantes Tempo vor. F\u00fcr jeden von uns bedeutet dies, dass man sich jedes Jahr schneller anpassen muss. Schon dies sind ausreichende Gr\u00fcnde, sich wieder auf sich selbst zu besinnen, sich seinem Hobby dem Tauchen zu widmen und dabei zu entschleunigen.<br \/>\nEine optimale M\u00f6glichkeit bietet uns hierf\u00fcr das Tauchen und Reisen. Bei 23SpotsDivers dreht sich alles um das Tauchen, Tauchtechniken und den herrlichsten Tauchreiseziele auf unserem Planten Erde. .[\/vc_column_text][vc_separator css=&#8220;.vc_custom_1515871212570{margin-top: 20px !important;margin-bottom: 20px !important;}&#8220;][vc_custom_heading text=&#8220;Unsere Philosophie&#8220; google_fonts=&#8220;font_family:Roboto%3A100%2C100italic%2C300%2C300italic%2Cregular%2Citalic%2C500%2C500italic%2C700%2C700italic%2C900%2C900italic|font_style:400%20regular%3A400%3Anormal&#8220;][vc_column_text]Wir wollen Interesse und Neugier auf das Thema Tauche, Schnorcheln, Freediving und Tauchreisen wecken und auf spannende Art und Weise den Menschen die Weltmeere, Fl\u00fcsse, Seen sowie die Unterwasserflora und -fauna n\u00e4her bringen und welche unglaublichen Abenteuer und \u00dcberraschungen auf einen warten, wenn man sich mit der Unterwasserwelt besch\u00e4ftigt. Dabei ist es uns wichtig, dass wir vermitteln, wie wichtig es ist, den Lebensraum Meer nachsichtig zu behandeln und die Tier- und Pflanzenwelt zu sch\u00fctzen.<br \/>\nDie Achtung und der respektvolle Umgang mit der Natur ist uns dabei genauso wichtig, wie die Verantwortung, welche wir f\u00fcr unsere Umwelt, in welcher wir leben, tragen.<br \/>\nUnsere Tauchabenteuer, Taucherlebnisse und Aktivit\u00e4ten stehen stets im Einklang mit der Natur.[\/vc_column_text][vc_separator css=&#8220;.vc_custom_1515871212570{margin-top: 20px !important;margin-bottom: 20px !important;}&#8220;][vc_custom_heading text=&#8220;Unsere Vision&#8220; google_fonts=&#8220;font_family:Roboto%3A100%2C100italic%2C300%2C300italic%2Cregular%2Citalic%2C500%2C500italic%2C700%2C700italic%2C900%2C900italic|font_style:400%20regular%3A400%3Anormal&#8220;][vc_column_text]Unser Ziel ist es, unseren Tauchern und Kunden auch in der Zukunft nachhaltige und innovative Taucherlebnisse, unvergessliche Abenteuer unter Wasser und fundierte Wissensvermittlung zum Thema tauchen zu bieten. Deshalb ist unser Streben, durch Voraussicht und Innovation, nachhaltige Produkte und Angebote f\u00fcr die Zukunft anzubieten.[\/vc_column_text][vc_separator css=&#8220;.vc_custom_1515871212570{margin-top: 20px !important;margin-bottom: 20px !important;}&#8220;][vc_custom_heading text=&#8220;Unsere Mission&#8220; google_fonts=&#8220;font_family:Roboto%3A100%2C100italic%2C300%2C300italic%2Cregular%2Citalic%2C500%2C500italic%2C700%2C700italic%2C900%2C900italic|font_style:400%20regular%3A400%3Anormal&#8220;][vc_column_text]F\u00fcr uns bedeutet das Tauchen in den Ozeanen, Seen und Fl\u00fcssen Freiheit, doch wenn wir und in diesem Bereich bewegen unterliegen wir dort den Naturgewalten und physikalischen Gesetzen. Aber auch den Gesetzen, die der Mensch geschaffen hat, um diesen einzigartigen Lebensraum zu wahren. Beides beachten wir von 23Spots Divers, denn f\u00fcr uns und unser Hobby ist es wichtig, dass die \u00d6ffentlichkeit ein positives Bild von unserem Unternehmen hat und wir auch so wahrgenommen werden. Aus diesem Grund ist ein hoher Wissensstand im Umgang mit der Unterwasserwelt und der Natur mit all ihren Facetten und verbundenen Faktoren, sowie der respektvolle Umgang mit Fischern, Tauchern, Schnorchlern, Schwimmern und Natursch\u00fctzern eine unabdingbare Selbstverst\u00e4ndlichkeit, welche von uns gelebt und auch vermittelt wird!<br \/>\nIn unseren angebotenen Kursen und Taucherlebnissen sowie bei der Erlangung der Kenntnisse und F\u00e4higkeiten beim Tauchen wird die Aufwertung des \u201eStellenwertes Meere und Natur\u201c vermittelt. Dar\u00fcber hinaus wird durch eine solide und hochwertige Ausbildung auch die Sicherheit f\u00fcr Mensch und Natur in besonderem Ma\u00dfe erh\u00f6ht.<br \/>\nGemeinsam schaffen neue Verkn\u00fcpfungen zwischen Mensch und Natur und st\u00e4rken den respektvollen Umgang mit dieser, denn wir sind nicht nur ein Teil der Natur \u2013 nein \u2013 wir sind die Natur. Aus diesem Grund ist es uns besonders wichtig, dass wir Naturwahrnehmung, Achtsamkeit und das Erleben von Gemeinschaft vermitteln, damit auch die zuk\u00fcnftigen Generationen eine intakte Unterwasserwelt und Natur erleben k\u00f6nnen um im Einklang mit ihr zu leben.<br \/>\n[\/vc_column_text][vc_separator css=&#8220;.vc_custom_1515871212570{margin-top: 20px !important;margin-bottom: 20px !important;}&#8220;][vc_custom_heading text=&#8220;Unsere Grundwerte&#8220; google_fonts=&#8220;font_family:Roboto%3A100%2C100italic%2C300%2C300italic%2Cregular%2Citalic%2C500%2C500italic%2C700%2C700italic%2C900%2C900italic|font_style:400%20regular%3A400%3Anormal&#8220;][vc_column_text]Wir treten ein f\u00fcr Gerechtigkeit, Achtsamkeit, Solidarit\u00e4t, Toleranz, Freiheit, Geduld, Gelassenheit, Gleichheit, klare Kommunikation, Zuverl\u00e4ssigkeit, Vertrauen, Verbindung zu anderen Individuen, Teamgeist, Zielstrebigkeit und Selbstdisziplin, denn diese Grundwerte bestimmen unser Handeln!<br \/>\n[\/vc_column_text][vc_separator css=&#8220;.vc_custom_1515871212570{margin-top: 20px !important;margin-bottom: 20px !important;}&#8220;][vc_custom_heading text=&#8220;Woher wir kommen&#8220; google_fonts=&#8220;font_family:Roboto%3A100%2C100italic%2C300%2C300italic%2Cregular%2Citalic%2C500%2C500italic%2C700%2C700italic%2C900%2C900italic|font_style:400%20regular%3A400%3Anormal&#8220;][vc_column_text]Entstanden ist 23Spots in Spanien und Montenegro aus einer Gruppe von Outdoor-Enthusiasten, welche mit Freunden und Bekannten all ihre Sportarten zusammen erleben wollten. Als Ausgliederung davon hat sich die 23Spots Divers gebildet und unsere Mission entwickelt, dass wir Menschen f\u00fcr Abenteuer, Aktivit\u00e4ten und Erlebnissen begeistern und diese zu ihnen bringen. Heimisch sind wir dort, wo Abenteuer und Erlebnisse rufen, egal ob in Mexiko beim H\u00f6hlentauchen, eine K2-Besteigung, ein H\u00f6hlentrip in Vietnam, Haitauchen in Afrika oder einfach nur eine Quad Tour auf Mallorca, wir sorgen f\u00fcr die optimale Umsetzung der W\u00fcnsche unserer Kunden, damit diese ihren optimalen Spassfaktor erhalten.<br \/>\nWir leben gro\u00dfen Wert auf Nachhaltigkeit, Achtsamkeit bei unseren Angeboten und daraus folgend der Schutz der Natur in der wir leben. Beheimatet sind wir auf Mallorca, Malta und in Montenegro. Freunde und Partner haben wir auf der ganzen Welt.<br \/>\nDer Name 23Spots bezieht sich auf die 23 Chromosomenpaare des Menschen, welche stellvertretend f\u00fcr diesen sind und Spots f\u00fcr die Punkte, welche wir besuchen um Abenteuer, Erlebnisse und Aktivit\u00e4ten zu erleben.[\/vc_column_text][vc_separator css=&#8220;.vc_custom_1515871212570{margin-top: 20px !important;margin-bottom: 20px !important;}&#8220;][vc_custom_heading text=&#8220;Woher wir kommen&#8220; google_fonts=&#8220;font_family:Roboto%3A100%2C100italic%2C300%2C300italic%2Cregular%2Citalic%2C500%2C500italic%2C700%2C700italic%2C900%2C900italic|font_style:400%20regular%3A400%3Anormal&#8220;][vc_column_text]Mit unserem Portal der 23Spots haben wir begonnen, jedem die M\u00f6glichkeit rund um den Globus Abenteuer, Aktivit\u00e4ten und Erlebnisse seiner Wahl zu finden, zu buchen und zu erleben. Die Erstellung von 23Spots Divers ist die logische Schlussfolgerung daraus, denn damit haben wir eine Portal f\u00fcr alle ins Leben gerufen, welche sich mit dem Tauchen, den Lebensraum Ozean und dem darin befindlichen Leben zu besch\u00e4ftigen und um seinen Hobbys dem Tauchen und Reise nachzugehen. In unserer Tauchkursen erlernst Du die Grundlagen f\u00fcr Deine Taucherkarriere und den Umgang mit der Natur und bekommst weiterf\u00fchrendes Tauchwissen um Dich sicher, nachhaltig und mit Spa\u00df unter Wasser zu bewegen und die Einzigartigkeit der Unterwasserflora und -fauna zu erleben. Solltest Du Interesse daran haben dies als Beruf nebenbei oder hauptberuflich zu machen, kannst Du Dich bei uns zum Tauchguide oder Tauchlehrer fundiert ausbilden lassen.<br \/>\nUnsere Kunden sehen stets im Mittelpunkt. Nachhaltige Betreuung, erstklassiges Know How, Verl\u00e4sslichkeit, h\u00f6chste Flexibilit\u00e4t und unser starkes Sicherheitsbewusstsein machen uns zu einem kompetenten Ansprechpartner f\u00fcr Tauchreisen, Tauchequpiment, Tauchg\u00e4nge, und Tauchabeteuer rund um den Globus.<br \/>\n[\/vc_column_text][\/vc_column][\/vc_row]<\/p>\n<\/div>","protected":false},"excerpt":{"rendered":"<p>[vc_row][vc_column][vc_column_text css=&#8220;.vc_custom_1515873831311{margin-top: 30px !important;}&#8220;]Die Welt in welcher wir leben wird zunehmend dynamischer und hektischer. Unsere Lebensgewohnheiten und Bed\u00fcrfnisse \u00e4ndern sich wahnsinnig schnell und der technologische Wandel gibt ein rasantes Tempo vor. F\u00fcr jeden von uns bedeutet dies, dass man sich jedes Jahr schneller anpassen muss. Schon dies sind ausreichende Gr\u00fcnde, sich wieder auf sich selbst [&hellip;]<\/p>\n","protected":false},"author":1,"featured_media":0,"parent":0,"menu_order":0,"comment_status":"closed","ping_status":"closed","template":"entrada_templates\/layout-visual-composer-default.php","meta":{"footnotes":""},"class_list":["post-4616","page","type-page","status-publish","hentry"],"yoast_head":"<!-- This site is optimized with the Yoast SEO plugin v26.9 - https:\/\/yoast.com\/product\/yoast-seo-wordpress\/ -->\n<title>Unser Leitbild - 23spots-divers01<\/title>\n<meta name=\"robots\" content=\"noindex, follow, max-snippet:-1, max-image-preview:large, max-video-preview:-1\" \/>\n<meta property=\"og:locale\" content=\"de_DE\" \/>\n<meta property=\"og:type\" content=\"article\" \/>\n<meta property=\"og:title\" content=\"Unser Leitbild - 23spots-divers01\" \/>\n<meta property=\"og:description\" content=\"[vc_row][vc_column][vc_column_text css=&#8220;.vc_custom_1515873831311{margin-top: 30px !important;}&#8220;]Die Welt in welcher wir leben wird zunehmend dynamischer und hektischer. Unsere Lebensgewohnheiten und Bed\u00fcrfnisse \u00e4ndern sich wahnsinnig schnell und der technologische Wandel gibt ein rasantes Tempo vor. F\u00fcr jeden von uns bedeutet dies, dass man sich jedes Jahr schneller anpassen muss. Schon dies sind ausreichende Gr\u00fcnde, sich wieder auf sich selbst [&hellip;]\" \/>\n<meta property=\"og:url\" content=\"https:\/\/23spots.com\/23spots-divers01\/unser-leitbild\/\" \/>\n<meta property=\"og:site_name\" content=\"23spots-divers01\" \/>\n<meta property=\"article:modified_time\" content=\"2024-03-03T18:40:31+00:00\" \/>\n<meta name=\"twitter:card\" content=\"summary_large_image\" \/>\n<meta name=\"twitter:label1\" content=\"Gesch\u00e4tzte Lesezeit\" \/>\n\t<meta name=\"twitter:data1\" content=\"6\u00a0Minuten\" \/>\n<script type=\"application\/ld+json\" class=\"yoast-schema-graph\">{\"@context\":\"https:\/\/schema.org\",\"@graph\":[{\"@type\":\"WebPage\",\"@id\":\"https:\/\/23spots.com\/23spots-divers01\/unser-leitbild\/\",\"url\":\"https:\/\/23spots.com\/23spots-divers01\/unser-leitbild\/\",\"name\":\"Unser Leitbild - 23spots-divers01\",\"isPartOf\":{\"@id\":\"https:\/\/23spots.com\/23spots-divers01\/#website\"},\"datePublished\":\"2018-01-13T19:55:44+00:00\",\"dateModified\":\"2024-03-03T18:40:31+00:00\",\"breadcrumb\":{\"@id\":\"https:\/\/23spots.com\/23spots-divers01\/unser-leitbild\/#breadcrumb\"},\"inLanguage\":\"de\",\"potentialAction\":[{\"@type\":\"ReadAction\",\"target\":[\"https:\/\/23spots.com\/23spots-divers01\/unser-leitbild\/\"]}]},{\"@type\":\"BreadcrumbList\",\"@id\":\"https:\/\/23spots.com\/23spots-divers01\/unser-leitbild\/#breadcrumb\",\"itemListElement\":[{\"@type\":\"ListItem\",\"position\":1,\"name\":\"Startseite\",\"item\":\"https:\/\/23spots.com\/23spots-divers01\/\"},{\"@type\":\"ListItem\",\"position\":2,\"name\":\"Unser Leitbild\"}]},{\"@type\":\"WebSite\",\"@id\":\"https:\/\/23spots.com\/23spots-divers01\/#website\",\"url\":\"https:\/\/23spots.com\/23spots-divers01\/\",\"name\":\"23spots-divers01\",\"description\":\"Tauchenreisen, Tauchkurse, Tauchausr\u00fcstung\",\"potentialAction\":[{\"@type\":\"SearchAction\",\"target\":{\"@type\":\"EntryPoint\",\"urlTemplate\":\"https:\/\/23spots.com\/23spots-divers01\/?s={search_term_string}\"},\"query-input\":{\"@type\":\"PropertyValueSpecification\",\"valueRequired\":true,\"valueName\":\"search_term_string\"}}],\"inLanguage\":\"de\"}]}<\/script>\n<!-- \/ Yoast SEO plugin. -->","yoast_head_json":{"title":"Unser Leitbild - 23spots-divers01","robots":{"index":"noindex","follow":"follow","max-snippet":"max-snippet:-1","max-image-preview":"max-image-preview:large","max-video-preview":"max-video-preview:-1"},"og_locale":"de_DE","og_type":"article","og_title":"Unser Leitbild - 23spots-divers01","og_description":"[vc_row][vc_column][vc_column_text css=&#8220;.vc_custom_1515873831311{margin-top: 30px !important;}&#8220;]Die Welt in welcher wir leben wird zunehmend dynamischer und hektischer. Unsere Lebensgewohnheiten und Bed\u00fcrfnisse \u00e4ndern sich wahnsinnig schnell und der technologische Wandel gibt ein rasantes Tempo vor. F\u00fcr jeden von uns bedeutet dies, dass man sich jedes Jahr schneller anpassen muss. Schon dies sind ausreichende Gr\u00fcnde, sich wieder auf sich selbst [&hellip;]","og_url":"https:\/\/23spots.com\/23spots-divers01\/unser-leitbild\/","og_site_name":"23spots-divers01","article_modified_time":"2024-03-03T18:40:31+00:00","twitter_card":"summary_large_image","twitter_misc":{"Gesch\u00e4tzte Lesezeit":"6\u00a0Minuten"},"schema":{"@context":"https:\/\/schema.org","@graph":[{"@type":"WebPage","@id":"https:\/\/23spots.com\/23spots-divers01\/unser-leitbild\/","url":"https:\/\/23spots.com\/23spots-divers01\/unser-leitbild\/","name":"Unser Leitbild - 23spots-divers01","isPartOf":{"@id":"https:\/\/23spots.com\/23spots-divers01\/#website"},"datePublished":"2018-01-13T19:55:44+00:00","dateModified":"2024-03-03T18:40:31+00:00","breadcrumb":{"@id":"https:\/\/23spots.com\/23spots-divers01\/unser-leitbild\/#breadcrumb"},"inLanguage":"de","potentialAction":[{"@type":"ReadAction","target":["https:\/\/23spots.com\/23spots-divers01\/unser-leitbild\/"]}]},{"@type":"BreadcrumbList","@id":"https:\/\/23spots.com\/23spots-divers01\/unser-leitbild\/#breadcrumb","itemListElement":[{"@type":"ListItem","position":1,"name":"Startseite","item":"https:\/\/23spots.com\/23spots-divers01\/"},{"@type":"ListItem","position":2,"name":"Unser Leitbild"}]},{"@type":"WebSite","@id":"https:\/\/23spots.com\/23spots-divers01\/#website","url":"https:\/\/23spots.com\/23spots-divers01\/","name":"23spots-divers01","description":"Tauchenreisen, Tauchkurse, Tauchausr\u00fcstung","potentialAction":[{"@type":"SearchAction","target":{"@type":"EntryPoint","urlTemplate":"https:\/\/23spots.com\/23spots-divers01\/?s={search_term_string}"},"query-input":{"@type":"PropertyValueSpecification","valueRequired":true,"valueName":"search_term_string"}}],"inLanguage":"de"}]}},"_links":{"self":[{"href":"https:\/\/23spots.com\/23spots-divers01\/wp-json\/wp\/v2\/pages\/4616","targetHints":{"allow":["GET"]}}],"collection":[{"href":"https:\/\/23spots.com\/23spots-divers01\/wp-json\/wp\/v2\/pages"}],"about":[{"href":"https:\/\/23spots.com\/23spots-divers01\/wp-json\/wp\/v2\/types\/page"}],"author":[{"embeddable":true,"href":"https:\/\/23spots.com\/23spots-divers01\/wp-json\/wp\/v2\/users\/1"}],"replies":[{"embeddable":true,"href":"https:\/\/23spots.com\/23spots-divers01\/wp-json\/wp\/v2\/comments?post=4616"}],"version-history":[{"count":3,"href":"https:\/\/23spots.com\/23spots-divers01\/wp-json\/wp\/v2\/pages\/4616\/revisions"}],"predecessor-version":[{"id":5772,"href":"https:\/\/23spots.com\/23spots-divers01\/wp-json\/wp\/v2\/pages\/4616\/revisions\/5772"}],"wp:attachment":[{"href":"https:\/\/23spots.com\/23spots-divers01\/wp-json\/wp\/v2\/media?parent=4616"}],"curies":[{"name":"wp","href":"https:\/\/api.w.org\/{rel}","templated":true}]}}