{"id":546,"date":"2013-09-01T16:51:58","date_gmt":"2013-09-01T14:51:58","guid":{"rendered":"https:\/\/23spotsgroup.com\/23spotsdiving\/?page_id=546"},"modified":"2017-11-11T13:16:34","modified_gmt":"2017-11-11T12:16:34","slug":"hoehlentauchen","status":"publish","type":"page","link":"https:\/\/23spots.com\/23spots-divers01\/hoehlentauchen\/","title":{"rendered":"H\u00f6hlentauchen"},"content":{"rendered":"<div class=\"wpb-content-wrapper\"><p>[vc_row][vc_column][vc_column_text]<\/p>\n<h3>Warum H\u00f6hlentauchen?<\/h3>\n<p>Das H\u00f6hlentauchen gilt als eine der risikoreichsten Sportarten \u00fcberhaupt. Sobald der &#8222;Spel\u00e4onaut&#8220; die bekannte Welt hinter sich gelassen hat, ist er vollkommen auf sich allein gestellt: Dunkelheit, K\u00e4lte und streckenweise katastrophale Sichtverh\u00e4ltnisse s\u00e4umen den abenteuerlichen Weg zu unbekannten Tropfsteinh\u00f6hlen, Grotten und sagenhaften Unterwasserwelten.<br \/>\nDas H\u00f6hlentauchen ist eine besondere Variante des Tauchsports, die mit erh\u00f6hten Risiken verbunden ist. F\u00fcr Wissenschaftler ist es jedoch oft eine notwendige Voraussetzung zur H\u00f6hlenforschung (Spel\u00e4ologie) in H\u00f6hlen und Grotten, die unter dem Meeres- oder Karstwasserspiegel liegen. Auch in wassergef\u00fcllten Untertagebergwerken, werden die Techniken des H\u00f6hlentauchens angewendet.[\/vc_column_text][\/vc_column][\/vc_row][vc_row css=&#8220;.vc_custom_1508917160673{padding-left: 10px !important;background-color: #cccccc !important;}&#8220;][vc_column width=&#8220;1\/2&#8243; css=&#8220;.vc_custom_1508917398592{padding-right: 30px !important;}&#8220;][vc_custom_heading text=&#8220;H\u00f6hlentauchen&#8220; font_container=&#8220;tag:h3|text_align:left&#8220; google_fonts=&#8220;font_family:Roboto%3A100%2C100italic%2C300%2C300italic%2Cregular%2Citalic%2C500%2C500italic%2C700%2C700italic%2C900%2C900italic|font_style:400%20regular%3A400%3Anormal&#8220; css=&#8220;.vc_custom_1509881933585{padding-bottom: 10px !important;}&#8220;][vc_separator color=&#8220;blue&#8220; border_width=&#8220;2&#8243; css=&#8220;.vc_custom_1508333739153{padding-bottom: 15px !important;}&#8220;][vc_column_text]W\u00e4hrend das Grotten-Tauchen auch von wenig erfahrenen Sporttauchern relativ sicher durchgef\u00fchrt werden kann, ben\u00f6tigt man f\u00fcr tiefere Tauchg\u00e4nge, fernab vom Tageslicht und einem Ausgang, mehrfach Redundanz bei den \u00fcberlebenswichtigen Teilen der Ausr\u00fcstung und den Risiken angepasste Tauchfertigkeiten. Diese kann man sich in H\u00f6hlentauch-Ausbildungen aneignen. Das Betauchen von H\u00f6hlen ist oft genehmigungspflichtig, da es oftmals mit gro\u00dfen Gefahren f\u00fcr die Taucher als auch f\u00fcr die H\u00f6hle, die besch\u00e4digt werden k\u00f6nnte, verbunden ist.[\/vc_column_text][\/vc_column][vc_column width=&#8220;1\/2&#8243;][vc_single_image image=&#8220;3346&#8243; img_size=&#8220;500&#215;300&#8243; alignment=&#8220;right&#8220;][\/vc_column][\/vc_row][vc_row][vc_column width=&#8220;1\/2&#8243;][vc_single_image image=&#8220;3345&#8243; img_size=&#8220;500&#215;300&#8243; css=&#8220;.vc_custom_1510402137422{padding-bottom: 15px !important;}&#8220;][\/vc_column][vc_column width=&#8220;1\/2&#8243;][vc_custom_heading text=&#8220;Das Wesentliche in K\u00fcrze&#8220; font_container=&#8220;tag:h3|text_align:left&#8220; google_fonts=&#8220;font_family:Roboto%3A100%2C100italic%2C300%2C300italic%2Cregular%2Citalic%2C500%2C500italic%2C700%2C700italic%2C900%2C900italic|font_style:400%20regular%3A400%3Anormal&#8220;][vc_separator color=&#8220;blue&#8220; border_width=&#8220;2&#8243; css=&#8220;.vc_custom_1508333739153{padding-bottom: 15px !important;}&#8220;][vc_column_text]Einf\u00fchrung zur H\u00f6hlenentstehung<br \/>\nWas ist H\u00f6hlentauchen<br \/>\n10 Empfehlungen zum sicheren H\u00f6hlentauchen<br \/>\nDie 5 wichtigsten H\u00f6hlentauchregeln<br \/>\nDas Sicherheitskonzept der CMAS<br \/>\nH\u00f6hlenschutz \/ SGH<br \/>\nDie Kursregeln von Swiss Cave Diving[\/vc_column_text][\/vc_column][\/vc_row][vc_row css=&#8220;.vc_custom_1508436889449{background-color: #cccccc !important;}&#8220;][vc_column width=&#8220;1\/2&#8243; css=&#8220;.vc_custom_1508936727270{margin-right: 30px !important;padding-right: 30px !important;}&#8220;][vc_custom_heading text=&#8220;Techniken H\u00f6hlentauchen&#8220; font_container=&#8220;tag:h3|text_align:left&#8220; google_fonts=&#8220;font_family:Roboto%3A100%2C100italic%2C300%2C300italic%2Cregular%2Citalic%2C500%2C500italic%2C700%2C700italic%2C900%2C900italic|font_style:400%20regular%3A400%3Anormal&#8220; css=&#8220;.vc_custom_1509882080389{padding-bottom: 10px !important;}&#8220;][vc_separator color=&#8220;blue&#8220; border_width=&#8220;2&#8243; css=&#8220;.vc_custom_1508951036212{padding-right: 30px !important;padding-bottom: 15px !important;}&#8220;][vc_column_text]Flossentechnik<br \/>\nSchwimmlage\u00a0und\u00a0Armbewegungen<br \/>\nAbtauchen<br \/>\nAtmung[\/vc_column_text][\/vc_column][vc_column width=&#8220;1\/2&#8243;][vc_single_image image=&#8220;3347&#8243; img_size=&#8220;500&#215;300&#8243; alignment=&#8220;right&#8220;][\/vc_column][\/vc_row][vc_row][vc_column width=&#8220;1\/2&#8243;][vc_single_image image=&#8220;3349&#8243; img_size=&#8220;500&#215;300&#8243; css=&#8220;.vc_custom_1510402267116{padding-bottom: 15px !important;}&#8220;][\/vc_column][vc_column width=&#8220;1\/2&#8243;][vc_custom_heading text=&#8220;Notfallma\u00dfnahmen&#8220; font_container=&#8220;tag:h3|text_align:left&#8220; google_fonts=&#8220;font_family:Roboto%3A100%2C100italic%2C300%2C300italic%2Cregular%2Citalic%2C500%2C500italic%2C700%2C700italic%2C900%2C900italic|font_style:400%20regular%3A400%3Anormal&#8220; css=&#8220;.vc_custom_1508334796966{padding-bottom: 10px !important;}&#8220;][vc_separator color=&#8220;blue&#8220; border_width=&#8220;2&#8243; css=&#8220;.vc_custom_1508333739153{padding-bottom: 15px !important;}&#8220;][vc_column_text]F\u00fcr den Fall der F\u00e4lle:<br \/>\nDas Notfallblatt<br \/>\nNotfall-Management<br \/>\nDAN Ma\u00dfnahmen-Checkliste<br \/>\nDAN-Neurocheck[\/vc_column_text][\/vc_column][\/vc_row][vc_row css=&#8220;.vc_custom_1508436872900{background-color: #cccccc !important;}&#8220;][vc_column width=&#8220;1\/2&#8243; css=&#8220;.vc_custom_1508936166401{padding-right: 30px !important;}&#8220;][vc_custom_heading text=&#8220;News H\u00f6hlentauchen&#8220; font_container=&#8220;tag:h3|text_align:left&#8220; google_fonts=&#8220;font_family:Roboto%3A100%2C100italic%2C300%2C300italic%2Cregular%2Citalic%2C500%2C500italic%2C700%2C700italic%2C900%2C900italic|font_style:400%20regular%3A400%3Anormal&#8220; css=&#8220;.vc_custom_1509882377165{padding-bottom: 10px !important;}&#8220;][vc_separator color=&#8220;blue&#8220; border_width=&#8220;2&#8243; css=&#8220;.vc_custom_1508333739153{padding-bottom: 15px !important;}&#8220;][vc_basic_grid post_type=&#8220;post&#8220; max_items=&#8220;3&#8243; gap=&#8220;10&#8243; order=&#8220;ASC&#8220; item=&#8220;basicGrid_NoAnimation&#8220; grid_id=&#8220;vc_gid:1510402042062-bdaf0563c738555b0ac450a07930e228-5&#8243; taxonomies=&#8220;13&#8243; css=&#8220;.vc_custom_1510402294687{padding-bottom: 15px !important;}&#8220;][\/vc_column][vc_column width=&#8220;1\/2&#8243; css=&#8220;.vc_custom_1508936158116{padding-left: 30px !important;}&#8220;][vc_custom_heading text=&#8220;Eindr\u00fccke H\u00f6hlentachen&#8220; font_container=&#8220;tag:h3|text_align:left&#8220; google_fonts=&#8220;font_family:Roboto%3A100%2C100italic%2C300%2C300italic%2Cregular%2Citalic%2C500%2C500italic%2C700%2C700italic%2C900%2C900italic|font_style:400%20regular%3A400%3Anormal&#8220; css=&#8220;.vc_custom_1509882438450{padding-bottom: 10px !important;}&#8220;][vc_separator color=&#8220;blue&#8220; border_width=&#8220;2&#8243; css=&#8220;.vc_custom_1508333739153{padding-bottom: 15px !important;}&#8220;][vc_video link=&#8220;https:\/\/youtu.be\/QjR48qyD4Ew&#8220;][\/vc_column][\/vc_row][vc_row][vc_column width=&#8220;1\/2&#8243; css=&#8220;.vc_custom_1508936202728{padding-right: 30px !important;}&#8220;][vc_custom_heading text=&#8220;Tauchtauglichkeit&#8220; font_container=&#8220;tag:h3|text_align:left&#8220; google_fonts=&#8220;font_family:Roboto%3A100%2C100italic%2C300%2C300italic%2Cregular%2Citalic%2C500%2C500italic%2C700%2C700italic%2C900%2C900italic|font_style:400%20regular%3A400%3Anormal&#8220; css=&#8220;.vc_custom_1509882340465{padding-bottom: 10px !important;}&#8220;][vc_separator color=&#8220;blue&#8220; border_width=&#8220;2&#8243; css=&#8220;.vc_custom_1508951322824{padding-right: 30px !important;padding-bottom: 15px !important;}&#8220;][vc_column_text]Grundlagen (Anforderungen)<br \/>\nUntersuchungsbogen (Kontrolluntersuch)<br \/>\nTauglichkeitsattest<br \/>\nStabile Psyche<br \/>\nAd\u00e4quate Ausbildung<br \/>\n[\/vc_column_text][\/vc_column][vc_column width=&#8220;1\/2&#8243;][vc_single_image image=&#8220;2436&#8243; img_size=&#8220;500&#215;300&#8243; alignment=&#8220;right&#8220;][\/vc_column][\/vc_row][vc_row css=&#8220;.vc_custom_1508436856718{background-color: #cccccc !important;}&#8220;][vc_column width=&#8220;1\/2&#8243;][vc_single_image image=&#8220;3350&#8243; img_size=&#8220;500&#215;300&#8243; css=&#8220;.vc_custom_1510402374228{padding-bottom: 15px !important;}&#8220;][\/vc_column][vc_column width=&#8220;1\/2&#8243;][vc_custom_heading text=&#8220;Tauchequipment H\u00f6hlentauchen&#8220; font_container=&#8220;tag:h3|text_align:left&#8220; google_fonts=&#8220;font_family:Roboto%3A100%2C100italic%2C300%2C300italic%2Cregular%2Citalic%2C500%2C500italic%2C700%2C700italic%2C900%2C900italic|font_style:400%20regular%3A400%3Anormal&#8220; css=&#8220;.vc_custom_1509882205470{padding-bottom: 10px !important;}&#8220;][vc_separator color=&#8220;blue&#8220; border_width=&#8220;2&#8243; css=&#8220;.vc_custom_1508333739153{padding-bottom: 15px !important;}&#8220;][vc_column_text]Redundanz<br \/>\nDie 3L-Regel und Gas-Management<br \/>\nH\u00f6hlentauchmaterial<br \/>\nAusgew\u00e4hlte Ausr\u00fcstungskomponenten<br \/>\n[\/vc_column_text][\/vc_column][\/vc_row][vc_row css=&#8220;.vc_custom_1509883051263{padding-left: 25px !important;}&#8220;][vc_column width=&#8220;1\/2&#8243; css=&#8220;.vc_custom_1509883038910{padding-right: 25px !important;}&#8220;][vc_custom_heading text=&#8220;Biospel\u00e4ologie&#8220; font_container=&#8220;tag:h3|text_align:left&#8220; google_fonts=&#8220;font_family:Roboto%3A100%2C100italic%2C300%2C300italic%2Cregular%2Citalic%2C500%2C500italic%2C700%2C700italic%2C900%2C900italic|font_style:400%20regular%3A400%3Anormal&#8220; css=&#8220;.vc_custom_1509882481364{padding-bottom: 10px !important;}&#8220;][vc_separator color=&#8220;blue&#8220; border_width=&#8220;2&#8243; css=&#8220;.vc_custom_1508951900078{padding-right: 60px !important;padding-bottom: 15px !important;}&#8220;][vc_column_text css=&#8220;.vc_custom_1510402402070{padding-bottom: 15px !important;}&#8220;]H\u00f6hlentaucher sollten gute Beobachter sein, wenn sie die meist kleinen Bewohner bemerken wollen. Ihre geringe Gr\u00f6\u00dfe wird meist mit dem begrenzten Nahrungsaufkommen im Untergrund in Zusammenhang gebracht.<br \/>\nIn diesem faszinerenden Forschungsgebiet der H\u00f6hlenzoologie besteht noch immer die M\u00f6glichkeit neue Arten zu entdecken, da so wenig \u00fcber diese speziellen Grundwasserbewohner bekannt ist.[\/vc_column_text][\/vc_column][vc_column width=&#8220;1\/2&#8243;][vc_custom_heading text=&#8220;UW-H\u00f6hlenvermessung&#8220; font_container=&#8220;tag:h3|text_align:left&#8220; google_fonts=&#8220;font_family:Roboto%3A100%2C100italic%2C300%2C300italic%2Cregular%2Citalic%2C500%2C500italic%2C700%2C700italic%2C900%2C900italic|font_style:400%20regular%3A400%3Anormal&#8220; css=&#8220;.vc_custom_1509882548557{padding-bottom: 10px !important;}&#8220;][vc_separator color=&#8220;blue&#8220; border_width=&#8220;2&#8243; css=&#8220;.vc_custom_1508951911960{padding-bottom: 15px !important;padding-left: 00px !important;}&#8220;][vc_column_text]Das Vermessen von H\u00f6hlen dient dem besseren Verst\u00e4ndnis und der geologischen Einordnung des Karstobjektes und ist Teil der allgemeinen H\u00f6hlendokumentation. Der H\u00f6hlenplan ist ein wichtiges Dokument und sollte von allen H\u00f6hlenforschern gelesen und verstanden werden. Er beschreibt die H\u00f6hle mit ihren Inhalten. Eine H\u00f6hle kann so direkt mit anderen H\u00f6hlen verglichen werden. Eine m\u00f6glichst exakte Zeichnung der H\u00f6hle stellt meist die erste und wichtigste Arbeitsgrundlage f\u00fcr weitere Betrachtungen und Aussagen in den verwandten Gebieten der Spel\u00e4ologie wie zum Beispiel der Geologie, Hydrologie, Biospel\u00e4ologie, Arch\u00e4ologie und der Pal\u00e4ontologie dar. Des Weiteren sind H\u00f6hlenpl\u00e4ne wichtige Grundlagen f\u00fcr schnelle und effektive Rettungseins\u00e4tze bei H\u00f6hlenunf\u00e4llen.[\/vc_column_text][\/vc_column][\/vc_row]<\/p>\n<\/div>","protected":false},"excerpt":{"rendered":"<p>[vc_row][vc_column][vc_column_text] Warum H\u00f6hlentauchen? Das H\u00f6hlentauchen gilt als eine der risikoreichsten Sportarten \u00fcberhaupt. Sobald der &#8222;Spel\u00e4onaut&#8220; die bekannte Welt hinter sich gelassen hat, ist er vollkommen auf sich allein gestellt: Dunkelheit, K\u00e4lte und streckenweise katastrophale Sichtverh\u00e4ltnisse s\u00e4umen den abenteuerlichen Weg zu unbekannten Tropfsteinh\u00f6hlen, Grotten und sagenhaften Unterwasserwelten. Das H\u00f6hlentauchen ist eine besondere Variante des Tauchsports, die [&hellip;]<\/p>\n","protected":false},"author":76,"featured_media":0,"parent":0,"menu_order":0,"comment_status":"closed","ping_status":"open","template":"entrada_templates\/layout-visual-composer-default.php","meta":{"footnotes":""},"class_list":["post-546","page","type-page","status-publish","hentry"],"yoast_head":"<!-- This site is optimized with the Yoast SEO plugin v26.9 - https:\/\/yoast.com\/product\/yoast-seo-wordpress\/ -->\n<title>H\u00f6hlentauchen - 23spots-divers01<\/title>\n<meta name=\"robots\" content=\"noindex, follow, max-snippet:-1, max-image-preview:large, max-video-preview:-1\" \/>\n<meta property=\"og:locale\" content=\"de_DE\" \/>\n<meta property=\"og:type\" content=\"article\" \/>\n<meta property=\"og:title\" content=\"H\u00f6hlentauchen - 23spots-divers01\" \/>\n<meta property=\"og:description\" content=\"[vc_row][vc_column][vc_column_text] Warum H\u00f6hlentauchen? Das H\u00f6hlentauchen gilt als eine der risikoreichsten Sportarten \u00fcberhaupt. Sobald der &#8222;Spel\u00e4onaut&#8220; die bekannte Welt hinter sich gelassen hat, ist er vollkommen auf sich allein gestellt: Dunkelheit, K\u00e4lte und streckenweise katastrophale Sichtverh\u00e4ltnisse s\u00e4umen den abenteuerlichen Weg zu unbekannten Tropfsteinh\u00f6hlen, Grotten und sagenhaften Unterwasserwelten. Das H\u00f6hlentauchen ist eine besondere Variante des Tauchsports, die [&hellip;]\" \/>\n<meta property=\"og:url\" content=\"https:\/\/23spots.com\/23spots-divers01\/hoehlentauchen\/\" \/>\n<meta property=\"og:site_name\" content=\"23spots-divers01\" \/>\n<meta property=\"article:modified_time\" content=\"2017-11-11T12:16:34+00:00\" \/>\n<meta name=\"twitter:card\" content=\"summary_large_image\" \/>\n<meta name=\"twitter:label1\" content=\"Gesch\u00e4tzte Lesezeit\" \/>\n\t<meta name=\"twitter:data1\" content=\"7\u00a0Minuten\" \/>\n<script type=\"application\/ld+json\" class=\"yoast-schema-graph\">{\"@context\":\"https:\/\/schema.org\",\"@graph\":[{\"@type\":\"WebPage\",\"@id\":\"https:\/\/23spots.com\/23spots-divers01\/hoehlentauchen\/\",\"url\":\"https:\/\/23spots.com\/23spots-divers01\/hoehlentauchen\/\",\"name\":\"H\u00f6hlentauchen - 23spots-divers01\",\"isPartOf\":{\"@id\":\"https:\/\/23spots.com\/23spots-divers01\/#website\"},\"datePublished\":\"2013-09-01T14:51:58+00:00\",\"dateModified\":\"2017-11-11T12:16:34+00:00\",\"breadcrumb\":{\"@id\":\"https:\/\/23spots.com\/23spots-divers01\/hoehlentauchen\/#breadcrumb\"},\"inLanguage\":\"de\",\"potentialAction\":[{\"@type\":\"ReadAction\",\"target\":[\"https:\/\/23spots.com\/23spots-divers01\/hoehlentauchen\/\"]}]},{\"@type\":\"BreadcrumbList\",\"@id\":\"https:\/\/23spots.com\/23spots-divers01\/hoehlentauchen\/#breadcrumb\",\"itemListElement\":[{\"@type\":\"ListItem\",\"position\":1,\"name\":\"Startseite\",\"item\":\"https:\/\/23spots.com\/23spots-divers01\/\"},{\"@type\":\"ListItem\",\"position\":2,\"name\":\"H\u00f6hlentauchen\"}]},{\"@type\":\"WebSite\",\"@id\":\"https:\/\/23spots.com\/23spots-divers01\/#website\",\"url\":\"https:\/\/23spots.com\/23spots-divers01\/\",\"name\":\"23spots-divers01\",\"description\":\"Tauchenreisen, Tauchkurse, Tauchausr\u00fcstung\",\"potentialAction\":[{\"@type\":\"SearchAction\",\"target\":{\"@type\":\"EntryPoint\",\"urlTemplate\":\"https:\/\/23spots.com\/23spots-divers01\/?s={search_term_string}\"},\"query-input\":{\"@type\":\"PropertyValueSpecification\",\"valueRequired\":true,\"valueName\":\"search_term_string\"}}],\"inLanguage\":\"de\"}]}<\/script>\n<!-- \/ Yoast SEO plugin. -->","yoast_head_json":{"title":"H\u00f6hlentauchen - 23spots-divers01","robots":{"index":"noindex","follow":"follow","max-snippet":"max-snippet:-1","max-image-preview":"max-image-preview:large","max-video-preview":"max-video-preview:-1"},"og_locale":"de_DE","og_type":"article","og_title":"H\u00f6hlentauchen - 23spots-divers01","og_description":"[vc_row][vc_column][vc_column_text] Warum H\u00f6hlentauchen? Das H\u00f6hlentauchen gilt als eine der risikoreichsten Sportarten \u00fcberhaupt. Sobald der &#8222;Spel\u00e4onaut&#8220; die bekannte Welt hinter sich gelassen hat, ist er vollkommen auf sich allein gestellt: Dunkelheit, K\u00e4lte und streckenweise katastrophale Sichtverh\u00e4ltnisse s\u00e4umen den abenteuerlichen Weg zu unbekannten Tropfsteinh\u00f6hlen, Grotten und sagenhaften Unterwasserwelten. Das H\u00f6hlentauchen ist eine besondere Variante des Tauchsports, die [&hellip;]","og_url":"https:\/\/23spots.com\/23spots-divers01\/hoehlentauchen\/","og_site_name":"23spots-divers01","article_modified_time":"2017-11-11T12:16:34+00:00","twitter_card":"summary_large_image","twitter_misc":{"Gesch\u00e4tzte Lesezeit":"7\u00a0Minuten"},"schema":{"@context":"https:\/\/schema.org","@graph":[{"@type":"WebPage","@id":"https:\/\/23spots.com\/23spots-divers01\/hoehlentauchen\/","url":"https:\/\/23spots.com\/23spots-divers01\/hoehlentauchen\/","name":"H\u00f6hlentauchen - 23spots-divers01","isPartOf":{"@id":"https:\/\/23spots.com\/23spots-divers01\/#website"},"datePublished":"2013-09-01T14:51:58+00:00","dateModified":"2017-11-11T12:16:34+00:00","breadcrumb":{"@id":"https:\/\/23spots.com\/23spots-divers01\/hoehlentauchen\/#breadcrumb"},"inLanguage":"de","potentialAction":[{"@type":"ReadAction","target":["https:\/\/23spots.com\/23spots-divers01\/hoehlentauchen\/"]}]},{"@type":"BreadcrumbList","@id":"https:\/\/23spots.com\/23spots-divers01\/hoehlentauchen\/#breadcrumb","itemListElement":[{"@type":"ListItem","position":1,"name":"Startseite","item":"https:\/\/23spots.com\/23spots-divers01\/"},{"@type":"ListItem","position":2,"name":"H\u00f6hlentauchen"}]},{"@type":"WebSite","@id":"https:\/\/23spots.com\/23spots-divers01\/#website","url":"https:\/\/23spots.com\/23spots-divers01\/","name":"23spots-divers01","description":"Tauchenreisen, Tauchkurse, Tauchausr\u00fcstung","potentialAction":[{"@type":"SearchAction","target":{"@type":"EntryPoint","urlTemplate":"https:\/\/23spots.com\/23spots-divers01\/?s={search_term_string}"},"query-input":{"@type":"PropertyValueSpecification","valueRequired":true,"valueName":"search_term_string"}}],"inLanguage":"de"}]}},"_links":{"self":[{"href":"https:\/\/23spots.com\/23spots-divers01\/wp-json\/wp\/v2\/pages\/546","targetHints":{"allow":["GET"]}}],"collection":[{"href":"https:\/\/23spots.com\/23spots-divers01\/wp-json\/wp\/v2\/pages"}],"about":[{"href":"https:\/\/23spots.com\/23spots-divers01\/wp-json\/wp\/v2\/types\/page"}],"author":[{"embeddable":true,"href":"https:\/\/23spots.com\/23spots-divers01\/wp-json\/wp\/v2\/users\/76"}],"replies":[{"embeddable":true,"href":"https:\/\/23spots.com\/23spots-divers01\/wp-json\/wp\/v2\/comments?post=546"}],"version-history":[{"count":5,"href":"https:\/\/23spots.com\/23spots-divers01\/wp-json\/wp\/v2\/pages\/546\/revisions"}],"predecessor-version":[{"id":3604,"href":"https:\/\/23spots.com\/23spots-divers01\/wp-json\/wp\/v2\/pages\/546\/revisions\/3604"}],"wp:attachment":[{"href":"https:\/\/23spots.com\/23spots-divers01\/wp-json\/wp\/v2\/media?parent=546"}],"curies":[{"name":"wp","href":"https:\/\/api.w.org\/{rel}","templated":true}]}}