{"id":550,"date":"2013-09-01T17:22:02","date_gmt":"2013-09-01T15:22:02","guid":{"rendered":"https:\/\/23spotsgroup.com\/23spotsdiving\/?page_id=550"},"modified":"2022-11-14T22:03:42","modified_gmt":"2022-11-14T21:03:42","slug":"ratgeber-wracktauchen","status":"publish","type":"page","link":"https:\/\/23spots.com\/23spots-divers01\/ratgeber-wracktauchen\/","title":{"rendered":"Wracktauchen"},"content":{"rendered":"<div class=\"wpb-content-wrapper\"><p>[vc_row][vc_column][vc_column_text]<\/p>\n<h3>Wracktauchen &#8211; dem Mysterium auf der Spur<\/h3>\n<p>Eigentlich ein eher trauriges Kapitel beim Bereich des Tauchsports, wenn man es aber einmal richtig betrachtet, ist dieses Thema extrem spannend. Leider sind mit den untergegangenen Schiffen immer menschliche Trag\u00f6dien verbunden, abgesehen von speziell versenkten, ausgedienten P\u00f6tten, die dem Tourismus dienen. Wracks sind \u00fcberall zu finden: in Seen, Fl\u00fcssen und Meeren. Weltweit, sogar in Deutschland im Bodensee oder in einigen Schweizer Seen. Pl\u00e4tze, an welchen viele Wracks liegen, werden daher &#8222;liebevoll&#8220; als Schiffsfriedh\u00f6fe bezeichnet. Meist sind diese Pl\u00e4tze wettertechnisch extrem gef\u00e4hrliche Reviere wie z. B. das Kap Horn oder das Kap der Guten Hoffnung. Oftmals hat es dort die Schiffe durch Wind und Wellen meist so zerbr\u00f6selt, dass es meistens nur \u201eWrackmente\u201c sind. Weltweit bekannte Tauchpl\u00e4tze sind Scapa Flow, Truk Lagoon, Guadalcanal, das Rote Meer, S\u00fcdfrankreich, Kroatien, Aland aber auch Wracks in Norwegen. An diesen gesunkenen und ruhenden Riesen nagt der Zahn der Zeit geh\u00f6rig. Tief in Wracks einzudringen bedarf einer sorgf\u00e4ltigen Planung und Ausr\u00fcstung, eine spezielle Ausbildung ist unabdingbare Voraussetzung.[\/vc_column_text][\/vc_column][\/vc_row][vc_row css=&#8220;.vc_custom_1508917160673{padding-left: 10px !important;background-color: #cccccc !important;}&#8220;][vc_column width=&#8220;1\/2&#8243; css=&#8220;.vc_custom_1508917398592{padding-right: 30px !important;}&#8220;][vc_custom_heading text=&#8220;B\u00fccher zum Thema Wracktauchen&#8220; font_container=&#8220;tag:h3|text_align:left&#8220; google_fonts=&#8220;font_family:Roboto%3A100%2C100italic%2C300%2C300italic%2Cregular%2Citalic%2C500%2C500italic%2C700%2C700italic%2C900%2C900italic|font_style:400%20regular%3A400%3Anormal&#8220; css=&#8220;.vc_custom_1509392029375{padding-bottom: 10px !important;}&#8220;][vc_separator color=&#8220;blue&#8220; border_width=&#8220;2&#8243; css=&#8220;.vc_custom_1508333739153{padding-bottom: 15px !important;}&#8220;][vc_column_text]Wracktauchen: <a href=\"https:\/\/www.amazon.de\/Sch\u00e4tze-auf-dem-Meeresgrund-Schatzsucher\/dp\/3850033295\/ref=sr_1_1?s=digital-text&amp;ie=UTF8&amp;qid=1509392981&amp;sr=8-1&amp;keywords=Sch\u00e4tze+auf+dem+Meeresgrund%3A+Atlas+versunkener+Schiffe\" target=\"_blank\" rel=\"noopener\">Sch\u00e4tze auf dem Meeresgrund: Atlas versunkener Schiffe<\/a><br \/>\nWracktauchen: <a href=\"https:\/\/www.amazon.de\/Tauchreisef\u00fchrer-Ostsee-L\u00fcbecker-Spezialteil-Wracktauchen\/dp\/3440095630\/ref=sr_1_1?s=digital-text&amp;ie=UTF8&amp;qid=1509392948&amp;sr=8-1&amp;keywords=Tauchreisef\u00fchrer+Ostsee%3A+Von+Als+bis+L\u00fcbecker+Bucht\" target=\"_blank\" rel=\"noopener\">Tauchreisef\u00fchrer Ostsee: Von Als bis L\u00fcbecker Bucht<\/a><br \/>\nWracktauchen: <a href=\"https:\/\/www.amazon.de\/Titanic-gr\u00f6\u00dfte-Schiff-unterging-gefunden\/dp\/B008FOJ0OU\/ref=sr_1_2?s=digital-text&amp;ie=UTF8&amp;qid=1509392880&amp;sr=8-2&amp;keywords=Die+Suche+nach+der+Titanic.+Wie+das+gr\u00f6\u00dfte+Schiff%2C+das+je\" target=\"_blank\" rel=\"noopener\">Die Suche nach der Titanic. Wie das gr\u00f6\u00dfte Schiff, das je unterging, gefunden wurde<\/a><br \/>\nWracktauchen: <a href=\"https:\/\/www.amazon.de\/Schiff-Arch\u00e4ologische-Expeditionen-Vorwort-Missfeldt\/dp\/B00PX96J6C\/ref=sr_1_2?s=digital-text&amp;ie=UTF8&amp;qid=1509392843&amp;sr=8-2&amp;keywords=Es+war+einmal+ein+Schiff%3A+Arch\u00e4ologische+Expeditionen\" target=\"_blank\" rel=\"noopener\">Es war einmal ein Schiff: Arch\u00e4ologische Expeditionen<\/a><br \/>\nWracktauchen: <a href=\"https:\/\/www.amazon.de\/Sog-Tiefe-Geheimnis-Unionsverlag-Taschenb\u00fccher\/dp\/3293206018\/ref=sr_1_fkmr0_2?s=digital-text&amp;ie=UTF8&amp;qid=1509392599&amp;sr=8-2-fkmr0&amp;keywords=Im+Sog+der+Tiefe%3A+Wie+zwei+Taucher+das+R\u00e4tsel+um+ein+verschollenes+deutsches+U-Boot+l\u00f6sten\" target=\"_blank\" rel=\"noopener\">Im Sog der Tiefe: Wie zwei Taucher das R\u00e4tsel um das Geheimnis der U-86<\/a><br \/>\n[\/vc_column_text][\/vc_column][vc_column width=&#8220;1\/2&#8243;][vc_single_image image=&#8220;3264&#8243; img_size=&#8220;500&#215;300&#8243; alignment=&#8220;right&#8220;][\/vc_column][\/vc_row][vc_row][vc_column width=&#8220;1\/2&#8243;][vc_single_image image=&#8220;3266&#8243; img_size=&#8220;500&#215;300&#8243; css=&#8220;.vc_custom_1510404940693{padding-bottom: 15px !important;}&#8220;][\/vc_column][vc_column width=&#8220;1\/2&#8243;][vc_custom_heading text=&#8220;Notfallma\u00dfnahmen&#8220; font_container=&#8220;tag:h3|text_align:left&#8220; google_fonts=&#8220;font_family:Roboto%3A100%2C100italic%2C300%2C300italic%2Cregular%2Citalic%2C500%2C500italic%2C700%2C700italic%2C900%2C900italic|font_style:400%20regular%3A400%3Anormal&#8220;][vc_separator color=&#8220;blue&#8220; border_width=&#8220;2&#8243; css=&#8220;.vc_custom_1508333739153{padding-bottom: 15px !important;}&#8220;][vc_column_text]F\u00fcr den Fall der F\u00e4lle: Das Notfallblatt<br \/>\nNotfall-Management<br \/>\nDAN Ma\u00dfnahmen-Checkliste<br \/>\nDAN-Neurocheck[\/vc_column_text][\/vc_column][\/vc_row][vc_row css=&#8220;.vc_custom_1508436889449{background-color: #cccccc !important;}&#8220;][vc_column width=&#8220;1\/2&#8243; css=&#8220;.vc_custom_1508936727270{margin-right: 30px !important;padding-right: 30px !important;}&#8220;][vc_custom_heading text=&#8220;Penetration&#8220; font_container=&#8220;tag:h3|text_align:left&#8220; google_fonts=&#8220;font_family:Roboto%3A100%2C100italic%2C300%2C300italic%2Cregular%2Citalic%2C500%2C500italic%2C700%2C700italic%2C900%2C900italic|font_style:400%20regular%3A400%3Anormal&#8220; css=&#8220;.vc_custom_1509393153261{padding-bottom: 10px !important;}&#8220;][vc_separator color=&#8220;blue&#8220; border_width=&#8220;2&#8243; css=&#8220;.vc_custom_1508951036212{padding-right: 30px !important;padding-bottom: 15px !important;}&#8220;][vc_column_text]Das Hineintauchen in ein Wrack wird auch als Penetration bezeichnet. Bei der Penetration wird das Wrackinnere betaucht was gleichzeigt ein atemberaubendes Abenteuer ist, aber auch eine gewisse Gefahr mit sich bringt. Daher sollte man beim Betauchen immer eine Sicherungsleine mit sich f\u00fchren, um wieder aus einem Wrack herauszukommen.[\/vc_column_text][\/vc_column][vc_column width=&#8220;1\/2&#8243;][vc_single_image image=&#8220;3265&#8243; img_size=&#8220;500&#215;300&#8243; alignment=&#8220;right&#8220;][\/vc_column][\/vc_row][vc_row][vc_column width=&#8220;1\/2&#8243;][vc_single_image image=&#8220;3263&#8243; img_size=&#8220;500&#215;300&#8243; css=&#8220;.vc_custom_1510405043226{padding-bottom: 15px !important;}&#8220;][\/vc_column][vc_column width=&#8220;1\/2&#8243;][vc_custom_heading text=&#8220;Das Wesentliche in K\u00fcrze&#8220; font_container=&#8220;tag:h3|text_align:left&#8220; google_fonts=&#8220;font_family:Roboto%3A100%2C100italic%2C300%2C300italic%2Cregular%2Citalic%2C500%2C500italic%2C700%2C700italic%2C900%2C900italic|font_style:400%20regular%3A400%3Anormal&#8220; css=&#8220;.vc_custom_1509393297652{padding-bottom: 10px !important;}&#8220;][vc_separator color=&#8220;blue&#8220; border_width=&#8220;2&#8243; css=&#8220;.vc_custom_1508333739153{padding-bottom: 15px !important;}&#8220;][vc_column_text]<a href=\"https:\/\/23spotsdivers.com\/wracktauchen-3\/was-ist-wracktauchen\/\">Was ist Wracktauchen<\/a><br \/>\n<a href=\"https:\/\/23spotsdivers.com\/wracktauchen-3\/gefahren-beim-wracktauchen\/\">Gefahren beim Wracktauchen<\/a><br \/>\n<a href=\"https:\/\/23spotsdivers.com\/wracktauchen-3\/warum-wracktauchen\/\">Warum Wracktauchen<\/a><br \/>\n<a href=\"https:\/\/23spotsdivers.com\/wracktauchen-3\/organisation_von_wracktauchgaengen\/\">Organisation von Wracktauchg\u00e4ngen<\/a>[\/vc_column_text][\/vc_column][\/vc_row][vc_row css=&#8220;.vc_custom_1508436872900{background-color: #cccccc !important;}&#8220;][vc_column width=&#8220;1\/2&#8243; css=&#8220;.vc_custom_1508936166401{padding-right: 30px !important;}&#8220;][vc_custom_heading text=&#8220;News Wracktauchen&#8220; font_container=&#8220;tag:h3|text_align:left&#8220; google_fonts=&#8220;font_family:Roboto%3A100%2C100italic%2C300%2C300italic%2Cregular%2Citalic%2C500%2C500italic%2C700%2C700italic%2C900%2C900italic|font_style:400%20regular%3A400%3Anormal&#8220; css=&#8220;.vc_custom_1509393401831{padding-bottom: 10px !important;}&#8220;][vc_separator color=&#8220;blue&#8220; border_width=&#8220;2&#8243; css=&#8220;.vc_custom_1508333739153{padding-bottom: 15px !important;}&#8220;][vc_basic_grid post_type=&#8220;post&#8220; max_items=&#8220;3&#8243; gap=&#8220;10&#8243; order=&#8220;ASC&#8220; item=&#8220;basicGrid_NoAnimation&#8220; grid_id=&#8220;vc_gid:1515576623095-008ed14b-51de-9&#8243; taxonomies=&#8220;13&#8243; css=&#8220;.vc_custom_1510405065739{padding-bottom: 15px !important;}&#8220;][\/vc_column][vc_column width=&#8220;1\/2&#8243; css=&#8220;.vc_custom_1508936158116{padding-left: 30px !important;}&#8220;][vc_custom_heading text=&#8220;Eindr\u00fccke Wracktauchen&#8220; font_container=&#8220;tag:h3|text_align:left&#8220; google_fonts=&#8220;font_family:Roboto%3A100%2C100italic%2C300%2C300italic%2Cregular%2Citalic%2C500%2C500italic%2C700%2C700italic%2C900%2C900italic|font_style:400%20regular%3A400%3Anormal&#8220; css=&#8220;.vc_custom_1509393471818{padding-bottom: 10px !important;}&#8220;][vc_separator color=&#8220;blue&#8220; border_width=&#8220;2&#8243; css=&#8220;.vc_custom_1508333739153{padding-bottom: 15px !important;}&#8220;][vc_video link=&#8220;https:\/\/youtu.be\/9YfhbJ9naoc&#8220;][\/vc_column][\/vc_row][vc_row css=&#8220;.vc_custom_1508436856718{background-color: #cccccc !important;}&#8220;][vc_column width=&#8220;1\/2&#8243;][vc_single_image image=&#8220;3268&#8243; img_size=&#8220;500&#215;300&#8243; css=&#8220;.vc_custom_1510405129590{padding-bottom: 15px !important;}&#8220;][\/vc_column][vc_column width=&#8220;1\/2&#8243;][vc_custom_heading text=&#8220;Die Tauchtauglichkeit&#8220; font_container=&#8220;tag:h3|text_align:left&#8220; google_fonts=&#8220;font_family:Roboto%3A100%2C100italic%2C300%2C300italic%2Cregular%2Citalic%2C500%2C500italic%2C700%2C700italic%2C900%2C900italic|font_style:400%20regular%3A400%3Anormal&#8220; css=&#8220;.vc_custom_1509393522559{padding-bottom: 10px !important;}&#8220;][vc_separator color=&#8220;blue&#8220; border_width=&#8220;2&#8243; css=&#8220;.vc_custom_1508333739153{padding-bottom: 15px !important;}&#8220;][vc_column_text]Grundlagen (Anforderungen)<br \/>\nUntersuchungsbogen (Kontrolluntersuchung)<br \/>\nTauglichkeitsattest<br \/>\nStabile Psyche<br \/>\nAd\u00e4quate Ausbildung[\/vc_column_text][\/vc_column][\/vc_row][vc_row][vc_column width=&#8220;1\/2&#8243;][vc_custom_heading text=&#8220;Tauchequipment Wracktauchen&#8220; font_container=&#8220;tag:h3|text_align:left&#8220; google_fonts=&#8220;font_family:Roboto%3A100%2C100italic%2C300%2C300italic%2Cregular%2Citalic%2C500%2C500italic%2C700%2C700italic%2C900%2C900italic|font_style:400%20regular%3A400%3Anormal&#8220; css=&#8220;.vc_custom_1509393828592{padding-bottom: 10px !important;}&#8220;][vc_separator color=&#8220;blue&#8220; border_width=&#8220;2&#8243; css=&#8220;.vc_custom_1508951900078{padding-right: 60px !important;padding-bottom: 15px !important;}&#8220;][vc_column_text css=&#8220;.vc_custom_1510405151461{padding-bottom: 15px !important;}&#8220;]Standardausr\u00fcstung mit Besonderheiten<br \/>\nSich \u00fcber heimische Tiere informieren<br \/>\nUnterwasserkamera und Extra-Atemgas<br \/>\nSicherungsleine[\/vc_column_text][\/vc_column][vc_column width=&#8220;1\/2&#8243;][vc_custom_heading text=&#8220;Tauchtechnik Wracktauchen&#8220; font_container=&#8220;tag:h3|text_align:left&#8220; google_fonts=&#8220;font_family:Roboto%3A100%2C100italic%2C300%2C300italic%2Cregular%2Citalic%2C500%2C500italic%2C700%2C700italic%2C900%2C900italic|font_style:400%20regular%3A400%3Anormal&#8220; css=&#8220;.vc_custom_1509393880441{padding-bottom: 10px !important;}&#8220;][vc_separator color=&#8220;blue&#8220; border_width=&#8220;2&#8243; css=&#8220;.vc_custom_1508951911960{padding-bottom: 15px !important;padding-left: 00px !important;}&#8220;][vc_column_text]Ausbildung zum Wracktaucher<br \/>\nGefahren beim Wracktauchen<br \/>\nDer optimale Einstieg<br \/>\nDie Vorbereitung<br \/>\nDer Tauchgang<br \/>\nDer Abschied<br \/>\n[\/vc_column_text][\/vc_column][\/vc_row]<\/p>\n<\/div>","protected":false},"excerpt":{"rendered":"<p>[vc_row][vc_column][vc_column_text] Wracktauchen &#8211; dem Mysterium auf der Spur Eigentlich ein eher trauriges Kapitel beim Bereich des Tauchsports, wenn man es aber einmal richtig betrachtet, ist dieses Thema extrem spannend. Leider sind mit den untergegangenen Schiffen immer menschliche Trag\u00f6dien verbunden, abgesehen von speziell versenkten, ausgedienten P\u00f6tten, die dem Tourismus dienen. Wracks sind \u00fcberall zu finden: in [&hellip;]<\/p>\n","protected":false},"author":76,"featured_media":0,"parent":0,"menu_order":0,"comment_status":"closed","ping_status":"open","template":"entrada_templates\/layout-visual-composer-default.php","meta":{"footnotes":""},"class_list":["post-550","page","type-page","status-publish","hentry"],"yoast_head":"<!-- This site is optimized with the Yoast SEO plugin v26.9 - https:\/\/yoast.com\/product\/yoast-seo-wordpress\/ -->\n<title>Wracktauchen - 23spots-divers01<\/title>\n<meta name=\"robots\" content=\"noindex, follow, max-snippet:-1, max-image-preview:large, max-video-preview:-1\" \/>\n<meta property=\"og:locale\" content=\"de_DE\" \/>\n<meta property=\"og:type\" content=\"article\" \/>\n<meta property=\"og:title\" content=\"Wracktauchen - 23spots-divers01\" \/>\n<meta property=\"og:description\" content=\"[vc_row][vc_column][vc_column_text] Wracktauchen &#8211; dem Mysterium auf der Spur Eigentlich ein eher trauriges Kapitel beim Bereich des Tauchsports, wenn man es aber einmal richtig betrachtet, ist dieses Thema extrem spannend. Leider sind mit den untergegangenen Schiffen immer menschliche Trag\u00f6dien verbunden, abgesehen von speziell versenkten, ausgedienten P\u00f6tten, die dem Tourismus dienen. Wracks sind \u00fcberall zu finden: in [&hellip;]\" \/>\n<meta property=\"og:url\" content=\"https:\/\/23spots.com\/23spots-divers01\/ratgeber-wracktauchen\/\" \/>\n<meta property=\"og:site_name\" content=\"23spots-divers01\" \/>\n<meta property=\"article:modified_time\" content=\"2022-11-14T21:03:42+00:00\" \/>\n<meta name=\"twitter:card\" content=\"summary_large_image\" \/>\n<meta name=\"twitter:label1\" content=\"Gesch\u00e4tzte Lesezeit\" \/>\n\t<meta name=\"twitter:data1\" content=\"3\u00a0Minuten\" \/>\n<script type=\"application\/ld+json\" class=\"yoast-schema-graph\">{\"@context\":\"https:\/\/schema.org\",\"@graph\":[{\"@type\":\"WebPage\",\"@id\":\"https:\/\/23spots.com\/23spots-divers01\/ratgeber-wracktauchen\/\",\"url\":\"https:\/\/23spots.com\/23spots-divers01\/ratgeber-wracktauchen\/\",\"name\":\"Wracktauchen - 23spots-divers01\",\"isPartOf\":{\"@id\":\"https:\/\/23spots.com\/23spots-divers01\/#website\"},\"datePublished\":\"2013-09-01T15:22:02+00:00\",\"dateModified\":\"2022-11-14T21:03:42+00:00\",\"breadcrumb\":{\"@id\":\"https:\/\/23spots.com\/23spots-divers01\/ratgeber-wracktauchen\/#breadcrumb\"},\"inLanguage\":\"de\",\"potentialAction\":[{\"@type\":\"ReadAction\",\"target\":[\"https:\/\/23spots.com\/23spots-divers01\/ratgeber-wracktauchen\/\"]}]},{\"@type\":\"BreadcrumbList\",\"@id\":\"https:\/\/23spots.com\/23spots-divers01\/ratgeber-wracktauchen\/#breadcrumb\",\"itemListElement\":[{\"@type\":\"ListItem\",\"position\":1,\"name\":\"Startseite\",\"item\":\"https:\/\/23spots.com\/23spots-divers01\/\"},{\"@type\":\"ListItem\",\"position\":2,\"name\":\"Wracktauchen\"}]},{\"@type\":\"WebSite\",\"@id\":\"https:\/\/23spots.com\/23spots-divers01\/#website\",\"url\":\"https:\/\/23spots.com\/23spots-divers01\/\",\"name\":\"23spots-divers01\",\"description\":\"Tauchenreisen, Tauchkurse, Tauchausr\u00fcstung\",\"potentialAction\":[{\"@type\":\"SearchAction\",\"target\":{\"@type\":\"EntryPoint\",\"urlTemplate\":\"https:\/\/23spots.com\/23spots-divers01\/?s={search_term_string}\"},\"query-input\":{\"@type\":\"PropertyValueSpecification\",\"valueRequired\":true,\"valueName\":\"search_term_string\"}}],\"inLanguage\":\"de\"}]}<\/script>\n<!-- \/ Yoast SEO plugin. -->","yoast_head_json":{"title":"Wracktauchen - 23spots-divers01","robots":{"index":"noindex","follow":"follow","max-snippet":"max-snippet:-1","max-image-preview":"max-image-preview:large","max-video-preview":"max-video-preview:-1"},"og_locale":"de_DE","og_type":"article","og_title":"Wracktauchen - 23spots-divers01","og_description":"[vc_row][vc_column][vc_column_text] Wracktauchen &#8211; dem Mysterium auf der Spur Eigentlich ein eher trauriges Kapitel beim Bereich des Tauchsports, wenn man es aber einmal richtig betrachtet, ist dieses Thema extrem spannend. Leider sind mit den untergegangenen Schiffen immer menschliche Trag\u00f6dien verbunden, abgesehen von speziell versenkten, ausgedienten P\u00f6tten, die dem Tourismus dienen. Wracks sind \u00fcberall zu finden: in [&hellip;]","og_url":"https:\/\/23spots.com\/23spots-divers01\/ratgeber-wracktauchen\/","og_site_name":"23spots-divers01","article_modified_time":"2022-11-14T21:03:42+00:00","twitter_card":"summary_large_image","twitter_misc":{"Gesch\u00e4tzte Lesezeit":"3\u00a0Minuten"},"schema":{"@context":"https:\/\/schema.org","@graph":[{"@type":"WebPage","@id":"https:\/\/23spots.com\/23spots-divers01\/ratgeber-wracktauchen\/","url":"https:\/\/23spots.com\/23spots-divers01\/ratgeber-wracktauchen\/","name":"Wracktauchen - 23spots-divers01","isPartOf":{"@id":"https:\/\/23spots.com\/23spots-divers01\/#website"},"datePublished":"2013-09-01T15:22:02+00:00","dateModified":"2022-11-14T21:03:42+00:00","breadcrumb":{"@id":"https:\/\/23spots.com\/23spots-divers01\/ratgeber-wracktauchen\/#breadcrumb"},"inLanguage":"de","potentialAction":[{"@type":"ReadAction","target":["https:\/\/23spots.com\/23spots-divers01\/ratgeber-wracktauchen\/"]}]},{"@type":"BreadcrumbList","@id":"https:\/\/23spots.com\/23spots-divers01\/ratgeber-wracktauchen\/#breadcrumb","itemListElement":[{"@type":"ListItem","position":1,"name":"Startseite","item":"https:\/\/23spots.com\/23spots-divers01\/"},{"@type":"ListItem","position":2,"name":"Wracktauchen"}]},{"@type":"WebSite","@id":"https:\/\/23spots.com\/23spots-divers01\/#website","url":"https:\/\/23spots.com\/23spots-divers01\/","name":"23spots-divers01","description":"Tauchenreisen, Tauchkurse, Tauchausr\u00fcstung","potentialAction":[{"@type":"SearchAction","target":{"@type":"EntryPoint","urlTemplate":"https:\/\/23spots.com\/23spots-divers01\/?s={search_term_string}"},"query-input":{"@type":"PropertyValueSpecification","valueRequired":true,"valueName":"search_term_string"}}],"inLanguage":"de"}]}},"_links":{"self":[{"href":"https:\/\/23spots.com\/23spots-divers01\/wp-json\/wp\/v2\/pages\/550","targetHints":{"allow":["GET"]}}],"collection":[{"href":"https:\/\/23spots.com\/23spots-divers01\/wp-json\/wp\/v2\/pages"}],"about":[{"href":"https:\/\/23spots.com\/23spots-divers01\/wp-json\/wp\/v2\/types\/page"}],"author":[{"embeddable":true,"href":"https:\/\/23spots.com\/23spots-divers01\/wp-json\/wp\/v2\/users\/76"}],"replies":[{"embeddable":true,"href":"https:\/\/23spots.com\/23spots-divers01\/wp-json\/wp\/v2\/comments?post=550"}],"version-history":[{"count":5,"href":"https:\/\/23spots.com\/23spots-divers01\/wp-json\/wp\/v2\/pages\/550\/revisions"}],"predecessor-version":[{"id":4583,"href":"https:\/\/23spots.com\/23spots-divers01\/wp-json\/wp\/v2\/pages\/550\/revisions\/4583"}],"wp:attachment":[{"href":"https:\/\/23spots.com\/23spots-divers01\/wp-json\/wp\/v2\/media?parent=550"}],"curies":[{"name":"wp","href":"https:\/\/api.w.org\/{rel}","templated":true}]}}