{"id":5727,"date":"2024-02-04T19:49:36","date_gmt":"2024-02-04T18:49:36","guid":{"rendered":"https:\/\/23spotsdivers.com\/?page_id=5727"},"modified":"2024-02-05T14:07:14","modified_gmt":"2024-02-05T13:07:14","slug":"tauchspots","status":"publish","type":"page","link":"https:\/\/23spots.com\/23spots-divers01\/tauchspots\/","title":{"rendered":"Tauchspots"},"content":{"rendered":"<div class=\"wpb-content-wrapper\"><p>[vc_row][vc_column]<header class='content-heading'>\n\t\t\t\t\t\t<h2 class='main-heading'>Atemberaubende Tauchspots<\/h2>\n\t\t\t\t\t\t<div class='main-subtitle'><p>Finde die faszinierenden Tauchspots der Welt<\/p>\n<\/div>\n\t\t\t\t\t\t<div class='seperator'><\/div>\n\t\t\t\t\t<\/header>[vc_column_text css=&#8220;.vc_custom_1706897515468{padding-top: 40px !important;}&#8220;]Willkommen in der atemberaubenden Welt des Tauchens, wo die Sch\u00f6nheit und Vielfalt der Unterwasserwelt deine Sinne bet\u00f6ren wird. Tauche mit uns ein in die faszinierende Welt der Tauchspots, die von geheimnisvollen Riffen \u00fcber majest\u00e4tische Wracks bis hin zu lebendigen Koralleng\u00e4rten reicht.<\/p>\n<p>Die Unterwasserwelt ist ein Universum voller Geheimnisse und Wunder, und wir laden dich ein, mit uns auf eine unvergessliche Reise zu einigen der faszinierendsten Tauchspots der Welt zu gehen. In diesem ausf\u00fchrlichen Guide werden wir einige der spektakul\u00e4rsten Tauchspots erkunden, die jeden Taucher in Staunen versetzen werden.<\/p>\n<p>Beginnen wir unsere Reise an den farbenpr\u00e4chtigen Riffen der Malediven, einem Paradies f\u00fcr Taucher, das f\u00fcr seine klaren Gew\u00e4sser und seine reiche Unterwasserwelt bekannt ist. Hier k\u00f6nnen Sie majest\u00e4tische Mantarochen, verspielte Delfine und eine F\u00fclle von Meereslebewesen entdecken, w\u00e4hrend Sie durch die Koralleng\u00e4rten gleiten.<\/p>\n<p>Begeben wir uns nun zu den tiefen Gew\u00e4ssern von Belize, wo das ber\u00fchmte Belize Barrier Reef wartet, das zweitgr\u00f6\u00dfte Korallenriff der Welt. Tauchen Sie durch atemberaubende Unterwasserlandschaften, erkunden Sie versunkene Schiffswracks und begegnen Sie einer Vielzahl von Meeresbewohnern, darunter bunte Fische, Schildkr\u00f6ten und sogar Walhaie.[\/vc_column_text][vc_row_inner css=&#8220;.vc_custom_1516658173965{margin-top: 30px !important;}&#8220;][vc_column_inner width=&#8220;1\/3&#8243; css=&#8220;.vc_custom_1706564266085{margin-bottom: 20px !important;padding-top: 20px !important;padding-right: 15px !important;padding-left: 15px !important;}&#8220;][vc_single_image image=&#8220;5735&#8243; img_size=&#8220;full&#8220; alignment=&#8220;center&#8220; css=&#8220;.vc_custom_1707051876026{margin-bottom: 30px !important;}&#8220;][vc_custom_heading text=&#8220;Sch\u00f6nste Tauchspots&#8220; font_container=&#8220;tag:h3|font_size:25|text_align:left&#8220; google_fonts=&#8220;font_family:Roboto%3A100%2C100italic%2C300%2C300italic%2Cregular%2Citalic%2C500%2C500italic%2C700%2C700italic%2C900%2C900italic|font_style:900%20bold%20regular%3A900%3Anormal&#8220;][vc_separator css=&#8220;.vc_custom_1706561411774{margin-bottom: 20px !important;}&#8220;][vc_column_text css=&#8220;.vc_custom_1707050745287{padding-bottom: 20px !important;}&#8220;]Entdecke die Top Ten der sch\u00f6nsten Tauchspots der Welt! Von den farbenpr\u00e4chtigen Korallenriffen der Malediven bis hin zu den versunkenen Schiffswracks vor der K\u00fcste von \u00c4gypten bieten diese atemberaubenden Tauchdestinationen unvergessliche Erlebnisse f\u00fcr Taucher jeden Levels. Erlebe die einzigartig und super faszinierende Unterwasserwelt an diesen spektakul\u00e4ren Orten![\/vc_column_text][vc_btn title=&#8220;Sch\u00f6nsten Tauchspots&#8220; style=&#8220;flat&#8220; shape=&#8220;square&#8220; color=&#8220;primary&#8220; align=&#8220;left&#8220; i_icon_fontawesome=&#8220;fas fa-water&#8220; button_block=&#8220;true&#8220; add_icon=&#8220;true&#8220; css=&#8220;.vc_custom_1707051956228{padding-top: 5px !important;}&#8220; link=&#8220;url:https%3A%2F%2F23spotsdivers.com%2Ftauchplaetze%2Fdie-schoensten-tauchspots%2F|title:Sch%C3%B6nsten%20Tauchspots|target:_blank&#8220;][\/vc_column_inner][vc_column_inner width=&#8220;1\/3&#8243; css=&#8220;.vc_custom_1706564278433{margin-bottom: 20px !important;padding-top: 20px !important;padding-right: 15px !important;padding-left: 15px !important;}&#8220;][vc_single_image image=&#8220;5737&#8243; img_size=&#8220;full&#8220; alignment=&#8220;center&#8220; css=&#8220;.vc_custom_1707052465544{margin-bottom: 30px !important;}&#8220;][vc_custom_heading text=&#8220;Gef\u00e4hrlichste Tauchspots&#8220; font_container=&#8220;tag:h3|font_size:25|text_align:left&#8220; google_fonts=&#8220;font_family:Roboto%3A100%2C100italic%2C300%2C300italic%2Cregular%2Citalic%2C500%2C500italic%2C700%2C700italic%2C900%2C900italic|font_style:900%20bold%20regular%3A900%3Anormal&#8220;][vc_separator css=&#8220;.vc_custom_1706561502765{margin-bottom: 20px !important;}&#8220;][vc_column_text css=&#8220;.vc_custom_1707043650832{padding-bottom: 20px !important;}&#8220;]Entdecke die gef\u00e4hrlichsten Tauchspots der Welt! Von den starken Str\u00f6mungen an den Blue Hole in Belize bis hin zu den unberechenbaren Bedingungen in den Tiefen des Nordmeers bieten diese herausfordernden Tauchdestinationen einzigartige Abenteuer f\u00fcr erfahrene Taucher. Tauche mit uns ab und erlebe die Aufregung an diesen anspruchsvollen und faszinierenden Orten![\/vc_column_text][vc_btn title=&#8220;Gef\u00e4hrlichste Tauchspots&#8220; style=&#8220;flat&#8220; shape=&#8220;square&#8220; color=&#8220;primary&#8220; align=&#8220;left&#8220; i_icon_fontawesome=&#8220;fas fa-water&#8220; button_block=&#8220;true&#8220; add_icon=&#8220;true&#8220; css=&#8220;.vc_custom_1707052028301{padding-top: 5px !important;}&#8220; link=&#8220;url:https%3A%2F%2F23spotsdivers.com%2Ftauchplaetze%2Fdie-gefaehrlichsten-tauchspots%2F|title:Gef%C3%A4hrlichste%20Tauchspots|target:_blank&#8220;][\/vc_column_inner][vc_column_inner width=&#8220;1\/3&#8243; css=&#8220;.vc_custom_1706564289721{margin-bottom: 20px !important;padding-top: 20px !important;padding-right: 15px !important;padding-left: 15px !important;}&#8220;][vc_single_image image=&#8220;5741&#8243; img_size=&#8220;full&#8220; alignment=&#8220;center&#8220; css=&#8220;.vc_custom_1707052895822{margin-bottom: 30px !important;}&#8220;][vc_custom_heading text=&#8220;Au\u00dfergew\u00f6hnliche Tauchspots&#8220; font_container=&#8220;tag:h3|font_size:25|text_align:left&#8220; google_fonts=&#8220;font_family:Roboto%3A100%2C100italic%2C300%2C300italic%2Cregular%2Citalic%2C500%2C500italic%2C700%2C700italic%2C900%2C900italic|font_style:900%20bold%20regular%3A900%3Anormal&#8220;][vc_separator css=&#8220;.vc_custom_1706561559463{margin-bottom: 20px !important;}&#8220;][vc_column_text css=&#8220;.vc_custom_1707051034229{padding-bottom: 20px !important;}&#8220;]Erkunde die au\u00dfergew\u00f6hnlichsten Tauchspots der Welt! Von faszinierenden Unterwasserlandschaften der Galapagosinseln bis hin zu geheimnisvollen Wracks vor der K\u00fcste von Palau bieten diese Tauchdestinationen unvergessliche Erlebnisse f\u00fcr Abenteuerlustige. Genie\u00dfe die Momente und entdecke die Sch\u00f6nheit und Vielfalt der Unterwasserwelt an diesen spektakul\u00e4ren Orten![\/vc_column_text][vc_btn title=&#8220;Au\u00dfergew\u00f6hnliche Tauchspots&#8220; style=&#8220;flat&#8220; shape=&#8220;square&#8220; color=&#8220;primary&#8220; align=&#8220;left&#8220; i_icon_fontawesome=&#8220;fas fa-water&#8220; button_block=&#8220;true&#8220; add_icon=&#8220;true&#8220; css=&#8220;.vc_custom_1707052975775{padding-top: 5px !important;}&#8220; link=&#8220;url:https%3A%2F%2F23spotsdivers.com%2Ftauchplaetze%2Fdie-aussergewoehnlichsten-tauchspots%2F|title:Au%C3%9Fergew%C3%B6hnliche%20Tauchspots|target:_blank&#8220;][\/vc_column_inner][\/vc_row_inner][\/vc_column][\/vc_row][vc_row wrapper_container=&#8220;special-block&#8220; css=&#8220;.vc_custom_1510328930658{border-radius: 2px !important;}&#8220;][vc_column]<p class=\"special-text\">Unsere aktuellen Tauchreise-Angebote:<strong>\u00a0Call +49 7451 6189996<\/strong>\n<\/p>[\/vc_column][\/vc_row][vc_row][vc_column width=&#8220;1\/3&#8243; css=&#8220;.vc_custom_1706564614463{margin-bottom: 20px !important;padding-top: 20px !important;padding-right: 15px !important;padding-left: 15px !important;}&#8220;][vc_single_image image=&#8220;5746&#8243; img_size=&#8220;full&#8220; alignment=&#8220;center&#8220; css=&#8220;.vc_custom_1707054464298{margin-bottom: 30px !important;}&#8220;][vc_custom_heading text=&#8220;Beste Wrackspots&#8220; font_container=&#8220;tag:h3|font_size:25|text_align:left&#8220; google_fonts=&#8220;font_family:Roboto%3A100%2C100italic%2C300%2C300italic%2Cregular%2Citalic%2C500%2C500italic%2C700%2C700italic%2C900%2C900italic|font_style:900%20bold%20regular%3A900%3Anormal&#8220; link=&#8220;url:https%3A%2F%2F23spotsdivers.com%2Ftauchplaetze%2Ftauchen-ozeanien%2F|title:Tauchreise%20Australien%20%2F%20Ozenaien&#8220;][vc_separator css=&#8220;.vc_custom_1706564479771{margin-bottom: 20px !important;}&#8220;][vc_column_text css=&#8220;.vc_custom_1707055049326{padding-bottom: 20px !important;}&#8220;]Entdecke die faszinierende Welt der Wracktauchspots! Von versunkenen Schiffswracks vor der K\u00fcste von Chuuk im Pazifik bis hin zu historischen Schiffswracks im Roten Meer bieten diese Tauchdestinationen unvergessliche Abenteuer f\u00fcr Wracktauchliebhaber. Entdecke die spannenden Geschichten und beeindruckenden \u00dcberreste dieser versunkenen Schiffe![\/vc_column_text][vc_btn title=&#8220;Besten Wrack Spots&#8220; style=&#8220;flat&#8220; shape=&#8220;square&#8220; color=&#8220;primary&#8220; align=&#8220;left&#8220; i_icon_fontawesome=&#8220;fas fa-water&#8220; button_block=&#8220;true&#8220; add_icon=&#8220;true&#8220; css=&#8220;.vc_custom_1707054755761{padding-top: 5px !important;}&#8220; link=&#8220;url:https%3A%2F%2F23spotsdivers.com%2Ftauchplaetze%2Fdie-besten-wracks-zum-tauchen%2F|title:Besten%20Wrack%20Spots|target:_blank&#8220;][\/vc_column][vc_column width=&#8220;1\/3&#8243; css=&#8220;.vc_custom_1706564634997{margin-bottom: 20px !important;padding-top: 20px !important;padding-right: 15px !important;padding-left: 15px !important;}&#8220;][vc_single_image image=&#8220;5747&#8243; img_size=&#8220;full&#8220; alignment=&#8220;center&#8220; css=&#8220;.vc_custom_1707054707639{margin-bottom: 30px !important;}&#8220;][vc_custom_heading text=&#8220;Beste H\u00f6hlenspots&#8220; font_container=&#8220;tag:h3|font_size:25|text_align:left&#8220; google_fonts=&#8220;font_family:Roboto%3A100%2C100italic%2C300%2C300italic%2Cregular%2Citalic%2C500%2C500italic%2C700%2C700italic%2C900%2C900italic|font_style:900%20bold%20regular%3A900%3Anormal&#8220;][vc_separator css=&#8220;.vc_custom_1706564489462{margin-bottom: 20px !important;}&#8220;][vc_column_text css=&#8220;.vc_custom_1707053629630{padding-bottom: 20px !important;}&#8220;]Erlebe die faszinierende Welt der H\u00f6hlentauchspots! Von den geheimnisvollen Unterwasserh\u00f6hlen der Riviera Maya in Mexiko bis hin zu den atemberaubenden H\u00f6hlen des Dos Ojos bietet diese einzigartige Art des Tauchens unvergessliche Abenteuer f\u00fcr erfahrene Taucher. Tauche ein und entdecke die verborgenen Sch\u00e4tze der Unterwasserh\u00f6hlen![\/vc_column_text][vc_btn title=&#8220;Top H\u00f6hlen Spots&#8220; style=&#8220;flat&#8220; shape=&#8220;square&#8220; color=&#8220;primary&#8220; align=&#8220;left&#8220; i_icon_fontawesome=&#8220;fas fa-water&#8220; button_block=&#8220;true&#8220; add_icon=&#8220;true&#8220; css=&#8220;.vc_custom_1707054792198{padding-top: 5px !important;}&#8220; link=&#8220;url:https%3A%2F%2F23spotsdivers.com%2Ftauchplaetze%2Fdie-besten-hoehlen-zum-tauchen%2F|title:Top%20H%C3%B6hlen%20Spots|target:_blank&#8220;][\/vc_column][vc_column width=&#8220;1\/3&#8243;][\/vc_column][\/vc_row][vc_row wrapper_container=&#8220;browse-block&#8220;][vc_column width=&#8220;1\/2&#8243;]<div class=\"browse-destination column\">\n\t\t\t\t\t<a href=\"https:\/\/23spotsdivers.com\/tauchshop\/\" class=\"link\">\n\t\t\t\t\t\t<span>Tauchshop<\/span>\n\t\t\t\t\t<\/a>\n\t\t\t\t<\/div>[\/vc_column][vc_column width=&#8220;1\/2&#8243; css=&#8220;.vc_custom_1510316385127{padding-top: 0px !important;padding-bottom: 0px !important;}&#8220;]<div class=\"browse-adventures column\">\n\t\t\t\t\t<a href=\"https:\/\/23spotsdivers.com\/tauchschule\/\" class=\"link\">\n\t\t\t\t\t\t<span>Tauchkurse<\/span>\n\t\t\t\t\t<\/a>\n\t\t\t\t<\/div>[\/vc_column][\/vc_row][vc_row][vc_column width=&#8220;2\/3&#8243;][vc_single_image image=&#8220;5765&#8243; img_size=&#8220;full&#8220;][\/vc_column][vc_column width=&#8220;1\/3&#8243;][vc_single_image image=&#8220;5766&#8243; img_size=&#8220;380&#215;350&#8243;][\/vc_column][\/vc_row][vc_row wrapper_container=&#8220;count-block&#8220;][vc_column width=&#8220;1\/4&#8243;]<div class=\"holder block-1\">\n\t\t\t\t\t\t\t<span class=\"icon icon-airplane\"><\/span>\n\t\t\t\t\t\t\t<span class=\"info\"><span class=\"counter\">252<\/span><\/span>\n\t\t\t\t\t\t\t<span class=\"txt\">Tauchreisen<\/span>\n\t\t\t\t\t\t<\/div>[\/vc_column][vc_column width=&#8220;1\/4&#8243;]<div class=\"holder block-2\">\n\t\t\t\t\t\t\t<span class=\"icon icon-scuba-diving\"><\/span>\n\t\t\t\t\t\t\t<span class=\"info\"><span class=\"counter\">1423<\/span><\/span>\n\t\t\t\t\t\t\t<span class=\"txt\">Tauchabenteuer<\/span>\n\t\t\t\t\t\t<\/div>[\/vc_column][vc_column width=&#8220;1\/4&#8243;]<div class=\"holder block-3\">\n\t\t\t\t\t\t\t<span class=\"icon icon-water-sea\"><\/span>\n\t\t\t\t\t\t\t<span class=\"info\"><span class=\"counter\">10932<\/span><\/span>\n\t\t\t\t\t\t\t<span class=\"txt\">Tauchkurse<\/span>\n\t\t\t\t\t\t<\/div>[\/vc_column][vc_column width=&#8220;1\/4&#8243;]<div class=\"holder block-4\">\n\t\t\t\t\t\t\t<span class=\"icon icon-scuba-diving\"><\/span>\n\t\t\t\t\t\t\t<span class=\"info\"><span class=\"counter\">92345<\/span><\/span>\n\t\t\t\t\t\t\t<span class=\"txt\">Tauchg\u00e4nge<\/span>\n\t\t\t\t\t\t<\/div>[\/vc_column][\/vc_row][vc_row][vc_column width=&#8220;2\/3&#8243;][vc_column_text css=&#8220;.vc_custom_1707129406608{margin-bottom: 15px !important;padding-right: 50px !important;}&#8220;]<\/p>\n<p style=\"text-align: left;\">F\u00fcr Abenteuerlustige bietet das Great Blue Hole in Belize ein einzigartiges Taucherlebnis. Dieses riesige unterseeische Sinkloch lockt mit seiner geheimnisvollen Tiefe und seinem faszinierenden \u00d6kosystem aus Stalaktiten, das erfahrene Taucher aus der ganzen Welt anzieht.<\/p>\n<p style=\"text-align: left;\">Weiter geht es zu den kristallklaren Gew\u00e4ssern von \u00c4gypten, wo das Rote Meer eine Vielzahl von Tauchm\u00f6glichkeiten bietet. Erkunde die farbenfrohen Korallenriffe von Sharm El Sheikh, beobachte majest\u00e4tische Haie in den Gew\u00e4ssern von Dahab oder entdecke versunkene Wracks entlang der K\u00fcste von Hurghada.<\/p>\n<p style=\"text-align: left;\">F\u00fcr Taucher, die auf der Suche nach unber\u00fchrten Gew\u00e4ssern und unvergesslichen Begegnungen mit Meeresbewohnern sind, ist Palau das ultimative Ziel. Dieses kleine Inselreich im Pazifischen Ozean beherbergt einige der spektakul\u00e4rsten Tauchspots der Welt, darunter die ber\u00fchmten Rock Islands, wo du durch versteckte Grotten und Tunnel gleiten kannst, w\u00e4hrend du von Schw\u00e4rmen bunter Fische umgeben bist.<\/p>\n<p style=\"text-align: left;\">Und schlie\u00dflich d\u00fcrfen wir die Galapagosinseln nicht vergessen, ein UNESCO-Weltnaturerbe, das f\u00fcr seine einzigartige Tierwelt und seine atemberaubenden Unterwasserlandschaften bekannt ist. Hier kannst du mit Hammerhaien, Rochen, Seel\u00f6wen und sogar Pinguinen schwimmen, w\u00e4hrend du die unber\u00fchrten Gew\u00e4sser erkundest.<\/p>\n<p style=\"text-align: left;\">Egal, ob du ein erfahrener Taucher oder ein Neuling bist, diese faszinierenden Tauchspots bieten f\u00fcr jeden etwas. Tauche ein in die Sch\u00f6nheit und Vielfalt der Unterwasserwelt und erlebe unvergessliche Abenteuer an einigen der spektakul\u00e4rsten Tauchdestinationen der Welt!<br \/>\n<strong>Dein n\u00e4chstes Abenteuer beginnt hier \u2013 bereit, die Tiefe zu erkunden?<\/strong><\/p>\n<p>[\/vc_column_text][\/vc_column][vc_column width=&#8220;1\/3&#8243;][vc_single_image image=&#8220;5639&#8243; img_size=&#8220;full&#8220; alignment=&#8220;right&#8220; onclick=&#8220;custom_link&#8220; img_link_target=&#8220;_blank&#8220; link=&#8220;https:\/\/23spotsdivers.com\/tauchplaetze\/tauchen-europa\/&#8220;][vc_single_image image=&#8220;5637&#8243; img_size=&#8220;full&#8220; alignment=&#8220;right&#8220; onclick=&#8220;custom_link&#8220; img_link_target=&#8220;_blank&#8220; css=&#8220;.vc_custom_1707137652895{padding-top: 30px !important;}&#8220; link=&#8220;https:\/\/23spotsdivers.com\/tauchplaetze\/tauchen-suedamerika\/&#8220;][\/vc_column][\/vc_row]<\/p>\n<\/div>","protected":false},"excerpt":{"rendered":"<p>[vc_row][vc_column][vc_column_text css=&#8220;.vc_custom_1706897515468{padding-top: 40px !important;}&#8220;]Willkommen in der atemberaubenden Welt des Tauchens, wo die Sch\u00f6nheit und Vielfalt der Unterwasserwelt deine Sinne bet\u00f6ren wird. Tauche mit uns ein in die faszinierende Welt der Tauchspots, die von geheimnisvollen Riffen \u00fcber majest\u00e4tische Wracks bis hin zu lebendigen Koralleng\u00e4rten reicht. Die Unterwasserwelt ist ein Universum voller Geheimnisse und Wunder, und wir [&hellip;]<\/p>\n","protected":false},"author":1,"featured_media":0,"parent":0,"menu_order":0,"comment_status":"closed","ping_status":"closed","template":"entrada_templates\/layout-visual-composer-default.php","meta":{"footnotes":""},"class_list":["post-5727","page","type-page","status-publish","hentry"],"yoast_head":"<!-- This site is optimized with the Yoast SEO plugin v26.9 - https:\/\/yoast.com\/product\/yoast-seo-wordpress\/ -->\n<title>Tauchspots - 23spots-divers01<\/title>\n<meta name=\"robots\" content=\"noindex, follow, max-snippet:-1, max-image-preview:large, max-video-preview:-1\" \/>\n<meta property=\"og:locale\" content=\"de_DE\" \/>\n<meta property=\"og:type\" content=\"article\" \/>\n<meta property=\"og:title\" content=\"Tauchspots - 23spots-divers01\" \/>\n<meta property=\"og:description\" content=\"[vc_row][vc_column][vc_column_text css=&#8220;.vc_custom_1706897515468{padding-top: 40px !important;}&#8220;]Willkommen in der atemberaubenden Welt des Tauchens, wo die Sch\u00f6nheit und Vielfalt der Unterwasserwelt deine Sinne bet\u00f6ren wird. Tauche mit uns ein in die faszinierende Welt der Tauchspots, die von geheimnisvollen Riffen \u00fcber majest\u00e4tische Wracks bis hin zu lebendigen Koralleng\u00e4rten reicht. Die Unterwasserwelt ist ein Universum voller Geheimnisse und Wunder, und wir [&hellip;]\" \/>\n<meta property=\"og:url\" content=\"https:\/\/23spots.com\/23spots-divers01\/tauchspots\/\" \/>\n<meta property=\"og:site_name\" content=\"23spots-divers01\" \/>\n<meta property=\"article:modified_time\" content=\"2024-02-05T13:07:14+00:00\" \/>\n<meta name=\"twitter:card\" content=\"summary_large_image\" \/>\n<meta name=\"twitter:label1\" content=\"Gesch\u00e4tzte Lesezeit\" \/>\n\t<meta name=\"twitter:data1\" content=\"6\u00a0Minuten\" \/>\n<script type=\"application\/ld+json\" class=\"yoast-schema-graph\">{\"@context\":\"https:\/\/schema.org\",\"@graph\":[{\"@type\":\"WebPage\",\"@id\":\"https:\/\/23spots.com\/23spots-divers01\/tauchspots\/\",\"url\":\"https:\/\/23spots.com\/23spots-divers01\/tauchspots\/\",\"name\":\"Tauchspots - 23spots-divers01\",\"isPartOf\":{\"@id\":\"https:\/\/23spots.com\/23spots-divers01\/#website\"},\"datePublished\":\"2024-02-04T18:49:36+00:00\",\"dateModified\":\"2024-02-05T13:07:14+00:00\",\"breadcrumb\":{\"@id\":\"https:\/\/23spots.com\/23spots-divers01\/tauchspots\/#breadcrumb\"},\"inLanguage\":\"de\",\"potentialAction\":[{\"@type\":\"ReadAction\",\"target\":[\"https:\/\/23spots.com\/23spots-divers01\/tauchspots\/\"]}]},{\"@type\":\"BreadcrumbList\",\"@id\":\"https:\/\/23spots.com\/23spots-divers01\/tauchspots\/#breadcrumb\",\"itemListElement\":[{\"@type\":\"ListItem\",\"position\":1,\"name\":\"Startseite\",\"item\":\"https:\/\/23spots.com\/23spots-divers01\/\"},{\"@type\":\"ListItem\",\"position\":2,\"name\":\"Tauchspots\"}]},{\"@type\":\"WebSite\",\"@id\":\"https:\/\/23spots.com\/23spots-divers01\/#website\",\"url\":\"https:\/\/23spots.com\/23spots-divers01\/\",\"name\":\"23spots-divers01\",\"description\":\"Tauchenreisen, Tauchkurse, Tauchausr\u00fcstung\",\"potentialAction\":[{\"@type\":\"SearchAction\",\"target\":{\"@type\":\"EntryPoint\",\"urlTemplate\":\"https:\/\/23spots.com\/23spots-divers01\/?s={search_term_string}\"},\"query-input\":{\"@type\":\"PropertyValueSpecification\",\"valueRequired\":true,\"valueName\":\"search_term_string\"}}],\"inLanguage\":\"de\"}]}<\/script>\n<!-- \/ Yoast SEO plugin. -->","yoast_head_json":{"title":"Tauchspots - 23spots-divers01","robots":{"index":"noindex","follow":"follow","max-snippet":"max-snippet:-1","max-image-preview":"max-image-preview:large","max-video-preview":"max-video-preview:-1"},"og_locale":"de_DE","og_type":"article","og_title":"Tauchspots - 23spots-divers01","og_description":"[vc_row][vc_column][vc_column_text css=&#8220;.vc_custom_1706897515468{padding-top: 40px !important;}&#8220;]Willkommen in der atemberaubenden Welt des Tauchens, wo die Sch\u00f6nheit und Vielfalt der Unterwasserwelt deine Sinne bet\u00f6ren wird. Tauche mit uns ein in die faszinierende Welt der Tauchspots, die von geheimnisvollen Riffen \u00fcber majest\u00e4tische Wracks bis hin zu lebendigen Koralleng\u00e4rten reicht. Die Unterwasserwelt ist ein Universum voller Geheimnisse und Wunder, und wir [&hellip;]","og_url":"https:\/\/23spots.com\/23spots-divers01\/tauchspots\/","og_site_name":"23spots-divers01","article_modified_time":"2024-02-05T13:07:14+00:00","twitter_card":"summary_large_image","twitter_misc":{"Gesch\u00e4tzte Lesezeit":"6\u00a0Minuten"},"schema":{"@context":"https:\/\/schema.org","@graph":[{"@type":"WebPage","@id":"https:\/\/23spots.com\/23spots-divers01\/tauchspots\/","url":"https:\/\/23spots.com\/23spots-divers01\/tauchspots\/","name":"Tauchspots - 23spots-divers01","isPartOf":{"@id":"https:\/\/23spots.com\/23spots-divers01\/#website"},"datePublished":"2024-02-04T18:49:36+00:00","dateModified":"2024-02-05T13:07:14+00:00","breadcrumb":{"@id":"https:\/\/23spots.com\/23spots-divers01\/tauchspots\/#breadcrumb"},"inLanguage":"de","potentialAction":[{"@type":"ReadAction","target":["https:\/\/23spots.com\/23spots-divers01\/tauchspots\/"]}]},{"@type":"BreadcrumbList","@id":"https:\/\/23spots.com\/23spots-divers01\/tauchspots\/#breadcrumb","itemListElement":[{"@type":"ListItem","position":1,"name":"Startseite","item":"https:\/\/23spots.com\/23spots-divers01\/"},{"@type":"ListItem","position":2,"name":"Tauchspots"}]},{"@type":"WebSite","@id":"https:\/\/23spots.com\/23spots-divers01\/#website","url":"https:\/\/23spots.com\/23spots-divers01\/","name":"23spots-divers01","description":"Tauchenreisen, Tauchkurse, Tauchausr\u00fcstung","potentialAction":[{"@type":"SearchAction","target":{"@type":"EntryPoint","urlTemplate":"https:\/\/23spots.com\/23spots-divers01\/?s={search_term_string}"},"query-input":{"@type":"PropertyValueSpecification","valueRequired":true,"valueName":"search_term_string"}}],"inLanguage":"de"}]}},"_links":{"self":[{"href":"https:\/\/23spots.com\/23spots-divers01\/wp-json\/wp\/v2\/pages\/5727","targetHints":{"allow":["GET"]}}],"collection":[{"href":"https:\/\/23spots.com\/23spots-divers01\/wp-json\/wp\/v2\/pages"}],"about":[{"href":"https:\/\/23spots.com\/23spots-divers01\/wp-json\/wp\/v2\/types\/page"}],"author":[{"embeddable":true,"href":"https:\/\/23spots.com\/23spots-divers01\/wp-json\/wp\/v2\/users\/1"}],"replies":[{"embeddable":true,"href":"https:\/\/23spots.com\/23spots-divers01\/wp-json\/wp\/v2\/comments?post=5727"}],"version-history":[{"count":33,"href":"https:\/\/23spots.com\/23spots-divers01\/wp-json\/wp\/v2\/pages\/5727\/revisions"}],"predecessor-version":[{"id":5769,"href":"https:\/\/23spots.com\/23spots-divers01\/wp-json\/wp\/v2\/pages\/5727\/revisions\/5769"}],"wp:attachment":[{"href":"https:\/\/23spots.com\/23spots-divers01\/wp-json\/wp\/v2\/media?parent=5727"}],"curies":[{"name":"wp","href":"https:\/\/api.w.org\/{rel}","templated":true}]}}