{"id":5820,"date":"2024-02-29T15:52:45","date_gmt":"2024-02-29T14:52:45","guid":{"rendered":"https:\/\/23spotsdivers.com\/?page_id=5820"},"modified":"2024-02-29T21:33:20","modified_gmt":"2024-02-29T20:33:20","slug":"informationen","status":"publish","type":"page","link":"https:\/\/23spots.com\/23spots-divers01\/informationen\/","title":{"rendered":"Informationen"},"content":{"rendered":"<div class=\"wpb-content-wrapper\"><p>[vc_row][vc_column]<header class='content-heading'>\n\t\t\t\t\t\t<h2 class='main-heading'>Informationen rund um 23SpotsDivers<\/h2>\n\t\t\t\t\t\t<div class='main-subtitle'><h4>und Antworten auf offene Fragen<\/h4>\n<\/div>\n\t\t\t\t\t\t<div class='seperator'><\/div>\n\t\t\t\t\t<\/header>[vc_column_text css=&#8220;.vc_custom_1709236988600{padding-top: 40px !important;}&#8220;]Wir hei\u00dfen dich herzlich willkommen in der faszinierenden Welt des Tauchens! Trotz der schier unendlichen Weiten des World Wide Web hast du den Weg zu unserer Seite gefunden, und das freut uns sehr.<br \/>\nHier bist du genau richtig, um alles \u00fcber die aufregenden M\u00f6glichkeiten des Tauchens und der einzigartigen und vielf\u00e4ltigen Unterwasserwelt zu erfahren. Um es dir leichter zu machen dich auf der Webseite zurechtzufinden haben wir uns \u00fcberlegt, mit unserer Infoseite dir einen kurzen \u00dcberblick \u00fcber die wichtigen Themen wie beispielsweise das Magazin der den Ratgeber zu verschaffen.<br \/>\nTritt ein in unsere Tauch-Community und lass dich ein auf ein gemeinsames und unvergessliches Tauchabenteuer. Wir freuen uns darauf, mit dir gemeinsam in die faszinierende Unterwasserwelt abzutauchen![\/vc_column_text][vc_row_inner css=&#8220;.vc_custom_1516658173965{margin-top: 30px !important;}&#8220;][vc_column_inner width=&#8220;1\/3&#8243; css=&#8220;.vc_custom_1709220021587{padding-top: 20px !important;padding-right: 15px !important;padding-bottom: 20px !important;padding-left: 15px !important;}&#8220;][vc_single_image image=&#8220;5838&#8243; img_size=&#8220;full&#8220; alignment=&#8220;center&#8220; css=&#8220;.vc_custom_1709223542252{margin-bottom: 30px !important;}&#8220;][vc_custom_heading text=&#8220;Tauchmagazin&#8220; font_container=&#8220;tag:h3|font_size:25|text_align:left&#8220; google_fonts=&#8220;font_family:Roboto%3A100%2C100italic%2C300%2C300italic%2Cregular%2Citalic%2C500%2C500italic%2C700%2C700italic%2C900%2C900italic|font_style:900%20bold%20regular%3A900%3Anormal&#8220;][vc_separator css=&#8220;.vc_custom_1706561411774{margin-bottom: 20px !important;}&#8220;][vc_column_text css=&#8220;.vc_custom_1709215243269{padding-bottom: 20px !important;}&#8220;]Das 23SpotsDivers-Magazin informiert dich st\u00e4ndig \u00fcber die aktuellen News, spannende Hintergr\u00fcnde sowie Tipps und Tricks zum Thema Tauchen, Tauchkurse, Tauchreisen u.v.m.[\/vc_column_text][vc_btn title=&#8220;Mehr Infos&#8220; style=&#8220;flat&#8220; shape=&#8220;square&#8220; color=&#8220;primary&#8220; align=&#8220;left&#8220; i_icon_fontawesome=&#8220;fas fa-water&#8220; button_block=&#8220;true&#8220; add_icon=&#8220;true&#8220; css=&#8220;.vc_custom_1709218170087{padding-top: 5px !important;}&#8220; link=&#8220;url:https%3A%2F%2F23spotsdivers.com%2Ftauch-magazin%2F|title:Sch%C3%B6nsten%20Tauchspots|target:_blank&#8220;][\/vc_column_inner][vc_column_inner width=&#8220;1\/3&#8243; css=&#8220;.vc_custom_1709220031810{padding-top: 20px !important;padding-right: 15px !important;padding-bottom: 20px !important;padding-left: 15px !important;}&#8220;][vc_single_image image=&#8220;5836&#8243; img_size=&#8220;full&#8220; alignment=&#8220;center&#8220; css=&#8220;.vc_custom_1709223562228{margin-bottom: 30px !important;}&#8220;][vc_custom_heading text=&#8220;Unser Leitbild&#8220; font_container=&#8220;tag:h3|font_size:25|text_align:left&#8220; google_fonts=&#8220;font_family:Roboto%3A100%2C100italic%2C300%2C300italic%2Cregular%2Citalic%2C500%2C500italic%2C700%2C700italic%2C900%2C900italic|font_style:900%20bold%20regular%3A900%3Anormal&#8220;][vc_separator css=&#8220;.vc_custom_1706561502765{margin-bottom: 20px !important;}&#8220;][vc_column_text css=&#8220;.vc_custom_1709215344621{padding-bottom: 20px !important;}&#8220;]Was wir tun! Wir von 23SpotsDivers sind ein Anbieter rund um das Thema Tauchen. Der Fokus liegt dabei auf spannenden Tauchreisen, Tauchkursen und der einzigartigen Unterwasserwelt.[\/vc_column_text][vc_btn title=&#8220;Mehr Infos&#8220; style=&#8220;flat&#8220; shape=&#8220;square&#8220; color=&#8220;primary&#8220; align=&#8220;left&#8220; i_icon_fontawesome=&#8220;fas fa-water&#8220; button_block=&#8220;true&#8220; add_icon=&#8220;true&#8220; css=&#8220;.vc_custom_1709218203450{padding-top: 5px !important;}&#8220; link=&#8220;url:https%3A%2F%2F23spotsdivers.com%2Funser-leitbild%2F|title:Gef%C3%A4hrlichste%20Tauchspots|target:_blank&#8220;][\/vc_column_inner][vc_column_inner width=&#8220;1\/3&#8243; css=&#8220;.vc_custom_1709220112736{padding-top: 20px !important;padding-right: 15px !important;padding-bottom: 20px !important;padding-left: 15px !important;}&#8220;][vc_single_image image=&#8220;5837&#8243; img_size=&#8220;full&#8220; alignment=&#8220;center&#8220; css=&#8220;.vc_custom_1709223585565{margin-bottom: 30px !important;}&#8220;][vc_custom_heading text=&#8220;Unser Team&#8220; font_container=&#8220;tag:h3|font_size:25|text_align:left&#8220; google_fonts=&#8220;font_family:Roboto%3A100%2C100italic%2C300%2C300italic%2Cregular%2Citalic%2C500%2C500italic%2C700%2C700italic%2C900%2C900italic|font_style:900%20bold%20regular%3A900%3Anormal&#8220;][vc_separator css=&#8220;.vc_custom_1706561559463{margin-bottom: 20px !important;}&#8220;][vc_column_text css=&#8220;.vc_custom_1709216994171{padding-bottom: 20px !important;}&#8220;]Unser Tauchteam besteht aus erfahrenen und professionellen Tauchern, die dir ein unvergessliches und sicheres Taucherlebnis bieten. Wir freuen uns darauf, mit dir die Unterwasserwelt zu erkunden![\/vc_column_text][vc_btn title=&#8220;Mehr Infos&#8220; style=&#8220;flat&#8220; shape=&#8220;square&#8220; color=&#8220;primary&#8220; align=&#8220;left&#8220; i_icon_fontawesome=&#8220;fas fa-water&#8220; button_block=&#8220;true&#8220; add_icon=&#8220;true&#8220; css=&#8220;.vc_custom_1709218229355{padding-top: 5px !important;}&#8220; link=&#8220;url:https%3A%2F%2F23spotsdivers.com%2Fteam%2F|title:Au%C3%9Fergew%C3%B6hnliche%20Tauchspots|target:_blank&#8220;][\/vc_column_inner][\/vc_row_inner][vc_row_inner][vc_column_inner width=&#8220;1\/3&#8243; css=&#8220;.vc_custom_1709220221951{padding-top: 20px !important;padding-right: 15px !important;padding-bottom: 20px !important;padding-left: 15px !important;}&#8220;][vc_single_image image=&#8220;5842&#8243; img_size=&#8220;full&#8220; alignment=&#8220;center&#8220; css=&#8220;.vc_custom_1709235848617{margin-bottom: 30px !important;}&#8220;][vc_custom_heading text=&#8220;Schreibe f\u00fcr uns&#8220; font_container=&#8220;tag:h3|font_size:25|text_align:left&#8220; google_fonts=&#8220;font_family:Roboto%3A100%2C100italic%2C300%2C300italic%2Cregular%2Citalic%2C500%2C500italic%2C700%2C700italic%2C900%2C900italic|font_style:900%20bold%20regular%3A900%3Anormal&#8220; link=&#8220;url:https%3A%2F%2F23spotsdivers.com%2Ftauchplaetze%2Ftauchen-ozeanien%2F|title:Tauchreise%20Australien%20%2F%20Ozenaien&#8220;][vc_separator css=&#8220;.vc_custom_1706564479771{margin-bottom: 20px !important;}&#8220;][vc_column_text css=&#8220;.vc_custom_1709221947947{padding-bottom: 20px !important;}&#8220;]Bist du bereit f\u00fcr eine aufregende Zusammenarbeit und m\u00f6chtest mit uns dein Wissen und deine Erfahrungen teilen? Dann schreibe doch eifach f\u00fcr uns und begeistere die Tauchgemeinschaft.[\/vc_column_text][vc_btn title=&#8220;Mehr Infos&#8220; style=&#8220;flat&#8220; shape=&#8220;square&#8220; color=&#8220;primary&#8220; align=&#8220;left&#8220; i_icon_fontawesome=&#8220;fas fa-water&#8220; button_block=&#8220;true&#8220; add_icon=&#8220;true&#8220; css=&#8220;.vc_custom_1709218254063{padding-top: 5px !important;}&#8220; link=&#8220;url:https%3A%2F%2F23spotsdivers.com%2Fschreibe-fuer-uns%2F|title:Besten%20Wrack%20Spots|target:_blank&#8220;][\/vc_column_inner][vc_column_inner width=&#8220;1\/3&#8243; css=&#8220;.vc_custom_1709220284955{padding-top: 20px !important;padding-right: 15px !important;padding-bottom: 20px !important;padding-left: 15px !important;}&#8220;][vc_single_image image=&#8220;5841&#8243; img_size=&#8220;full&#8220; alignment=&#8220;center&#8220; css=&#8220;.vc_custom_1709235903659{margin-bottom: 30px !important;}&#8220;][vc_custom_heading text=&#8220;Datenschutz&#8220; font_container=&#8220;tag:h3|font_size:25|text_align:left&#8220; google_fonts=&#8220;font_family:Roboto%3A100%2C100italic%2C300%2C300italic%2Cregular%2Citalic%2C500%2C500italic%2C700%2C700italic%2C900%2C900italic|font_style:900%20bold%20regular%3A900%3Anormal&#8220;][vc_separator css=&#8220;.vc_custom_1706564489462{margin-bottom: 20px !important;}&#8220;][vc_column_text css=&#8220;.vc_custom_1709217113153{padding-bottom: 20px !important;}&#8220;]We protect you! Unsere Leitlinien und Verfahren, die 23SpotsDivers zum Schutz deiner personenbezogener Daten und Erf\u00fcllen der relevanten Datenschutzgesetze entwickelt hat. Mehr zum Thema findest du hier.[\/vc_column_text][vc_btn title=&#8220;Mehr Infos&#8220; style=&#8220;flat&#8220; shape=&#8220;square&#8220; color=&#8220;primary&#8220; align=&#8220;left&#8220; i_icon_fontawesome=&#8220;fas fa-water&#8220; button_block=&#8220;true&#8220; add_icon=&#8220;true&#8220; css=&#8220;.vc_custom_1709218273165{padding-top: 5px !important;}&#8220; link=&#8220;url:https%3A%2F%2F23spotsdivers.com%2Fdatenschutzrichtlinien%2F|title:Top%20H%C3%B6hlen%20Spots|target:_blank&#8220;][\/vc_column_inner][vc_column_inner width=&#8220;1\/3&#8243; css=&#8220;.vc_custom_1709220298680{padding-top: 20px !important;padding-right: 15px !important;padding-bottom: 20px !important;padding-left: 15px !important;}&#8220;][vc_single_image image=&#8220;5840&#8243; img_size=&#8220;full&#8220; alignment=&#8220;center&#8220; css=&#8220;.vc_custom_1709235933170{margin-bottom: 30px !important;}&#8220;][vc_custom_heading text=&#8220;AGB&#8220; font_container=&#8220;tag:h3|font_size:25|text_align:left&#8220; google_fonts=&#8220;font_family:Roboto%3A100%2C100italic%2C300%2C300italic%2Cregular%2Citalic%2C500%2C500italic%2C700%2C700italic%2C900%2C900italic|font_style:900%20bold%20regular%3A900%3Anormal&#8220;][vc_separator css=&#8220;.vc_custom_1706564489462{margin-bottom: 20px !important;}&#8220;][vc_column_text css=&#8220;.vc_custom_1709217196012{padding-bottom: 20px !important;}&#8220;]Auf dieser Seite findest du unsere allgemeinen Gesch\u00e4ftsbedingungen &amp; gesetzlichen Bestimmungen, wie Teilnahme an einem Kurs, Zahlungsbedingungen, R\u00fccktritt von der Buchung etc.[\/vc_column_text][vc_btn title=&#8220;Mehr Infos&#8220; style=&#8220;flat&#8220; shape=&#8220;square&#8220; color=&#8220;primary&#8220; align=&#8220;left&#8220; i_icon_fontawesome=&#8220;fas fa-water&#8220; button_block=&#8220;true&#8220; add_icon=&#8220;true&#8220; css=&#8220;.vc_custom_1709218295997{padding-top: 5px !important;}&#8220; link=&#8220;url:https%3A%2F%2F23spotsdivers.com%2Fagb%2F|title:Top%20H%C3%B6hlen%20Spots|target:_blank&#8220;][\/vc_column_inner][\/vc_row_inner][vc_row_inner][vc_column_inner width=&#8220;1\/3&#8243; css=&#8220;.vc_custom_1709220221951{padding-top: 20px !important;padding-right: 15px !important;padding-bottom: 20px !important;padding-left: 15px !important;}&#8220;][vc_single_image image=&#8220;5844&#8243; img_size=&#8220;full&#8220; alignment=&#8220;center&#8220; css=&#8220;.vc_custom_1709236362273{margin-bottom: 30px !important;}&#8220;][vc_custom_heading text=&#8220;Kontakt&#8220; font_container=&#8220;tag:h3|font_size:25|text_align:left&#8220; google_fonts=&#8220;font_family:Roboto%3A100%2C100italic%2C300%2C300italic%2Cregular%2Citalic%2C500%2C500italic%2C700%2C700italic%2C900%2C900italic|font_style:900%20bold%20regular%3A900%3Anormal&#8220; link=&#8220;url:https%3A%2F%2F23spotsdivers.com%2Ftauchplaetze%2Ftauchen-ozeanien%2F|title:Tauchreise%20Australien%20%2F%20Ozenaien&#8220;][vc_separator css=&#8220;.vc_custom_1706564479771{margin-bottom: 20px !important;}&#8220;][vc_column_text css=&#8220;.vc_custom_1709221935103{padding-bottom: 20px !important;}&#8220;]Du hast nicht gefunden was du gesucht hast, oder ein anderes Anliegen, vielleicht auch einige Fragen die du gerne beantwortet haben m\u00f6chtest! Dann melde dich ganz einfach \u00fcber unser Kontaktformular!<\/p>\n<p>[\/vc_column_text][vc_btn title=&#8220;Mehr Infos&#8220; style=&#8220;flat&#8220; shape=&#8220;square&#8220; color=&#8220;primary&#8220; align=&#8220;left&#8220; i_icon_fontawesome=&#8220;fas fa-water&#8220; button_block=&#8220;true&#8220; add_icon=&#8220;true&#8220; css=&#8220;.vc_custom_1709218321456{padding-top: 5px !important;}&#8220; link=&#8220;url:https%3A%2F%2F23spotsdivers.com%2Fkontakt%2F|title:Besten%20Wrack%20Spots|target:_blank&#8220;][\/vc_column_inner][vc_column_inner width=&#8220;1\/3&#8243; css=&#8220;.vc_custom_1709220284955{padding-top: 20px !important;padding-right: 15px !important;padding-bottom: 20px !important;padding-left: 15px !important;}&#8220;][vc_single_image image=&#8220;5845&#8243; img_size=&#8220;full&#8220; alignment=&#8220;center&#8220; css=&#8220;.vc_custom_1709236380700{margin-bottom: 30px !important;}&#8220;][vc_custom_heading text=&#8220;Impressum&#8220; font_container=&#8220;tag:h3|font_size:25|text_align:left&#8220; google_fonts=&#8220;font_family:Roboto%3A100%2C100italic%2C300%2C300italic%2Cregular%2Citalic%2C500%2C500italic%2C700%2C700italic%2C900%2C900italic|font_style:900%20bold%20regular%3A900%3Anormal&#8220;][vc_separator css=&#8220;.vc_custom_1706564489462{margin-bottom: 20px !important;}&#8220;][vc_column_text css=&#8220;.vc_custom_1709222113663{padding-bottom: 20px !important;}&#8220;]Willkommen im Impressum unserer 23SpotsDivers Webseite. Hier findest du alle wichtigen Informationen gem\u00e4\u00df den gesetzlichen Vorschriften. Wir sind bestrebt, dir transparente und rechtlich konforme Angaben zu bieten. [\/vc_column_text][vc_btn title=&#8220;Mehr Infos&#8220; style=&#8220;flat&#8220; shape=&#8220;square&#8220; color=&#8220;primary&#8220; align=&#8220;left&#8220; i_icon_fontawesome=&#8220;fas fa-water&#8220; button_block=&#8220;true&#8220; add_icon=&#8220;true&#8220; css=&#8220;.vc_custom_1709218342266{padding-top: 5px !important;}&#8220; link=&#8220;url:https%3A%2F%2F23spotsdivers.com%2Fimpressum%2F|title:Top%20H%C3%B6hlen%20Spots|target:_blank&#8220;][\/vc_column_inner][\/vc_row_inner][\/vc_column][\/vc_row][vc_row wrapper_container=&#8220;special-block&#8220; css=&#8220;.vc_custom_1510328930658{border-radius: 2px !important;}&#8220;][vc_column]<p class=\"special-text\">Unsere aktuellen Tauchreise-Angebote:<strong>\u00a0Call +49 7451 6189996<\/strong>\n<\/p>[\/vc_column][\/vc_row]<\/p>\n<\/div>","protected":false},"excerpt":{"rendered":"<p>[vc_row][vc_column][vc_column_text css=&#8220;.vc_custom_1709236988600{padding-top: 40px !important;}&#8220;]Wir hei\u00dfen dich herzlich willkommen in der faszinierenden Welt des Tauchens! Trotz der schier unendlichen Weiten des World Wide Web hast du den Weg zu unserer Seite gefunden, und das freut uns sehr. Hier bist du genau richtig, um alles \u00fcber die aufregenden M\u00f6glichkeiten des Tauchens und der einzigartigen und vielf\u00e4ltigen Unterwasserwelt [&hellip;]<\/p>\n","protected":false},"author":1,"featured_media":0,"parent":0,"menu_order":0,"comment_status":"closed","ping_status":"closed","template":"entrada_templates\/layout-visual-composer-default.php","meta":{"footnotes":""},"class_list":["post-5820","page","type-page","status-publish","hentry"],"yoast_head":"<!-- This site is optimized with the Yoast SEO plugin v26.9 - https:\/\/yoast.com\/product\/yoast-seo-wordpress\/ -->\n<title>Informationen - 23spots-divers01<\/title>\n<meta name=\"robots\" content=\"noindex, follow, max-snippet:-1, max-image-preview:large, max-video-preview:-1\" \/>\n<meta property=\"og:locale\" content=\"de_DE\" \/>\n<meta property=\"og:type\" content=\"article\" \/>\n<meta property=\"og:title\" content=\"Informationen - 23spots-divers01\" \/>\n<meta property=\"og:description\" content=\"[vc_row][vc_column][vc_column_text css=&#8220;.vc_custom_1709236988600{padding-top: 40px !important;}&#8220;]Wir hei\u00dfen dich herzlich willkommen in der faszinierenden Welt des Tauchens! Trotz der schier unendlichen Weiten des World Wide Web hast du den Weg zu unserer Seite gefunden, und das freut uns sehr. Hier bist du genau richtig, um alles \u00fcber die aufregenden M\u00f6glichkeiten des Tauchens und der einzigartigen und vielf\u00e4ltigen Unterwasserwelt [&hellip;]\" \/>\n<meta property=\"og:url\" content=\"https:\/\/23spots.com\/23spots-divers01\/informationen\/\" \/>\n<meta property=\"og:site_name\" content=\"23spots-divers01\" \/>\n<meta property=\"article:modified_time\" content=\"2024-02-29T20:33:20+00:00\" \/>\n<meta name=\"twitter:card\" content=\"summary_large_image\" \/>\n<meta name=\"twitter:label1\" content=\"Gesch\u00e4tzte Lesezeit\" \/>\n\t<meta name=\"twitter:data1\" content=\"4\u00a0Minuten\" \/>\n<script type=\"application\/ld+json\" class=\"yoast-schema-graph\">{\"@context\":\"https:\/\/schema.org\",\"@graph\":[{\"@type\":\"WebPage\",\"@id\":\"https:\/\/23spots.com\/23spots-divers01\/informationen\/\",\"url\":\"https:\/\/23spots.com\/23spots-divers01\/informationen\/\",\"name\":\"Informationen - 23spots-divers01\",\"isPartOf\":{\"@id\":\"https:\/\/23spots.com\/23spots-divers01\/#website\"},\"datePublished\":\"2024-02-29T14:52:45+00:00\",\"dateModified\":\"2024-02-29T20:33:20+00:00\",\"breadcrumb\":{\"@id\":\"https:\/\/23spots.com\/23spots-divers01\/informationen\/#breadcrumb\"},\"inLanguage\":\"de\",\"potentialAction\":[{\"@type\":\"ReadAction\",\"target\":[\"https:\/\/23spots.com\/23spots-divers01\/informationen\/\"]}]},{\"@type\":\"BreadcrumbList\",\"@id\":\"https:\/\/23spots.com\/23spots-divers01\/informationen\/#breadcrumb\",\"itemListElement\":[{\"@type\":\"ListItem\",\"position\":1,\"name\":\"Startseite\",\"item\":\"https:\/\/23spots.com\/23spots-divers01\/\"},{\"@type\":\"ListItem\",\"position\":2,\"name\":\"Informationen\"}]},{\"@type\":\"WebSite\",\"@id\":\"https:\/\/23spots.com\/23spots-divers01\/#website\",\"url\":\"https:\/\/23spots.com\/23spots-divers01\/\",\"name\":\"23spots-divers01\",\"description\":\"Tauchenreisen, Tauchkurse, Tauchausr\u00fcstung\",\"potentialAction\":[{\"@type\":\"SearchAction\",\"target\":{\"@type\":\"EntryPoint\",\"urlTemplate\":\"https:\/\/23spots.com\/23spots-divers01\/?s={search_term_string}\"},\"query-input\":{\"@type\":\"PropertyValueSpecification\",\"valueRequired\":true,\"valueName\":\"search_term_string\"}}],\"inLanguage\":\"de\"}]}<\/script>\n<!-- \/ Yoast SEO plugin. -->","yoast_head_json":{"title":"Informationen - 23spots-divers01","robots":{"index":"noindex","follow":"follow","max-snippet":"max-snippet:-1","max-image-preview":"max-image-preview:large","max-video-preview":"max-video-preview:-1"},"og_locale":"de_DE","og_type":"article","og_title":"Informationen - 23spots-divers01","og_description":"[vc_row][vc_column][vc_column_text css=&#8220;.vc_custom_1709236988600{padding-top: 40px !important;}&#8220;]Wir hei\u00dfen dich herzlich willkommen in der faszinierenden Welt des Tauchens! Trotz der schier unendlichen Weiten des World Wide Web hast du den Weg zu unserer Seite gefunden, und das freut uns sehr. Hier bist du genau richtig, um alles \u00fcber die aufregenden M\u00f6glichkeiten des Tauchens und der einzigartigen und vielf\u00e4ltigen Unterwasserwelt [&hellip;]","og_url":"https:\/\/23spots.com\/23spots-divers01\/informationen\/","og_site_name":"23spots-divers01","article_modified_time":"2024-02-29T20:33:20+00:00","twitter_card":"summary_large_image","twitter_misc":{"Gesch\u00e4tzte Lesezeit":"4\u00a0Minuten"},"schema":{"@context":"https:\/\/schema.org","@graph":[{"@type":"WebPage","@id":"https:\/\/23spots.com\/23spots-divers01\/informationen\/","url":"https:\/\/23spots.com\/23spots-divers01\/informationen\/","name":"Informationen - 23spots-divers01","isPartOf":{"@id":"https:\/\/23spots.com\/23spots-divers01\/#website"},"datePublished":"2024-02-29T14:52:45+00:00","dateModified":"2024-02-29T20:33:20+00:00","breadcrumb":{"@id":"https:\/\/23spots.com\/23spots-divers01\/informationen\/#breadcrumb"},"inLanguage":"de","potentialAction":[{"@type":"ReadAction","target":["https:\/\/23spots.com\/23spots-divers01\/informationen\/"]}]},{"@type":"BreadcrumbList","@id":"https:\/\/23spots.com\/23spots-divers01\/informationen\/#breadcrumb","itemListElement":[{"@type":"ListItem","position":1,"name":"Startseite","item":"https:\/\/23spots.com\/23spots-divers01\/"},{"@type":"ListItem","position":2,"name":"Informationen"}]},{"@type":"WebSite","@id":"https:\/\/23spots.com\/23spots-divers01\/#website","url":"https:\/\/23spots.com\/23spots-divers01\/","name":"23spots-divers01","description":"Tauchenreisen, Tauchkurse, Tauchausr\u00fcstung","potentialAction":[{"@type":"SearchAction","target":{"@type":"EntryPoint","urlTemplate":"https:\/\/23spots.com\/23spots-divers01\/?s={search_term_string}"},"query-input":{"@type":"PropertyValueSpecification","valueRequired":true,"valueName":"search_term_string"}}],"inLanguage":"de"}]}},"_links":{"self":[{"href":"https:\/\/23spots.com\/23spots-divers01\/wp-json\/wp\/v2\/pages\/5820","targetHints":{"allow":["GET"]}}],"collection":[{"href":"https:\/\/23spots.com\/23spots-divers01\/wp-json\/wp\/v2\/pages"}],"about":[{"href":"https:\/\/23spots.com\/23spots-divers01\/wp-json\/wp\/v2\/types\/page"}],"author":[{"embeddable":true,"href":"https:\/\/23spots.com\/23spots-divers01\/wp-json\/wp\/v2\/users\/1"}],"replies":[{"embeddable":true,"href":"https:\/\/23spots.com\/23spots-divers01\/wp-json\/wp\/v2\/comments?post=5820"}],"version-history":[{"count":14,"href":"https:\/\/23spots.com\/23spots-divers01\/wp-json\/wp\/v2\/pages\/5820\/revisions"}],"predecessor-version":[{"id":5849,"href":"https:\/\/23spots.com\/23spots-divers01\/wp-json\/wp\/v2\/pages\/5820\/revisions\/5849"}],"wp:attachment":[{"href":"https:\/\/23spots.com\/23spots-divers01\/wp-json\/wp\/v2\/media?parent=5820"}],"curies":[{"name":"wp","href":"https:\/\/api.w.org\/{rel}","templated":true}]}}