{"id":680,"date":"2013-09-04T21:39:10","date_gmt":"2013-09-04T19:39:10","guid":{"rendered":"https:\/\/23spotsgroup.com\/23spotsdiving\/?page_id=680"},"modified":"2017-11-10T21:51:30","modified_gmt":"2017-11-10T20:51:30","slug":"unterwasser-handzeichen","status":"publish","type":"page","link":"https:\/\/23spots.com\/23spots-divers01\/unterwasser-handzeichen\/","title":{"rendered":"Unterwasser Handzeichen"},"content":{"rendered":"<div class=\"wpb-content-wrapper\"><p>[vc_row][vc_column][vc_column_text]<\/p>\n<h3>Verst\u00e4ndigung unter Wasser<\/h3>\n<p>Wir wissen alle, dass wir uns unter Wasser nicht im herk\u00f6mmlichen Sinne unterhalten k\u00f6nnen. Wir erleben eine ganz neue faszinierende Art der Akustik, da unter Wasser Ger\u00e4usche ganz anders wahrgenommen werden als an Luft. Auch der Atemregler, welcher sich im Mund befindet macht eine Kommunikation nicht wirklich einfach unter Taucher.<br \/>\nTrotzdem ist es unumg\u00e4nglich, dass auch Taucher miteinander sprechen k\u00f6nnen. Wie sonst sollen wir unserem Tauchbuddy mitteilen, dass man gerade auf einen interessanten Fisch sowie eine Amphibie gesto\u00dfen sind. Oder gar dem Tauchbegleiter mitzuteilen, dass der Luftvorrat knapp ist und man auftauchen muss. Wir ihr seht gibt es eine Menge, was man unter Wasser w\u00e4hrend eines Tauchgangs besprechen kann und auch muss.<br \/>\nF\u00fcr diesen ben\u00f6tigten Informationsaustausch werden aus diesem Grund spezielle Unterwasserzeichen verwendet. Eigens hierf\u00fcr gibt es international einheitliche Zeichen, mit welchen sich Taucher mit ihren Buddys, die beispielsweise auf einer Tauchbasis im Urlaub zusammen tauchen, unterhalten k\u00f6nnen.<br \/>\nEs gibt nat\u00fcrlich auch individuelle Unterwasserzeichen, welche ein Tauchpartner mit seinem Buddy vor jedem Tauchgang vereinbart. Diese werden von anderen nicht unbedingt verstanden, sind aber f\u00fcr ein Tauchteam unerl\u00e4sslich um einen ruhigen und entspannten Tauchgang zu erleben.<\/p>\n<h4>Wir haben hier einige der wichtigsten Unterwasserzeichen zusammen gestellt.<\/h4>\n<p>[\/vc_column_text][\/vc_column][\/vc_row][vc_row css=&#8220;.vc_custom_1508917160673{padding-left: 10px !important;background-color: #cccccc !important;}&#8220;][vc_column width=&#8220;1\/2&#8243; css=&#8220;.vc_custom_1508917398592{padding-right: 30px !important;}&#8220;][vc_custom_heading text=&#8220;OK-Zeichen&#8220; font_container=&#8220;tag:h3|text_align:left&#8220; google_fonts=&#8220;font_family:Roboto%3A100%2C100italic%2C300%2C300italic%2Cregular%2Citalic%2C500%2C500italic%2C700%2C700italic%2C900%2C900italic|font_style:400%20regular%3A400%3Anormal&#8220; css=&#8220;.vc_custom_1509301688764{padding-bottom: 10px !important;}&#8220;][vc_separator color=&#8220;blue&#8220; border_width=&#8220;2&#8243; css=&#8220;.vc_custom_1508333739153{padding-bottom: 15px !important;}&#8220;][vc_column_text]Das wichtigste Tauchzeichen ist das OK-Zeichen. Hierzu wird unter Wasser ein Zeichen gemacht indem man mit dem Daumen und dem Zeigefinger ein Kreis erstellt. Die restlichen Finger werden entweder gestreckt oder ebenfalls gebeugt. An der Wasseroberfl\u00e4che wird das OK-Zeichen gemacht, indem man beide Arme \u00fcber dem Kopf in Form eines Kreises zusammenf\u00fchrt. Alternativ kann auch nur ein Arm verwendet werden.[\/vc_column_text][\/vc_column][vc_column width=&#8220;1\/2&#8243;][vc_single_image image=&#8220;3248&#8243; img_size=&#8220;500&#215;300&#8243; alignment=&#8220;right&#8220;][\/vc_column][\/vc_row][vc_row][vc_column width=&#8220;1\/2&#8243;][vc_single_image image=&#8220;3252&#8243; img_size=&#8220;500&#215;300&#8243; css=&#8220;.vc_custom_1510346562365{padding-bottom: 15px !important;}&#8220;][\/vc_column][vc_column width=&#8220;1\/2&#8243;][vc_custom_heading text=&#8220;Auftauchen&#8220; font_container=&#8220;tag:h3|text_align:left&#8220; google_fonts=&#8220;font_family:Roboto%3A100%2C100italic%2C300%2C300italic%2Cregular%2Citalic%2C500%2C500italic%2C700%2C700italic%2C900%2C900italic|font_style:400%20regular%3A400%3Anormal&#8220;][vc_separator color=&#8220;blue&#8220; border_width=&#8220;2&#8243; css=&#8220;.vc_custom_1508333739153{padding-bottom: 15px !important;}&#8220;][vc_column_text]Auch f\u00fcr das Auftauchen gibt es ein spezielles Zeichen, welche die Unterwasserkommunikation einfacher macht. F\u00fcr das Auftauchen wird das Zeichen verwendet, mit der Faust und dem Daumen nach oben. Also genauso wie wenn man an Land per Handzeichen sagen w\u00fcrde &#8222;alles ist gut, ok&#8220;.[\/vc_column_text][\/vc_column][\/vc_row][vc_row css=&#8220;.vc_custom_1508436889449{background-color: #cccccc !important;}&#8220;][vc_column width=&#8220;1\/2&#8243; css=&#8220;.vc_custom_1508936727270{margin-right: 30px !important;padding-right: 30px !important;}&#8220;][vc_custom_heading text=&#8220;Abtauchen&#8220; font_container=&#8220;tag:h3|text_align:left&#8220; google_fonts=&#8220;font_family:Roboto%3A100%2C100italic%2C300%2C300italic%2Cregular%2Citalic%2C500%2C500italic%2C700%2C700italic%2C900%2C900italic|font_style:400%20regular%3A400%3Anormal&#8220; css=&#8220;.vc_custom_1509302209441{padding-bottom: 10px !important;}&#8220;][vc_separator color=&#8220;blue&#8220; border_width=&#8220;2&#8243; css=&#8220;.vc_custom_1508951036212{padding-right: 30px !important;padding-bottom: 15px !important;}&#8220;][vc_column_text]Das Abtauchen ist ebenfalls ein wichtiges Zeichen unter den Tauchern und erleichtert die Kommunikation mit dem Tauchbuddy. F\u00fcr das Abtauchen ballt man die Hand zu einer Faust und zeigt mit dem Daumen nach unten. An Land w\u00e4re es gleichzusetzen mit dem Zeichen f\u00fcr &#8222;schlecht&#8220;, &#8222;nicht gut&#8220;. [\/vc_column_text][\/vc_column][vc_column width=&#8220;1\/2&#8243;][vc_single_image image=&#8220;3246&#8243; img_size=&#8220;500&#215;300&#8243; alignment=&#8220;right&#8220;][\/vc_column][\/vc_row][vc_row][vc_column width=&#8220;1\/2&#8243;][vc_single_image image=&#8220;3254&#8243; img_size=&#8220;500&#215;300&#8243; css=&#8220;.vc_custom_1510346632355{padding-bottom: 15px !important;}&#8220;][\/vc_column][vc_column width=&#8220;1\/2&#8243;][vc_custom_heading text=&#8220;Tiefe halten&#8220; font_container=&#8220;tag:h3|text_align:left&#8220; google_fonts=&#8220;font_family:Roboto%3A100%2C100italic%2C300%2C300italic%2Cregular%2Citalic%2C500%2C500italic%2C700%2C700italic%2C900%2C900italic|font_style:400%20regular%3A400%3Anormal&#8220; css=&#8220;.vc_custom_1509302368870{padding-bottom: 10px !important;}&#8220;][vc_separator color=&#8220;blue&#8220; border_width=&#8220;2&#8243; css=&#8220;.vc_custom_1508333739153{padding-bottom: 15px !important;}&#8220;][vc_column_text]Um Deinem Tauchpartner zu signalisieren dass man die aktuelle Tiefe halten sollte, gibt es das Zeichen, die flache Hand wird ausgestreckt und waagerecht vor dem K\u00f6rper gehalten. Die Hand wird dann von links nach rechts bewegt.[\/vc_column_text][\/vc_column][\/vc_row][vc_row css=&#8220;.vc_custom_1509302457332{background-color: #cccccc !important;}&#8220;][vc_column width=&#8220;1\/2&#8243; css=&#8220;.vc_custom_1508936202728{padding-right: 30px !important;}&#8220;][vc_custom_heading text=&#8220;Unwohlsein&#8220; font_container=&#8220;tag:h3|text_align:left&#8220; google_fonts=&#8220;font_family:Roboto%3A100%2C100italic%2C300%2C300italic%2Cregular%2Citalic%2C500%2C500italic%2C700%2C700italic%2C900%2C900italic|font_style:400%20regular%3A400%3Anormal&#8220; css=&#8220;.vc_custom_1509302510965{padding-bottom: 10px !important;}&#8220;][vc_separator color=&#8220;blue&#8220; border_width=&#8220;2&#8243; css=&#8220;.vc_custom_1508951322824{padding-right: 30px !important;padding-bottom: 15px !important;}&#8220;][vc_column_text]Wenn etwas nicht in Ordnung ist oder man sich unwohl f\u00fchlt, nimmt man die Hand vor dem K\u00f6rper, spreizt man alle Finger und macht eine seitw\u00e4rts schaukelnde Bewegung mit der Hand.[\/vc_column_text][\/vc_column][vc_column width=&#8220;1\/2&#8243;][vc_single_image image=&#8220;3242&#8243; img_size=&#8220;500&#215;300&#8243; alignment=&#8220;right&#8220;][\/vc_column][\/vc_row][vc_row][vc_column width=&#8220;1\/2&#8243; css=&#8220;.vc_custom_1508936202728{padding-right: 30px !important;}&#8220;][vc_single_image image=&#8220;3256&#8243; img_size=&#8220;500&#215;300&#8243; css=&#8220;.vc_custom_1510346746276{padding-bottom: 15px !important;}&#8220;][\/vc_column][vc_column width=&#8220;1\/2&#8243; css=&#8220;.vc_custom_1508936185794{padding-left: 30px !important;}&#8220;][vc_custom_heading text=&#8220;Nicht funktionierender Druckausgleich&#8220; font_container=&#8220;tag:h3|text_align:left&#8220; google_fonts=&#8220;font_family:Roboto%3A100%2C100italic%2C300%2C300italic%2Cregular%2Citalic%2C500%2C500italic%2C700%2C700italic%2C900%2C900italic|font_style:400%20regular%3A400%3Anormal&#8220; css=&#8220;.vc_custom_1509303503268{padding-bottom: 10px !important;}&#8220;][vc_separator color=&#8220;blue&#8220; border_width=&#8220;2&#8243; css=&#8220;.vc_custom_1508951322824{padding-right: 30px !important;padding-bottom: 15px !important;}&#8220;][vc_column_text]Bei nicht oder schlecht funktionierendem Druckausgleich h\u00e4lt man den ausgestreckten Daumen in Richtung des Ohrs bei welchem der Druckausgleich nicht funktioniert und macht abwechselnd eine Faust und spreizt dann die Finger wieder.[\/vc_column_text][\/vc_column][\/vc_row][vc_row css=&#8220;.vc_custom_1508436856718{background-color: #cccccc !important;}&#8220;][vc_column width=&#8220;1\/2&#8243; css=&#8220;.vc_custom_1509353551087{padding-right: 30px !important;}&#8220;][vc_custom_heading text=&#8220;Habe keine Luft&#8220; font_container=&#8220;tag:h3|text_align:left&#8220; google_fonts=&#8220;font_family:Roboto%3A100%2C100italic%2C300%2C300italic%2Cregular%2Citalic%2C500%2C500italic%2C700%2C700italic%2C900%2C900italic|font_style:400%20regular%3A400%3Anormal&#8220; css=&#8220;.vc_custom_1509303575834{padding-bottom: 10px !important;}&#8220;][vc_separator color=&#8220;blue&#8220; border_width=&#8220;2&#8243; css=&#8220;.vc_custom_1508333739153{padding-bottom: 15px !important;}&#8220;][vc_column_text]Jeder Taucher muss das Zeichen f\u00fcr keine Luft mehr kennen. Hier wird mit der flachen Hand, die Handkante in Richtung Hals halten, dann eine Bewegung durchf\u00fchren als ob man einem die \u201cKehle durchschneiden\u201d w\u00fcrde. Im Regelfall bietet einem der Tauchpartner dann Wechselatmung an und das Auftauchen wird eingeleitet.[\/vc_column_text][\/vc_column][vc_column width=&#8220;1\/2&#8243;][vc_single_image image=&#8220;3247&#8243; img_size=&#8220;500&#215;300&#8243; alignment=&#8220;right&#8220;][\/vc_column][\/vc_row][vc_row][vc_column width=&#8220;1\/2&#8243; css=&#8220;.vc_custom_1508936202728{padding-right: 30px !important;}&#8220;][vc_single_image image=&#8220;3249&#8243; img_size=&#8220;500&#215;300&#8243; css=&#8220;.vc_custom_1510346805860{padding-bottom: 15px !important;}&#8220;][\/vc_column][vc_column width=&#8220;1\/2&#8243; css=&#8220;.vc_custom_1508936185794{padding-left: 30px !important;}&#8220;][vc_custom_heading text=&#8220;Halt, Stopp, Gefahr&#8220; font_container=&#8220;tag:h3|text_align:left&#8220; google_fonts=&#8220;font_family:Roboto%3A100%2C100italic%2C300%2C300italic%2Cregular%2Citalic%2C500%2C500italic%2C700%2C700italic%2C900%2C900italic|font_style:400%20regular%3A400%3Anormal&#8220; css=&#8220;.vc_custom_1509303671271{padding-bottom: 10px !important;}&#8220;][vc_separator color=&#8220;blue&#8220; border_width=&#8220;2&#8243; css=&#8220;.vc_custom_1508951322824{padding-right: 30px !important;padding-bottom: 15px !important;}&#8220;][vc_column_text]F\u00fcr das Tauchzeichen \u201eHalt, Stopp\u201c wird der Arm nach vorn ausgestreckt und die Handfl\u00e4che weist dabei in Richtung Tauchpartner. Die Finger sind dabei nicht gespreizt, sondern aneinander liegend. [\/vc_column_text][\/vc_column][\/vc_row][vc_row css=&#8220;.vc_custom_1508436856718{background-color: #cccccc !important;}&#8220;][vc_column width=&#8220;1\/2&#8243; css=&#8220;.vc_custom_1509353615605{padding-right: 30px !important;}&#8220;][vc_custom_heading text=&#8220;Luftvorrat: 100 bar&#8220; font_container=&#8220;tag:h3|text_align:left&#8220; google_fonts=&#8220;font_family:Roboto%3A100%2C100italic%2C300%2C300italic%2Cregular%2Citalic%2C500%2C500italic%2C700%2C700italic%2C900%2C900italic|font_style:400%20regular%3A400%3Anormal&#8220;][vc_separator color=&#8220;blue&#8220; border_width=&#8220;2&#8243; css=&#8220;.vc_custom_1508333739153{padding-bottom: 15px !important;}&#8220;][vc_column_text]In der Regel tauchen wir Taucher mit einer 200 bar-Flasche. Das Restvolumen wird \u00fcber den Finimeter angezeigt. Liegt die Anzeige bei 100-bar, welches gleichbedeutend ist mit \u201cdie H\u00e4lfte ist verbraucht\u201d, wird die linke Hand vertikal ausgestreckt und vor den K\u00f6rper gehalten, die rechte Hand horizontal und wird \u00fcber die linke gelegt. Sollte die Anzeige nur noch ein Restvolumen von 50-bar anzeigen, so wird die linke Hand zu einer Faust geformt und einen Moment gehalten.[\/vc_column_text][\/vc_column][vc_column width=&#8220;1\/2&#8243;][vc_single_image image=&#8220;3245&#8243; img_size=&#8220;500&#215;300&#8243; alignment=&#8220;right&#8220;][\/vc_column][\/vc_row][vc_row][vc_column width=&#8220;1\/2&#8243;][vc_single_image image=&#8220;3251&#8243; img_size=&#8220;500&#215;300&#8243; css=&#8220;.vc_custom_1510346861704{padding-bottom: 15px !important;}&#8220;][\/vc_column][vc_column width=&#8220;1\/2&#8243;][vc_custom_heading text=&#8220;Luftvorrat: 50 bar&#8220; font_container=&#8220;tag:h3|text_align:left&#8220; google_fonts=&#8220;font_family:Roboto%3A100%2C100italic%2C300%2C300italic%2Cregular%2Citalic%2C500%2C500italic%2C700%2C700italic%2C900%2C900italic|font_style:400%20regular%3A400%3Anormal&#8220; css=&#8220;.vc_custom_1509303892902{padding-bottom: 10px !important;}&#8220;][vc_separator color=&#8220;blue&#8220; border_width=&#8220;2&#8243; css=&#8220;.vc_custom_1508333739153{padding-bottom: 15px !important;}&#8220;][vc_column_text]Sollte die Anzeige auf dem Finimeter nur noch ein Restvolumen von 50-Bar anzeigen, so wird die linke Hand zu einer Faust geformt und einen Moment gehalten.[\/vc_column_text][\/vc_column][\/vc_row][vc_row css=&#8220;.vc_custom_1508436856718{background-color: #cccccc !important;}&#8220;][vc_column width=&#8220;1\/2&#8243; css=&#8220;.vc_custom_1509353408742{padding-right: 30px !important;}&#8220;][vc_custom_heading text=&#8220;Kalt\/Frieren&#8220; font_container=&#8220;tag:h3|text_align:left&#8220; google_fonts=&#8220;font_family:Roboto%3A100%2C100italic%2C300%2C300italic%2Cregular%2Citalic%2C500%2C500italic%2C700%2C700italic%2C900%2C900italic|font_style:400%20regular%3A400%3Anormal&#8220; css=&#8220;.vc_custom_1509302575635{padding-bottom: 10px !important;}&#8220;][vc_separator color=&#8220;blue&#8220; border_width=&#8220;2&#8243; css=&#8220;.vc_custom_1508333739153{padding-bottom: 15px !important;}&#8220;][vc_column_text]Um seinem Tauchbuddy zu signalisieren dass man friert, \u00fcberkreuzt man die Arme vor der und reibt mit den H\u00e4nden die Oberarme.[\/vc_column_text][\/vc_column][vc_column width=&#8220;1\/2&#8243;][vc_single_image image=&#8220;3253&#8243; img_size=&#8220;500&#215;300&#8243; alignment=&#8220;right&#8220;][\/vc_column][\/vc_row]<\/p>\n<\/div>","protected":false},"excerpt":{"rendered":"<p>[vc_row][vc_column][vc_column_text] Verst\u00e4ndigung unter Wasser Wir wissen alle, dass wir uns unter Wasser nicht im herk\u00f6mmlichen Sinne unterhalten k\u00f6nnen. Wir erleben eine ganz neue faszinierende Art der Akustik, da unter Wasser Ger\u00e4usche ganz anders wahrgenommen werden als an Luft. Auch der Atemregler, welcher sich im Mund befindet macht eine Kommunikation nicht wirklich einfach unter Taucher. Trotzdem [&hellip;]<\/p>\n","protected":false},"author":76,"featured_media":0,"parent":0,"menu_order":0,"comment_status":"closed","ping_status":"open","template":"entrada_templates\/layout-visual-composer-default.php","meta":{"footnotes":""},"class_list":["post-680","page","type-page","status-publish","hentry"],"yoast_head":"<!-- This site is optimized with the Yoast SEO plugin v26.9 - https:\/\/yoast.com\/product\/yoast-seo-wordpress\/ -->\n<title>Unterwasser Handzeichen - 23spots-divers01<\/title>\n<meta name=\"robots\" content=\"noindex, follow, max-snippet:-1, max-image-preview:large, max-video-preview:-1\" \/>\n<meta property=\"og:locale\" content=\"de_DE\" \/>\n<meta property=\"og:type\" content=\"article\" \/>\n<meta property=\"og:title\" content=\"Unterwasser Handzeichen - 23spots-divers01\" \/>\n<meta property=\"og:description\" content=\"[vc_row][vc_column][vc_column_text] Verst\u00e4ndigung unter Wasser Wir wissen alle, dass wir uns unter Wasser nicht im herk\u00f6mmlichen Sinne unterhalten k\u00f6nnen. Wir erleben eine ganz neue faszinierende Art der Akustik, da unter Wasser Ger\u00e4usche ganz anders wahrgenommen werden als an Luft. Auch der Atemregler, welcher sich im Mund befindet macht eine Kommunikation nicht wirklich einfach unter Taucher. Trotzdem [&hellip;]\" \/>\n<meta property=\"og:url\" content=\"https:\/\/23spots.com\/23spots-divers01\/unterwasser-handzeichen\/\" \/>\n<meta property=\"og:site_name\" content=\"23spots-divers01\" \/>\n<meta property=\"article:modified_time\" content=\"2017-11-10T20:51:30+00:00\" \/>\n<meta name=\"twitter:card\" content=\"summary_large_image\" \/>\n<meta name=\"twitter:label1\" content=\"Gesch\u00e4tzte Lesezeit\" \/>\n\t<meta name=\"twitter:data1\" content=\"9\u00a0Minuten\" \/>\n<script type=\"application\/ld+json\" class=\"yoast-schema-graph\">{\"@context\":\"https:\/\/schema.org\",\"@graph\":[{\"@type\":\"WebPage\",\"@id\":\"https:\/\/23spots.com\/23spots-divers01\/unterwasser-handzeichen\/\",\"url\":\"https:\/\/23spots.com\/23spots-divers01\/unterwasser-handzeichen\/\",\"name\":\"Unterwasser Handzeichen - 23spots-divers01\",\"isPartOf\":{\"@id\":\"https:\/\/23spots.com\/23spots-divers01\/#website\"},\"datePublished\":\"2013-09-04T19:39:10+00:00\",\"dateModified\":\"2017-11-10T20:51:30+00:00\",\"breadcrumb\":{\"@id\":\"https:\/\/23spots.com\/23spots-divers01\/unterwasser-handzeichen\/#breadcrumb\"},\"inLanguage\":\"de\",\"potentialAction\":[{\"@type\":\"ReadAction\",\"target\":[\"https:\/\/23spots.com\/23spots-divers01\/unterwasser-handzeichen\/\"]}]},{\"@type\":\"BreadcrumbList\",\"@id\":\"https:\/\/23spots.com\/23spots-divers01\/unterwasser-handzeichen\/#breadcrumb\",\"itemListElement\":[{\"@type\":\"ListItem\",\"position\":1,\"name\":\"Startseite\",\"item\":\"https:\/\/23spots.com\/23spots-divers01\/\"},{\"@type\":\"ListItem\",\"position\":2,\"name\":\"Unterwasser Handzeichen\"}]},{\"@type\":\"WebSite\",\"@id\":\"https:\/\/23spots.com\/23spots-divers01\/#website\",\"url\":\"https:\/\/23spots.com\/23spots-divers01\/\",\"name\":\"23spots-divers01\",\"description\":\"Tauchenreisen, Tauchkurse, Tauchausr\u00fcstung\",\"potentialAction\":[{\"@type\":\"SearchAction\",\"target\":{\"@type\":\"EntryPoint\",\"urlTemplate\":\"https:\/\/23spots.com\/23spots-divers01\/?s={search_term_string}\"},\"query-input\":{\"@type\":\"PropertyValueSpecification\",\"valueRequired\":true,\"valueName\":\"search_term_string\"}}],\"inLanguage\":\"de\"}]}<\/script>\n<!-- \/ Yoast SEO plugin. -->","yoast_head_json":{"title":"Unterwasser Handzeichen - 23spots-divers01","robots":{"index":"noindex","follow":"follow","max-snippet":"max-snippet:-1","max-image-preview":"max-image-preview:large","max-video-preview":"max-video-preview:-1"},"og_locale":"de_DE","og_type":"article","og_title":"Unterwasser Handzeichen - 23spots-divers01","og_description":"[vc_row][vc_column][vc_column_text] Verst\u00e4ndigung unter Wasser Wir wissen alle, dass wir uns unter Wasser nicht im herk\u00f6mmlichen Sinne unterhalten k\u00f6nnen. Wir erleben eine ganz neue faszinierende Art der Akustik, da unter Wasser Ger\u00e4usche ganz anders wahrgenommen werden als an Luft. Auch der Atemregler, welcher sich im Mund befindet macht eine Kommunikation nicht wirklich einfach unter Taucher. Trotzdem [&hellip;]","og_url":"https:\/\/23spots.com\/23spots-divers01\/unterwasser-handzeichen\/","og_site_name":"23spots-divers01","article_modified_time":"2017-11-10T20:51:30+00:00","twitter_card":"summary_large_image","twitter_misc":{"Gesch\u00e4tzte Lesezeit":"9\u00a0Minuten"},"schema":{"@context":"https:\/\/schema.org","@graph":[{"@type":"WebPage","@id":"https:\/\/23spots.com\/23spots-divers01\/unterwasser-handzeichen\/","url":"https:\/\/23spots.com\/23spots-divers01\/unterwasser-handzeichen\/","name":"Unterwasser Handzeichen - 23spots-divers01","isPartOf":{"@id":"https:\/\/23spots.com\/23spots-divers01\/#website"},"datePublished":"2013-09-04T19:39:10+00:00","dateModified":"2017-11-10T20:51:30+00:00","breadcrumb":{"@id":"https:\/\/23spots.com\/23spots-divers01\/unterwasser-handzeichen\/#breadcrumb"},"inLanguage":"de","potentialAction":[{"@type":"ReadAction","target":["https:\/\/23spots.com\/23spots-divers01\/unterwasser-handzeichen\/"]}]},{"@type":"BreadcrumbList","@id":"https:\/\/23spots.com\/23spots-divers01\/unterwasser-handzeichen\/#breadcrumb","itemListElement":[{"@type":"ListItem","position":1,"name":"Startseite","item":"https:\/\/23spots.com\/23spots-divers01\/"},{"@type":"ListItem","position":2,"name":"Unterwasser Handzeichen"}]},{"@type":"WebSite","@id":"https:\/\/23spots.com\/23spots-divers01\/#website","url":"https:\/\/23spots.com\/23spots-divers01\/","name":"23spots-divers01","description":"Tauchenreisen, Tauchkurse, Tauchausr\u00fcstung","potentialAction":[{"@type":"SearchAction","target":{"@type":"EntryPoint","urlTemplate":"https:\/\/23spots.com\/23spots-divers01\/?s={search_term_string}"},"query-input":{"@type":"PropertyValueSpecification","valueRequired":true,"valueName":"search_term_string"}}],"inLanguage":"de"}]}},"_links":{"self":[{"href":"https:\/\/23spots.com\/23spots-divers01\/wp-json\/wp\/v2\/pages\/680","targetHints":{"allow":["GET"]}}],"collection":[{"href":"https:\/\/23spots.com\/23spots-divers01\/wp-json\/wp\/v2\/pages"}],"about":[{"href":"https:\/\/23spots.com\/23spots-divers01\/wp-json\/wp\/v2\/types\/page"}],"author":[{"embeddable":true,"href":"https:\/\/23spots.com\/23spots-divers01\/wp-json\/wp\/v2\/users\/76"}],"replies":[{"embeddable":true,"href":"https:\/\/23spots.com\/23spots-divers01\/wp-json\/wp\/v2\/comments?post=680"}],"version-history":[{"count":5,"href":"https:\/\/23spots.com\/23spots-divers01\/wp-json\/wp\/v2\/pages\/680\/revisions"}],"predecessor-version":[{"id":3603,"href":"https:\/\/23spots.com\/23spots-divers01\/wp-json\/wp\/v2\/pages\/680\/revisions\/3603"}],"wp:attachment":[{"href":"https:\/\/23spots.com\/23spots-divers01\/wp-json\/wp\/v2\/media?parent=680"}],"curies":[{"name":"wp","href":"https:\/\/api.w.org\/{rel}","templated":true}]}}