{"id":705,"date":"2013-09-05T16:28:54","date_gmt":"2013-09-05T14:28:54","guid":{"rendered":"https:\/\/23spotsgroup.com\/23spotsdiving\/?page_id=705"},"modified":"2018-01-17T15:47:41","modified_gmt":"2018-01-17T14:47:41","slug":"schnorcheln","status":"publish","type":"page","link":"https:\/\/23spots.com\/23spots-divers01\/tauchschule\/schnorcheln\/","title":{"rendered":"Schnorcheln"},"content":{"rendered":"<div class=\"wpb-content-wrapper\"><p>[vc_row][vc_column]<header class='content-heading'>\n\t\t\t\t\t\t<h2 class='main-heading'>Schnorcheln<\/h2>\n\t\t\t\t\t\t<div class='main-subtitle'><p>Begib Dich auf eine faszinierend bunte Reise<\/p>\n<\/div>\n\t\t\t\t\t\t<div class='seperator'><\/div>\n\t\t\t\t\t<\/header>[vc_column_text css=&#8220;.vc_custom_1516200453336{margin-top: 30px !important;}&#8220;]Schnorcheln ist der optimale Sommerspa\u00df f\u00fcr Jung und Alt. Beim Schnorcheln ben\u00f6tigst Du nicht viel Ausr\u00fcstung, wichtig ist, dass Du auf jeden Fall schwimmen kannst und Spa\u00df daran hast Deine Zeit im Wasser zu verbringen. Denn wohl bemerkt, beim Schnorcheln bist Du dies die komplette Zeit. Lerne die atemberaubende Flora und Fauna der Unterwasserwelt mit unseren tollen Schnorchelkursen, dem Ocean Snorkel Diver und dem Master Snorkel Diver, oder auch mit einer wundervollen Schnorchelsafari kennen und lieben.[\/vc_column_text][\/vc_column][\/vc_row][vc_row wrapper_container=&#8220;special-block&#8220;][vc_column]<p class=\"special-text\">Buche jetzt Deine Schnorchelsafari.<strong> Call +49 157 &#8211; 9232 4008<\/strong>\n<\/p>[\/vc_column][\/vc_row][vc_row][vc_column]<div class=\"woocommerce columns-4 \"><div class=\"row db-3-col\">\n<article class=\"col;-sm-6 col-md-3 article has-hover-s1\">\n\t\t\t\t\t<div class=\"thumbnail\" itemscope itemtype=\"http:\/\/schema.org\/Product\"><div class=\"img-wrap\"><img loading=\"lazy\" decoding=\"async\" width=\"537\" height=\"358\" src=\"https:\/\/23spots.com\/23spots-divers01\/files\/schnorcheln_ocean_snorkel_diver.png\" class=\"attachment-550x358 size-550x358 wp-post-image\" alt=\"\" itemprop=\"image\" srcset=\"https:\/\/23spots.com\/23spots-divers01\/files\/schnorcheln_ocean_snorkel_diver.png 600w, https:\/\/23spots.com\/23spots-divers01\/files\/schnorcheln_ocean_snorkel_diver-150x100.png 150w, https:\/\/23spots.com\/23spots-divers01\/files\/schnorcheln_ocean_snorkel_diver-300x200.png 300w, https:\/\/23spots.com\/23spots-divers01\/files\/schnorcheln_ocean_snorkel_diver-20x13.png 20w\" sizes=\"auto, (max-width: 537px) 100vw, 537px\" \/><div class=\"product-badge\"><ul><\/ul><\/div><\/div><h3 class=\"small-space\"><a href=\"https:\/\/23spots.com\/23spots-divers01\/tauchshop\/ocean-snorkel-diver\/\" itemprop=\"name\">Ocean Snorkel Diver<\/a><\/h3>\n\t\t\t<span class=\"info\"><a href=\"https:\/\/23spots.com\/23spots-divers01\/produkt-kategorie\/schnorcheln\/\">Schnorcheln<\/a><\/span>\n\t\t\t<aside class=\"meta\"><span class=\"country\"><span class=\"icon-world\"> <\/span>0 Place<\/span><span class=\"activity\"><span class=\"icon-acitivities\"> <\/span>1 Activity<\/span>\n\t\t\t<\/aside>\n\t\t\t<p itemprop=\"description\">Wenn Du bisher noch nie die Unterwasserwelt erkundet hast, dann bekommst Du mit dem Schnorcheln die einzigartige M\u00f6glichkeit, die faszinierende Welt des Meeres, z. B. bei einer Schnorchelsafari, kennen zulernen. Wenn Du schon ein erfahrener Schnorchler bist, dann entdecke Neues&hellip;<\/p>\n\t\t\t<a href=\"https:\/\/23spots.com\/23spots-divers01\/tauchshop\/ocean-snorkel-diver\/\" class=\"btn btn-default\" itemprop=\"url\">explore<\/a>\n\t\t\t<footer>\n\t\t\t\t<ul class=\"social-networks\">\n\t\t\t\t\t<li><a href=\"javascript:void(null);\" onClick = \"fb_callout(&quot;https:\/\/23spots.com\/23spots-divers01\/tauchshop\/ocean-snorkel-diver\/&quot;, &quot;https:\/\/23spots.com\/23spots-divers01\/files\/schnorcheln_ocean_snorkel_diver.png&quot;, &quot;Ocean Snorkel Diver&quot;, &quot;Wenn Du bisher noch nie die Unterwasserwelt erkundet hast, dann bekommst Du mit dem Schnorcheln die einzigartige M\u00f6glichkeit, die faszinierende Welt des Meeres, z. B. bei einer Schnorchelsafari, kennen zulernen.&hellip;&quot;);\"><span class=\"icon-facebook\"><\/span><\/a><\/li><li><a href=\"javascript:void(null);\" onClick =\"share_on_twitter(&quot;https:\/\/23spots.com\/23spots-divers01\/tauchshop\/ocean-snorkel-diver\/&quot;, &quot;Ocean Snorkel Diver&quot;);\"> <span class=\"icon-twitter\"><\/span><\/a><\/li>\n\t\t\t\t<\/ul>\n\t\t\t\t<span class=\"price\">from <span itemprop=\"offers\" itemscope itemtype=\"http:\/\/schema.org\/Offer\"><span itemprop=\"price\">30,00<\/span>&nbsp;<span itemprop=\"priceCurrency\">&euro;<\/span><\/span><\/span>\n\t\t\t\t\t\t<\/footer>\n\t\t\t\t\t\t<\/div>\n\t\t\t\t\t\t<\/article><article class=\"col;-sm-6 col-md-3 article has-hover-s1\">\n\t\t\t\t\t<div class=\"thumbnail\" itemscope itemtype=\"http:\/\/schema.org\/Product\"><div class=\"img-wrap\"><img loading=\"lazy\" decoding=\"async\" width=\"537\" height=\"358\" src=\"https:\/\/23spots.com\/23spots-divers01\/files\/schnorchelsafari_snorkelsafari.png\" class=\"attachment-550x358 size-550x358 wp-post-image\" alt=\"\" itemprop=\"image\" srcset=\"https:\/\/23spots.com\/23spots-divers01\/files\/schnorchelsafari_snorkelsafari.png 600w, https:\/\/23spots.com\/23spots-divers01\/files\/schnorchelsafari_snorkelsafari-150x100.png 150w, https:\/\/23spots.com\/23spots-divers01\/files\/schnorchelsafari_snorkelsafari-300x200.png 300w, https:\/\/23spots.com\/23spots-divers01\/files\/schnorchelsafari_snorkelsafari-20x13.png 20w\" sizes=\"auto, (max-width: 537px) 100vw, 537px\" \/><div class=\"product-badge\"><ul><\/ul><\/div><\/div><h3 class=\"small-space\"><a href=\"https:\/\/23spots.com\/23spots-divers01\/tauchshop\/schnorchelsafari\/\" itemprop=\"name\">Schnorchelsafari<\/a><\/h3>\n\t\t\t<span class=\"info\"><a href=\"https:\/\/23spots.com\/23spots-divers01\/produkt-kategorie\/schnorcheln\/\">Schnorcheln<\/a><\/span>\n\t\t\t<aside class=\"meta\"><span class=\"country\"><span class=\"icon-world\"> <\/span>0 Place<\/span><span class=\"activity\"><span class=\"icon-acitivities\"> <\/span>1 Activity<\/span>\n\t\t\t<\/aside>\n\t\t\t<p itemprop=\"description\">Erlebe mit unserer\u00a0einzigartigen Schnorchelsafari\u00a0die herrliche Unterwasserflora und -Fauna auf der ganzen Welt. Dieses besondere Abenteuer ist ein unglaublicher und unvergesslicher Spa\u00df f\u00fcr Jung und Alt und nebenbei erweitert man noch sein Wissen zum Thema Meer. Nachdem Du den Kurs \u201eOcean&hellip;<\/p>\n\t\t\t<a href=\"https:\/\/23spots.com\/23spots-divers01\/tauchshop\/schnorchelsafari\/\" class=\"btn btn-default\" itemprop=\"url\">explore<\/a>\n\t\t\t<footer>\n\t\t\t\t<ul class=\"social-networks\">\n\t\t\t\t\t<li><a href=\"javascript:void(null);\" onClick = \"fb_callout(&quot;https:\/\/23spots.com\/23spots-divers01\/tauchshop\/schnorchelsafari\/&quot;, &quot;https:\/\/23spots.com\/23spots-divers01\/files\/schnorchelsafari_snorkelsafari.png&quot;, &quot;Schnorchelsafari&quot;, &quot;Erlebe mit unserer\u00a0einzigartigen Schnorchelsafari\u00a0die herrliche Unterwasserflora und -Fauna auf der ganzen Welt. Dieses besondere Abenteuer ist ein unglaublicher und unvergesslicher Spa\u00df f\u00fcr Jung und Alt und nebenbei erweitert man noch&hellip;&quot;);\"><span class=\"icon-facebook\"><\/span><\/a><\/li><li><a href=\"javascript:void(null);\" onClick =\"share_on_twitter(&quot;https:\/\/23spots.com\/23spots-divers01\/tauchshop\/schnorchelsafari\/&quot;, &quot;Schnorchelsafari&quot;);\"> <span class=\"icon-twitter\"><\/span><\/a><\/li>\n\t\t\t\t<\/ul>\n\t\t\t\t<span class=\"price\">from <span itemprop=\"offers\" itemscope itemtype=\"http:\/\/schema.org\/Offer\"><span itemprop=\"price\">49,00<\/span>&nbsp;<span itemprop=\"priceCurrency\">&euro;<\/span><\/span><\/span>\n\t\t\t\t\t\t<\/footer>\n\t\t\t\t\t\t<\/div>\n\t\t\t\t\t\t<\/article><\/div>\n<\/div>[\/vc_column][\/vc_row]<\/p>\n<\/div>","protected":false},"excerpt":{"rendered":"<p>[vc_row][vc_column][vc_column_text css=&#8220;.vc_custom_1516200453336{margin-top: 30px !important;}&#8220;]Schnorcheln ist der optimale Sommerspa\u00df f\u00fcr Jung und Alt. Beim Schnorcheln ben\u00f6tigst Du nicht viel Ausr\u00fcstung, wichtig ist, dass Du auf jeden Fall schwimmen kannst und Spa\u00df daran hast Deine Zeit im Wasser zu verbringen. Denn wohl bemerkt, beim Schnorcheln bist Du dies die komplette Zeit. Lerne die atemberaubende Flora und Fauna [&hellip;]<\/p>\n","protected":false},"author":76,"featured_media":0,"parent":629,"menu_order":1,"comment_status":"closed","ping_status":"open","template":"entrada_templates\/layout-visual-composer-default.php","meta":{"footnotes":""},"class_list":["post-705","page","type-page","status-publish","hentry"],"yoast_head":"<!-- This site is optimized with the Yoast SEO plugin v26.9 - https:\/\/yoast.com\/product\/yoast-seo-wordpress\/ -->\n<title>Schnorcheln - 23spots-divers01<\/title>\n<meta name=\"robots\" content=\"noindex, follow, max-snippet:-1, max-image-preview:large, max-video-preview:-1\" \/>\n<meta property=\"og:locale\" content=\"de_DE\" \/>\n<meta property=\"og:type\" content=\"article\" \/>\n<meta property=\"og:title\" content=\"Schnorcheln - 23spots-divers01\" \/>\n<meta property=\"og:description\" content=\"[vc_row][vc_column][vc_column_text css=&#8220;.vc_custom_1516200453336{margin-top: 30px !important;}&#8220;]Schnorcheln ist der optimale Sommerspa\u00df f\u00fcr Jung und Alt. Beim Schnorcheln ben\u00f6tigst Du nicht viel Ausr\u00fcstung, wichtig ist, dass Du auf jeden Fall schwimmen kannst und Spa\u00df daran hast Deine Zeit im Wasser zu verbringen. Denn wohl bemerkt, beim Schnorcheln bist Du dies die komplette Zeit. Lerne die atemberaubende Flora und Fauna [&hellip;]\" \/>\n<meta property=\"og:url\" content=\"https:\/\/23spots.com\/23spots-divers01\/tauchschule\/schnorcheln\/\" \/>\n<meta property=\"og:site_name\" content=\"23spots-divers01\" \/>\n<meta property=\"article:modified_time\" content=\"2018-01-17T14:47:41+00:00\" \/>\n<meta name=\"twitter:card\" content=\"summary_large_image\" \/>\n<meta name=\"twitter:label1\" content=\"Gesch\u00e4tzte Lesezeit\" \/>\n\t<meta name=\"twitter:data1\" content=\"1\u00a0Minute\" \/>\n<script type=\"application\/ld+json\" class=\"yoast-schema-graph\">{\"@context\":\"https:\/\/schema.org\",\"@graph\":[{\"@type\":\"WebPage\",\"@id\":\"https:\/\/23spots.com\/23spots-divers01\/tauchschule\/schnorcheln\/\",\"url\":\"https:\/\/23spots.com\/23spots-divers01\/tauchschule\/schnorcheln\/\",\"name\":\"Schnorcheln - 23spots-divers01\",\"isPartOf\":{\"@id\":\"https:\/\/23spots.com\/23spots-divers01\/#website\"},\"datePublished\":\"2013-09-05T14:28:54+00:00\",\"dateModified\":\"2018-01-17T14:47:41+00:00\",\"breadcrumb\":{\"@id\":\"https:\/\/23spots.com\/23spots-divers01\/tauchschule\/schnorcheln\/#breadcrumb\"},\"inLanguage\":\"de\",\"potentialAction\":[{\"@type\":\"ReadAction\",\"target\":[\"https:\/\/23spots.com\/23spots-divers01\/tauchschule\/schnorcheln\/\"]}]},{\"@type\":\"BreadcrumbList\",\"@id\":\"https:\/\/23spots.com\/23spots-divers01\/tauchschule\/schnorcheln\/#breadcrumb\",\"itemListElement\":[{\"@type\":\"ListItem\",\"position\":1,\"name\":\"Startseite\",\"item\":\"https:\/\/23spots.com\/23spots-divers01\/\"},{\"@type\":\"ListItem\",\"position\":2,\"name\":\"Tauchschule\",\"item\":\"https:\/\/23spots.com\/23spots-divers01\/tauchschule\/\"},{\"@type\":\"ListItem\",\"position\":3,\"name\":\"Schnorcheln\"}]},{\"@type\":\"WebSite\",\"@id\":\"https:\/\/23spots.com\/23spots-divers01\/#website\",\"url\":\"https:\/\/23spots.com\/23spots-divers01\/\",\"name\":\"23spots-divers01\",\"description\":\"Tauchenreisen, Tauchkurse, Tauchausr\u00fcstung\",\"potentialAction\":[{\"@type\":\"SearchAction\",\"target\":{\"@type\":\"EntryPoint\",\"urlTemplate\":\"https:\/\/23spots.com\/23spots-divers01\/?s={search_term_string}\"},\"query-input\":{\"@type\":\"PropertyValueSpecification\",\"valueRequired\":true,\"valueName\":\"search_term_string\"}}],\"inLanguage\":\"de\"}]}<\/script>\n<!-- \/ Yoast SEO plugin. -->","yoast_head_json":{"title":"Schnorcheln - 23spots-divers01","robots":{"index":"noindex","follow":"follow","max-snippet":"max-snippet:-1","max-image-preview":"max-image-preview:large","max-video-preview":"max-video-preview:-1"},"og_locale":"de_DE","og_type":"article","og_title":"Schnorcheln - 23spots-divers01","og_description":"[vc_row][vc_column][vc_column_text css=&#8220;.vc_custom_1516200453336{margin-top: 30px !important;}&#8220;]Schnorcheln ist der optimale Sommerspa\u00df f\u00fcr Jung und Alt. Beim Schnorcheln ben\u00f6tigst Du nicht viel Ausr\u00fcstung, wichtig ist, dass Du auf jeden Fall schwimmen kannst und Spa\u00df daran hast Deine Zeit im Wasser zu verbringen. Denn wohl bemerkt, beim Schnorcheln bist Du dies die komplette Zeit. Lerne die atemberaubende Flora und Fauna [&hellip;]","og_url":"https:\/\/23spots.com\/23spots-divers01\/tauchschule\/schnorcheln\/","og_site_name":"23spots-divers01","article_modified_time":"2018-01-17T14:47:41+00:00","twitter_card":"summary_large_image","twitter_misc":{"Gesch\u00e4tzte Lesezeit":"1\u00a0Minute"},"schema":{"@context":"https:\/\/schema.org","@graph":[{"@type":"WebPage","@id":"https:\/\/23spots.com\/23spots-divers01\/tauchschule\/schnorcheln\/","url":"https:\/\/23spots.com\/23spots-divers01\/tauchschule\/schnorcheln\/","name":"Schnorcheln - 23spots-divers01","isPartOf":{"@id":"https:\/\/23spots.com\/23spots-divers01\/#website"},"datePublished":"2013-09-05T14:28:54+00:00","dateModified":"2018-01-17T14:47:41+00:00","breadcrumb":{"@id":"https:\/\/23spots.com\/23spots-divers01\/tauchschule\/schnorcheln\/#breadcrumb"},"inLanguage":"de","potentialAction":[{"@type":"ReadAction","target":["https:\/\/23spots.com\/23spots-divers01\/tauchschule\/schnorcheln\/"]}]},{"@type":"BreadcrumbList","@id":"https:\/\/23spots.com\/23spots-divers01\/tauchschule\/schnorcheln\/#breadcrumb","itemListElement":[{"@type":"ListItem","position":1,"name":"Startseite","item":"https:\/\/23spots.com\/23spots-divers01\/"},{"@type":"ListItem","position":2,"name":"Tauchschule","item":"https:\/\/23spots.com\/23spots-divers01\/tauchschule\/"},{"@type":"ListItem","position":3,"name":"Schnorcheln"}]},{"@type":"WebSite","@id":"https:\/\/23spots.com\/23spots-divers01\/#website","url":"https:\/\/23spots.com\/23spots-divers01\/","name":"23spots-divers01","description":"Tauchenreisen, Tauchkurse, Tauchausr\u00fcstung","potentialAction":[{"@type":"SearchAction","target":{"@type":"EntryPoint","urlTemplate":"https:\/\/23spots.com\/23spots-divers01\/?s={search_term_string}"},"query-input":{"@type":"PropertyValueSpecification","valueRequired":true,"valueName":"search_term_string"}}],"inLanguage":"de"}]}},"_links":{"self":[{"href":"https:\/\/23spots.com\/23spots-divers01\/wp-json\/wp\/v2\/pages\/705","targetHints":{"allow":["GET"]}}],"collection":[{"href":"https:\/\/23spots.com\/23spots-divers01\/wp-json\/wp\/v2\/pages"}],"about":[{"href":"https:\/\/23spots.com\/23spots-divers01\/wp-json\/wp\/v2\/types\/page"}],"author":[{"embeddable":true,"href":"https:\/\/23spots.com\/23spots-divers01\/wp-json\/wp\/v2\/users\/76"}],"replies":[{"embeddable":true,"href":"https:\/\/23spots.com\/23spots-divers01\/wp-json\/wp\/v2\/comments?post=705"}],"version-history":[{"count":4,"href":"https:\/\/23spots.com\/23spots-divers01\/wp-json\/wp\/v2\/pages\/705\/revisions"}],"predecessor-version":[{"id":4850,"href":"https:\/\/23spots.com\/23spots-divers01\/wp-json\/wp\/v2\/pages\/705\/revisions\/4850"}],"up":[{"embeddable":true,"href":"https:\/\/23spots.com\/23spots-divers01\/wp-json\/wp\/v2\/pages\/629"}],"wp:attachment":[{"href":"https:\/\/23spots.com\/23spots-divers01\/wp-json\/wp\/v2\/media?parent=705"}],"curies":[{"name":"wp","href":"https:\/\/api.w.org\/{rel}","templated":true}]}}