{"id":709,"date":"2013-09-05T16:29:49","date_gmt":"2013-09-05T14:29:49","guid":{"rendered":"https:\/\/23spotsgroup.com\/23spotsdiving\/?page_id=709"},"modified":"2021-04-07T20:11:04","modified_gmt":"2021-04-07T18:11:04","slug":"gopro-tauchlehrer-werden","status":"publish","type":"page","link":"https:\/\/23spots.com\/23spots-divers01\/tauchschule\/gopro-tauchlehrer-werden\/","title":{"rendered":"GoPro, Tauchlehrer werden"},"content":{"rendered":"<div class=\"wpb-content-wrapper\"><p>[vc_row][vc_column]<header class='content-heading'>\n\t\t\t\t\t\t<h2 class='main-heading'>Go Pro<\/h2>\n\t\t\t\t\t\t<div class='main-subtitle'><p>Werde ein professioneller Tauchlehrer<\/p>\n<\/div>\n\t\t\t\t\t\t<div class='seperator'><\/div>\n\t\t\t\t\t<\/header>[vc_row_inner css=&#8220;.vc_custom_1617819059317{padding-top: 40px !important;}&#8220;][vc_column_inner width=&#8220;1\/2&#8243;][vc_column_text css=&#8220;.vc_custom_1516139297622{margin-top: 30px !important;}&#8220;]Hast Du mal Dir schon einmal Gedanken dar\u00fcber gemacht, andere Dinge in Deinem Leben zu machen, Dein Tauchen zu professionalisieren und Tauchlehrer zu werden?<br \/>\nMit der Ausbildung zum Tauchlehrer hast Du die einmalige Chance etwas aufregend Neues zu beginnen. Die Arbeit als Tauchlehrer ist verantwortungsvoll und meistens verbunden mit einem Leben an herrlichen Str\u00e4nden, unter Palmen gepaart mit viel Sonne.<br \/>\nDeine Einstellung und Dein Wille den Tauchsch\u00fcler mit voller Hingabe und einem perfektionierten Service das Tauchen nahezubringen und die Tauchfertigkeiten weiter zu geben ist nat\u00fcrlich die Grundvoraussetzung. Mit p\u00e4dagogischen Methoden, welche Du in Deiner Ausbildung zum Tauchlehrer erlernst, wirst Du den Tauchsch\u00fclern das Lernen leicht machen.[\/vc_column_text][\/vc_column_inner][vc_column_inner width=&#8220;1\/2&#8243;][vc_video link=&#8220;https:\/\/vimeo.com\/534069036&#8243; align=&#8220;center&#8220;][\/vc_column_inner][\/vc_row_inner][\/vc_column][\/vc_row][vc_row wrapper_container=&#8220;special-block&#8220;][vc_column]<p class=\"special-text\">Werde noch heute Tauchlehrer.<strong> Call +49 157 &#8211; 9232 4008<\/strong>\n<\/p>[\/vc_column][\/vc_row][vc_row][vc_column]<div class=\"woocommerce columns-2 \"><div class=\"row db-3-col\">\n<article class=\"col;-sm-6 col-md-6 article has-hover-s1\">\n\t\t\t\t\t<div class=\"thumbnail\" itemscope itemtype=\"http:\/\/schema.org\/Product\"><div class=\"img-wrap\"><img loading=\"lazy\" decoding=\"async\" width=\"550\" height=\"275\" src=\"https:\/\/23spots.com\/23spots-divers01\/files\/praktikum_divemaster-1.jpg\" class=\"attachment-550x358 size-550x358 wp-post-image\" alt=\"\" itemprop=\"image\" srcset=\"https:\/\/23spots.com\/23spots-divers01\/files\/praktikum_divemaster-1.jpg 560w, https:\/\/23spots.com\/23spots-divers01\/files\/praktikum_divemaster-1-150x75.jpg 150w, https:\/\/23spots.com\/23spots-divers01\/files\/praktikum_divemaster-1-300x150.jpg 300w, https:\/\/23spots.com\/23spots-divers01\/files\/praktikum_divemaster-1-20x10.jpg 20w\" sizes=\"auto, (max-width: 550px) 100vw, 550px\" \/><div class=\"product-badge\"><ul><\/ul><\/div><\/div><h3 class=\"small-space\"><a href=\"https:\/\/23spots.com\/23spots-divers01\/tauchshop\/divemaster-praktikum\/\" itemprop=\"name\">Divemaster Praktikum<\/a><\/h3>\n\t\t\t<span class=\"info\"><a href=\"https:\/\/23spots.com\/23spots-divers01\/produkt-kategorie\/go-pro-tauchlehrer\/\">Go Pro \/ Tauchlehrer<\/a><\/span>\n\t\t\t<aside class=\"meta\"><span class=\"country\"><span class=\"icon-world\"> <\/span>0 Place<\/span><span class=\"activity\"><span class=\"icon-acitivities\"> <\/span>1 Activity<\/span>\n\t\t\t<\/aside>\n\t\t\t<p itemprop=\"description\">Du bist auf der Suche nach dem \u201eBesten Job der Welt\u201c? Dann solltest Du Dich \u00fcber ein Praktikum zum Divemaster informieren und Deine Leidenschaft zum Beruf machen, denn Tauchlehrer ist einer des Best Jobs in the World, welche man machen&hellip;<\/p>\n\t\t\t<a href=\"https:\/\/23spots.com\/23spots-divers01\/tauchshop\/divemaster-praktikum\/\" class=\"btn btn-default\" itemprop=\"url\">explore<\/a>\n\t\t\t<footer>\n\t\t\t\t<ul class=\"social-networks\">\n\t\t\t\t\t<li><a href=\"javascript:void(null);\" onClick = \"fb_callout(&quot;https:\/\/23spots.com\/23spots-divers01\/tauchshop\/divemaster-praktikum\/&quot;, &quot;https:\/\/23spots.com\/23spots-divers01\/files\/praktikum_divemaster-1.jpg&quot;, &quot;Divemaster Praktikum&quot;, &quot;Du bist auf der Suche nach dem \u201eBesten Job der Welt\u201c? Dann solltest Du Dich \u00fcber ein Praktikum zum Divemaster informieren und Deine Leidenschaft zum Beruf machen, denn Tauchlehrer ist&hellip;&quot;);\"><span class=\"icon-facebook\"><\/span><\/a><\/li><li><a href=\"javascript:void(null);\" onClick =\"share_on_twitter(&quot;https:\/\/23spots.com\/23spots-divers01\/tauchshop\/divemaster-praktikum\/&quot;, &quot;Divemaster Praktikum&quot;);\"> <span class=\"icon-twitter\"><\/span><\/a><\/li>\n\t\t\t\t<\/ul>\n\t\t\t\t<span class=\"price\"><\/span>\n\t\t\t\t\t\t<\/footer>\n\t\t\t\t\t\t<\/div>\n\t\t\t\t\t\t<\/article><article class=\"col;-sm-6 col-md-6 article has-hover-s1\">\n\t\t\t\t\t<div class=\"thumbnail\" itemscope itemtype=\"http:\/\/schema.org\/Product\"><div class=\"img-wrap\"><img loading=\"lazy\" decoding=\"async\" width=\"550\" height=\"275\" src=\"https:\/\/23spots.com\/23spots-divers01\/files\/divemaster_tauchkurs-1.jpg\" class=\"attachment-550x358 size-550x358 wp-post-image\" alt=\"\" itemprop=\"image\" srcset=\"https:\/\/23spots.com\/23spots-divers01\/files\/divemaster_tauchkurs-1.jpg 560w, https:\/\/23spots.com\/23spots-divers01\/files\/divemaster_tauchkurs-1-150x75.jpg 150w, https:\/\/23spots.com\/23spots-divers01\/files\/divemaster_tauchkurs-1-300x150.jpg 300w, https:\/\/23spots.com\/23spots-divers01\/files\/divemaster_tauchkurs-1-20x10.jpg 20w\" sizes=\"auto, (max-width: 550px) 100vw, 550px\" \/><div class=\"product-badge\"><ul><\/ul><\/div><\/div><h3 class=\"small-space\"><a href=\"https:\/\/23spots.com\/23spots-divers01\/tauchshop\/divemaster-tauchkurs\/\" itemprop=\"name\">Divemaster Tauchkurs<\/a><\/h3>\n\t\t\t<span class=\"info\"><a href=\"https:\/\/23spots.com\/23spots-divers01\/produkt-kategorie\/go-pro-tauchlehrer\/\">Go Pro \/ Tauchlehrer<\/a><\/span>\n\t\t\t<aside class=\"meta\"><span class=\"country\"><span class=\"icon-world\"> <\/span>0 Place<\/span><span class=\"activity\"><span class=\"icon-acitivities\"> <\/span>1 Activity<\/span>\n\t\t\t<\/aside>\n\t\t\t<p itemprop=\"description\">Mit dem Divemaster Tauchkurs startest Du Dein Tauchkarriere auf einer professionellen Ebene und machst den Einstieg zum Tauchen als Beruf. Du lernst Tauchaktivit\u00e4ten zu beaufsichtigen und assistierst Tauchlehrern bei der Arbeit mit ihren Sch\u00fclern. Auch wirst Du Deine F\u00fchrungsqualit\u00e4ten f\u00f6rdern&hellip;<\/p>\n\t\t\t<a href=\"https:\/\/23spots.com\/23spots-divers01\/tauchshop\/divemaster-tauchkurs\/\" class=\"btn btn-default\" itemprop=\"url\">explore<\/a>\n\t\t\t<footer>\n\t\t\t\t<ul class=\"social-networks\">\n\t\t\t\t\t<li><a href=\"javascript:void(null);\" onClick = \"fb_callout(&quot;https:\/\/23spots.com\/23spots-divers01\/tauchshop\/divemaster-tauchkurs\/&quot;, &quot;https:\/\/23spots.com\/23spots-divers01\/files\/divemaster_tauchkurs-1.jpg&quot;, &quot;Divemaster Tauchkurs&quot;, &quot;Mit dem Divemaster Tauchkurs startest Du Dein Tauchkarriere auf einer professionellen Ebene und machst den Einstieg zum Tauchen als Beruf. Du lernst Tauchaktivit\u00e4ten zu beaufsichtigen und assistierst Tauchlehrern bei der&hellip;&quot;);\"><span class=\"icon-facebook\"><\/span><\/a><\/li><li><a href=\"javascript:void(null);\" onClick =\"share_on_twitter(&quot;https:\/\/23spots.com\/23spots-divers01\/tauchshop\/divemaster-tauchkurs\/&quot;, &quot;Divemaster Tauchkurs&quot;);\"> <span class=\"icon-twitter\"><\/span><\/a><\/li>\n\t\t\t\t<\/ul>\n\t\t\t\t<span class=\"price\">from <span itemprop=\"offers\" itemscope itemtype=\"http:\/\/schema.org\/Offer\"><span itemprop=\"price\">1.100,00<\/span>&nbsp;<span itemprop=\"priceCurrency\">&euro;<\/span><\/span><\/span>\n\t\t\t\t\t\t<\/footer>\n\t\t\t\t\t\t<\/div>\n\t\t\t\t\t\t<\/article><\/div>\n<\/div>[\/vc_column][\/vc_row]<\/p>\n<\/div>","protected":false},"excerpt":{"rendered":"<p>[vc_row][vc_column][vc_row_inner css=&#8220;.vc_custom_1617819059317{padding-top: 40px !important;}&#8220;][vc_column_inner width=&#8220;1\/2&#8243;][vc_column_text css=&#8220;.vc_custom_1516139297622{margin-top: 30px !important;}&#8220;]Hast Du mal Dir schon einmal Gedanken dar\u00fcber gemacht, andere Dinge in Deinem Leben zu machen, Dein Tauchen zu professionalisieren und Tauchlehrer zu werden? Mit der Ausbildung zum Tauchlehrer hast Du die einmalige Chance etwas aufregend Neues zu beginnen. Die Arbeit als Tauchlehrer ist verantwortungsvoll und meistens verbunden [&hellip;]<\/p>\n","protected":false},"author":76,"featured_media":0,"parent":629,"menu_order":3,"comment_status":"closed","ping_status":"open","template":"entrada_templates\/layout-visual-composer-default.php","meta":{"footnotes":""},"class_list":["post-709","page","type-page","status-publish","hentry"],"yoast_head":"<!-- This site is optimized with the Yoast SEO plugin v26.9 - https:\/\/yoast.com\/product\/yoast-seo-wordpress\/ -->\n<title>GoPro, Tauchlehrer werden - 23spots-divers01<\/title>\n<meta name=\"robots\" content=\"noindex, follow, max-snippet:-1, max-image-preview:large, max-video-preview:-1\" \/>\n<meta property=\"og:locale\" content=\"de_DE\" \/>\n<meta property=\"og:type\" content=\"article\" \/>\n<meta property=\"og:title\" content=\"GoPro, Tauchlehrer werden - 23spots-divers01\" \/>\n<meta property=\"og:description\" content=\"[vc_row][vc_column][vc_row_inner css=&#8220;.vc_custom_1617819059317{padding-top: 40px !important;}&#8220;][vc_column_inner width=&#8220;1\/2&#8243;][vc_column_text css=&#8220;.vc_custom_1516139297622{margin-top: 30px !important;}&#8220;]Hast Du mal Dir schon einmal Gedanken dar\u00fcber gemacht, andere Dinge in Deinem Leben zu machen, Dein Tauchen zu professionalisieren und Tauchlehrer zu werden? Mit der Ausbildung zum Tauchlehrer hast Du die einmalige Chance etwas aufregend Neues zu beginnen. Die Arbeit als Tauchlehrer ist verantwortungsvoll und meistens verbunden [&hellip;]\" \/>\n<meta property=\"og:url\" content=\"https:\/\/23spots.com\/23spots-divers01\/tauchschule\/gopro-tauchlehrer-werden\/\" \/>\n<meta property=\"og:site_name\" content=\"23spots-divers01\" \/>\n<meta property=\"article:modified_time\" content=\"2021-04-07T18:11:04+00:00\" \/>\n<meta name=\"twitter:card\" content=\"summary_large_image\" \/>\n<meta name=\"twitter:label1\" content=\"Gesch\u00e4tzte Lesezeit\" \/>\n\t<meta name=\"twitter:data1\" content=\"1\u00a0Minute\" \/>\n<script type=\"application\/ld+json\" class=\"yoast-schema-graph\">{\"@context\":\"https:\/\/schema.org\",\"@graph\":[{\"@type\":\"WebPage\",\"@id\":\"https:\/\/23spots.com\/23spots-divers01\/tauchschule\/gopro-tauchlehrer-werden\/\",\"url\":\"https:\/\/23spots.com\/23spots-divers01\/tauchschule\/gopro-tauchlehrer-werden\/\",\"name\":\"GoPro, Tauchlehrer werden - 23spots-divers01\",\"isPartOf\":{\"@id\":\"https:\/\/23spots.com\/23spots-divers01\/#website\"},\"datePublished\":\"2013-09-05T14:29:49+00:00\",\"dateModified\":\"2021-04-07T18:11:04+00:00\",\"breadcrumb\":{\"@id\":\"https:\/\/23spots.com\/23spots-divers01\/tauchschule\/gopro-tauchlehrer-werden\/#breadcrumb\"},\"inLanguage\":\"de\",\"potentialAction\":[{\"@type\":\"ReadAction\",\"target\":[\"https:\/\/23spots.com\/23spots-divers01\/tauchschule\/gopro-tauchlehrer-werden\/\"]}]},{\"@type\":\"BreadcrumbList\",\"@id\":\"https:\/\/23spots.com\/23spots-divers01\/tauchschule\/gopro-tauchlehrer-werden\/#breadcrumb\",\"itemListElement\":[{\"@type\":\"ListItem\",\"position\":1,\"name\":\"Startseite\",\"item\":\"https:\/\/23spots.com\/23spots-divers01\/\"},{\"@type\":\"ListItem\",\"position\":2,\"name\":\"Tauchschule\",\"item\":\"https:\/\/23spots.com\/23spots-divers01\/tauchschule\/\"},{\"@type\":\"ListItem\",\"position\":3,\"name\":\"GoPro, Tauchlehrer werden\"}]},{\"@type\":\"WebSite\",\"@id\":\"https:\/\/23spots.com\/23spots-divers01\/#website\",\"url\":\"https:\/\/23spots.com\/23spots-divers01\/\",\"name\":\"23spots-divers01\",\"description\":\"Tauchenreisen, Tauchkurse, Tauchausr\u00fcstung\",\"potentialAction\":[{\"@type\":\"SearchAction\",\"target\":{\"@type\":\"EntryPoint\",\"urlTemplate\":\"https:\/\/23spots.com\/23spots-divers01\/?s={search_term_string}\"},\"query-input\":{\"@type\":\"PropertyValueSpecification\",\"valueRequired\":true,\"valueName\":\"search_term_string\"}}],\"inLanguage\":\"de\"}]}<\/script>\n<!-- \/ Yoast SEO plugin. -->","yoast_head_json":{"title":"GoPro, Tauchlehrer werden - 23spots-divers01","robots":{"index":"noindex","follow":"follow","max-snippet":"max-snippet:-1","max-image-preview":"max-image-preview:large","max-video-preview":"max-video-preview:-1"},"og_locale":"de_DE","og_type":"article","og_title":"GoPro, Tauchlehrer werden - 23spots-divers01","og_description":"[vc_row][vc_column][vc_row_inner css=&#8220;.vc_custom_1617819059317{padding-top: 40px !important;}&#8220;][vc_column_inner width=&#8220;1\/2&#8243;][vc_column_text css=&#8220;.vc_custom_1516139297622{margin-top: 30px !important;}&#8220;]Hast Du mal Dir schon einmal Gedanken dar\u00fcber gemacht, andere Dinge in Deinem Leben zu machen, Dein Tauchen zu professionalisieren und Tauchlehrer zu werden? Mit der Ausbildung zum Tauchlehrer hast Du die einmalige Chance etwas aufregend Neues zu beginnen. Die Arbeit als Tauchlehrer ist verantwortungsvoll und meistens verbunden [&hellip;]","og_url":"https:\/\/23spots.com\/23spots-divers01\/tauchschule\/gopro-tauchlehrer-werden\/","og_site_name":"23spots-divers01","article_modified_time":"2021-04-07T18:11:04+00:00","twitter_card":"summary_large_image","twitter_misc":{"Gesch\u00e4tzte Lesezeit":"1\u00a0Minute"},"schema":{"@context":"https:\/\/schema.org","@graph":[{"@type":"WebPage","@id":"https:\/\/23spots.com\/23spots-divers01\/tauchschule\/gopro-tauchlehrer-werden\/","url":"https:\/\/23spots.com\/23spots-divers01\/tauchschule\/gopro-tauchlehrer-werden\/","name":"GoPro, Tauchlehrer werden - 23spots-divers01","isPartOf":{"@id":"https:\/\/23spots.com\/23spots-divers01\/#website"},"datePublished":"2013-09-05T14:29:49+00:00","dateModified":"2021-04-07T18:11:04+00:00","breadcrumb":{"@id":"https:\/\/23spots.com\/23spots-divers01\/tauchschule\/gopro-tauchlehrer-werden\/#breadcrumb"},"inLanguage":"de","potentialAction":[{"@type":"ReadAction","target":["https:\/\/23spots.com\/23spots-divers01\/tauchschule\/gopro-tauchlehrer-werden\/"]}]},{"@type":"BreadcrumbList","@id":"https:\/\/23spots.com\/23spots-divers01\/tauchschule\/gopro-tauchlehrer-werden\/#breadcrumb","itemListElement":[{"@type":"ListItem","position":1,"name":"Startseite","item":"https:\/\/23spots.com\/23spots-divers01\/"},{"@type":"ListItem","position":2,"name":"Tauchschule","item":"https:\/\/23spots.com\/23spots-divers01\/tauchschule\/"},{"@type":"ListItem","position":3,"name":"GoPro, Tauchlehrer werden"}]},{"@type":"WebSite","@id":"https:\/\/23spots.com\/23spots-divers01\/#website","url":"https:\/\/23spots.com\/23spots-divers01\/","name":"23spots-divers01","description":"Tauchenreisen, Tauchkurse, Tauchausr\u00fcstung","potentialAction":[{"@type":"SearchAction","target":{"@type":"EntryPoint","urlTemplate":"https:\/\/23spots.com\/23spots-divers01\/?s={search_term_string}"},"query-input":{"@type":"PropertyValueSpecification","valueRequired":true,"valueName":"search_term_string"}}],"inLanguage":"de"}]}},"_links":{"self":[{"href":"https:\/\/23spots.com\/23spots-divers01\/wp-json\/wp\/v2\/pages\/709","targetHints":{"allow":["GET"]}}],"collection":[{"href":"https:\/\/23spots.com\/23spots-divers01\/wp-json\/wp\/v2\/pages"}],"about":[{"href":"https:\/\/23spots.com\/23spots-divers01\/wp-json\/wp\/v2\/types\/page"}],"author":[{"embeddable":true,"href":"https:\/\/23spots.com\/23spots-divers01\/wp-json\/wp\/v2\/users\/76"}],"replies":[{"embeddable":true,"href":"https:\/\/23spots.com\/23spots-divers01\/wp-json\/wp\/v2\/comments?post=709"}],"version-history":[{"count":5,"href":"https:\/\/23spots.com\/23spots-divers01\/wp-json\/wp\/v2\/pages\/709\/revisions"}],"predecessor-version":[{"id":4820,"href":"https:\/\/23spots.com\/23spots-divers01\/wp-json\/wp\/v2\/pages\/709\/revisions\/4820"}],"up":[{"embeddable":true,"href":"https:\/\/23spots.com\/23spots-divers01\/wp-json\/wp\/v2\/pages\/629"}],"wp:attachment":[{"href":"https:\/\/23spots.com\/23spots-divers01\/wp-json\/wp\/v2\/media?parent=709"}],"curies":[{"name":"wp","href":"https:\/\/api.w.org\/{rel}","templated":true}]}}