{"id":711,"date":"2013-09-05T16:30:32","date_gmt":"2013-09-05T14:30:32","guid":{"rendered":"https:\/\/23spotsgroup.com\/23spotsdiving\/?page_id=711"},"modified":"2018-01-16T22:45:56","modified_gmt":"2018-01-16T21:45:56","slug":"spezialkurse","status":"publish","type":"page","link":"https:\/\/23spots.com\/23spots-divers01\/tauchschule\/spezialkurse\/","title":{"rendered":"Spezialkurse"},"content":{"rendered":"<div class=\"wpb-content-wrapper\"><p>[vc_row][vc_column]<header class='content-heading'>\n\t\t\t\t\t\t<h2 class='main-heading'>Spezialkurse<\/h2>\n\t\t\t\t\t\t<div class='main-subtitle'><p>Erweitere Dein Tauchwissen<\/p>\n<\/div>\n\t\t\t\t\t\t<div class='seperator'><\/div>\n\t\t\t\t\t<\/header>[vc_column_text css=&#8220;.vc_custom_1516138934185{margin-top: 30px !important;}&#8220;]Die Spezialkurse im Tauchen sind die beste Form Deine Taucherfahrungen und Tauchfertigkeiten zu erweitern und zu vertiefen. Durch professionelle Tauchlehrer lernst Du bei diesen speziellen Tauchabenteuern in Praxis und Theorie das einzigartige Erlebnis Tauchen. Es gibt eine sehr breit gef\u00e4cherte Palette an unterschiedlichen und vor allem spannenden Tauchkursen, welche Du nach Deinem Open Water Diver &#8211; Beginnertauchkurs &#8211; absolvieren kannst. Spezialkurse k\u00f6nnen auf der ganzen Welt durchgef\u00fchrt werden und sind eine gelungene Abwechslung mit wundersch\u00f6nen Tauchpl\u00e4tzen.\u00a0Verschwende keine Zeit und melde Dich jetzt bei uns, wir helfen Dir gerne bei der Umsetzung Deines n\u00e4chsten Tauchabenteuers.[\/vc_column_text][\/vc_column][\/vc_row][vc_row wrapper_container=&#8220;special-block&#8220; css=&#8220;.vc_custom_1516139009851{margin-top: 30px !important;}&#8220;][vc_column]<p class=\"special-text\">Buche Deinen Spezialkurs.<strong> Call +49 157 &#8211; 9232 4008<\/strong>\n<\/p>[\/vc_column][\/vc_row][vc_row][vc_column]<div class=\"woocommerce columns-2 \"><div class=\"row db-3-col\">\n<article class=\"col;-sm-6 col-md-6 article has-hover-s1\">\n\t\t\t\t\t<div class=\"thumbnail\" itemscope itemtype=\"http:\/\/schema.org\/Product\"><div class=\"img-wrap\"><img loading=\"lazy\" decoding=\"async\" width=\"550\" height=\"275\" src=\"https:\/\/23spots.com\/23spots-divers01\/files\/tieftauchen_deep_diving-1.jpg\" class=\"attachment-550x358 size-550x358 wp-post-image\" alt=\"\" itemprop=\"image\" srcset=\"https:\/\/23spots.com\/23spots-divers01\/files\/tieftauchen_deep_diving-1.jpg 560w, https:\/\/23spots.com\/23spots-divers01\/files\/tieftauchen_deep_diving-1-300x150.jpg 300w\" sizes=\"auto, (max-width: 550px) 100vw, 550px\" \/><div class=\"product-badge\"><ul><\/ul><\/div><\/div><h3 class=\"small-space\"><a href=\"https:\/\/23spots.com\/23spots-divers01\/tauchshop\/deep-diver-tauchkurs\/\" itemprop=\"name\">Deep Diver Tauchkurs<\/a><\/h3>\n\t\t\t<span class=\"info\"><a href=\"https:\/\/23spots.com\/23spots-divers01\/produkt-kategorie\/spezialkurse\/\">Spezialkurse<\/a><\/span>\n\t\t\t<aside class=\"meta\"><span class=\"country\"><span class=\"icon-world\"> <\/span>0 Place<\/span><span class=\"activity\"><span class=\"icon-acitivities\"> <\/span>1 Activity<\/span>\n\t\t\t<\/aside>\n\t\t\t<p itemprop=\"description\">Beim Spezialtauchkurs Deep Diver lernst Du das Tauchen in gr\u00f6\u00dferen Tiefen. Nach Deinen ersten Tauchkursen, Tauchg\u00e4ngen und Tauchausfl\u00fcgen wirst Du schnell merken, dass Du den Wunsch versp\u00fcrst, ein bisschen tiefer tauchen zu wollen. Die Tiefe war und ist f\u00fcr den&hellip;<\/p>\n\t\t\t<a href=\"https:\/\/23spots.com\/23spots-divers01\/tauchshop\/deep-diver-tauchkurs\/\" class=\"btn btn-default\" itemprop=\"url\">explore<\/a>\n\t\t\t<footer>\n\t\t\t\t<ul class=\"social-networks\">\n\t\t\t\t\t<li><a href=\"javascript:void(null);\" onClick = \"fb_callout(&quot;https:\/\/23spots.com\/23spots-divers01\/tauchshop\/deep-diver-tauchkurs\/&quot;, &quot;https:\/\/23spots.com\/23spots-divers01\/files\/tieftauchen_deep_diving-1.jpg&quot;, &quot;Deep Diver Tauchkurs&quot;, &quot;Beim Spezialtauchkurs Deep Diver lernst Du das Tauchen in gr\u00f6\u00dferen Tiefen. Nach Deinen ersten Tauchkursen, Tauchg\u00e4ngen und Tauchausfl\u00fcgen wirst Du schnell merken, dass Du den Wunsch versp\u00fcrst, ein bisschen tiefer&hellip;&quot;);\"><span class=\"icon-facebook\"><\/span><\/a><\/li><li><a href=\"javascript:void(null);\" onClick =\"share_on_twitter(&quot;https:\/\/23spots.com\/23spots-divers01\/tauchshop\/deep-diver-tauchkurs\/&quot;, &quot;Deep Diver Tauchkurs&quot;);\"> <span class=\"icon-twitter\"><\/span><\/a><\/li>\n\t\t\t\t<\/ul>\n\t\t\t\t<span class=\"price\">from <span itemprop=\"offers\" itemscope itemtype=\"http:\/\/schema.org\/Offer\"><span itemprop=\"price\">259,00<\/span>&nbsp;<span itemprop=\"priceCurrency\">&euro;<\/span><\/span><\/span>\n\t\t\t\t\t\t<\/footer>\n\t\t\t\t\t\t<\/div>\n\t\t\t\t\t\t<\/article><article class=\"col;-sm-6 col-md-6 article has-hover-s1\">\n\t\t\t\t\t<div class=\"thumbnail\" itemscope itemtype=\"http:\/\/schema.org\/Product\"><div class=\"img-wrap\"><img loading=\"lazy\" decoding=\"async\" width=\"550\" height=\"275\" src=\"https:\/\/23spots.com\/23spots-divers01\/files\/trockentauchen_tauchkurs-1.jpg\" class=\"attachment-550x358 size-550x358 wp-post-image\" alt=\"\" itemprop=\"image\" srcset=\"https:\/\/23spots.com\/23spots-divers01\/files\/trockentauchen_tauchkurs-1.jpg 560w, https:\/\/23spots.com\/23spots-divers01\/files\/trockentauchen_tauchkurs-1-300x150.jpg 300w\" sizes=\"auto, (max-width: 550px) 100vw, 550px\" \/><div class=\"product-badge\"><ul><\/ul><\/div><\/div><h3 class=\"small-space\"><a href=\"https:\/\/23spots.com\/23spots-divers01\/tauchshop\/dry-suit-diver\/\" itemprop=\"name\">Dry Suit Diver<\/a><\/h3>\n\t\t\t<span class=\"info\"><a href=\"https:\/\/23spots.com\/23spots-divers01\/produkt-kategorie\/spezialkurse\/\">Spezialkurse<\/a><\/span>\n\t\t\t<aside class=\"meta\"><span class=\"country\"><span class=\"icon-world\"> <\/span>0 Place<\/span><span class=\"activity\"><span class=\"icon-acitivities\"> <\/span>1 Activity<\/span>\n\t\t\t<\/aside>\n\t\t\t<p itemprop=\"description\">Beim Trockentauchen Tauchkurs oder auch Dry Suit Diver lernst Du alle Fertigkeiten, welche f\u00fcr Dich zum Tauchen mit einem Trockentauchanzug relevant sind, um Deine Tauchg\u00e4nge voll und ganz zu genie\u00dfen. Du hast seit Beginn Deiner Taucherausbildung einige Erfahrungen beim Tauchen&hellip;<\/p>\n\t\t\t<a href=\"https:\/\/23spots.com\/23spots-divers01\/tauchshop\/dry-suit-diver\/\" class=\"btn btn-default\" itemprop=\"url\">explore<\/a>\n\t\t\t<footer>\n\t\t\t\t<ul class=\"social-networks\">\n\t\t\t\t\t<li><a href=\"javascript:void(null);\" onClick = \"fb_callout(&quot;https:\/\/23spots.com\/23spots-divers01\/tauchshop\/dry-suit-diver\/&quot;, &quot;https:\/\/23spots.com\/23spots-divers01\/files\/trockentauchen_tauchkurs-1.jpg&quot;, &quot;Dry Suit Diver&quot;, &quot;Beim Trockentauchen Tauchkurs oder auch Dry Suit Diver lernst Du alle Fertigkeiten, welche f\u00fcr Dich zum Tauchen mit einem Trockentauchanzug relevant sind, um Deine Tauchg\u00e4nge voll und ganz zu genie\u00dfen.&hellip;&quot;);\"><span class=\"icon-facebook\"><\/span><\/a><\/li><li><a href=\"javascript:void(null);\" onClick =\"share_on_twitter(&quot;https:\/\/23spots.com\/23spots-divers01\/tauchshop\/dry-suit-diver\/&quot;, &quot;Dry Suit Diver&quot;);\"> <span class=\"icon-twitter\"><\/span><\/a><\/li>\n\t\t\t\t<\/ul>\n\t\t\t\t<span class=\"price\">from <span itemprop=\"offers\" itemscope itemtype=\"http:\/\/schema.org\/Offer\"><span itemprop=\"price\">259,00<\/span>&nbsp;<span itemprop=\"priceCurrency\">&euro;<\/span><\/span><\/span>\n\t\t\t\t\t\t<\/footer>\n\t\t\t\t\t\t<\/div>\n\t\t\t\t\t\t<\/article><article class=\"col;-sm-6 col-md-6 article has-hover-s1\">\n\t\t\t\t\t<div class=\"thumbnail\" itemscope itemtype=\"http:\/\/schema.org\/Product\"><div class=\"img-wrap\"><img loading=\"lazy\" decoding=\"async\" width=\"550\" height=\"275\" src=\"https:\/\/23spots.com\/23spots-divers01\/files\/nitrox_tauchkurs-1.jpg\" class=\"attachment-550x358 size-550x358 wp-post-image\" alt=\"\" itemprop=\"image\" srcset=\"https:\/\/23spots.com\/23spots-divers01\/files\/nitrox_tauchkurs-1.jpg 560w, https:\/\/23spots.com\/23spots-divers01\/files\/nitrox_tauchkurs-1-300x150.jpg 300w\" sizes=\"auto, (max-width: 550px) 100vw, 550px\" \/><div class=\"product-badge\"><ul><\/ul><\/div><\/div><h3 class=\"small-space\"><a href=\"https:\/\/23spots.com\/23spots-divers01\/tauchshop\/enriched-air-diver-nitrox\/\" itemprop=\"name\">Enriched Air Diver &#8211; Nitrox<\/a><\/h3>\n\t\t\t<span class=\"info\"><a href=\"https:\/\/23spots.com\/23spots-divers01\/produkt-kategorie\/spezialkurse\/\">Spezialkurse<\/a><\/span>\n\t\t\t<aside class=\"meta\"><span class=\"country\"><span class=\"icon-world\"> <\/span>0 Place<\/span><span class=\"activity\"><span class=\"icon-acitivities\"> <\/span>1 Activity<\/span>\n\t\t\t<\/aside>\n\t\t\t<p itemprop=\"description\">Der Kurs Enriched Air Diver (EANx32) ist der beliebtesten Spezialkurse beim Tauchen. Egal ob Du Unterwasserfotograf bist oder Wracks betauchst, Nitrox hilft Dir, deutlich mehr aus Deinen Tauchg\u00e4ngen zu machen. Der Grund f\u00fcr seine gro\u00dfe Beliebtheit ist ganz einfach, Tauchg\u00e4nge&hellip;<\/p>\n\t\t\t<a href=\"https:\/\/23spots.com\/23spots-divers01\/tauchshop\/enriched-air-diver-nitrox\/\" class=\"btn btn-default\" itemprop=\"url\">explore<\/a>\n\t\t\t<footer>\n\t\t\t\t<ul class=\"social-networks\">\n\t\t\t\t\t<li><a href=\"javascript:void(null);\" onClick = \"fb_callout(&quot;https:\/\/23spots.com\/23spots-divers01\/tauchshop\/enriched-air-diver-nitrox\/&quot;, &quot;https:\/\/23spots.com\/23spots-divers01\/files\/nitrox_tauchkurs-1.jpg&quot;, &quot;Enriched Air Diver &#8211; Nitrox&quot;, &quot;Der Kurs Enriched Air Diver (EANx32) ist der beliebtesten Spezialkurse beim Tauchen. Egal ob Du Unterwasserfotograf bist oder Wracks betauchst, Nitrox hilft Dir, deutlich mehr aus Deinen Tauchg\u00e4ngen zu machen.&hellip;&quot;);\"><span class=\"icon-facebook\"><\/span><\/a><\/li><li><a href=\"javascript:void(null);\" onClick =\"share_on_twitter(&quot;https:\/\/23spots.com\/23spots-divers01\/tauchshop\/enriched-air-diver-nitrox\/&quot;, &quot;Enriched Air Diver &#8211; Nitrox&quot;);\"> <span class=\"icon-twitter\"><\/span><\/a><\/li>\n\t\t\t\t<\/ul>\n\t\t\t\t<span class=\"price\">from <span itemprop=\"offers\" itemscope itemtype=\"http:\/\/schema.org\/Offer\"><span itemprop=\"price\">150,00<\/span>&nbsp;<span itemprop=\"priceCurrency\">&euro;<\/span><\/span><\/span>\n\t\t\t\t\t\t<\/footer>\n\t\t\t\t\t\t<\/div>\n\t\t\t\t\t\t<\/article><article class=\"col;-sm-6 col-md-6 article has-hover-s1\">\n\t\t\t\t\t<div class=\"thumbnail\" itemscope itemtype=\"http:\/\/schema.org\/Product\"><div class=\"img-wrap\"><img loading=\"lazy\" decoding=\"async\" width=\"550\" height=\"275\" src=\"https:\/\/23spots.com\/23spots-divers01\/files\/tauchkurs_sidemount-1.jpg\" class=\"attachment-550x358 size-550x358 wp-post-image\" alt=\"\" itemprop=\"image\" srcset=\"https:\/\/23spots.com\/23spots-divers01\/files\/tauchkurs_sidemount-1.jpg 560w, https:\/\/23spots.com\/23spots-divers01\/files\/tauchkurs_sidemount-1-150x75.jpg 150w, https:\/\/23spots.com\/23spots-divers01\/files\/tauchkurs_sidemount-1-300x150.jpg 300w, https:\/\/23spots.com\/23spots-divers01\/files\/tauchkurs_sidemount-1-20x10.jpg 20w\" sizes=\"auto, (max-width: 550px) 100vw, 550px\" \/><div class=\"product-badge\"><ul><\/ul><\/div><\/div><h3 class=\"small-space\"><a href=\"https:\/\/23spots.com\/23spots-divers01\/tauchshop\/sidemount-tauchkurs\/\" itemprop=\"name\">Sidemount Tauchkurs<\/a><\/h3>\n\t\t\t<span class=\"info\"><a href=\"https:\/\/23spots.com\/23spots-divers01\/produkt-kategorie\/spezialkurse\/\">Spezialkurse<\/a><\/span>\n\t\t\t<aside class=\"meta\"><span class=\"country\"><span class=\"icon-world\"> <\/span>0 Place<\/span><span class=\"activity\"><span class=\"icon-acitivities\"> <\/span>1 Activity<\/span>\n\t\t\t<\/aside>\n\t\t\t<p itemprop=\"description\">Mit dem Sidemount Diver Kurs lernst Du eine neue andere M\u00f6glichkeit f\u00fcr das Konfigurieren Deiner Atemgasflasche\/n kennen. Beim Sidemount Tauchen tr\u00e4gst Du die Tauchflasche nicht wie bisher gewohnt auf dem R\u00fccken, sondern sie werden seitlich befestigt. Dies schont und entlastet&hellip;<\/p>\n\t\t\t<a href=\"https:\/\/23spots.com\/23spots-divers01\/tauchshop\/sidemount-tauchkurs\/\" class=\"btn btn-default\" itemprop=\"url\">explore<\/a>\n\t\t\t<footer>\n\t\t\t\t<ul class=\"social-networks\">\n\t\t\t\t\t<li><a href=\"javascript:void(null);\" onClick = \"fb_callout(&quot;https:\/\/23spots.com\/23spots-divers01\/tauchshop\/sidemount-tauchkurs\/&quot;, &quot;https:\/\/23spots.com\/23spots-divers01\/files\/tauchkurs_sidemount-1.jpg&quot;, &quot;Sidemount Tauchkurs&quot;, &quot;Mit dem Sidemount Diver Kurs lernst Du eine neue andere M\u00f6glichkeit f\u00fcr das Konfigurieren Deiner Atemgasflasche\/n kennen. Beim Sidemount Tauchen tr\u00e4gst Du die Tauchflasche nicht wie bisher gewohnt auf dem&hellip;&quot;);\"><span class=\"icon-facebook\"><\/span><\/a><\/li><li><a href=\"javascript:void(null);\" onClick =\"share_on_twitter(&quot;https:\/\/23spots.com\/23spots-divers01\/tauchshop\/sidemount-tauchkurs\/&quot;, &quot;Sidemount Tauchkurs&quot;);\"> <span class=\"icon-twitter\"><\/span><\/a><\/li>\n\t\t\t\t<\/ul>\n\t\t\t\t<span class=\"price\">from <span itemprop=\"offers\" itemscope itemtype=\"http:\/\/schema.org\/Offer\"><span itemprop=\"price\">350,00<\/span>&nbsp;<span itemprop=\"priceCurrency\">&euro;<\/span><\/span><\/span>\n\t\t\t\t\t\t<\/footer>\n\t\t\t\t\t\t<\/div>\n\t\t\t\t\t\t<\/article><\/div>\n<\/div>[\/vc_column][\/vc_row]<\/p>\n<\/div>","protected":false},"excerpt":{"rendered":"<p>[vc_row][vc_column][vc_column_text css=&#8220;.vc_custom_1516138934185{margin-top: 30px !important;}&#8220;]Die Spezialkurse im Tauchen sind die beste Form Deine Taucherfahrungen und Tauchfertigkeiten zu erweitern und zu vertiefen. Durch professionelle Tauchlehrer lernst Du bei diesen speziellen Tauchabenteuern in Praxis und Theorie das einzigartige Erlebnis Tauchen. Es gibt eine sehr breit gef\u00e4cherte Palette an unterschiedlichen und vor allem spannenden Tauchkursen, welche Du nach Deinem [&hellip;]<\/p>\n","protected":false},"author":76,"featured_media":0,"parent":629,"menu_order":4,"comment_status":"closed","ping_status":"open","template":"entrada_templates\/layout-visual-composer-default.php","meta":{"footnotes":""},"class_list":["post-711","page","type-page","status-publish","hentry"],"yoast_head":"<!-- This site is optimized with the Yoast SEO plugin v26.9 - https:\/\/yoast.com\/product\/yoast-seo-wordpress\/ -->\n<title>Spezialkurse - 23spots-divers01<\/title>\n<meta name=\"robots\" content=\"noindex, follow, max-snippet:-1, max-image-preview:large, max-video-preview:-1\" \/>\n<meta property=\"og:locale\" content=\"de_DE\" \/>\n<meta property=\"og:type\" content=\"article\" \/>\n<meta property=\"og:title\" content=\"Spezialkurse - 23spots-divers01\" \/>\n<meta property=\"og:description\" content=\"[vc_row][vc_column][vc_column_text css=&#8220;.vc_custom_1516138934185{margin-top: 30px !important;}&#8220;]Die Spezialkurse im Tauchen sind die beste Form Deine Taucherfahrungen und Tauchfertigkeiten zu erweitern und zu vertiefen. Durch professionelle Tauchlehrer lernst Du bei diesen speziellen Tauchabenteuern in Praxis und Theorie das einzigartige Erlebnis Tauchen. Es gibt eine sehr breit gef\u00e4cherte Palette an unterschiedlichen und vor allem spannenden Tauchkursen, welche Du nach Deinem [&hellip;]\" \/>\n<meta property=\"og:url\" content=\"https:\/\/23spots.com\/23spots-divers01\/tauchschule\/spezialkurse\/\" \/>\n<meta property=\"og:site_name\" content=\"23spots-divers01\" \/>\n<meta property=\"article:modified_time\" content=\"2018-01-16T21:45:56+00:00\" \/>\n<meta name=\"twitter:card\" content=\"summary_large_image\" \/>\n<meta name=\"twitter:label1\" content=\"Gesch\u00e4tzte Lesezeit\" \/>\n\t<meta name=\"twitter:data1\" content=\"1\u00a0Minute\" \/>\n<script type=\"application\/ld+json\" class=\"yoast-schema-graph\">{\"@context\":\"https:\/\/schema.org\",\"@graph\":[{\"@type\":\"WebPage\",\"@id\":\"https:\/\/23spots.com\/23spots-divers01\/tauchschule\/spezialkurse\/\",\"url\":\"https:\/\/23spots.com\/23spots-divers01\/tauchschule\/spezialkurse\/\",\"name\":\"Spezialkurse - 23spots-divers01\",\"isPartOf\":{\"@id\":\"https:\/\/23spots.com\/23spots-divers01\/#website\"},\"datePublished\":\"2013-09-05T14:30:32+00:00\",\"dateModified\":\"2018-01-16T21:45:56+00:00\",\"breadcrumb\":{\"@id\":\"https:\/\/23spots.com\/23spots-divers01\/tauchschule\/spezialkurse\/#breadcrumb\"},\"inLanguage\":\"de\",\"potentialAction\":[{\"@type\":\"ReadAction\",\"target\":[\"https:\/\/23spots.com\/23spots-divers01\/tauchschule\/spezialkurse\/\"]}]},{\"@type\":\"BreadcrumbList\",\"@id\":\"https:\/\/23spots.com\/23spots-divers01\/tauchschule\/spezialkurse\/#breadcrumb\",\"itemListElement\":[{\"@type\":\"ListItem\",\"position\":1,\"name\":\"Startseite\",\"item\":\"https:\/\/23spots.com\/23spots-divers01\/\"},{\"@type\":\"ListItem\",\"position\":2,\"name\":\"Tauchschule\",\"item\":\"https:\/\/23spots.com\/23spots-divers01\/tauchschule\/\"},{\"@type\":\"ListItem\",\"position\":3,\"name\":\"Spezialkurse\"}]},{\"@type\":\"WebSite\",\"@id\":\"https:\/\/23spots.com\/23spots-divers01\/#website\",\"url\":\"https:\/\/23spots.com\/23spots-divers01\/\",\"name\":\"23spots-divers01\",\"description\":\"Tauchenreisen, Tauchkurse, Tauchausr\u00fcstung\",\"potentialAction\":[{\"@type\":\"SearchAction\",\"target\":{\"@type\":\"EntryPoint\",\"urlTemplate\":\"https:\/\/23spots.com\/23spots-divers01\/?s={search_term_string}\"},\"query-input\":{\"@type\":\"PropertyValueSpecification\",\"valueRequired\":true,\"valueName\":\"search_term_string\"}}],\"inLanguage\":\"de\"}]}<\/script>\n<!-- \/ Yoast SEO plugin. -->","yoast_head_json":{"title":"Spezialkurse - 23spots-divers01","robots":{"index":"noindex","follow":"follow","max-snippet":"max-snippet:-1","max-image-preview":"max-image-preview:large","max-video-preview":"max-video-preview:-1"},"og_locale":"de_DE","og_type":"article","og_title":"Spezialkurse - 23spots-divers01","og_description":"[vc_row][vc_column][vc_column_text css=&#8220;.vc_custom_1516138934185{margin-top: 30px !important;}&#8220;]Die Spezialkurse im Tauchen sind die beste Form Deine Taucherfahrungen und Tauchfertigkeiten zu erweitern und zu vertiefen. Durch professionelle Tauchlehrer lernst Du bei diesen speziellen Tauchabenteuern in Praxis und Theorie das einzigartige Erlebnis Tauchen. Es gibt eine sehr breit gef\u00e4cherte Palette an unterschiedlichen und vor allem spannenden Tauchkursen, welche Du nach Deinem [&hellip;]","og_url":"https:\/\/23spots.com\/23spots-divers01\/tauchschule\/spezialkurse\/","og_site_name":"23spots-divers01","article_modified_time":"2018-01-16T21:45:56+00:00","twitter_card":"summary_large_image","twitter_misc":{"Gesch\u00e4tzte Lesezeit":"1\u00a0Minute"},"schema":{"@context":"https:\/\/schema.org","@graph":[{"@type":"WebPage","@id":"https:\/\/23spots.com\/23spots-divers01\/tauchschule\/spezialkurse\/","url":"https:\/\/23spots.com\/23spots-divers01\/tauchschule\/spezialkurse\/","name":"Spezialkurse - 23spots-divers01","isPartOf":{"@id":"https:\/\/23spots.com\/23spots-divers01\/#website"},"datePublished":"2013-09-05T14:30:32+00:00","dateModified":"2018-01-16T21:45:56+00:00","breadcrumb":{"@id":"https:\/\/23spots.com\/23spots-divers01\/tauchschule\/spezialkurse\/#breadcrumb"},"inLanguage":"de","potentialAction":[{"@type":"ReadAction","target":["https:\/\/23spots.com\/23spots-divers01\/tauchschule\/spezialkurse\/"]}]},{"@type":"BreadcrumbList","@id":"https:\/\/23spots.com\/23spots-divers01\/tauchschule\/spezialkurse\/#breadcrumb","itemListElement":[{"@type":"ListItem","position":1,"name":"Startseite","item":"https:\/\/23spots.com\/23spots-divers01\/"},{"@type":"ListItem","position":2,"name":"Tauchschule","item":"https:\/\/23spots.com\/23spots-divers01\/tauchschule\/"},{"@type":"ListItem","position":3,"name":"Spezialkurse"}]},{"@type":"WebSite","@id":"https:\/\/23spots.com\/23spots-divers01\/#website","url":"https:\/\/23spots.com\/23spots-divers01\/","name":"23spots-divers01","description":"Tauchenreisen, Tauchkurse, Tauchausr\u00fcstung","potentialAction":[{"@type":"SearchAction","target":{"@type":"EntryPoint","urlTemplate":"https:\/\/23spots.com\/23spots-divers01\/?s={search_term_string}"},"query-input":{"@type":"PropertyValueSpecification","valueRequired":true,"valueName":"search_term_string"}}],"inLanguage":"de"}]}},"_links":{"self":[{"href":"https:\/\/23spots.com\/23spots-divers01\/wp-json\/wp\/v2\/pages\/711","targetHints":{"allow":["GET"]}}],"collection":[{"href":"https:\/\/23spots.com\/23spots-divers01\/wp-json\/wp\/v2\/pages"}],"about":[{"href":"https:\/\/23spots.com\/23spots-divers01\/wp-json\/wp\/v2\/types\/page"}],"author":[{"embeddable":true,"href":"https:\/\/23spots.com\/23spots-divers01\/wp-json\/wp\/v2\/users\/76"}],"replies":[{"embeddable":true,"href":"https:\/\/23spots.com\/23spots-divers01\/wp-json\/wp\/v2\/comments?post=711"}],"version-history":[{"count":4,"href":"https:\/\/23spots.com\/23spots-divers01\/wp-json\/wp\/v2\/pages\/711\/revisions"}],"predecessor-version":[{"id":4819,"href":"https:\/\/23spots.com\/23spots-divers01\/wp-json\/wp\/v2\/pages\/711\/revisions\/4819"}],"up":[{"embeddable":true,"href":"https:\/\/23spots.com\/23spots-divers01\/wp-json\/wp\/v2\/pages\/629"}],"wp:attachment":[{"href":"https:\/\/23spots.com\/23spots-divers01\/wp-json\/wp\/v2\/media?parent=711"}],"curies":[{"name":"wp","href":"https:\/\/api.w.org\/{rel}","templated":true}]}}