{"id":713,"date":"2013-09-05T16:31:19","date_gmt":"2013-09-05T14:31:19","guid":{"rendered":"https:\/\/23spotsgroup.com\/23spotsdiving\/?page_id=713"},"modified":"2018-01-16T22:36:40","modified_gmt":"2018-01-16T21:36:40","slug":"emergency-first-response","status":"publish","type":"page","link":"https:\/\/23spots.com\/23spots-divers01\/tauchschule\/emergency-first-response\/","title":{"rendered":"Emergency First Response"},"content":{"rendered":"<div class=\"wpb-content-wrapper\"><p>[vc_row][vc_column]<header class='content-heading'>\n\t\t\t\t\t\t<h2 class='main-heading'>Emergency First Response<\/h2>\n\t\t\t\t\t\t<div class='main-subtitle'><p>Handle richtig in Notf\u00e4llen<\/p>\n<\/div>\n\t\t\t\t\t\t<div class='seperator'><\/div>\n\t\t\t\t\t<\/header>[vc_column_text css=&#8220;.vc_custom_1516137456778{margin-top: 30px !important;}&#8220;]Du m\u00f6chtest bei Deinen Taucheng\u00e4ngen ein beruhigerendes Gef\u00fchl haben, dann ist der Emergency First Response Kurs zum Thema Erste Hilfe sowie Erst- und Zweitversorgung genau das was Du machen solltest. Bei diesem interessanten Erste-Hilfe-Programm lernst Du wie die Erstversorgung (Herz-Lungen-Wiederbelebung) und die Zweitversorgung (Erste Hilfe), welche f\u00fcr jeden Taucher n\u00fctzlich sind. Der Kurs Emergency First Response ist ein Partnerprogramm von PADI, welches sich auf Ma\u00dfnahmen zur Lebensrettung spezialisiert hat. Es z\u00e4hlt zu einer der f\u00fchrenden internationalen Ausbildungsorganisationen im Bereich Erste Hilfe und Wiederbelebung.<br \/>\nDer Sinn der Emergency First Response Ausbildung liegt darin, dass Du ernsthafte medizinische Erstversorgungstechnik in einer positiven Umgebung kennenlernst. Auf diese Art und Weise erh\u00e4ltst Du das hierf\u00fcr notwendige Selbstvertrauen, um in Notf\u00e4llen richtig reagieren und handeln zu k\u00f6nnen.[\/vc_column_text][\/vc_column][\/vc_row][vc_row wrapper_container=&#8220;special-block&#8220;][vc_column]<p class=\"special-text\">Buche den Erste Hilfe Kurs.<strong> Call +49 157 &#8211; 9232 4008<\/strong>\n<\/p>[\/vc_column][\/vc_row][vc_row][vc_column]<div class=\"woocommerce columns-4 \"><div class=\"row db-3-col\">\n<article class=\"col;-sm-6 col-md-3 article has-hover-s1\">\n\t\t\t\t\t<div class=\"thumbnail\" itemscope itemtype=\"http:\/\/schema.org\/Product\"><div class=\"img-wrap\"><img loading=\"lazy\" decoding=\"async\" width=\"550\" height=\"275\" src=\"https:\/\/23spots.com\/23spots-divers01\/files\/first_emergency_response_kurs-1.jpg\" class=\"attachment-550x358 size-550x358 wp-post-image\" alt=\"\" itemprop=\"image\" srcset=\"https:\/\/23spots.com\/23spots-divers01\/files\/first_emergency_response_kurs-1.jpg 560w, https:\/\/23spots.com\/23spots-divers01\/files\/first_emergency_response_kurs-1-150x75.jpg 150w, https:\/\/23spots.com\/23spots-divers01\/files\/first_emergency_response_kurs-1-300x150.jpg 300w, https:\/\/23spots.com\/23spots-divers01\/files\/first_emergency_response_kurs-1-20x10.jpg 20w\" sizes=\"auto, (max-width: 550px) 100vw, 550px\" \/><div class=\"product-badge\"><ul><\/ul><\/div><\/div><h3 class=\"small-space\"><a href=\"https:\/\/23spots.com\/23spots-divers01\/tauchshop\/emergency-first-response\/\" itemprop=\"name\">Emergency First Response<\/a><\/h3>\n\t\t\t<span class=\"info\"><a href=\"https:\/\/23spots.com\/23spots-divers01\/produkt-kategorie\/erste-hilfe-kurse\/\">Erste Hilfe Kurse<\/a><\/span>\n\t\t\t<aside class=\"meta\"><span class=\"country\"><span class=\"icon-world\"> <\/span>0 Place<\/span><span class=\"activity\"><span class=\"icon-acitivities\"> <\/span>1 Activity<\/span>\n\t\t\t<\/aside>\n\t\t\t<p itemprop=\"description\">Bei diesem innovativen und sehr interessanten Erste-Hilfe-Programm lernst Du die Herz-Lungen-Wiederbelebung (Erstversorgung) und die Erste Hilfe (Zweitversorgung), welches Fertigkeiten sind, die f\u00fcr jeden Abenteuertauchsportler n\u00fctzlich sind. Aber auch f\u00fcr Nichtaucher ist dieser Kurs sehr sinnvoll, um in Notf\u00e4llen richtig handeln&hellip;<\/p>\n\t\t\t<a href=\"https:\/\/23spots.com\/23spots-divers01\/tauchshop\/emergency-first-response\/\" class=\"btn btn-default\" itemprop=\"url\">explore<\/a>\n\t\t\t<footer>\n\t\t\t\t<ul class=\"social-networks\">\n\t\t\t\t\t<li><a href=\"javascript:void(null);\" onClick = \"fb_callout(&quot;https:\/\/23spots.com\/23spots-divers01\/tauchshop\/emergency-first-response\/&quot;, &quot;https:\/\/23spots.com\/23spots-divers01\/files\/first_emergency_response_kurs-1.jpg&quot;, &quot;Emergency First Response&quot;, &quot;Bei diesem innovativen und sehr interessanten Erste-Hilfe-Programm lernst Du die Herz-Lungen-Wiederbelebung (Erstversorgung) und die Erste Hilfe (Zweitversorgung), welches Fertigkeiten sind, die f\u00fcr jeden Abenteuertauchsportler n\u00fctzlich sind. Aber auch f\u00fcr Nichtaucher&hellip;&quot;);\"><span class=\"icon-facebook\"><\/span><\/a><\/li><li><a href=\"javascript:void(null);\" onClick =\"share_on_twitter(&quot;https:\/\/23spots.com\/23spots-divers01\/tauchshop\/emergency-first-response\/&quot;, &quot;Emergency First Response&quot;);\"> <span class=\"icon-twitter\"><\/span><\/a><\/li>\n\t\t\t\t<\/ul>\n\t\t\t\t<span class=\"price\">from <span itemprop=\"offers\" itemscope itemtype=\"http:\/\/schema.org\/Offer\"><span itemprop=\"price\">190,00<\/span>&nbsp;<span itemprop=\"priceCurrency\">&euro;<\/span><\/span><\/span>\n\t\t\t\t\t\t<\/footer>\n\t\t\t\t\t\t<\/div>\n\t\t\t\t\t\t<\/article><\/div>\n<\/div>[\/vc_column][\/vc_row]<\/p>\n<\/div>","protected":false},"excerpt":{"rendered":"<p>[vc_row][vc_column][vc_column_text css=&#8220;.vc_custom_1516137456778{margin-top: 30px !important;}&#8220;]Du m\u00f6chtest bei Deinen Taucheng\u00e4ngen ein beruhigerendes Gef\u00fchl haben, dann ist der Emergency First Response Kurs zum Thema Erste Hilfe sowie Erst- und Zweitversorgung genau das was Du machen solltest. Bei diesem interessanten Erste-Hilfe-Programm lernst Du wie die Erstversorgung (Herz-Lungen-Wiederbelebung) und die Zweitversorgung (Erste Hilfe), welche f\u00fcr jeden Taucher n\u00fctzlich sind. Der [&hellip;]<\/p>\n","protected":false},"author":76,"featured_media":0,"parent":629,"menu_order":5,"comment_status":"closed","ping_status":"open","template":"entrada_templates\/layout-visual-composer-default.php","meta":{"footnotes":""},"class_list":["post-713","page","type-page","status-publish","hentry"],"yoast_head":"<!-- This site is optimized with the Yoast SEO plugin v26.9 - https:\/\/yoast.com\/product\/yoast-seo-wordpress\/ -->\n<title>Emergency First Response - 23spots-divers01<\/title>\n<meta name=\"robots\" content=\"noindex, follow, max-snippet:-1, max-image-preview:large, max-video-preview:-1\" \/>\n<meta property=\"og:locale\" content=\"de_DE\" \/>\n<meta property=\"og:type\" content=\"article\" \/>\n<meta property=\"og:title\" content=\"Emergency First Response - 23spots-divers01\" \/>\n<meta property=\"og:description\" content=\"[vc_row][vc_column][vc_column_text css=&#8220;.vc_custom_1516137456778{margin-top: 30px !important;}&#8220;]Du m\u00f6chtest bei Deinen Taucheng\u00e4ngen ein beruhigerendes Gef\u00fchl haben, dann ist der Emergency First Response Kurs zum Thema Erste Hilfe sowie Erst- und Zweitversorgung genau das was Du machen solltest. Bei diesem interessanten Erste-Hilfe-Programm lernst Du wie die Erstversorgung (Herz-Lungen-Wiederbelebung) und die Zweitversorgung (Erste Hilfe), welche f\u00fcr jeden Taucher n\u00fctzlich sind. Der [&hellip;]\" \/>\n<meta property=\"og:url\" content=\"https:\/\/23spots.com\/23spots-divers01\/tauchschule\/emergency-first-response\/\" \/>\n<meta property=\"og:site_name\" content=\"23spots-divers01\" \/>\n<meta property=\"article:modified_time\" content=\"2018-01-16T21:36:40+00:00\" \/>\n<meta name=\"twitter:card\" content=\"summary_large_image\" \/>\n<meta name=\"twitter:label1\" content=\"Gesch\u00e4tzte Lesezeit\" \/>\n\t<meta name=\"twitter:data1\" content=\"1\u00a0Minute\" \/>\n<script type=\"application\/ld+json\" class=\"yoast-schema-graph\">{\"@context\":\"https:\/\/schema.org\",\"@graph\":[{\"@type\":\"WebPage\",\"@id\":\"https:\/\/23spots.com\/23spots-divers01\/tauchschule\/emergency-first-response\/\",\"url\":\"https:\/\/23spots.com\/23spots-divers01\/tauchschule\/emergency-first-response\/\",\"name\":\"Emergency First Response - 23spots-divers01\",\"isPartOf\":{\"@id\":\"https:\/\/23spots.com\/23spots-divers01\/#website\"},\"datePublished\":\"2013-09-05T14:31:19+00:00\",\"dateModified\":\"2018-01-16T21:36:40+00:00\",\"breadcrumb\":{\"@id\":\"https:\/\/23spots.com\/23spots-divers01\/tauchschule\/emergency-first-response\/#breadcrumb\"},\"inLanguage\":\"de\",\"potentialAction\":[{\"@type\":\"ReadAction\",\"target\":[\"https:\/\/23spots.com\/23spots-divers01\/tauchschule\/emergency-first-response\/\"]}]},{\"@type\":\"BreadcrumbList\",\"@id\":\"https:\/\/23spots.com\/23spots-divers01\/tauchschule\/emergency-first-response\/#breadcrumb\",\"itemListElement\":[{\"@type\":\"ListItem\",\"position\":1,\"name\":\"Startseite\",\"item\":\"https:\/\/23spots.com\/23spots-divers01\/\"},{\"@type\":\"ListItem\",\"position\":2,\"name\":\"Tauchschule\",\"item\":\"https:\/\/23spots.com\/23spots-divers01\/tauchschule\/\"},{\"@type\":\"ListItem\",\"position\":3,\"name\":\"Emergency First Response\"}]},{\"@type\":\"WebSite\",\"@id\":\"https:\/\/23spots.com\/23spots-divers01\/#website\",\"url\":\"https:\/\/23spots.com\/23spots-divers01\/\",\"name\":\"23spots-divers01\",\"description\":\"Tauchenreisen, Tauchkurse, Tauchausr\u00fcstung\",\"potentialAction\":[{\"@type\":\"SearchAction\",\"target\":{\"@type\":\"EntryPoint\",\"urlTemplate\":\"https:\/\/23spots.com\/23spots-divers01\/?s={search_term_string}\"},\"query-input\":{\"@type\":\"PropertyValueSpecification\",\"valueRequired\":true,\"valueName\":\"search_term_string\"}}],\"inLanguage\":\"de\"}]}<\/script>\n<!-- \/ Yoast SEO plugin. -->","yoast_head_json":{"title":"Emergency First Response - 23spots-divers01","robots":{"index":"noindex","follow":"follow","max-snippet":"max-snippet:-1","max-image-preview":"max-image-preview:large","max-video-preview":"max-video-preview:-1"},"og_locale":"de_DE","og_type":"article","og_title":"Emergency First Response - 23spots-divers01","og_description":"[vc_row][vc_column][vc_column_text css=&#8220;.vc_custom_1516137456778{margin-top: 30px !important;}&#8220;]Du m\u00f6chtest bei Deinen Taucheng\u00e4ngen ein beruhigerendes Gef\u00fchl haben, dann ist der Emergency First Response Kurs zum Thema Erste Hilfe sowie Erst- und Zweitversorgung genau das was Du machen solltest. Bei diesem interessanten Erste-Hilfe-Programm lernst Du wie die Erstversorgung (Herz-Lungen-Wiederbelebung) und die Zweitversorgung (Erste Hilfe), welche f\u00fcr jeden Taucher n\u00fctzlich sind. Der [&hellip;]","og_url":"https:\/\/23spots.com\/23spots-divers01\/tauchschule\/emergency-first-response\/","og_site_name":"23spots-divers01","article_modified_time":"2018-01-16T21:36:40+00:00","twitter_card":"summary_large_image","twitter_misc":{"Gesch\u00e4tzte Lesezeit":"1\u00a0Minute"},"schema":{"@context":"https:\/\/schema.org","@graph":[{"@type":"WebPage","@id":"https:\/\/23spots.com\/23spots-divers01\/tauchschule\/emergency-first-response\/","url":"https:\/\/23spots.com\/23spots-divers01\/tauchschule\/emergency-first-response\/","name":"Emergency First Response - 23spots-divers01","isPartOf":{"@id":"https:\/\/23spots.com\/23spots-divers01\/#website"},"datePublished":"2013-09-05T14:31:19+00:00","dateModified":"2018-01-16T21:36:40+00:00","breadcrumb":{"@id":"https:\/\/23spots.com\/23spots-divers01\/tauchschule\/emergency-first-response\/#breadcrumb"},"inLanguage":"de","potentialAction":[{"@type":"ReadAction","target":["https:\/\/23spots.com\/23spots-divers01\/tauchschule\/emergency-first-response\/"]}]},{"@type":"BreadcrumbList","@id":"https:\/\/23spots.com\/23spots-divers01\/tauchschule\/emergency-first-response\/#breadcrumb","itemListElement":[{"@type":"ListItem","position":1,"name":"Startseite","item":"https:\/\/23spots.com\/23spots-divers01\/"},{"@type":"ListItem","position":2,"name":"Tauchschule","item":"https:\/\/23spots.com\/23spots-divers01\/tauchschule\/"},{"@type":"ListItem","position":3,"name":"Emergency First Response"}]},{"@type":"WebSite","@id":"https:\/\/23spots.com\/23spots-divers01\/#website","url":"https:\/\/23spots.com\/23spots-divers01\/","name":"23spots-divers01","description":"Tauchenreisen, Tauchkurse, Tauchausr\u00fcstung","potentialAction":[{"@type":"SearchAction","target":{"@type":"EntryPoint","urlTemplate":"https:\/\/23spots.com\/23spots-divers01\/?s={search_term_string}"},"query-input":{"@type":"PropertyValueSpecification","valueRequired":true,"valueName":"search_term_string"}}],"inLanguage":"de"}]}},"_links":{"self":[{"href":"https:\/\/23spots.com\/23spots-divers01\/wp-json\/wp\/v2\/pages\/713","targetHints":{"allow":["GET"]}}],"collection":[{"href":"https:\/\/23spots.com\/23spots-divers01\/wp-json\/wp\/v2\/pages"}],"about":[{"href":"https:\/\/23spots.com\/23spots-divers01\/wp-json\/wp\/v2\/types\/page"}],"author":[{"embeddable":true,"href":"https:\/\/23spots.com\/23spots-divers01\/wp-json\/wp\/v2\/users\/76"}],"replies":[{"embeddable":true,"href":"https:\/\/23spots.com\/23spots-divers01\/wp-json\/wp\/v2\/comments?post=713"}],"version-history":[{"count":4,"href":"https:\/\/23spots.com\/23spots-divers01\/wp-json\/wp\/v2\/pages\/713\/revisions"}],"predecessor-version":[{"id":4817,"href":"https:\/\/23spots.com\/23spots-divers01\/wp-json\/wp\/v2\/pages\/713\/revisions\/4817"}],"up":[{"embeddable":true,"href":"https:\/\/23spots.com\/23spots-divers01\/wp-json\/wp\/v2\/pages\/629"}],"wp:attachment":[{"href":"https:\/\/23spots.com\/23spots-divers01\/wp-json\/wp\/v2\/media?parent=713"}],"curies":[{"name":"wp","href":"https:\/\/api.w.org\/{rel}","templated":true}]}}