{"id":766,"date":"2013-09-06T17:01:13","date_gmt":"2013-09-06T15:01:13","guid":{"rendered":"https:\/\/23spotsgroup.com\/23spotsdiving\/?page_id=766"},"modified":"2024-01-31T09:17:25","modified_gmt":"2024-01-31T08:17:25","slug":"ratgeber-tauchen","status":"publish","type":"page","link":"https:\/\/23spots.com\/23spots-divers01\/ratgeber-tauchen\/","title":{"rendered":"Ratgeber"},"content":{"rendered":"<div class=\"wpb-content-wrapper\"><p>[vc_row][vc_column]<header class='content-heading'>\n\t\t\t\t\t\t<h2 class='main-heading'>Unsere Tauchratgeber<\/h2>\n\t\t\t\t\t\t<div class='main-subtitle'><p>F\u00fcr mehr Wissen und Infos rund ums Tauchen<\/p>\n<\/div>\n\t\t\t\t\t\t<div class='seperator'><\/div>\n\t\t\t\t\t<\/header>[vc_column_text css=&#8220;.vc_custom_1706689041395{padding-top: 40px !important;padding-bottom: 10px !important;}&#8220;]Tauchen ist eine der faszinierenden Sportarten die es gibt. Jeder von uns, welcher die n\u00f6tigen Voraussetzungen f\u00fcr das Tauchen erf\u00fcllt, kann Tauchen lernen, egal ob jung oder alt. Das Mindestalter liegt allerdings bei acht Jahren. Tauchen, dies sollte jedem bewusst sein, z\u00e4hlt zu den Risikosportarten, daher sollte man besonders seine Aufmerksamkeit auf die Ausr\u00fcstung und die \u00dcbung legen. Wir haben f\u00fcr Dich unterschiedliche\u00a0Ratgeber verschiedener Bereichen erstellt, in welchem Du jederzeit wichtige Informationen rund um das Thema Tauchen nachlesen kannst. Wer bei diesem Sport ein paar Dinge aus unseren Ratgebern beachtet, k\u00f6rperlich fit ist und zus\u00e4tzlich noch die richtige Ausr\u00fcstung mitbringt, der hat unter Wasser sicherlich viel Spa\u00df.[\/vc_column_text][vc_separator color=&#8220;custom&#8220; css=&#8220;.vc_custom_1706606242870{padding-top: 15px !important;padding-bottom: 20px !important;}&#8220; accent_color=&#8220;#0088cc&#8220;][vc_row_inner][vc_column_inner width=&#8220;1\/3&#8243; css=&#8220;.vc_custom_1503852800137{padding-top: 5px !important;}&#8220;][vc_single_image image=&#8220;2090&#8243; img_size=&#8220;370&#215;250&#8243; alignment=&#8220;center&#8220; css=&#8220;.vc_custom_1705782851910{padding-top: 10px !important;}&#8220;][vc_column_text css=&#8220;.vc_custom_1706688693533{padding-top: 20px !important;padding-bottom: 10px !important;background-color: #f4f4f4 !important;}&#8220;]<\/p>\n<h3 style=\"text-align: center; font-size: 20pt;\"><strong>Apnoe \/ Freitauchen<\/strong><\/h3>\n<p>[\/vc_column_text][vc_column_text css=&#8220;.vc_custom_1706688702958{padding-top: 5px !important;padding-right: 5px !important;padding-bottom: 15px !important;padding-left: 15px !important;background-color: #f4f4f4 !important;}&#8220;]Beim Apnoe- oder Freediving, gleitest Du ohne Ger\u00e4usche und Ger\u00e4t durch die Unterwasserwelt und erlebst ein neues Gef\u00fchl beim Tauchen. \u201cApnoe\u201d bedeutet Atemstillstand, d.h. Du hast f\u00fcr Deinen Tauchgang lediglich einen Atemzug.[\/vc_column_text][vc_btn title=&#8220;Ratgeber Apnoe, Freitauchen&#8220; style=&#8220;flat&#8220; shape=&#8220;square&#8220; color=&#8220;primary&#8220; align=&#8220;left&#8220; i_icon_fontawesome=&#8220;fas fa-water&#8220; button_block=&#8220;true&#8220; add_icon=&#8220;true&#8220; link=&#8220;url:https%3A%2F%2F23spotsdivers.com%2Fapnoe-freitauchen%2F|title:Ratgeber%20Apnoe%2C%20Freitauchen&#8220;][\/vc_column_inner][vc_column_inner width=&#8220;1\/3&#8243; css=&#8220;.vc_custom_1503852836042{padding-top: 5px !important;}&#8220;][vc_single_image image=&#8220;2102&#8243; img_size=&#8220;370&#215;250&#8243; alignment=&#8220;center&#8220; css=&#8220;.vc_custom_1706605796695{padding-top: 10px !important;}&#8220;][vc_column_text css=&#8220;.vc_custom_1706688783658{padding-top: 20px !important;padding-bottom: 10px !important;background-color: #f4f4f4 !important;}&#8220;]<\/p>\n<h3 style=\"text-align: center; font-size: 20pt;\"><strong>Flusstauchen<\/strong><\/h3>\n<p>[\/vc_column_text][vc_column_text css=&#8220;.vc_custom_1706688795218{padding-top: 5px !important;padding-right: 5px !important;padding-bottom: 15px !important;padding-left: 15px !important;background-color: #f4f4f4 !important;}&#8220;]Flusstauchen hat einen besonderen Reiz und jeder Taucher sollte solch einen herrlichen Tauchgang einmal gemacht haben. Solltest Du als Taucher denken, dass Meer ist das Gew\u00e4sser zum Tauchen, wird es Zeit Deinen n\u00e4chsten Tauchgang im Fluss zu machen.[\/vc_column_text][vc_btn title=&#8220;Ratgeber Flusstauchen&#8220; style=&#8220;flat&#8220; shape=&#8220;square&#8220; color=&#8220;primary&#8220; align=&#8220;left&#8220; i_icon_fontawesome=&#8220;fas fa-water&#8220; button_block=&#8220;true&#8220; add_icon=&#8220;true&#8220; link=&#8220;url:https%3A%2F%2F23spotsdivers.com%2Fflusstauchen%2F|title:Ratgeber%20Flusstauchen&#8220;][\/vc_column_inner][vc_column_inner width=&#8220;1\/3&#8243; css=&#8220;.vc_custom_1503852842952{padding-top: 5px !important;}&#8220;][vc_single_image image=&#8220;2133&#8243; img_size=&#8220;370&#215;250&#8243; alignment=&#8220;center&#8220; css=&#8220;.vc_custom_1706605812551{padding-top: 10px !important;}&#8220;][vc_column_text css=&#8220;.vc_custom_1706688806358{padding-top: 20px !important;padding-bottom: 10px !important;background-color: #f4f4f4 !important;}&#8220;]<\/p>\n<h3 style=\"text-align: center; font-size: 20pt;\"><strong>H\u00f6hlentauchen<\/strong><\/h3>\n<p>[\/vc_column_text][vc_column_text css=&#8220;.vc_custom_1706688816614{padding-top: 5px !important;padding-right: 5px !important;padding-bottom: 15px !important;padding-left: 15px !important;background-color: #f4f4f4 !important;}&#8220;]Das H\u00f6hlentauchen z\u00e4hlt zu den risikoreichsten Sportarten \u00fcberhaupt. K\u00e4lte, Dunkelheit und schlechte Sichtverh\u00e4ltnisse begleiten Dich beim Tauchen zu unbekannten Tropfsteinh\u00f6hlen, Grotten und sagenhafte Unterwasserwelten.[\/vc_column_text][vc_btn title=&#8220;Ratgeber H\u00f6hlentauchen&#8220; style=&#8220;flat&#8220; shape=&#8220;square&#8220; color=&#8220;primary&#8220; align=&#8220;left&#8220; i_icon_fontawesome=&#8220;fas fa-water&#8220; button_block=&#8220;true&#8220; add_icon=&#8220;true&#8220; link=&#8220;url:https%3A%2F%2F23spotsdivers.com%2Fhoehlentauchen%2F|title:Ratgeber%20H%C3%B6hlentauchen&#8220;][\/vc_column_inner][\/vc_row_inner][vc_separator color=&#8220;custom&#8220; css=&#8220;.vc_custom_1706608027981{padding-top: 20px !important;padding-bottom: 30px !important;}&#8220; accent_color=&#8220;#0088cc&#8220;][vc_row_inner][vc_column_inner width=&#8220;1\/3&#8243; css=&#8220;.vc_custom_1503852800137{padding-top: 5px !important;}&#8220;][vc_single_image image=&#8220;2113&#8243; img_size=&#8220;370&#215;250&#8243; alignment=&#8220;center&#8220; css=&#8220;.vc_custom_1706607174983{padding-top: 10px !important;}&#8220;][vc_column_text css=&#8220;.vc_custom_1706688825948{padding-top: 20px !important;padding-bottom: 10px !important;background-color: #f4f4f4 !important;}&#8220;]<\/p>\n<h3 style=\"text-align: center; font-size: 20pt;\"><strong>Meeresbewohner<\/strong><\/h3>\n<p>[\/vc_column_text][vc_column_text css=&#8220;.vc_custom_1706688834602{padding-top: 5px !important;padding-right: 5px !important;padding-bottom: 15px !important;padding-left: 15px !important;background-color: #f4f4f4 !important;}&#8220;]In unseren Weltmeeren gibt es Lebewesen, die ganz besonders sind. Kein Tier gleicht dem anderen und sie haben eine au\u00dfergew\u00f6hnliche Art im Wasser zu leben gelernt. Andere wiederum haben eine spezielle Art der Jagd und Verteidigung entwickelt.[\/vc_column_text][vc_btn title=&#8220;Ratgeber Meeresbewohner&#8220; style=&#8220;flat&#8220; shape=&#8220;square&#8220; color=&#8220;primary&#8220; align=&#8220;left&#8220; i_icon_fontawesome=&#8220;fas fa-water&#8220; button_block=&#8220;true&#8220; add_icon=&#8220;true&#8220; link=&#8220;url:https%3A%2F%2F23spotsdivers.com%2Fratgeber%2Fdie-aussergewoehnlichsten-meeresbewohner%2F|title:Ratgeber%20Meeresbewohner&#8220;][\/vc_column_inner][vc_column_inner width=&#8220;1\/3&#8243; css=&#8220;.vc_custom_1503852836042{padding-top: 5px !important;}&#8220;][vc_single_image image=&#8220;2117&#8243; img_size=&#8220;370&#215;250&#8243; alignment=&#8220;center&#8220; css=&#8220;.vc_custom_1706607183540{padding-top: 10px !important;}&#8220;][vc_column_text css=&#8220;.vc_custom_1706688843590{padding-top: 20px !important;padding-bottom: 10px !important;background-color: #f4f4f4 !important;}&#8220;]<\/p>\n<h3 style=\"text-align: center; font-size: 20pt;\"><strong>Schnorcheln<\/strong><\/h3>\n<p>[\/vc_column_text][vc_column_text css=&#8220;.vc_custom_1706688851523{padding-top: 5px !important;padding-right: 5px !important;padding-bottom: 15px !important;padding-left: 15px !important;background-color: #f4f4f4 !important;}&#8220;]Schnorcheln ist eine Kombination aus Tauchen und Schwimmen, nur ohne Atemger\u00e4t. Schnorcheln dient zum Beobachten der Unterwasserwelt, da man hier die faszinierenden Meeresbewohner nicht durch lautes Atmen oder L\u00e4rm erschreckt.[\/vc_column_text][vc_btn title=&#8220;Ratgeber Schnorcheln&#8220; style=&#8220;flat&#8220; shape=&#8220;square&#8220; color=&#8220;primary&#8220; align=&#8220;left&#8220; i_icon_fontawesome=&#8220;fas fa-water&#8220; button_block=&#8220;true&#8220; add_icon=&#8220;true&#8220; link=&#8220;url:https%3A%2F%2F23spotsdivers.com%2Fschnorcheln%2F|title:Ratgeber%20Schnorcheln&#8220;][\/vc_column_inner][vc_column_inner width=&#8220;1\/3&#8243; css=&#8220;.vc_custom_1503852842952{padding-top: 5px !important;}&#8220;][vc_single_image image=&#8220;2120&#8243; img_size=&#8220;370&#215;250&#8243; alignment=&#8220;center&#8220; css=&#8220;.vc_custom_1706607191625{padding-top: 10px !important;}&#8220;][vc_column_text css=&#8220;.vc_custom_1706688862997{padding-top: 20px !important;padding-bottom: 10px !important;background-color: #f4f4f4 !important;}&#8220;]<\/p>\n<h3 style=\"text-align: center; font-size: 20pt;\"><strong>Haitauchen<\/strong><\/h3>\n<p>[\/vc_column_text][vc_column_text css=&#8220;.vc_custom_1706688873004{padding-top: 5px !important;padding-right: 5px !important;padding-bottom: 15px !important;padding-left: 15px !important;background-color: #f4f4f4 !important;}&#8220;]Haitauchen z\u00e4hlt zu den spektakul\u00e4rsten Tauchabenteuern und ist ein unvergesslicher Moment. Deshalb sollte jeder Taucher mindestens einmal in seinem Leben mit Haien tauchen. Beginne mit den kleinen Haien bevor Du mit dem gro\u00dfen Wei\u00dfen tauchst.[\/vc_column_text][vc_btn title=&#8220;Ratgeber Haitauchen&#8220; style=&#8220;flat&#8220; shape=&#8220;square&#8220; color=&#8220;primary&#8220; align=&#8220;left&#8220; i_icon_fontawesome=&#8220;fas fa-water&#8220; button_block=&#8220;true&#8220; add_icon=&#8220;true&#8220; link=&#8220;url:https%3A%2F%2F23spotsdivers.com%2Fshark-diving%2F|title:Ratgeber%20Haitauchen&#8220;][\/vc_column_inner][\/vc_row_inner][vc_separator color=&#8220;custom&#8220; css=&#8220;.vc_custom_1706608039193{padding-top: 20px !important;padding-bottom: 30px !important;}&#8220; accent_color=&#8220;#0088cc&#8220;][vc_row_inner][vc_column_inner width=&#8220;1\/3&#8243; css=&#8220;.vc_custom_1503852800137{padding-top: 5px !important;}&#8220;][vc_single_image image=&#8220;2126&#8243; img_size=&#8220;370&#215;250&#8243; alignment=&#8220;center&#8220; css=&#8220;.vc_custom_1706607200711{padding-top: 10px !important;}&#8220;][vc_column_text css=&#8220;.vc_custom_1706688884323{padding-top: 20px !important;padding-bottom: 10px !important;background-color: #f4f4f4 !important;}&#8220;]<\/p>\n<h3 style=\"text-align: center; font-size: 20pt;\"><strong>Tauchanf\u00e4nger<\/strong><\/h3>\n<p>[\/vc_column_text][vc_column_text css=&#8220;.vc_custom_1706688893266{padding-top: 5px !important;padding-right: 5px !important;padding-bottom: 15px !important;padding-left: 15px !important;background-color: #f4f4f4 !important;}&#8220;]Aller Anfang der ist schwer, selbst beim Tauchen. Mit der von uns erstellten Infoseite f\u00fcr Tauchanf\u00e4nger, geben wir Dir einen F\u00fchrer zur Hand, der Dich bei Deinen ersten Schritten beim Tauchen begleiten wird. Nutze unsere Einsteigerkurse und werde ein Taucher![\/vc_column_text][vc_btn title=&#8220;Ratgeber Tauchanf\u00e4nger&#8220; style=&#8220;flat&#8220; shape=&#8220;square&#8220; color=&#8220;primary&#8220; align=&#8220;left&#8220; i_icon_fontawesome=&#8220;fas fa-water&#8220; button_block=&#8220;true&#8220; add_icon=&#8220;true&#8220; link=&#8220;url:https%3A%2F%2F23spotsdivers.com%2Fshark-diving%2F|title:Ratgeber%20Tauchanf%C3%A4nger&#8220;][\/vc_column_inner][vc_column_inner width=&#8220;1\/3&#8243; css=&#8220;.vc_custom_1503852836042{padding-top: 5px !important;}&#8220;][vc_single_image image=&#8220;2127&#8243; img_size=&#8220;370&#215;250&#8243; alignment=&#8220;center&#8220; css=&#8220;.vc_custom_1706607208735{padding-top: 10px !important;}&#8220;][vc_column_text css=&#8220;.vc_custom_1706688901796{padding-top: 20px !important;padding-bottom: 10px !important;background-color: #f4f4f4 !important;}&#8220;]<\/p>\n<h3 style=\"text-align: center; font-size: 20pt;\"><strong>Taucherkrankheit<\/strong><\/h3>\n<p>[\/vc_column_text][vc_column_text css=&#8220;.vc_custom_1706688910851{padding-top: 5px !important;padding-right: 5px !important;padding-bottom: 15px !important;padding-left: 15px !important;background-color: #f4f4f4 !important;}&#8220;]Beim Tauchen gibt es Krankheiten die in Verbindung mit diesem auftreten. Jeder Taucher macht zumindest in der Theorie einmal mit diesen Tauchkrankheiten Bekanntschaft. Daher ist eine gute Gesundheit und Fitness Voraussetzung f\u00fcrs Tauchen.[\/vc_column_text][vc_btn title=&#8220;Ratgeber Taucherkrankheiten&#8220; style=&#8220;flat&#8220; shape=&#8220;square&#8220; color=&#8220;primary&#8220; align=&#8220;left&#8220; i_icon_fontawesome=&#8220;fas fa-water&#8220; button_block=&#8220;true&#8220; add_icon=&#8220;true&#8220; link=&#8220;url:https%3A%2F%2F23spotsdivers.com%2Ftaucherkrankheit%2F|title:Ratgeber%20Taucherkrankheiten&#8220;][\/vc_column_inner][vc_column_inner width=&#8220;1\/3&#8243; css=&#8220;.vc_custom_1503852842952{padding-top: 5px !important;}&#8220;][vc_single_image image=&#8220;2128&#8243; img_size=&#8220;370&#215;250&#8243; alignment=&#8220;center&#8220; css=&#8220;.vc_custom_1706607216503{padding-top: 10px !important;}&#8220;][vc_column_text css=&#8220;.vc_custom_1706688920813{padding-top: 20px !important;padding-bottom: 10px !important;background-color: #f4f4f4 !important;}&#8220;]<\/p>\n<h3 style=\"text-align: center; font-size: 20pt;\"><strong>Technisches Tauchen<\/strong><\/h3>\n<p>[\/vc_column_text][vc_column_text css=&#8220;.vc_custom_1706688929657{padding-top: 5px !important;padding-right: 5px !important;padding-bottom: 15px !important;padding-left: 15px !important;background-color: #f4f4f4 !important;}&#8220;]Technisches Tauchen ist eine Variante des Tauchens, die qualifizierte und erfahrene Taucher in weite Tiefen der Unterwasserwelt bring. Hier werden andere Ausr\u00fcstungen unter extremen Bedingungen verwendet. Hier besteht ein erh\u00f6htes Risiko beim Tauchen.[\/vc_column_text][vc_btn title=&#8220;Ratgeber Technisches Tauchen&#8220; style=&#8220;flat&#8220; shape=&#8220;square&#8220; color=&#8220;primary&#8220; align=&#8220;left&#8220; i_icon_fontawesome=&#8220;fas fa-water&#8220; button_block=&#8220;true&#8220; add_icon=&#8220;true&#8220; link=&#8220;url:https%3A%2F%2F23spotsdivers.com%2Ftec-diver%2F|title:Ratgeber%20Technisches%20Tauchen&#8220;][\/vc_column_inner][\/vc_row_inner][vc_separator color=&#8220;custom&#8220; css=&#8220;.vc_custom_1706608049858{padding-top: 20px !important;padding-bottom: 30px !important;}&#8220; accent_color=&#8220;#0088cc&#8220;][vc_row_inner][vc_column_inner width=&#8220;1\/3&#8243; css=&#8220;.vc_custom_1503852800137{padding-top: 5px !important;}&#8220;][vc_single_image image=&#8220;2129&#8243; img_size=&#8220;370&#215;250&#8243; alignment=&#8220;center&#8220; css=&#8220;.vc_custom_1706607224913{padding-top: 10px !important;}&#8220;][vc_column_text css=&#8220;.vc_custom_1706688939100{padding-top: 20px !important;padding-bottom: 10px !important;background-color: #f4f4f4 !important;}&#8220;]<\/p>\n<h3 style=\"text-align: center; font-size: 20pt;\"><strong>Unterwasserhandzeichen<\/strong><\/h3>\n<p>[\/vc_column_text][vc_column_text css=&#8220;.vc_custom_1706688947349{padding-top: 5px !important;padding-right: 5px !important;padding-bottom: 15px !important;padding-left: 15px !important;background-color: #f4f4f4 !important;}&#8220;]Uns allen ist bekannt, dass wir unter Wasser nicht normal miteinander sprechen k\u00f6nnen. Daher gibt es beim Tauchen eine eigene Sprache und zwar mit Zeichen. Hier findest Du die wichtigsten Unterwasserhandzeichen in unserem Ratgeber.[\/vc_column_text][vc_btn title=&#8220;Ratgeber Unterwasserhandzeichen&#8220; style=&#8220;flat&#8220; shape=&#8220;square&#8220; color=&#8220;primary&#8220; align=&#8220;left&#8220; i_icon_fontawesome=&#8220;fas fa-water&#8220; button_block=&#8220;true&#8220; add_icon=&#8220;true&#8220; link=&#8220;url:https%3A%2F%2F23spotsdivers.com%2Funterwasser-handzeichen%2F|title:Ratgeber%20Unterwasserhandzeichen&#8220;][\/vc_column_inner][vc_column_inner width=&#8220;1\/3&#8243; css=&#8220;.vc_custom_1503852836042{padding-top: 5px !important;}&#8220;][vc_single_image image=&#8220;2130&#8243; img_size=&#8220;370&#215;250&#8243; alignment=&#8220;center&#8220; css=&#8220;.vc_custom_1706607232271{padding-top: 10px !important;}&#8220;][vc_column_text css=&#8220;.vc_custom_1706688957759{padding-top: 20px !important;padding-bottom: 10px !important;background-color: #f4f4f4 !important;}&#8220;]<\/p>\n<h3 style=\"text-align: center; font-size: 20pt;\"><strong>Wracktauchen<\/strong><\/h3>\n<p>[\/vc_column_text][vc_column_text css=&#8220;.vc_custom_1706688966700{padding-top: 5px !important;padding-right: 5px !important;padding-bottom: 15px !important;padding-left: 15px !important;background-color: #f4f4f4 !important;}&#8220;]Wracktauchen ist ein Bereich im Tauchsport, welcher sich mit gesunkenen Schiffen, Autos, Flugzeugen, etc. besch\u00e4ftigt und ein extrem spannendes Thema ist. Wracks sind \u00fcberall zu finden: in Seen, Fl\u00fcssen und Meeren. Weltweit, sogar in Deutschland im Bodensee[\/vc_column_text][vc_btn title=&#8220;Ratgeber Wracktauchen&#8220; style=&#8220;flat&#8220; shape=&#8220;square&#8220; color=&#8220;primary&#8220; align=&#8220;left&#8220; i_icon_fontawesome=&#8220;fas fa-water&#8220; button_block=&#8220;true&#8220; add_icon=&#8220;true&#8220; link=&#8220;url:https%3A%2F%2F23spotsdivers.com%2Fratgeber-wracktauchen%2F|title:Ratgeber%20Wracktauchen&#8220;][\/vc_column_inner][\/vc_row_inner][vc_separator color=&#8220;custom&#8220; css=&#8220;.vc_custom_1706608073285{padding-top: 20px !important;padding-bottom: 30px !important;}&#8220; accent_color=&#8220;#0088cc&#8220;][vc_column_text]Unsere Tauchschule bietet Dir neben dem Ratgeber eine professionelle und spannende Ausbildung zum Taucher, um die atemberaubende und faszinierende Unterwasserwelt zu erkunden. Hier erwartet Dich eine andere, wie Dir bisher bekannte Welt voller Magie, Farbenpracht, mit Spannung und Faszination, welche Lust auf Abenteuer bei den <a title=\"Tauchg\u00e4nge\" href=\"https:\/\/cabodepalosdiving.com\/tauchgaenge\">Tauchg\u00e4ngen<\/a> macht.<br \/>\nOb <a title=\"Tauchkurse\" href=\"https:\/\/cabodepalosdiving.com\/tauchschule\/tauchkurs\">Tauchkurse<\/a> f\u00fcr Anf\u00e4nger oder Weiterbildungen f\u00fcr erfahrene Taucher, wir bieten Dir in unserer Tauchschule die komplette Palette von Ausbildungsstufen.<\/p>\n<p>Verbinde einfach Deinen Tauchurlaub mit Deiner Aus- oder Weiterbildung im Tauchen.[\/vc_column_text][\/vc_column][\/vc_row]<\/p>\n<\/div>","protected":false},"excerpt":{"rendered":"<p>[vc_row][vc_column][vc_column_text css=&#8220;.vc_custom_1706689041395{padding-top: 40px !important;padding-bottom: 10px !important;}&#8220;]Tauchen ist eine der faszinierenden Sportarten die es gibt. Jeder von uns, welcher die n\u00f6tigen Voraussetzungen f\u00fcr das Tauchen erf\u00fcllt, kann Tauchen lernen, egal ob jung oder alt. Das Mindestalter liegt allerdings bei acht Jahren. Tauchen, dies sollte jedem bewusst sein, z\u00e4hlt zu den Risikosportarten, daher sollte man besonders seine [&hellip;]<\/p>\n","protected":false},"author":76,"featured_media":0,"parent":0,"menu_order":6,"comment_status":"closed","ping_status":"open","template":"entrada_templates\/layout-visual-composer-default.php","meta":{"footnotes":""},"class_list":["post-766","page","type-page","status-publish","hentry"],"yoast_head":"<!-- This site is optimized with the Yoast SEO plugin v26.9 - https:\/\/yoast.com\/product\/yoast-seo-wordpress\/ -->\n<title>Ratgeber - 23spots-divers01<\/title>\n<meta name=\"robots\" content=\"noindex, follow, max-snippet:-1, max-image-preview:large, max-video-preview:-1\" \/>\n<meta property=\"og:locale\" content=\"de_DE\" \/>\n<meta property=\"og:type\" content=\"article\" \/>\n<meta property=\"og:title\" content=\"Ratgeber - 23spots-divers01\" \/>\n<meta property=\"og:description\" content=\"[vc_row][vc_column][vc_column_text css=&#8220;.vc_custom_1706689041395{padding-top: 40px !important;padding-bottom: 10px !important;}&#8220;]Tauchen ist eine der faszinierenden Sportarten die es gibt. Jeder von uns, welcher die n\u00f6tigen Voraussetzungen f\u00fcr das Tauchen erf\u00fcllt, kann Tauchen lernen, egal ob jung oder alt. Das Mindestalter liegt allerdings bei acht Jahren. Tauchen, dies sollte jedem bewusst sein, z\u00e4hlt zu den Risikosportarten, daher sollte man besonders seine [&hellip;]\" \/>\n<meta property=\"og:url\" content=\"https:\/\/23spots.com\/23spots-divers01\/ratgeber-tauchen\/\" \/>\n<meta property=\"og:site_name\" content=\"23spots-divers01\" \/>\n<meta property=\"article:modified_time\" content=\"2024-01-31T08:17:25+00:00\" \/>\n<meta name=\"twitter:card\" content=\"summary_large_image\" \/>\n<meta name=\"twitter:label1\" content=\"Gesch\u00e4tzte Lesezeit\" \/>\n\t<meta name=\"twitter:data1\" content=\"6\u00a0Minuten\" \/>\n<script type=\"application\/ld+json\" class=\"yoast-schema-graph\">{\"@context\":\"https:\/\/schema.org\",\"@graph\":[{\"@type\":\"WebPage\",\"@id\":\"https:\/\/23spots.com\/23spots-divers01\/ratgeber-tauchen\/\",\"url\":\"https:\/\/23spots.com\/23spots-divers01\/ratgeber-tauchen\/\",\"name\":\"Ratgeber - 23spots-divers01\",\"isPartOf\":{\"@id\":\"https:\/\/23spots.com\/23spots-divers01\/#website\"},\"datePublished\":\"2013-09-06T15:01:13+00:00\",\"dateModified\":\"2024-01-31T08:17:25+00:00\",\"breadcrumb\":{\"@id\":\"https:\/\/23spots.com\/23spots-divers01\/ratgeber-tauchen\/#breadcrumb\"},\"inLanguage\":\"de\",\"potentialAction\":[{\"@type\":\"ReadAction\",\"target\":[\"https:\/\/23spots.com\/23spots-divers01\/ratgeber-tauchen\/\"]}]},{\"@type\":\"BreadcrumbList\",\"@id\":\"https:\/\/23spots.com\/23spots-divers01\/ratgeber-tauchen\/#breadcrumb\",\"itemListElement\":[{\"@type\":\"ListItem\",\"position\":1,\"name\":\"Startseite\",\"item\":\"https:\/\/23spots.com\/23spots-divers01\/\"},{\"@type\":\"ListItem\",\"position\":2,\"name\":\"Ratgeber\"}]},{\"@type\":\"WebSite\",\"@id\":\"https:\/\/23spots.com\/23spots-divers01\/#website\",\"url\":\"https:\/\/23spots.com\/23spots-divers01\/\",\"name\":\"23spots-divers01\",\"description\":\"Tauchenreisen, Tauchkurse, Tauchausr\u00fcstung\",\"potentialAction\":[{\"@type\":\"SearchAction\",\"target\":{\"@type\":\"EntryPoint\",\"urlTemplate\":\"https:\/\/23spots.com\/23spots-divers01\/?s={search_term_string}\"},\"query-input\":{\"@type\":\"PropertyValueSpecification\",\"valueRequired\":true,\"valueName\":\"search_term_string\"}}],\"inLanguage\":\"de\"}]}<\/script>\n<!-- \/ Yoast SEO plugin. -->","yoast_head_json":{"title":"Ratgeber - 23spots-divers01","robots":{"index":"noindex","follow":"follow","max-snippet":"max-snippet:-1","max-image-preview":"max-image-preview:large","max-video-preview":"max-video-preview:-1"},"og_locale":"de_DE","og_type":"article","og_title":"Ratgeber - 23spots-divers01","og_description":"[vc_row][vc_column][vc_column_text css=&#8220;.vc_custom_1706689041395{padding-top: 40px !important;padding-bottom: 10px !important;}&#8220;]Tauchen ist eine der faszinierenden Sportarten die es gibt. Jeder von uns, welcher die n\u00f6tigen Voraussetzungen f\u00fcr das Tauchen erf\u00fcllt, kann Tauchen lernen, egal ob jung oder alt. Das Mindestalter liegt allerdings bei acht Jahren. Tauchen, dies sollte jedem bewusst sein, z\u00e4hlt zu den Risikosportarten, daher sollte man besonders seine [&hellip;]","og_url":"https:\/\/23spots.com\/23spots-divers01\/ratgeber-tauchen\/","og_site_name":"23spots-divers01","article_modified_time":"2024-01-31T08:17:25+00:00","twitter_card":"summary_large_image","twitter_misc":{"Gesch\u00e4tzte Lesezeit":"6\u00a0Minuten"},"schema":{"@context":"https:\/\/schema.org","@graph":[{"@type":"WebPage","@id":"https:\/\/23spots.com\/23spots-divers01\/ratgeber-tauchen\/","url":"https:\/\/23spots.com\/23spots-divers01\/ratgeber-tauchen\/","name":"Ratgeber - 23spots-divers01","isPartOf":{"@id":"https:\/\/23spots.com\/23spots-divers01\/#website"},"datePublished":"2013-09-06T15:01:13+00:00","dateModified":"2024-01-31T08:17:25+00:00","breadcrumb":{"@id":"https:\/\/23spots.com\/23spots-divers01\/ratgeber-tauchen\/#breadcrumb"},"inLanguage":"de","potentialAction":[{"@type":"ReadAction","target":["https:\/\/23spots.com\/23spots-divers01\/ratgeber-tauchen\/"]}]},{"@type":"BreadcrumbList","@id":"https:\/\/23spots.com\/23spots-divers01\/ratgeber-tauchen\/#breadcrumb","itemListElement":[{"@type":"ListItem","position":1,"name":"Startseite","item":"https:\/\/23spots.com\/23spots-divers01\/"},{"@type":"ListItem","position":2,"name":"Ratgeber"}]},{"@type":"WebSite","@id":"https:\/\/23spots.com\/23spots-divers01\/#website","url":"https:\/\/23spots.com\/23spots-divers01\/","name":"23spots-divers01","description":"Tauchenreisen, Tauchkurse, Tauchausr\u00fcstung","potentialAction":[{"@type":"SearchAction","target":{"@type":"EntryPoint","urlTemplate":"https:\/\/23spots.com\/23spots-divers01\/?s={search_term_string}"},"query-input":{"@type":"PropertyValueSpecification","valueRequired":true,"valueName":"search_term_string"}}],"inLanguage":"de"}]}},"_links":{"self":[{"href":"https:\/\/23spots.com\/23spots-divers01\/wp-json\/wp\/v2\/pages\/766","targetHints":{"allow":["GET"]}}],"collection":[{"href":"https:\/\/23spots.com\/23spots-divers01\/wp-json\/wp\/v2\/pages"}],"about":[{"href":"https:\/\/23spots.com\/23spots-divers01\/wp-json\/wp\/v2\/types\/page"}],"author":[{"embeddable":true,"href":"https:\/\/23spots.com\/23spots-divers01\/wp-json\/wp\/v2\/users\/76"}],"replies":[{"embeddable":true,"href":"https:\/\/23spots.com\/23spots-divers01\/wp-json\/wp\/v2\/comments?post=766"}],"version-history":[{"count":49,"href":"https:\/\/23spots.com\/23spots-divers01\/wp-json\/wp\/v2\/pages\/766\/revisions"}],"predecessor-version":[{"id":5713,"href":"https:\/\/23spots.com\/23spots-divers01\/wp-json\/wp\/v2\/pages\/766\/revisions\/5713"}],"wp:attachment":[{"href":"https:\/\/23spots.com\/23spots-divers01\/wp-json\/wp\/v2\/media?parent=766"}],"curies":[{"name":"wp","href":"https:\/\/api.w.org\/{rel}","templated":true}]}}