{"id":942,"date":"2013-10-14T15:52:07","date_gmt":"2013-10-14T13:52:07","guid":{"rendered":"https:\/\/23spotsgroup.com\/23spotsdiving\/?page_id=942"},"modified":"2018-01-22T20:03:07","modified_gmt":"2018-01-22T19:03:07","slug":"apnoe-freitauchen","status":"publish","type":"page","link":"https:\/\/23spots.com\/23spots-divers01\/apnoe-freitauchen\/","title":{"rendered":"Apnoe\/Freitauchen"},"content":{"rendered":"<div class=\"wpb-content-wrapper\"><p>[vc_row][vc_column][vc_column_text]<\/p>\n<h3>Apnoetauchen, tauchen mit einem einzigen Atemzug<\/h3>\n<p>Beim Apnoe- oder Freediving, gleitest Du ganz ohne Ger\u00e4usche durch die Unterwasserwelt und bekommst ein ganz neues Gef\u00fchl beim Tauchen. \u201cApnoe\u201d bedeutet Atemstillstand, das hei\u00dft Du hast im Gegensatz zum Ger\u00e4tetauchen f\u00fcr Deinen Tauchgang nur einen einzigen Atemzug. Du wirst beim Freediving merken, dass die Unterwasserwelt eine neue, aufregende Dimension erlangt, denn einige Tiere werden nun nicht mehr durch das laute Ger\u00e4usch des Atemger\u00e4tes erschreckt und hauen nicht mehr ab. Besonders bemerkbar macht sich dies bei Gro\u00dffischen mit denen du beim Apnoetauchen gemeinsam schwimmen kannst. [\/vc_column_text][\/vc_column][\/vc_row][vc_row css=&#8220;.vc_custom_1508917160673{padding-left: 10px !important;background-color: #cccccc !important;}&#8220;][vc_column width=&#8220;1\/2&#8243; css=&#8220;.vc_custom_1508917398592{padding-right: 30px !important;}&#8220;][vc_custom_heading text=&#8220;Apnoetauchen\/Feediving&#8220; font_container=&#8220;tag:h3|text_align:left&#8220; google_fonts=&#8220;font_family:Roboto%3A100%2C100italic%2C300%2C300italic%2Cregular%2Citalic%2C500%2C500italic%2C700%2C700italic%2C900%2C900italic|font_style:400%20regular%3A400%3Anormal&#8220; css=&#8220;.vc_custom_1516644749128{padding-bottom: 10px !important;}&#8220;][vc_separator color=&#8220;blue&#8220; border_width=&#8220;2&#8243; css=&#8220;.vc_custom_1508333739153{padding-bottom: 15px !important;}&#8220;][vc_column_text]Das Apnoetauchen ist die urspr\u00fcnglichste und auch \u00e4lteste Art des Tauchens. Schon in der fr\u00fchen Steinzeit haben die Menschen mit dem Freediving N\u00fctzliches, wie Muscheln, Schw\u00e4mme und Perlen aus den Meeren geerntet oder sie nutzen das Apnoetauchen zum Fischen mit Speeren. Bis heute hat sich dies auch nicht ge\u00e4ndert, nur dass sich unser Equipment verbessert hat. Anstatt Speere nutzen wir heute Harpunen und tragen einen Neoprenanzug gegen die K\u00e4lte. Heutzutage allerdings betreiben die meisten Menschen das Apnoetauchen als Freizeitaktivit\u00e4t und nicht mehr um die Familie zu ern\u00e4hren. \u2028Den meisten Sportlern geht es in der heutigen Zeit beim Freediving um die Erkundung der Unterwasserflora- und Fauna und im sportlicheren Bereich um Rekorde, entweder in der Tiefe, \u00fcber die Distanz oder der Dauer.\u2028 Weltweit gibt es das Apnoetauchen derzeit jedoch meist noch in der Unterwasserjagd mit der Harpune.[\/vc_column_text][\/vc_column][vc_column width=&#8220;1\/2&#8243;][vc_single_image image=&#8220;3335&#8243; img_size=&#8220;500&#215;300&#8243; alignment=&#8220;right&#8220; css=&#8220;.vc_custom_1516646053473{padding-left: 30px !important;}&#8220;][\/vc_column][\/vc_row][vc_row][vc_column width=&#8220;1\/2&#8243;][vc_single_image image=&#8220;4883&#8243; img_size=&#8220;500&#215;300&#8243; css=&#8220;.vc_custom_1516646414105{padding-bottom: 15px !important;}&#8220;][\/vc_column][vc_column width=&#8220;1\/2&#8243;][vc_custom_heading text=&#8220;Apnoetauchen&#8220; font_container=&#8220;tag:h3|text_align:left&#8220; google_fonts=&#8220;font_family:Roboto%3A100%2C100italic%2C300%2C300italic%2Cregular%2Citalic%2C500%2C500italic%2C700%2C700italic%2C900%2C900italic|font_style:400%20regular%3A400%3Anormal&#8220;][vc_separator color=&#8220;blue&#8220; border_width=&#8220;2&#8243; css=&#8220;.vc_custom_1508333739153{padding-bottom: 15px !important;}&#8220;][vc_column_text]Beim Freediving oder Apnoetauchen  haben sich mit der Zeit unterschiedliche Disziplinen entwickelt. So gibt es das Zeittauchen oder auch statisches Tauchen, bei diesem Wettbewerb wird die maximale Tauchzeit gemessen. Eine andere Disziplin ist das Streckentauchen, hier wird die l\u00e4ngste Strecke gemessen. Diese Variante des Freitauchens wird einmal mit und ohne Flossen gewertet. Dann gibt es noch die Tieftauchdisziplinen, welche mit oder ohne Gewicht durchgef\u00fchrt werden. Hier z\u00e4hlt, wer kann am tiefsten Tauchen. Bei allen Disziplinen hat der Taucher stets einen Atemzug um sein Ziel zu erreichen. [\/vc_column_text][\/vc_column][\/vc_row][vc_row css=&#8220;.vc_custom_1508436889449{background-color: #cccccc !important;}&#8220;][vc_column width=&#8220;1\/2&#8243; css=&#8220;.vc_custom_1510346200383{padding-right: 30px !important;}&#8220;][vc_custom_heading text=&#8220;Tauchtauglichkeit&#8220; font_container=&#8220;tag:h3|text_align:left&#8220; google_fonts=&#8220;font_family:Roboto%3A100%2C100italic%2C300%2C300italic%2Cregular%2Citalic%2C500%2C500italic%2C700%2C700italic%2C900%2C900italic|font_style:400%20regular%3A400%3Anormal&#8220; css=&#8220;.vc_custom_1508334023192{padding-bottom: 10px !important;}&#8220;][vc_separator color=&#8220;blue&#8220; border_width=&#8220;2&#8243; css=&#8220;.vc_custom_1508951036212{padding-right: 30px !important;padding-bottom: 15px !important;}&#8220;][vc_column_text]Grundlagen (Anforderungen)<br \/>\nUntersuchungsbogen (Kontrolluntersuch)<br \/>\nTauglichkeitsattest<br \/>\nStabile Psyche<br \/>\nAd\u00e4quate Ausbildung[\/vc_column_text][\/vc_column][vc_column width=&#8220;1\/2&#8243;][vc_single_image image=&#8220;4885&#8243; img_size=&#8220;500&#215;300&#8243; alignment=&#8220;right&#8220;][\/vc_column][\/vc_row][vc_row][vc_column width=&#8220;1\/2&#8243;][vc_single_image image=&#8220;4886&#8243; img_size=&#8220;500&#215;300&#8243; css=&#8220;.vc_custom_1516646840387{padding-bottom: 15px !important;}&#8220;][\/vc_column][vc_column width=&#8220;1\/2&#8243;][vc_custom_heading text=&#8220;Notfallma\u00dfnahmen&#8220; font_container=&#8220;tag:h3|text_align:left&#8220; google_fonts=&#8220;font_family:Roboto%3A100%2C100italic%2C300%2C300italic%2Cregular%2Citalic%2C500%2C500italic%2C700%2C700italic%2C900%2C900italic|font_style:400%20regular%3A400%3Anormal&#8220; css=&#8220;.vc_custom_1508334796966{padding-bottom: 10px !important;}&#8220;][vc_separator color=&#8220;blue&#8220; border_width=&#8220;2&#8243; css=&#8220;.vc_custom_1508333739153{padding-bottom: 15px !important;}&#8220;][vc_column_text]F\u00fcr den Fall der F\u00e4lle:<br \/>\nDas Notfallblatt<br \/>\nNotfall-Management<br \/>\nDAN Ma\u00dfnahmen-Checkliste<br \/>\nDAN-Neurocheck[\/vc_column_text][\/vc_column][\/vc_row][vc_row css=&#8220;.vc_custom_1508436872900{background-color: #cccccc !important;}&#8220;][vc_column width=&#8220;1\/2&#8243; css=&#8220;.vc_custom_1508936166401{padding-right: 30px !important;}&#8220;][vc_custom_heading text=&#8220;Apnoetauchen&#8220; font_container=&#8220;tag:h3|text_align:left&#8220; google_fonts=&#8220;font_family:Roboto%3A100%2C100italic%2C300%2C300italic%2Cregular%2Citalic%2C500%2C500italic%2C700%2C700italic%2C900%2C900italic|font_style:400%20regular%3A400%3Anormal&#8220; css=&#8220;.vc_custom_1516644847979{padding-bottom: 10px !important;}&#8220;][vc_separator color=&#8220;blue&#8220; border_width=&#8220;2&#8243; css=&#8220;.vc_custom_1508333739153{padding-bottom: 15px !important;}&#8220;][vc_basic_grid post_type=&#8220;post&#8220; max_items=&#8220;3&#8243; gap=&#8220;10&#8243; order=&#8220;ASC&#8220; item=&#8220;basicGrid_NoAnimation&#8220; grid_id=&#8220;vc_gid:1516647052084-d8491590-94e1-1&#8243; taxonomies=&#8220;13&#8243; css=&#8220;.vc_custom_1516644894664{padding-bottom: 15px !important;}&#8220;][\/vc_column][vc_column width=&#8220;1\/2&#8243; css=&#8220;.vc_custom_1508936158116{padding-left: 30px !important;}&#8220;][vc_custom_heading text=&#8220;Eindr\u00fccke Freediving&#8220; font_container=&#8220;tag:h3|text_align:left&#8220; google_fonts=&#8220;font_family:Roboto%3A100%2C100italic%2C300%2C300italic%2Cregular%2Citalic%2C500%2C500italic%2C700%2C700italic%2C900%2C900italic|font_style:400%20regular%3A400%3Anormal&#8220; css=&#8220;.vc_custom_1516644866269{padding-bottom: 10px !important;}&#8220;][vc_separator color=&#8220;blue&#8220; border_width=&#8220;2&#8243; css=&#8220;.vc_custom_1508333739153{padding-bottom: 15px !important;}&#8220;][vc_video link=&#8220;https:\/\/youtu.be\/uQITWbAaDx0&#8243; align=&#8220;right&#8220;][\/vc_column][\/vc_row][vc_row][vc_column width=&#8220;1\/2&#8243; css=&#8220;.vc_custom_1508936202728{padding-right: 30px !important;}&#8220;][vc_custom_heading text=&#8220;Das Wesentliche in K\u00fcrze&#8220; font_container=&#8220;tag:h3|text_align:left&#8220; google_fonts=&#8220;font_family:Roboto%3A100%2C100italic%2C300%2C300italic%2Cregular%2Citalic%2C500%2C500italic%2C700%2C700italic%2C900%2C900italic|font_style:400%20regular%3A400%3Anormal&#8220; css=&#8220;.vc_custom_1516645117751{padding-bottom: 10px !important;}&#8220;][vc_separator color=&#8220;blue&#8220; border_width=&#8220;2&#8243; css=&#8220;.vc_custom_1508951322824{padding-right: 30px !important;padding-bottom: 15px !important;}&#8220;][vc_column_text]Was ist Freediving<br \/>\nGefahren beim Freediving<br \/>\nWarum Freediving<br \/>\nOrganisation von Freedivingtauchg\u00e4ngen[\/vc_column_text][\/vc_column][vc_column width=&#8220;1\/2&#8243;][vc_single_image image=&#8220;4888&#8243; img_size=&#8220;500&#215;300&#8243; alignment=&#8220;right&#8220;][\/vc_column][\/vc_row][vc_row css=&#8220;.vc_custom_1508436856718{background-color: #cccccc !important;}&#8220;][vc_column width=&#8220;1\/2&#8243;][vc_single_image image=&#8220;4890&#8243; img_size=&#8220;500&#215;300&#8243; css=&#8220;.vc_custom_1516647451062{padding-bottom: 15px !important;}&#8220;][\/vc_column][vc_column width=&#8220;1\/2&#8243;][vc_custom_heading text=&#8220;Tauchequipment Apnoetauchen&#8220; font_container=&#8220;tag:h3|text_align:left&#8220; google_fonts=&#8220;font_family:Roboto%3A100%2C100italic%2C300%2C300italic%2Cregular%2Citalic%2C500%2C500italic%2C700%2C700italic%2C900%2C900italic|font_style:400%20regular%3A400%3Anormal&#8220; css=&#8220;.vc_custom_1516644913520{padding-bottom: 10px !important;}&#8220;][vc_separator color=&#8220;blue&#8220; border_width=&#8220;2&#8243; css=&#8220;.vc_custom_1508333739153{padding-bottom: 15px !important;}&#8220;][vc_column_text]Maske<br \/>\nSchnorchel<br \/>\nTaucherlampe<br \/>\nNeoprenanzug<br \/>\nFlossen<br \/>\nHandschuhe[\/vc_column_text][\/vc_column][\/vc_row][vc_row][vc_column width=&#8220;1\/2&#8243;][vc_custom_heading text=&#8220;Wie erlernt man Freediving&#8220; font_container=&#8220;tag:h3|text_align:left&#8220; google_fonts=&#8220;font_family:Roboto%3A100%2C100italic%2C300%2C300italic%2Cregular%2Citalic%2C500%2C500italic%2C700%2C700italic%2C900%2C900italic|font_style:400%20regular%3A400%3Anormal&#8220; css=&#8220;.vc_custom_1516644993745{padding-bottom: 10px !important;}&#8220;][vc_separator color=&#8220;blue&#8220; border_width=&#8220;2&#8243; css=&#8220;.vc_custom_1508951900078{padding-right: 60px !important;padding-bottom: 15px !important;}&#8220;][vc_column_text css=&#8220;.vc_custom_1516645011903{padding-bottom: 15px !important;}&#8220;]In einem Freediving Basic Kurs[\/vc_column_text][\/vc_column][vc_column width=&#8220;1\/2&#8243;][vc_custom_heading text=&#8220;Tauchtechnik Flusstauchen&#8220; font_container=&#8220;tag:h3|text_align:left&#8220; google_fonts=&#8220;font_family:Roboto%3A100%2C100italic%2C300%2C300italic%2Cregular%2Citalic%2C500%2C500italic%2C700%2C700italic%2C900%2C900italic|font_style:400%20regular%3A400%3Anormal&#8220; css=&#8220;.vc_custom_1508338446844{padding-bottom: 10px !important;}&#8220;][vc_separator color=&#8220;blue&#8220; border_width=&#8220;2&#8243; css=&#8220;.vc_custom_1508951911960{padding-bottom: 15px !important;padding-left: 00px !important;}&#8220;][vc_column_text]Auch beim Freediving gibt es unterschiedliche Bereiche wie z. B. das statische Tauchen, Streckentauchen oder Tieftauchen. Es gibt bestimmte Flossenschlagtechniken und Bewegungsabl\u00e4ufe, welche beim Freediving energiesparend sind.[\/vc_column_text][\/vc_column][\/vc_row]<\/p>\n<\/div>","protected":false},"excerpt":{"rendered":"<p>[vc_row][vc_column][vc_column_text] Apnoetauchen, tauchen mit einem einzigen Atemzug Beim Apnoe- oder Freediving, gleitest Du ganz ohne Ger\u00e4usche durch die Unterwasserwelt und bekommst ein ganz neues Gef\u00fchl beim Tauchen. \u201cApnoe\u201d bedeutet Atemstillstand, das hei\u00dft Du hast im Gegensatz zum Ger\u00e4tetauchen f\u00fcr Deinen Tauchgang nur einen einzigen Atemzug. Du wirst beim Freediving merken, dass die Unterwasserwelt eine neue, [&hellip;]<\/p>\n","protected":false},"author":76,"featured_media":0,"parent":0,"menu_order":0,"comment_status":"closed","ping_status":"open","template":"entrada_templates\/layout-visual-composer-default.php","meta":{"footnotes":""},"class_list":["post-942","page","type-page","status-publish","hentry"],"yoast_head":"<!-- This site is optimized with the Yoast SEO plugin v26.9 - https:\/\/yoast.com\/product\/yoast-seo-wordpress\/ -->\n<title>Apnoe\/Freitauchen - 23spots-divers01<\/title>\n<meta name=\"robots\" content=\"noindex, follow, max-snippet:-1, max-image-preview:large, max-video-preview:-1\" \/>\n<meta property=\"og:locale\" content=\"de_DE\" \/>\n<meta property=\"og:type\" content=\"article\" \/>\n<meta property=\"og:title\" content=\"Apnoe\/Freitauchen - 23spots-divers01\" \/>\n<meta property=\"og:description\" content=\"[vc_row][vc_column][vc_column_text] Apnoetauchen, tauchen mit einem einzigen Atemzug Beim Apnoe- oder Freediving, gleitest Du ganz ohne Ger\u00e4usche durch die Unterwasserwelt und bekommst ein ganz neues Gef\u00fchl beim Tauchen. \u201cApnoe\u201d bedeutet Atemstillstand, das hei\u00dft Du hast im Gegensatz zum Ger\u00e4tetauchen f\u00fcr Deinen Tauchgang nur einen einzigen Atemzug. Du wirst beim Freediving merken, dass die Unterwasserwelt eine neue, [&hellip;]\" \/>\n<meta property=\"og:url\" content=\"https:\/\/23spots.com\/23spots-divers01\/apnoe-freitauchen\/\" \/>\n<meta property=\"og:site_name\" content=\"23spots-divers01\" \/>\n<meta property=\"article:modified_time\" content=\"2018-01-22T19:03:07+00:00\" \/>\n<meta name=\"twitter:card\" content=\"summary_large_image\" \/>\n<meta name=\"twitter:label1\" content=\"Gesch\u00e4tzte Lesezeit\" \/>\n\t<meta name=\"twitter:data1\" content=\"7\u00a0Minuten\" \/>\n<script type=\"application\/ld+json\" class=\"yoast-schema-graph\">{\"@context\":\"https:\/\/schema.org\",\"@graph\":[{\"@type\":\"WebPage\",\"@id\":\"https:\/\/23spots.com\/23spots-divers01\/apnoe-freitauchen\/\",\"url\":\"https:\/\/23spots.com\/23spots-divers01\/apnoe-freitauchen\/\",\"name\":\"Apnoe\/Freitauchen - 23spots-divers01\",\"isPartOf\":{\"@id\":\"https:\/\/23spots.com\/23spots-divers01\/#website\"},\"datePublished\":\"2013-10-14T13:52:07+00:00\",\"dateModified\":\"2018-01-22T19:03:07+00:00\",\"breadcrumb\":{\"@id\":\"https:\/\/23spots.com\/23spots-divers01\/apnoe-freitauchen\/#breadcrumb\"},\"inLanguage\":\"de\",\"potentialAction\":[{\"@type\":\"ReadAction\",\"target\":[\"https:\/\/23spots.com\/23spots-divers01\/apnoe-freitauchen\/\"]}]},{\"@type\":\"BreadcrumbList\",\"@id\":\"https:\/\/23spots.com\/23spots-divers01\/apnoe-freitauchen\/#breadcrumb\",\"itemListElement\":[{\"@type\":\"ListItem\",\"position\":1,\"name\":\"Startseite\",\"item\":\"https:\/\/23spots.com\/23spots-divers01\/\"},{\"@type\":\"ListItem\",\"position\":2,\"name\":\"Apnoe\/Freitauchen\"}]},{\"@type\":\"WebSite\",\"@id\":\"https:\/\/23spots.com\/23spots-divers01\/#website\",\"url\":\"https:\/\/23spots.com\/23spots-divers01\/\",\"name\":\"23spots-divers01\",\"description\":\"Tauchenreisen, Tauchkurse, Tauchausr\u00fcstung\",\"potentialAction\":[{\"@type\":\"SearchAction\",\"target\":{\"@type\":\"EntryPoint\",\"urlTemplate\":\"https:\/\/23spots.com\/23spots-divers01\/?s={search_term_string}\"},\"query-input\":{\"@type\":\"PropertyValueSpecification\",\"valueRequired\":true,\"valueName\":\"search_term_string\"}}],\"inLanguage\":\"de\"}]}<\/script>\n<!-- \/ Yoast SEO plugin. -->","yoast_head_json":{"title":"Apnoe\/Freitauchen - 23spots-divers01","robots":{"index":"noindex","follow":"follow","max-snippet":"max-snippet:-1","max-image-preview":"max-image-preview:large","max-video-preview":"max-video-preview:-1"},"og_locale":"de_DE","og_type":"article","og_title":"Apnoe\/Freitauchen - 23spots-divers01","og_description":"[vc_row][vc_column][vc_column_text] Apnoetauchen, tauchen mit einem einzigen Atemzug Beim Apnoe- oder Freediving, gleitest Du ganz ohne Ger\u00e4usche durch die Unterwasserwelt und bekommst ein ganz neues Gef\u00fchl beim Tauchen. \u201cApnoe\u201d bedeutet Atemstillstand, das hei\u00dft Du hast im Gegensatz zum Ger\u00e4tetauchen f\u00fcr Deinen Tauchgang nur einen einzigen Atemzug. Du wirst beim Freediving merken, dass die Unterwasserwelt eine neue, [&hellip;]","og_url":"https:\/\/23spots.com\/23spots-divers01\/apnoe-freitauchen\/","og_site_name":"23spots-divers01","article_modified_time":"2018-01-22T19:03:07+00:00","twitter_card":"summary_large_image","twitter_misc":{"Gesch\u00e4tzte Lesezeit":"7\u00a0Minuten"},"schema":{"@context":"https:\/\/schema.org","@graph":[{"@type":"WebPage","@id":"https:\/\/23spots.com\/23spots-divers01\/apnoe-freitauchen\/","url":"https:\/\/23spots.com\/23spots-divers01\/apnoe-freitauchen\/","name":"Apnoe\/Freitauchen - 23spots-divers01","isPartOf":{"@id":"https:\/\/23spots.com\/23spots-divers01\/#website"},"datePublished":"2013-10-14T13:52:07+00:00","dateModified":"2018-01-22T19:03:07+00:00","breadcrumb":{"@id":"https:\/\/23spots.com\/23spots-divers01\/apnoe-freitauchen\/#breadcrumb"},"inLanguage":"de","potentialAction":[{"@type":"ReadAction","target":["https:\/\/23spots.com\/23spots-divers01\/apnoe-freitauchen\/"]}]},{"@type":"BreadcrumbList","@id":"https:\/\/23spots.com\/23spots-divers01\/apnoe-freitauchen\/#breadcrumb","itemListElement":[{"@type":"ListItem","position":1,"name":"Startseite","item":"https:\/\/23spots.com\/23spots-divers01\/"},{"@type":"ListItem","position":2,"name":"Apnoe\/Freitauchen"}]},{"@type":"WebSite","@id":"https:\/\/23spots.com\/23spots-divers01\/#website","url":"https:\/\/23spots.com\/23spots-divers01\/","name":"23spots-divers01","description":"Tauchenreisen, Tauchkurse, Tauchausr\u00fcstung","potentialAction":[{"@type":"SearchAction","target":{"@type":"EntryPoint","urlTemplate":"https:\/\/23spots.com\/23spots-divers01\/?s={search_term_string}"},"query-input":{"@type":"PropertyValueSpecification","valueRequired":true,"valueName":"search_term_string"}}],"inLanguage":"de"}]}},"_links":{"self":[{"href":"https:\/\/23spots.com\/23spots-divers01\/wp-json\/wp\/v2\/pages\/942","targetHints":{"allow":["GET"]}}],"collection":[{"href":"https:\/\/23spots.com\/23spots-divers01\/wp-json\/wp\/v2\/pages"}],"about":[{"href":"https:\/\/23spots.com\/23spots-divers01\/wp-json\/wp\/v2\/types\/page"}],"author":[{"embeddable":true,"href":"https:\/\/23spots.com\/23spots-divers01\/wp-json\/wp\/v2\/users\/76"}],"replies":[{"embeddable":true,"href":"https:\/\/23spots.com\/23spots-divers01\/wp-json\/wp\/v2\/comments?post=942"}],"version-history":[{"count":8,"href":"https:\/\/23spots.com\/23spots-divers01\/wp-json\/wp\/v2\/pages\/942\/revisions"}],"predecessor-version":[{"id":3334,"href":"https:\/\/23spots.com\/23spots-divers01\/wp-json\/wp\/v2\/pages\/942\/revisions\/3334"}],"wp:attachment":[{"href":"https:\/\/23spots.com\/23spots-divers01\/wp-json\/wp\/v2\/media?parent=942"}],"curies":[{"name":"wp","href":"https:\/\/api.w.org\/{rel}","templated":true}]}}