{"id":3369,"date":"2017-11-05T16:37:52","date_gmt":"2017-11-05T15:37:52","guid":{"rendered":"https:\/\/23spotsdivers.com\/produkt\/import-placeholder-for-2455\/"},"modified":"2021-03-23T10:36:18","modified_gmt":"2021-03-23T09:36:18","slug":"bubblemaker","status":"publish","type":"product","link":"https:\/\/23spots.com\/23spots-divers01\/tauchshop\/bubblemaker\/","title":{"rendered":"Bubblemaker"},"content":{"rendered":"<p>Das Bubblemaker Programm ist f\u00fcr Kinder ab 8 Jahren die aufregende Einf\u00fchrung in die Welt des Tauchens und ist prall gef\u00fcllt mit Unterwasseraktivit\u00e4ten. Es schafft f\u00fcr Kinder die M\u00f6glichkeit, unter Wasser Abenteuer, Entdeckungen und Aufregung zu erleben. \u00dcber dies hinaus gibt es den Eltern die Gelegenheit ihren Kindern durch diesen Tauchkurs eine neue Welt zu zeigen, in welcher diese viel lernen k\u00f6nnen. Begleitet wird der Bubblemaker Kurs von erfahrenen Tauchlehrern, mit welchen die jungen Taucher auf eine maximale Tauchtiefe von 2 Meter abtauchen. Zum Abschluss erh\u00e4lt jedes Kind ein Diplom.<\/p>\n","protected":false},"excerpt":{"rendered":"<p>Das Bubblemaker Programm ist f\u00fcr Kindern ab 8 Jahren die aufregende Einf\u00fchrung in die Welt des Tauchens und ist prall gef\u00fcllt mit Unterwasseraktivit\u00e4ten. Es schafft f\u00fcr Kinder die M\u00f6glichkeit, unter Wasser Abenteuer, Entdeckungen und Aufregung zu erleben. \u00dcber dies hinaus gibt es den Eltern die Gelegenheit ihren Kindern durch diesen Tauchkurs eine neue Welt zu zeigen, in welcher diese viel lernen k\u00f6nnen. Begleitet wird der Bubblemaker Kurs von erfahrenen Tauchlehrern, mit welchen die jungen Taucher auf eine maximale Tauchtiefe von 2 Meter abtauchen. Zum Abschluss erh\u00e4lt jedes Kind ein Diplom.<\/p>\n","protected":false},"featured_media":3386,"comment_status":"closed","ping_status":"closed","template":"","meta":[],"product_brand":[],"product_cat":[76],"product_tag":[],"class_list":{"0":"post-3369","1":"product","2":"type-product","3":"status-publish","4":"has-post-thumbnail","6":"product_cat-tauchkurse","8":"first","9":"instock","10":"taxable","11":"shipping-taxable","12":"purchasable","13":"product-type-simple"},"yoast_head":"<!-- This site is optimized with the Yoast SEO plugin v26.9 - https:\/\/yoast.com\/product\/yoast-seo-wordpress\/ -->\n<title>Bubblemaker - 23spots-divers01<\/title>\n<meta name=\"robots\" content=\"noindex, follow, max-snippet:-1, max-image-preview:large, max-video-preview:-1\" \/>\n<meta property=\"og:locale\" content=\"de_DE\" \/>\n<meta property=\"og:type\" content=\"article\" \/>\n<meta property=\"og:title\" content=\"Bubblemaker - 23spots-divers01\" \/>\n<meta property=\"og:description\" content=\"Das Bubblemaker Programm ist f\u00fcr Kindern ab 8 Jahren die aufregende Einf\u00fchrung in die Welt des Tauchens und ist prall gef\u00fcllt mit Unterwasseraktivit\u00e4ten. Es schafft f\u00fcr Kinder die M\u00f6glichkeit, unter Wasser Abenteuer, Entdeckungen und Aufregung zu erleben. \u00dcber dies hinaus gibt es den Eltern die Gelegenheit ihren Kindern durch diesen Tauchkurs eine neue Welt zu zeigen, in welcher diese viel lernen k\u00f6nnen. Begleitet wird der Bubblemaker Kurs von erfahrenen Tauchlehrern, mit welchen die jungen Taucher auf eine maximale Tauchtiefe von 2 Meter abtauchen. Zum Abschluss erh\u00e4lt jedes Kind ein Diplom.\" \/>\n<meta property=\"og:url\" content=\"https:\/\/23spots.com\/23spots-divers01\/tauchshop\/bubblemaker\/\" \/>\n<meta property=\"og:site_name\" content=\"23spots-divers01\" \/>\n<meta property=\"article:modified_time\" content=\"2021-03-23T09:36:18+00:00\" \/>\n<meta property=\"og:image\" content=\"https:\/\/23spots.com\/23spots-divers01\/files\/tauchkurs_fuer_kinder_schnuppertauchen-1.jpg\" \/>\n\t<meta property=\"og:image:width\" content=\"560\" \/>\n\t<meta property=\"og:image:height\" content=\"280\" \/>\n\t<meta property=\"og:image:type\" content=\"image\/jpeg\" \/>\n<meta name=\"twitter:card\" content=\"summary_large_image\" \/>\n<script type=\"application\/ld+json\" class=\"yoast-schema-graph\">{\"@context\":\"https:\/\/schema.org\",\"@graph\":[{\"@type\":\"WebPage\",\"@id\":\"https:\/\/23spots.com\/23spots-divers01\/tauchshop\/bubblemaker\/\",\"url\":\"https:\/\/23spots.com\/23spots-divers01\/tauchshop\/bubblemaker\/\",\"name\":\"Bubblemaker - 23spots-divers01\",\"isPartOf\":{\"@id\":\"https:\/\/23spots.com\/23spots-divers01\/#website\"},\"primaryImageOfPage\":{\"@id\":\"https:\/\/23spots.com\/23spots-divers01\/tauchshop\/bubblemaker\/#primaryimage\"},\"image\":{\"@id\":\"https:\/\/23spots.com\/23spots-divers01\/tauchshop\/bubblemaker\/#primaryimage\"},\"thumbnailUrl\":\"https:\/\/23spots.com\/23spots-divers01\/files\/tauchkurs_fuer_kinder_schnuppertauchen-1.jpg\",\"datePublished\":\"2017-11-05T15:37:52+00:00\",\"dateModified\":\"2021-03-23T09:36:18+00:00\",\"breadcrumb\":{\"@id\":\"https:\/\/23spots.com\/23spots-divers01\/tauchshop\/bubblemaker\/#breadcrumb\"},\"inLanguage\":\"de\",\"potentialAction\":[{\"@type\":\"ReadAction\",\"target\":[\"https:\/\/23spots.com\/23spots-divers01\/tauchshop\/bubblemaker\/\"]}]},{\"@type\":\"ImageObject\",\"inLanguage\":\"de\",\"@id\":\"https:\/\/23spots.com\/23spots-divers01\/tauchshop\/bubblemaker\/#primaryimage\",\"url\":\"https:\/\/23spots.com\/23spots-divers01\/files\/tauchkurs_fuer_kinder_schnuppertauchen-1.jpg\",\"contentUrl\":\"https:\/\/23spots.com\/23spots-divers01\/files\/tauchkurs_fuer_kinder_schnuppertauchen-1.jpg\",\"width\":560,\"height\":280},{\"@type\":\"BreadcrumbList\",\"@id\":\"https:\/\/23spots.com\/23spots-divers01\/tauchshop\/bubblemaker\/#breadcrumb\",\"itemListElement\":[{\"@type\":\"ListItem\",\"position\":1,\"name\":\"Startseite\",\"item\":\"https:\/\/23spots.com\/23spots-divers01\/\"},{\"@type\":\"ListItem\",\"position\":2,\"name\":\"Tauchshop\",\"item\":\"https:\/\/23spots.com\/23spots-divers01\/tauchshop\/\"},{\"@type\":\"ListItem\",\"position\":3,\"name\":\"Bubblemaker\"}]},{\"@type\":\"WebSite\",\"@id\":\"https:\/\/23spots.com\/23spots-divers01\/#website\",\"url\":\"https:\/\/23spots.com\/23spots-divers01\/\",\"name\":\"23spots-divers01\",\"description\":\"Tauchenreisen, Tauchkurse, Tauchausr\u00fcstung\",\"potentialAction\":[{\"@type\":\"SearchAction\",\"target\":{\"@type\":\"EntryPoint\",\"urlTemplate\":\"https:\/\/23spots.com\/23spots-divers01\/?s={search_term_string}\"},\"query-input\":{\"@type\":\"PropertyValueSpecification\",\"valueRequired\":true,\"valueName\":\"search_term_string\"}}],\"inLanguage\":\"de\"}]}<\/script>\n<!-- \/ Yoast SEO plugin. -->","yoast_head_json":{"title":"Bubblemaker - 23spots-divers01","robots":{"index":"noindex","follow":"follow","max-snippet":"max-snippet:-1","max-image-preview":"max-image-preview:large","max-video-preview":"max-video-preview:-1"},"og_locale":"de_DE","og_type":"article","og_title":"Bubblemaker - 23spots-divers01","og_description":"Das Bubblemaker Programm ist f\u00fcr Kindern ab 8 Jahren die aufregende Einf\u00fchrung in die Welt des Tauchens und ist prall gef\u00fcllt mit Unterwasseraktivit\u00e4ten. Es schafft f\u00fcr Kinder die M\u00f6glichkeit, unter Wasser Abenteuer, Entdeckungen und Aufregung zu erleben. \u00dcber dies hinaus gibt es den Eltern die Gelegenheit ihren Kindern durch diesen Tauchkurs eine neue Welt zu zeigen, in welcher diese viel lernen k\u00f6nnen. Begleitet wird der Bubblemaker Kurs von erfahrenen Tauchlehrern, mit welchen die jungen Taucher auf eine maximale Tauchtiefe von 2 Meter abtauchen. Zum Abschluss erh\u00e4lt jedes Kind ein Diplom.","og_url":"https:\/\/23spots.com\/23spots-divers01\/tauchshop\/bubblemaker\/","og_site_name":"23spots-divers01","article_modified_time":"2021-03-23T09:36:18+00:00","og_image":[{"width":560,"height":280,"url":"https:\/\/23spots.com\/23spots-divers01\/files\/tauchkurs_fuer_kinder_schnuppertauchen-1.jpg","type":"image\/jpeg"}],"twitter_card":"summary_large_image","schema":{"@context":"https:\/\/schema.org","@graph":[{"@type":"WebPage","@id":"https:\/\/23spots.com\/23spots-divers01\/tauchshop\/bubblemaker\/","url":"https:\/\/23spots.com\/23spots-divers01\/tauchshop\/bubblemaker\/","name":"Bubblemaker - 23spots-divers01","isPartOf":{"@id":"https:\/\/23spots.com\/23spots-divers01\/#website"},"primaryImageOfPage":{"@id":"https:\/\/23spots.com\/23spots-divers01\/tauchshop\/bubblemaker\/#primaryimage"},"image":{"@id":"https:\/\/23spots.com\/23spots-divers01\/tauchshop\/bubblemaker\/#primaryimage"},"thumbnailUrl":"https:\/\/23spots.com\/23spots-divers01\/files\/tauchkurs_fuer_kinder_schnuppertauchen-1.jpg","datePublished":"2017-11-05T15:37:52+00:00","dateModified":"2021-03-23T09:36:18+00:00","breadcrumb":{"@id":"https:\/\/23spots.com\/23spots-divers01\/tauchshop\/bubblemaker\/#breadcrumb"},"inLanguage":"de","potentialAction":[{"@type":"ReadAction","target":["https:\/\/23spots.com\/23spots-divers01\/tauchshop\/bubblemaker\/"]}]},{"@type":"ImageObject","inLanguage":"de","@id":"https:\/\/23spots.com\/23spots-divers01\/tauchshop\/bubblemaker\/#primaryimage","url":"https:\/\/23spots.com\/23spots-divers01\/files\/tauchkurs_fuer_kinder_schnuppertauchen-1.jpg","contentUrl":"https:\/\/23spots.com\/23spots-divers01\/files\/tauchkurs_fuer_kinder_schnuppertauchen-1.jpg","width":560,"height":280},{"@type":"BreadcrumbList","@id":"https:\/\/23spots.com\/23spots-divers01\/tauchshop\/bubblemaker\/#breadcrumb","itemListElement":[{"@type":"ListItem","position":1,"name":"Startseite","item":"https:\/\/23spots.com\/23spots-divers01\/"},{"@type":"ListItem","position":2,"name":"Tauchshop","item":"https:\/\/23spots.com\/23spots-divers01\/tauchshop\/"},{"@type":"ListItem","position":3,"name":"Bubblemaker"}]},{"@type":"WebSite","@id":"https:\/\/23spots.com\/23spots-divers01\/#website","url":"https:\/\/23spots.com\/23spots-divers01\/","name":"23spots-divers01","description":"Tauchenreisen, Tauchkurse, Tauchausr\u00fcstung","potentialAction":[{"@type":"SearchAction","target":{"@type":"EntryPoint","urlTemplate":"https:\/\/23spots.com\/23spots-divers01\/?s={search_term_string}"},"query-input":{"@type":"PropertyValueSpecification","valueRequired":true,"valueName":"search_term_string"}}],"inLanguage":"de"}]}},"_links":{"self":[{"href":"https:\/\/23spots.com\/23spots-divers01\/wp-json\/wp\/v2\/product\/3369","targetHints":{"allow":["GET"]}}],"collection":[{"href":"https:\/\/23spots.com\/23spots-divers01\/wp-json\/wp\/v2\/product"}],"about":[{"href":"https:\/\/23spots.com\/23spots-divers01\/wp-json\/wp\/v2\/types\/product"}],"replies":[{"embeddable":true,"href":"https:\/\/23spots.com\/23spots-divers01\/wp-json\/wp\/v2\/comments?post=3369"}],"wp:featuredmedia":[{"embeddable":true,"href":"https:\/\/23spots.com\/23spots-divers01\/wp-json\/wp\/v2\/media\/3386"}],"wp:attachment":[{"href":"https:\/\/23spots.com\/23spots-divers01\/wp-json\/wp\/v2\/media?parent=3369"}],"wp:term":[{"taxonomy":"product_brand","embeddable":true,"href":"https:\/\/23spots.com\/23spots-divers01\/wp-json\/wp\/v2\/product_brand?post=3369"},{"taxonomy":"product_cat","embeddable":true,"href":"https:\/\/23spots.com\/23spots-divers01\/wp-json\/wp\/v2\/product_cat?post=3369"},{"taxonomy":"product_tag","embeddable":true,"href":"https:\/\/23spots.com\/23spots-divers01\/wp-json\/wp\/v2\/product_tag?post=3369"}],"curies":[{"name":"wp","href":"https:\/\/api.w.org\/{rel}","templated":true}]}}