{"id":3370,"date":"2017-11-05T16:37:54","date_gmt":"2017-11-05T15:37:54","guid":{"rendered":"https:\/\/23spotsdivers.com\/produkt\/import-placeholder-for-2460\/"},"modified":"2024-02-28T19:27:07","modified_gmt":"2024-02-28T18:27:07","slug":"advanced-open-water-diver","status":"publish","type":"product","link":"https:\/\/23spots.com\/23spots-divers01\/tauchshop\/advanced-open-water-diver\/","title":{"rendered":"Advanced Open Water Diver"},"content":{"rendered":"<p>Mit dem Advanced Open Water Diver hast Du die Gelegenheit, den Weg Deiner Weiterbildung optimal auf Deine Tauchinteressen abzustimmen. Nachdem Du den Beginnerkurs absolviert hast, kannst Du sofort im Anschluss den Advanced Open Water Diver machen. Die beste M\u00f6glichkeit, zusammen mit Deinem Tauchlehrer und vielleicht auch Deinem Buddy Tauchg\u00e4nge zu absolvieren, um somit Deine Erfahrung weiter auszubauen. Du kannst aus unterschiedlichen Spezialtauchg\u00e4ngen ausw\u00e4hlen, welche Du zum Erlangen des Advanced Open Water Diver machen m\u00f6chtest.<\/p>\n","protected":false},"excerpt":{"rendered":"<p>Mit dem Advanced Open Water Diver hast Du die Gelegenheit, den Weg Deiner Weiterbildung optimal auf Deine Tauchinteressen abzustimmen. Nachdem Du den Beginnerkurs absolviert hast, kannst Du sofort im Anschluss den Advanced Open Water Diver machen. Die beste M\u00f6glichkeit, zusammen mit Deinem Tauchlehrer und vielleicht auch Deinem Buddy Tauchg\u00e4nge zu absolvieren, um somit Deine Erfahrung weiter auszubauen. Du kannst aus unterschiedlichen Spezialtauchg\u00e4ngen ausw\u00e4hlen, welche Du zum Erlangen des Advanced Open Water Diver machen m\u00f6chtest.<\/p>\n","protected":false},"featured_media":3390,"comment_status":"closed","ping_status":"closed","template":"","meta":[],"product_brand":[],"product_cat":[76],"product_tag":[],"class_list":{"0":"post-3370","1":"product","2":"type-product","3":"status-publish","4":"has-post-thumbnail","6":"product_cat-tauchkurse","8":"first","9":"instock","10":"taxable","11":"shipping-taxable","12":"purchasable","13":"product-type-simple"},"yoast_head":"<!-- This site is optimized with the Yoast SEO plugin v26.9 - https:\/\/yoast.com\/product\/yoast-seo-wordpress\/ -->\n<title>Advanced Open Water Diver - 23spots-divers01<\/title>\n<meta name=\"robots\" content=\"noindex, follow, max-snippet:-1, max-image-preview:large, max-video-preview:-1\" \/>\n<meta property=\"og:locale\" content=\"de_DE\" \/>\n<meta property=\"og:type\" content=\"article\" \/>\n<meta property=\"og:title\" content=\"Advanced Open Water Diver - 23spots-divers01\" \/>\n<meta property=\"og:description\" content=\"Mit dem Advanced Open Water Diver hast Du die Gelegenheit, den Weg Deiner Weiterbildung optimal auf Deine Tauchinteressen abzustimmen. Nachdem Du den Beginnerkurs absolviert hast, kannst Du sofort im Anschluss den Advanced Open Water Diver machen. Die beste M\u00f6glichkeit, zusammen mit Deinem Tauchlehrer und vielleicht auch Deinem Buddy Tauchg\u00e4nge zu absolvieren, um somit Deine Erfahrung weiter auszubauen. Du kannst aus unterschiedlichen Spezialtauchg\u00e4ngen ausw\u00e4hlen, welche Du zum Erlangen des Advanced Open Water Diver machen m\u00f6chtest.\" \/>\n<meta property=\"og:url\" content=\"https:\/\/23spots.com\/23spots-divers01\/tauchshop\/advanced-open-water-diver\/\" \/>\n<meta property=\"og:site_name\" content=\"23spots-divers01\" \/>\n<meta property=\"article:modified_time\" content=\"2024-02-28T18:27:07+00:00\" \/>\n<meta property=\"og:image\" content=\"https:\/\/23spots.com\/23spots-divers01\/files\/advanced_open_water_diver_tauchkurs-1.jpg\" \/>\n\t<meta property=\"og:image:width\" content=\"560\" \/>\n\t<meta property=\"og:image:height\" content=\"280\" \/>\n\t<meta property=\"og:image:type\" content=\"image\/jpeg\" \/>\n<meta name=\"twitter:card\" content=\"summary_large_image\" \/>\n<meta name=\"twitter:label1\" content=\"Gesch\u00e4tzte Lesezeit\" \/>\n\t<meta name=\"twitter:data1\" content=\"1\u00a0Minute\" \/>\n<script type=\"application\/ld+json\" class=\"yoast-schema-graph\">{\"@context\":\"https:\/\/schema.org\",\"@graph\":[{\"@type\":\"WebPage\",\"@id\":\"https:\/\/23spots.com\/23spots-divers01\/tauchshop\/advanced-open-water-diver\/\",\"url\":\"https:\/\/23spots.com\/23spots-divers01\/tauchshop\/advanced-open-water-diver\/\",\"name\":\"Advanced Open Water Diver - 23spots-divers01\",\"isPartOf\":{\"@id\":\"https:\/\/23spots.com\/23spots-divers01\/#website\"},\"primaryImageOfPage\":{\"@id\":\"https:\/\/23spots.com\/23spots-divers01\/tauchshop\/advanced-open-water-diver\/#primaryimage\"},\"image\":{\"@id\":\"https:\/\/23spots.com\/23spots-divers01\/tauchshop\/advanced-open-water-diver\/#primaryimage\"},\"thumbnailUrl\":\"https:\/\/23spots.com\/23spots-divers01\/files\/advanced_open_water_diver_tauchkurs-1.jpg\",\"datePublished\":\"2017-11-05T15:37:54+00:00\",\"dateModified\":\"2024-02-28T18:27:07+00:00\",\"breadcrumb\":{\"@id\":\"https:\/\/23spots.com\/23spots-divers01\/tauchshop\/advanced-open-water-diver\/#breadcrumb\"},\"inLanguage\":\"de\",\"potentialAction\":[{\"@type\":\"ReadAction\",\"target\":[\"https:\/\/23spots.com\/23spots-divers01\/tauchshop\/advanced-open-water-diver\/\"]}]},{\"@type\":\"ImageObject\",\"inLanguage\":\"de\",\"@id\":\"https:\/\/23spots.com\/23spots-divers01\/tauchshop\/advanced-open-water-diver\/#primaryimage\",\"url\":\"https:\/\/23spots.com\/23spots-divers01\/files\/advanced_open_water_diver_tauchkurs-1.jpg\",\"contentUrl\":\"https:\/\/23spots.com\/23spots-divers01\/files\/advanced_open_water_diver_tauchkurs-1.jpg\",\"width\":560,\"height\":280},{\"@type\":\"BreadcrumbList\",\"@id\":\"https:\/\/23spots.com\/23spots-divers01\/tauchshop\/advanced-open-water-diver\/#breadcrumb\",\"itemListElement\":[{\"@type\":\"ListItem\",\"position\":1,\"name\":\"Startseite\",\"item\":\"https:\/\/23spots.com\/23spots-divers01\/\"},{\"@type\":\"ListItem\",\"position\":2,\"name\":\"Tauchshop\",\"item\":\"https:\/\/23spots.com\/23spots-divers01\/tauchshop\/\"},{\"@type\":\"ListItem\",\"position\":3,\"name\":\"Advanced Open Water Diver\"}]},{\"@type\":\"WebSite\",\"@id\":\"https:\/\/23spots.com\/23spots-divers01\/#website\",\"url\":\"https:\/\/23spots.com\/23spots-divers01\/\",\"name\":\"23spots-divers01\",\"description\":\"Tauchenreisen, Tauchkurse, Tauchausr\u00fcstung\",\"potentialAction\":[{\"@type\":\"SearchAction\",\"target\":{\"@type\":\"EntryPoint\",\"urlTemplate\":\"https:\/\/23spots.com\/23spots-divers01\/?s={search_term_string}\"},\"query-input\":{\"@type\":\"PropertyValueSpecification\",\"valueRequired\":true,\"valueName\":\"search_term_string\"}}],\"inLanguage\":\"de\"}]}<\/script>\n<!-- \/ Yoast SEO plugin. -->","yoast_head_json":{"title":"Advanced Open Water Diver - 23spots-divers01","robots":{"index":"noindex","follow":"follow","max-snippet":"max-snippet:-1","max-image-preview":"max-image-preview:large","max-video-preview":"max-video-preview:-1"},"og_locale":"de_DE","og_type":"article","og_title":"Advanced Open Water Diver - 23spots-divers01","og_description":"Mit dem Advanced Open Water Diver hast Du die Gelegenheit, den Weg Deiner Weiterbildung optimal auf Deine Tauchinteressen abzustimmen. Nachdem Du den Beginnerkurs absolviert hast, kannst Du sofort im Anschluss den Advanced Open Water Diver machen. Die beste M\u00f6glichkeit, zusammen mit Deinem Tauchlehrer und vielleicht auch Deinem Buddy Tauchg\u00e4nge zu absolvieren, um somit Deine Erfahrung weiter auszubauen. Du kannst aus unterschiedlichen Spezialtauchg\u00e4ngen ausw\u00e4hlen, welche Du zum Erlangen des Advanced Open Water Diver machen m\u00f6chtest.","og_url":"https:\/\/23spots.com\/23spots-divers01\/tauchshop\/advanced-open-water-diver\/","og_site_name":"23spots-divers01","article_modified_time":"2024-02-28T18:27:07+00:00","og_image":[{"width":560,"height":280,"url":"https:\/\/23spots.com\/23spots-divers01\/files\/advanced_open_water_diver_tauchkurs-1.jpg","type":"image\/jpeg"}],"twitter_card":"summary_large_image","twitter_misc":{"Gesch\u00e4tzte Lesezeit":"1\u00a0Minute"},"schema":{"@context":"https:\/\/schema.org","@graph":[{"@type":"WebPage","@id":"https:\/\/23spots.com\/23spots-divers01\/tauchshop\/advanced-open-water-diver\/","url":"https:\/\/23spots.com\/23spots-divers01\/tauchshop\/advanced-open-water-diver\/","name":"Advanced Open Water Diver - 23spots-divers01","isPartOf":{"@id":"https:\/\/23spots.com\/23spots-divers01\/#website"},"primaryImageOfPage":{"@id":"https:\/\/23spots.com\/23spots-divers01\/tauchshop\/advanced-open-water-diver\/#primaryimage"},"image":{"@id":"https:\/\/23spots.com\/23spots-divers01\/tauchshop\/advanced-open-water-diver\/#primaryimage"},"thumbnailUrl":"https:\/\/23spots.com\/23spots-divers01\/files\/advanced_open_water_diver_tauchkurs-1.jpg","datePublished":"2017-11-05T15:37:54+00:00","dateModified":"2024-02-28T18:27:07+00:00","breadcrumb":{"@id":"https:\/\/23spots.com\/23spots-divers01\/tauchshop\/advanced-open-water-diver\/#breadcrumb"},"inLanguage":"de","potentialAction":[{"@type":"ReadAction","target":["https:\/\/23spots.com\/23spots-divers01\/tauchshop\/advanced-open-water-diver\/"]}]},{"@type":"ImageObject","inLanguage":"de","@id":"https:\/\/23spots.com\/23spots-divers01\/tauchshop\/advanced-open-water-diver\/#primaryimage","url":"https:\/\/23spots.com\/23spots-divers01\/files\/advanced_open_water_diver_tauchkurs-1.jpg","contentUrl":"https:\/\/23spots.com\/23spots-divers01\/files\/advanced_open_water_diver_tauchkurs-1.jpg","width":560,"height":280},{"@type":"BreadcrumbList","@id":"https:\/\/23spots.com\/23spots-divers01\/tauchshop\/advanced-open-water-diver\/#breadcrumb","itemListElement":[{"@type":"ListItem","position":1,"name":"Startseite","item":"https:\/\/23spots.com\/23spots-divers01\/"},{"@type":"ListItem","position":2,"name":"Tauchshop","item":"https:\/\/23spots.com\/23spots-divers01\/tauchshop\/"},{"@type":"ListItem","position":3,"name":"Advanced Open Water Diver"}]},{"@type":"WebSite","@id":"https:\/\/23spots.com\/23spots-divers01\/#website","url":"https:\/\/23spots.com\/23spots-divers01\/","name":"23spots-divers01","description":"Tauchenreisen, Tauchkurse, Tauchausr\u00fcstung","potentialAction":[{"@type":"SearchAction","target":{"@type":"EntryPoint","urlTemplate":"https:\/\/23spots.com\/23spots-divers01\/?s={search_term_string}"},"query-input":{"@type":"PropertyValueSpecification","valueRequired":true,"valueName":"search_term_string"}}],"inLanguage":"de"}]}},"_links":{"self":[{"href":"https:\/\/23spots.com\/23spots-divers01\/wp-json\/wp\/v2\/product\/3370","targetHints":{"allow":["GET"]}}],"collection":[{"href":"https:\/\/23spots.com\/23spots-divers01\/wp-json\/wp\/v2\/product"}],"about":[{"href":"https:\/\/23spots.com\/23spots-divers01\/wp-json\/wp\/v2\/types\/product"}],"replies":[{"embeddable":true,"href":"https:\/\/23spots.com\/23spots-divers01\/wp-json\/wp\/v2\/comments?post=3370"}],"wp:featuredmedia":[{"embeddable":true,"href":"https:\/\/23spots.com\/23spots-divers01\/wp-json\/wp\/v2\/media\/3390"}],"wp:attachment":[{"href":"https:\/\/23spots.com\/23spots-divers01\/wp-json\/wp\/v2\/media?parent=3370"}],"wp:term":[{"taxonomy":"product_brand","embeddable":true,"href":"https:\/\/23spots.com\/23spots-divers01\/wp-json\/wp\/v2\/product_brand?post=3370"},{"taxonomy":"product_cat","embeddable":true,"href":"https:\/\/23spots.com\/23spots-divers01\/wp-json\/wp\/v2\/product_cat?post=3370"},{"taxonomy":"product_tag","embeddable":true,"href":"https:\/\/23spots.com\/23spots-divers01\/wp-json\/wp\/v2\/product_tag?post=3370"}],"curies":[{"name":"wp","href":"https:\/\/api.w.org\/{rel}","templated":true}]}}