{"id":3373,"date":"2017-11-05T16:38:00","date_gmt":"2017-11-05T15:38:00","guid":{"rendered":"https:\/\/23spotsdivers.com\/produkt\/import-placeholder-for-2477\/"},"modified":"2024-02-28T19:25:20","modified_gmt":"2024-02-28T18:25:20","slug":"deep-diver-tauchkurs","status":"publish","type":"product","link":"https:\/\/23spots.com\/23spots-divers01\/tauchshop\/deep-diver-tauchkurs\/","title":{"rendered":"Deep Diver Tauchkurs"},"content":{"rendered":"<p>Beim Spezialtauchkurs Deep Diver lernst Du das Tauchen in gr\u00f6\u00dferen Tiefen. Nach Deinen ersten Tauchkursen, Tauchg\u00e4ngen und Tauchausfl\u00fcgen wirst Du schnell merken, dass Du den Wunsch versp\u00fcrst, ein bisschen tiefer tauchen zu wollen. Die Tiefe war und ist f\u00fcr den Taucher ein magischer Anziehungspunkt und es bietet sich an, speziell den Deep Diver zu machen, denn hier lernst Du die Techniken, um in Tiefen zwischen 18-40 Meter zu tauchen.<\/p>\n","protected":false},"excerpt":{"rendered":"<p>Beim Spezialtauchkurs Deep Diver lernst Du das Tauchen in gr\u00f6\u00dferen Tiefen. Nach Deinen ersten Tauchkursen, Tauchg\u00e4ngen und Tauchausfl\u00fcgen wirst Du schnell merken, dass Du den Wunsch versp\u00fcrst, ein bisschen tiefer tauchen zu wollen. Die Tiefe war und ist f\u00fcr den Taucher ein magischer Anziehungspunkt und es bietet sich an, speziell den Deep Diver zu machen, denn hier lernst Du die Techniken, um in Tiefen zwischen 18-40 Meter zu tauchen.<\/p>\n","protected":false},"featured_media":3401,"comment_status":"closed","ping_status":"closed","template":"","meta":[],"product_brand":[],"product_cat":[89],"product_tag":[],"class_list":{"0":"post-3373","1":"product","2":"type-product","3":"status-publish","4":"has-post-thumbnail","6":"product_cat-spezialkurse","8":"first","9":"instock","10":"taxable","11":"shipping-taxable","12":"purchasable","13":"product-type-simple"},"yoast_head":"<!-- This site is optimized with the Yoast SEO plugin v26.9 - https:\/\/yoast.com\/product\/yoast-seo-wordpress\/ -->\n<title>Deep Diver Tauchkurs - 23spots-divers01<\/title>\n<meta name=\"robots\" content=\"noindex, follow, max-snippet:-1, max-image-preview:large, max-video-preview:-1\" \/>\n<meta property=\"og:locale\" content=\"de_DE\" \/>\n<meta property=\"og:type\" content=\"article\" \/>\n<meta property=\"og:title\" content=\"Deep Diver Tauchkurs - 23spots-divers01\" \/>\n<meta property=\"og:description\" content=\"Beim Spezialtauchkurs Deep Diver lernst Du das Tauchen in gr\u00f6\u00dferen Tiefen. Nach Deinen ersten Tauchkursen, Tauchg\u00e4ngen und Tauchausfl\u00fcgen wirst Du schnell merken, dass Du den Wunsch versp\u00fcrst, ein bisschen tiefer tauchen zu wollen. Die Tiefe war und ist f\u00fcr den Taucher ein magischer Anziehungspunkt und es bietet sich an, speziell den Deep Diver zu machen, denn hier lernst Du die Techniken, um in Tiefen zwischen 18-40 Meter zu tauchen.\" \/>\n<meta property=\"og:url\" content=\"https:\/\/23spots.com\/23spots-divers01\/tauchshop\/deep-diver-tauchkurs\/\" \/>\n<meta property=\"og:site_name\" content=\"23spots-divers01\" \/>\n<meta property=\"article:modified_time\" content=\"2024-02-28T18:25:20+00:00\" \/>\n<meta property=\"og:image\" content=\"https:\/\/23spots.com\/23spots-divers01\/files\/tieftauchen_deep_diving-1.jpg\" \/>\n\t<meta property=\"og:image:width\" content=\"560\" \/>\n\t<meta property=\"og:image:height\" content=\"280\" \/>\n\t<meta property=\"og:image:type\" content=\"image\/jpeg\" \/>\n<meta name=\"twitter:card\" content=\"summary_large_image\" \/>\n<meta name=\"twitter:label1\" content=\"Gesch\u00e4tzte Lesezeit\" \/>\n\t<meta name=\"twitter:data1\" content=\"1\u00a0Minute\" \/>\n<script type=\"application\/ld+json\" class=\"yoast-schema-graph\">{\"@context\":\"https:\/\/schema.org\",\"@graph\":[{\"@type\":\"WebPage\",\"@id\":\"https:\/\/23spots.com\/23spots-divers01\/tauchshop\/deep-diver-tauchkurs\/\",\"url\":\"https:\/\/23spots.com\/23spots-divers01\/tauchshop\/deep-diver-tauchkurs\/\",\"name\":\"Deep Diver Tauchkurs - 23spots-divers01\",\"isPartOf\":{\"@id\":\"https:\/\/23spots.com\/23spots-divers01\/#website\"},\"primaryImageOfPage\":{\"@id\":\"https:\/\/23spots.com\/23spots-divers01\/tauchshop\/deep-diver-tauchkurs\/#primaryimage\"},\"image\":{\"@id\":\"https:\/\/23spots.com\/23spots-divers01\/tauchshop\/deep-diver-tauchkurs\/#primaryimage\"},\"thumbnailUrl\":\"https:\/\/23spots.com\/23spots-divers01\/files\/tieftauchen_deep_diving-1.jpg\",\"datePublished\":\"2017-11-05T15:38:00+00:00\",\"dateModified\":\"2024-02-28T18:25:20+00:00\",\"breadcrumb\":{\"@id\":\"https:\/\/23spots.com\/23spots-divers01\/tauchshop\/deep-diver-tauchkurs\/#breadcrumb\"},\"inLanguage\":\"de\",\"potentialAction\":[{\"@type\":\"ReadAction\",\"target\":[\"https:\/\/23spots.com\/23spots-divers01\/tauchshop\/deep-diver-tauchkurs\/\"]}]},{\"@type\":\"ImageObject\",\"inLanguage\":\"de\",\"@id\":\"https:\/\/23spots.com\/23spots-divers01\/tauchshop\/deep-diver-tauchkurs\/#primaryimage\",\"url\":\"https:\/\/23spots.com\/23spots-divers01\/files\/tieftauchen_deep_diving-1.jpg\",\"contentUrl\":\"https:\/\/23spots.com\/23spots-divers01\/files\/tieftauchen_deep_diving-1.jpg\",\"width\":560,\"height\":280},{\"@type\":\"BreadcrumbList\",\"@id\":\"https:\/\/23spots.com\/23spots-divers01\/tauchshop\/deep-diver-tauchkurs\/#breadcrumb\",\"itemListElement\":[{\"@type\":\"ListItem\",\"position\":1,\"name\":\"Startseite\",\"item\":\"https:\/\/23spots.com\/23spots-divers01\/\"},{\"@type\":\"ListItem\",\"position\":2,\"name\":\"Tauchshop\",\"item\":\"https:\/\/23spots.com\/23spots-divers01\/tauchshop\/\"},{\"@type\":\"ListItem\",\"position\":3,\"name\":\"Deep Diver Tauchkurs\"}]},{\"@type\":\"WebSite\",\"@id\":\"https:\/\/23spots.com\/23spots-divers01\/#website\",\"url\":\"https:\/\/23spots.com\/23spots-divers01\/\",\"name\":\"23spots-divers01\",\"description\":\"Tauchenreisen, Tauchkurse, Tauchausr\u00fcstung\",\"potentialAction\":[{\"@type\":\"SearchAction\",\"target\":{\"@type\":\"EntryPoint\",\"urlTemplate\":\"https:\/\/23spots.com\/23spots-divers01\/?s={search_term_string}\"},\"query-input\":{\"@type\":\"PropertyValueSpecification\",\"valueRequired\":true,\"valueName\":\"search_term_string\"}}],\"inLanguage\":\"de\"}]}<\/script>\n<!-- \/ Yoast SEO plugin. -->","yoast_head_json":{"title":"Deep Diver Tauchkurs - 23spots-divers01","robots":{"index":"noindex","follow":"follow","max-snippet":"max-snippet:-1","max-image-preview":"max-image-preview:large","max-video-preview":"max-video-preview:-1"},"og_locale":"de_DE","og_type":"article","og_title":"Deep Diver Tauchkurs - 23spots-divers01","og_description":"Beim Spezialtauchkurs Deep Diver lernst Du das Tauchen in gr\u00f6\u00dferen Tiefen. Nach Deinen ersten Tauchkursen, Tauchg\u00e4ngen und Tauchausfl\u00fcgen wirst Du schnell merken, dass Du den Wunsch versp\u00fcrst, ein bisschen tiefer tauchen zu wollen. Die Tiefe war und ist f\u00fcr den Taucher ein magischer Anziehungspunkt und es bietet sich an, speziell den Deep Diver zu machen, denn hier lernst Du die Techniken, um in Tiefen zwischen 18-40 Meter zu tauchen.","og_url":"https:\/\/23spots.com\/23spots-divers01\/tauchshop\/deep-diver-tauchkurs\/","og_site_name":"23spots-divers01","article_modified_time":"2024-02-28T18:25:20+00:00","og_image":[{"width":560,"height":280,"url":"https:\/\/23spots.com\/23spots-divers01\/files\/tieftauchen_deep_diving-1.jpg","type":"image\/jpeg"}],"twitter_card":"summary_large_image","twitter_misc":{"Gesch\u00e4tzte Lesezeit":"1\u00a0Minute"},"schema":{"@context":"https:\/\/schema.org","@graph":[{"@type":"WebPage","@id":"https:\/\/23spots.com\/23spots-divers01\/tauchshop\/deep-diver-tauchkurs\/","url":"https:\/\/23spots.com\/23spots-divers01\/tauchshop\/deep-diver-tauchkurs\/","name":"Deep Diver Tauchkurs - 23spots-divers01","isPartOf":{"@id":"https:\/\/23spots.com\/23spots-divers01\/#website"},"primaryImageOfPage":{"@id":"https:\/\/23spots.com\/23spots-divers01\/tauchshop\/deep-diver-tauchkurs\/#primaryimage"},"image":{"@id":"https:\/\/23spots.com\/23spots-divers01\/tauchshop\/deep-diver-tauchkurs\/#primaryimage"},"thumbnailUrl":"https:\/\/23spots.com\/23spots-divers01\/files\/tieftauchen_deep_diving-1.jpg","datePublished":"2017-11-05T15:38:00+00:00","dateModified":"2024-02-28T18:25:20+00:00","breadcrumb":{"@id":"https:\/\/23spots.com\/23spots-divers01\/tauchshop\/deep-diver-tauchkurs\/#breadcrumb"},"inLanguage":"de","potentialAction":[{"@type":"ReadAction","target":["https:\/\/23spots.com\/23spots-divers01\/tauchshop\/deep-diver-tauchkurs\/"]}]},{"@type":"ImageObject","inLanguage":"de","@id":"https:\/\/23spots.com\/23spots-divers01\/tauchshop\/deep-diver-tauchkurs\/#primaryimage","url":"https:\/\/23spots.com\/23spots-divers01\/files\/tieftauchen_deep_diving-1.jpg","contentUrl":"https:\/\/23spots.com\/23spots-divers01\/files\/tieftauchen_deep_diving-1.jpg","width":560,"height":280},{"@type":"BreadcrumbList","@id":"https:\/\/23spots.com\/23spots-divers01\/tauchshop\/deep-diver-tauchkurs\/#breadcrumb","itemListElement":[{"@type":"ListItem","position":1,"name":"Startseite","item":"https:\/\/23spots.com\/23spots-divers01\/"},{"@type":"ListItem","position":2,"name":"Tauchshop","item":"https:\/\/23spots.com\/23spots-divers01\/tauchshop\/"},{"@type":"ListItem","position":3,"name":"Deep Diver Tauchkurs"}]},{"@type":"WebSite","@id":"https:\/\/23spots.com\/23spots-divers01\/#website","url":"https:\/\/23spots.com\/23spots-divers01\/","name":"23spots-divers01","description":"Tauchenreisen, Tauchkurse, Tauchausr\u00fcstung","potentialAction":[{"@type":"SearchAction","target":{"@type":"EntryPoint","urlTemplate":"https:\/\/23spots.com\/23spots-divers01\/?s={search_term_string}"},"query-input":{"@type":"PropertyValueSpecification","valueRequired":true,"valueName":"search_term_string"}}],"inLanguage":"de"}]}},"_links":{"self":[{"href":"https:\/\/23spots.com\/23spots-divers01\/wp-json\/wp\/v2\/product\/3373","targetHints":{"allow":["GET"]}}],"collection":[{"href":"https:\/\/23spots.com\/23spots-divers01\/wp-json\/wp\/v2\/product"}],"about":[{"href":"https:\/\/23spots.com\/23spots-divers01\/wp-json\/wp\/v2\/types\/product"}],"replies":[{"embeddable":true,"href":"https:\/\/23spots.com\/23spots-divers01\/wp-json\/wp\/v2\/comments?post=3373"}],"wp:featuredmedia":[{"embeddable":true,"href":"https:\/\/23spots.com\/23spots-divers01\/wp-json\/wp\/v2\/media\/3401"}],"wp:attachment":[{"href":"https:\/\/23spots.com\/23spots-divers01\/wp-json\/wp\/v2\/media?parent=3373"}],"wp:term":[{"taxonomy":"product_brand","embeddable":true,"href":"https:\/\/23spots.com\/23spots-divers01\/wp-json\/wp\/v2\/product_brand?post=3373"},{"taxonomy":"product_cat","embeddable":true,"href":"https:\/\/23spots.com\/23spots-divers01\/wp-json\/wp\/v2\/product_cat?post=3373"},{"taxonomy":"product_tag","embeddable":true,"href":"https:\/\/23spots.com\/23spots-divers01\/wp-json\/wp\/v2\/product_tag?post=3373"}],"curies":[{"name":"wp","href":"https:\/\/api.w.org\/{rel}","templated":true}]}}