{"id":3375,"date":"2017-11-05T16:38:03","date_gmt":"2017-11-05T15:38:03","guid":{"rendered":"https:\/\/23spotsdivers.com\/produkt\/import-placeholder-for-2487\/"},"modified":"2017-11-08T16:19:28","modified_gmt":"2017-11-08T15:19:28","slug":"enriched-air-diver-nitrox","status":"publish","type":"product","link":"https:\/\/23spots.com\/23spots-divers01\/tauchshop\/enriched-air-diver-nitrox\/","title":{"rendered":"Enriched Air Diver &#8211; Nitrox"},"content":{"rendered":"<p>Der Kurs Enriched Air Diver (EANx32) ist der beliebtesten Spezialkurse beim Tauchen. Egal ob Du Unterwasserfotograf bist oder Wracks betauchst, Nitrox hilft Dir, deutlich mehr aus Deinen Tauchg\u00e4ngen zu machen. Der Grund f\u00fcr seine gro\u00dfe Beliebtheit ist ganz einfach, Tauchg\u00e4nge mit Nitrox erm\u00f6glichen Dir eine l\u00e4ngere Nullzeit, was hei\u00dft, Du kannst l\u00e4ngere Zeit im Wasser verbringen. Das Nitrox-Tauchen bietet Dir zus\u00e4tzliche Vorteile wie z. B. eine verk\u00fcrzte Wartezeit beim Fliegen und ganz wichtig, Du f\u00fchlst Dich nach dem Tauchen deutlich fitter.<\/p>\n","protected":false},"excerpt":{"rendered":"<p>Der Kurs Enriched Air Diver (EANx32) ist der beliebtesten Spezialkurse beim Tauchen. Egal ob Du Unterwasserfotograf bist oder Wrack betauchst, Nitrox hilft Dir, deutlich mehr aus Deinen Tauchg\u00e4ngen zu machen. Der Grund f\u00fcr seine gro\u00dfe Beliebtheit ist ganz einfach, Tauchg\u00e4nge mit Nitrox erm\u00f6glichen Dir eine l\u00e4ngere Nullzeit, was hei\u00dft, Du kannst l\u00e4ngere Zeit im Wasser verbringen. Das Nitrox-Tauchen bietet Dir zus\u00e4tzliche Vorteile wie z. B. eine verk\u00fcrzte Wartezeit bei Fliegen und ganz wichtig, Du f\u00fchlst Dich nach dem Tauchen deutlich fitter.<\/p>\n","protected":false},"featured_media":3408,"comment_status":"closed","ping_status":"closed","template":"","meta":[],"product_brand":[],"product_cat":[89],"product_tag":[],"class_list":{"0":"post-3375","1":"product","2":"type-product","3":"status-publish","4":"has-post-thumbnail","6":"product_cat-spezialkurse","8":"first","9":"instock","10":"taxable","11":"shipping-taxable","12":"purchasable","13":"product-type-simple"},"yoast_head":"<!-- This site is optimized with the Yoast SEO plugin v26.9 - https:\/\/yoast.com\/product\/yoast-seo-wordpress\/ -->\n<title>Enriched Air Diver - Nitrox - 23spots-divers01<\/title>\n<meta name=\"robots\" content=\"noindex, follow, max-snippet:-1, max-image-preview:large, max-video-preview:-1\" \/>\n<meta property=\"og:locale\" content=\"de_DE\" \/>\n<meta property=\"og:type\" content=\"article\" \/>\n<meta property=\"og:title\" content=\"Enriched Air Diver - Nitrox - 23spots-divers01\" \/>\n<meta property=\"og:description\" content=\"Der Kurs Enriched Air Diver (EANx32) ist der beliebtesten Spezialkurse beim Tauchen. Egal ob Du Unterwasserfotograf bist oder Wrack betauchst, Nitrox hilft Dir, deutlich mehr aus Deinen Tauchg\u00e4ngen zu machen. Der Grund f\u00fcr seine gro\u00dfe Beliebtheit ist ganz einfach, Tauchg\u00e4nge mit Nitrox erm\u00f6glichen Dir eine l\u00e4ngere Nullzeit, was hei\u00dft, Du kannst l\u00e4ngere Zeit im Wasser verbringen. Das Nitrox-Tauchen bietet Dir zus\u00e4tzliche Vorteile wie z. B. eine verk\u00fcrzte Wartezeit bei Fliegen und ganz wichtig, Du f\u00fchlst Dich nach dem Tauchen deutlich fitter.\" \/>\n<meta property=\"og:url\" content=\"https:\/\/23spots.com\/23spots-divers01\/tauchshop\/enriched-air-diver-nitrox\/\" \/>\n<meta property=\"og:site_name\" content=\"23spots-divers01\" \/>\n<meta property=\"article:modified_time\" content=\"2017-11-08T15:19:28+00:00\" \/>\n<meta property=\"og:image\" content=\"https:\/\/23spots.com\/23spots-divers01\/files\/nitrox_tauchkurs-1.jpg\" \/>\n\t<meta property=\"og:image:width\" content=\"560\" \/>\n\t<meta property=\"og:image:height\" content=\"280\" \/>\n\t<meta property=\"og:image:type\" content=\"image\/jpeg\" \/>\n<meta name=\"twitter:card\" content=\"summary_large_image\" \/>\n<script type=\"application\/ld+json\" class=\"yoast-schema-graph\">{\"@context\":\"https:\/\/schema.org\",\"@graph\":[{\"@type\":\"WebPage\",\"@id\":\"https:\/\/23spots.com\/23spots-divers01\/tauchshop\/enriched-air-diver-nitrox\/\",\"url\":\"https:\/\/23spots.com\/23spots-divers01\/tauchshop\/enriched-air-diver-nitrox\/\",\"name\":\"Enriched Air Diver - Nitrox - 23spots-divers01\",\"isPartOf\":{\"@id\":\"https:\/\/23spots.com\/23spots-divers01\/#website\"},\"primaryImageOfPage\":{\"@id\":\"https:\/\/23spots.com\/23spots-divers01\/tauchshop\/enriched-air-diver-nitrox\/#primaryimage\"},\"image\":{\"@id\":\"https:\/\/23spots.com\/23spots-divers01\/tauchshop\/enriched-air-diver-nitrox\/#primaryimage\"},\"thumbnailUrl\":\"https:\/\/23spots.com\/23spots-divers01\/files\/nitrox_tauchkurs-1.jpg\",\"datePublished\":\"2017-11-05T15:38:03+00:00\",\"dateModified\":\"2017-11-08T15:19:28+00:00\",\"breadcrumb\":{\"@id\":\"https:\/\/23spots.com\/23spots-divers01\/tauchshop\/enriched-air-diver-nitrox\/#breadcrumb\"},\"inLanguage\":\"de\",\"potentialAction\":[{\"@type\":\"ReadAction\",\"target\":[\"https:\/\/23spots.com\/23spots-divers01\/tauchshop\/enriched-air-diver-nitrox\/\"]}]},{\"@type\":\"ImageObject\",\"inLanguage\":\"de\",\"@id\":\"https:\/\/23spots.com\/23spots-divers01\/tauchshop\/enriched-air-diver-nitrox\/#primaryimage\",\"url\":\"https:\/\/23spots.com\/23spots-divers01\/files\/nitrox_tauchkurs-1.jpg\",\"contentUrl\":\"https:\/\/23spots.com\/23spots-divers01\/files\/nitrox_tauchkurs-1.jpg\",\"width\":560,\"height\":280},{\"@type\":\"BreadcrumbList\",\"@id\":\"https:\/\/23spots.com\/23spots-divers01\/tauchshop\/enriched-air-diver-nitrox\/#breadcrumb\",\"itemListElement\":[{\"@type\":\"ListItem\",\"position\":1,\"name\":\"Startseite\",\"item\":\"https:\/\/23spots.com\/23spots-divers01\/\"},{\"@type\":\"ListItem\",\"position\":2,\"name\":\"Tauchshop\",\"item\":\"https:\/\/23spots.com\/23spots-divers01\/tauchshop\/\"},{\"@type\":\"ListItem\",\"position\":3,\"name\":\"Enriched Air Diver &#8211; Nitrox\"}]},{\"@type\":\"WebSite\",\"@id\":\"https:\/\/23spots.com\/23spots-divers01\/#website\",\"url\":\"https:\/\/23spots.com\/23spots-divers01\/\",\"name\":\"23spots-divers01\",\"description\":\"Tauchenreisen, Tauchkurse, Tauchausr\u00fcstung\",\"potentialAction\":[{\"@type\":\"SearchAction\",\"target\":{\"@type\":\"EntryPoint\",\"urlTemplate\":\"https:\/\/23spots.com\/23spots-divers01\/?s={search_term_string}\"},\"query-input\":{\"@type\":\"PropertyValueSpecification\",\"valueRequired\":true,\"valueName\":\"search_term_string\"}}],\"inLanguage\":\"de\"}]}<\/script>\n<!-- \/ Yoast SEO plugin. -->","yoast_head_json":{"title":"Enriched Air Diver - Nitrox - 23spots-divers01","robots":{"index":"noindex","follow":"follow","max-snippet":"max-snippet:-1","max-image-preview":"max-image-preview:large","max-video-preview":"max-video-preview:-1"},"og_locale":"de_DE","og_type":"article","og_title":"Enriched Air Diver - Nitrox - 23spots-divers01","og_description":"Der Kurs Enriched Air Diver (EANx32) ist der beliebtesten Spezialkurse beim Tauchen. Egal ob Du Unterwasserfotograf bist oder Wrack betauchst, Nitrox hilft Dir, deutlich mehr aus Deinen Tauchg\u00e4ngen zu machen. Der Grund f\u00fcr seine gro\u00dfe Beliebtheit ist ganz einfach, Tauchg\u00e4nge mit Nitrox erm\u00f6glichen Dir eine l\u00e4ngere Nullzeit, was hei\u00dft, Du kannst l\u00e4ngere Zeit im Wasser verbringen. Das Nitrox-Tauchen bietet Dir zus\u00e4tzliche Vorteile wie z. B. eine verk\u00fcrzte Wartezeit bei Fliegen und ganz wichtig, Du f\u00fchlst Dich nach dem Tauchen deutlich fitter.","og_url":"https:\/\/23spots.com\/23spots-divers01\/tauchshop\/enriched-air-diver-nitrox\/","og_site_name":"23spots-divers01","article_modified_time":"2017-11-08T15:19:28+00:00","og_image":[{"width":560,"height":280,"url":"https:\/\/23spots.com\/23spots-divers01\/files\/nitrox_tauchkurs-1.jpg","type":"image\/jpeg"}],"twitter_card":"summary_large_image","schema":{"@context":"https:\/\/schema.org","@graph":[{"@type":"WebPage","@id":"https:\/\/23spots.com\/23spots-divers01\/tauchshop\/enriched-air-diver-nitrox\/","url":"https:\/\/23spots.com\/23spots-divers01\/tauchshop\/enriched-air-diver-nitrox\/","name":"Enriched Air Diver - Nitrox - 23spots-divers01","isPartOf":{"@id":"https:\/\/23spots.com\/23spots-divers01\/#website"},"primaryImageOfPage":{"@id":"https:\/\/23spots.com\/23spots-divers01\/tauchshop\/enriched-air-diver-nitrox\/#primaryimage"},"image":{"@id":"https:\/\/23spots.com\/23spots-divers01\/tauchshop\/enriched-air-diver-nitrox\/#primaryimage"},"thumbnailUrl":"https:\/\/23spots.com\/23spots-divers01\/files\/nitrox_tauchkurs-1.jpg","datePublished":"2017-11-05T15:38:03+00:00","dateModified":"2017-11-08T15:19:28+00:00","breadcrumb":{"@id":"https:\/\/23spots.com\/23spots-divers01\/tauchshop\/enriched-air-diver-nitrox\/#breadcrumb"},"inLanguage":"de","potentialAction":[{"@type":"ReadAction","target":["https:\/\/23spots.com\/23spots-divers01\/tauchshop\/enriched-air-diver-nitrox\/"]}]},{"@type":"ImageObject","inLanguage":"de","@id":"https:\/\/23spots.com\/23spots-divers01\/tauchshop\/enriched-air-diver-nitrox\/#primaryimage","url":"https:\/\/23spots.com\/23spots-divers01\/files\/nitrox_tauchkurs-1.jpg","contentUrl":"https:\/\/23spots.com\/23spots-divers01\/files\/nitrox_tauchkurs-1.jpg","width":560,"height":280},{"@type":"BreadcrumbList","@id":"https:\/\/23spots.com\/23spots-divers01\/tauchshop\/enriched-air-diver-nitrox\/#breadcrumb","itemListElement":[{"@type":"ListItem","position":1,"name":"Startseite","item":"https:\/\/23spots.com\/23spots-divers01\/"},{"@type":"ListItem","position":2,"name":"Tauchshop","item":"https:\/\/23spots.com\/23spots-divers01\/tauchshop\/"},{"@type":"ListItem","position":3,"name":"Enriched Air Diver &#8211; Nitrox"}]},{"@type":"WebSite","@id":"https:\/\/23spots.com\/23spots-divers01\/#website","url":"https:\/\/23spots.com\/23spots-divers01\/","name":"23spots-divers01","description":"Tauchenreisen, Tauchkurse, Tauchausr\u00fcstung","potentialAction":[{"@type":"SearchAction","target":{"@type":"EntryPoint","urlTemplate":"https:\/\/23spots.com\/23spots-divers01\/?s={search_term_string}"},"query-input":{"@type":"PropertyValueSpecification","valueRequired":true,"valueName":"search_term_string"}}],"inLanguage":"de"}]}},"_links":{"self":[{"href":"https:\/\/23spots.com\/23spots-divers01\/wp-json\/wp\/v2\/product\/3375","targetHints":{"allow":["GET"]}}],"collection":[{"href":"https:\/\/23spots.com\/23spots-divers01\/wp-json\/wp\/v2\/product"}],"about":[{"href":"https:\/\/23spots.com\/23spots-divers01\/wp-json\/wp\/v2\/types\/product"}],"replies":[{"embeddable":true,"href":"https:\/\/23spots.com\/23spots-divers01\/wp-json\/wp\/v2\/comments?post=3375"}],"wp:featuredmedia":[{"embeddable":true,"href":"https:\/\/23spots.com\/23spots-divers01\/wp-json\/wp\/v2\/media\/3408"}],"wp:attachment":[{"href":"https:\/\/23spots.com\/23spots-divers01\/wp-json\/wp\/v2\/media?parent=3375"}],"wp:term":[{"taxonomy":"product_brand","embeddable":true,"href":"https:\/\/23spots.com\/23spots-divers01\/wp-json\/wp\/v2\/product_brand?post=3375"},{"taxonomy":"product_cat","embeddable":true,"href":"https:\/\/23spots.com\/23spots-divers01\/wp-json\/wp\/v2\/product_cat?post=3375"},{"taxonomy":"product_tag","embeddable":true,"href":"https:\/\/23spots.com\/23spots-divers01\/wp-json\/wp\/v2\/product_tag?post=3375"}],"curies":[{"name":"wp","href":"https:\/\/api.w.org\/{rel}","templated":true}]}}