{"id":3377,"date":"2017-11-05T16:38:06","date_gmt":"2017-11-05T15:38:06","guid":{"rendered":"https:\/\/23spotsdivers.com\/produkt\/import-placeholder-for-2502\/"},"modified":"2024-03-04T20:37:46","modified_gmt":"2024-03-04T19:37:46","slug":"divemaster-tauchkurs","status":"publish","type":"product","link":"https:\/\/23spots.com\/23spots-divers01\/tauchshop\/divemaster-tauchkurs\/","title":{"rendered":"Divemaster Tauchkurs"},"content":{"rendered":"<p>Mit dem Divemaster Tauchkurs startest Du Dein Tauchkarriere auf einer professionellen Ebene und machst den Einstieg zum Tauchen als Beruf. Du lernst Tauchaktivit\u00e4ten zu beaufsichtigen und assistierst Tauchlehrern bei der Arbeit mit ihren Sch\u00fclern. Auch wirst Du Deine F\u00fchrungsqualit\u00e4ten f\u00f6rdern und Deine Tauchfertigkeiten auf ein professionelles Niveau bringen.<\/p>\n","protected":false},"excerpt":{"rendered":"<p>Mit dem Divemaster Tauchkurs startest Du Dein Tauchkarriere auf einer professionellen Ebene und machst den Einstieg zum Tauchen als Beruf. Du lernst Tauchaktivit\u00e4ten zu beaufsichtigen und assistierst Tauchlehrern bei der Arbeit mit ihren Sch\u00fclern. Auch wirst Du Deine F\u00fchrungsqualit\u00e4ten f\u00f6rdern und Deine Tauchfertigkeiten auf ein professionelles Niveau bringen.<\/p>\n","protected":false},"featured_media":3416,"comment_status":"closed","ping_status":"closed","template":"","meta":[],"product_brand":[],"product_cat":[90],"product_tag":[],"class_list":{"0":"post-3377","1":"product","2":"type-product","3":"status-publish","4":"has-post-thumbnail","6":"product_cat-go-pro-tauchlehrer","8":"first","9":"instock","10":"taxable","11":"shipping-taxable","12":"purchasable","13":"product-type-simple"},"yoast_head":"<!-- This site is optimized with the Yoast SEO plugin v26.9 - https:\/\/yoast.com\/product\/yoast-seo-wordpress\/ -->\n<title>Divemaster Tauchkurs - 23spots-divers01<\/title>\n<meta name=\"robots\" content=\"noindex, follow, max-snippet:-1, max-image-preview:large, max-video-preview:-1\" \/>\n<meta property=\"og:locale\" content=\"de_DE\" \/>\n<meta property=\"og:type\" content=\"article\" \/>\n<meta property=\"og:title\" content=\"Divemaster Tauchkurs - 23spots-divers01\" \/>\n<meta property=\"og:description\" content=\"Mit dem Divemaster Tauchkurs startest Du Dein Tauchkarriere auf einer professionellen Ebene und machst den Einstieg zum Tauchen als Beruf. Du lernst Tauchaktivit\u00e4ten zu beaufsichtigen und assistierst Tauchlehrern bei der Arbeit mit ihren Sch\u00fclern. Auch wirst Du Deine F\u00fchrungsqualit\u00e4ten f\u00f6rdern und Deine Tauchfertigkeiten auf ein professionelles Niveau bringen.\" \/>\n<meta property=\"og:url\" content=\"https:\/\/23spots.com\/23spots-divers01\/tauchshop\/divemaster-tauchkurs\/\" \/>\n<meta property=\"og:site_name\" content=\"23spots-divers01\" \/>\n<meta property=\"article:modified_time\" content=\"2024-03-04T19:37:46+00:00\" \/>\n<meta property=\"og:image\" content=\"https:\/\/23spots.com\/23spots-divers01\/files\/divemaster_tauchkurs-1.jpg\" \/>\n\t<meta property=\"og:image:width\" content=\"560\" \/>\n\t<meta property=\"og:image:height\" content=\"280\" \/>\n\t<meta property=\"og:image:type\" content=\"image\/jpeg\" \/>\n<meta name=\"twitter:card\" content=\"summary_large_image\" \/>\n<meta name=\"twitter:label1\" content=\"Gesch\u00e4tzte Lesezeit\" \/>\n\t<meta name=\"twitter:data1\" content=\"1\u00a0Minute\" \/>\n<script type=\"application\/ld+json\" class=\"yoast-schema-graph\">{\"@context\":\"https:\/\/schema.org\",\"@graph\":[{\"@type\":\"WebPage\",\"@id\":\"https:\/\/23spots.com\/23spots-divers01\/tauchshop\/divemaster-tauchkurs\/\",\"url\":\"https:\/\/23spots.com\/23spots-divers01\/tauchshop\/divemaster-tauchkurs\/\",\"name\":\"Divemaster Tauchkurs - 23spots-divers01\",\"isPartOf\":{\"@id\":\"https:\/\/23spots.com\/23spots-divers01\/#website\"},\"primaryImageOfPage\":{\"@id\":\"https:\/\/23spots.com\/23spots-divers01\/tauchshop\/divemaster-tauchkurs\/#primaryimage\"},\"image\":{\"@id\":\"https:\/\/23spots.com\/23spots-divers01\/tauchshop\/divemaster-tauchkurs\/#primaryimage\"},\"thumbnailUrl\":\"https:\/\/23spots.com\/23spots-divers01\/files\/divemaster_tauchkurs-1.jpg\",\"datePublished\":\"2017-11-05T15:38:06+00:00\",\"dateModified\":\"2024-03-04T19:37:46+00:00\",\"breadcrumb\":{\"@id\":\"https:\/\/23spots.com\/23spots-divers01\/tauchshop\/divemaster-tauchkurs\/#breadcrumb\"},\"inLanguage\":\"de\",\"potentialAction\":[{\"@type\":\"ReadAction\",\"target\":[\"https:\/\/23spots.com\/23spots-divers01\/tauchshop\/divemaster-tauchkurs\/\"]}]},{\"@type\":\"ImageObject\",\"inLanguage\":\"de\",\"@id\":\"https:\/\/23spots.com\/23spots-divers01\/tauchshop\/divemaster-tauchkurs\/#primaryimage\",\"url\":\"https:\/\/23spots.com\/23spots-divers01\/files\/divemaster_tauchkurs-1.jpg\",\"contentUrl\":\"https:\/\/23spots.com\/23spots-divers01\/files\/divemaster_tauchkurs-1.jpg\",\"width\":560,\"height\":280},{\"@type\":\"BreadcrumbList\",\"@id\":\"https:\/\/23spots.com\/23spots-divers01\/tauchshop\/divemaster-tauchkurs\/#breadcrumb\",\"itemListElement\":[{\"@type\":\"ListItem\",\"position\":1,\"name\":\"Startseite\",\"item\":\"https:\/\/23spots.com\/23spots-divers01\/\"},{\"@type\":\"ListItem\",\"position\":2,\"name\":\"Tauchshop\",\"item\":\"https:\/\/23spots.com\/23spots-divers01\/tauchshop\/\"},{\"@type\":\"ListItem\",\"position\":3,\"name\":\"Divemaster Tauchkurs\"}]},{\"@type\":\"WebSite\",\"@id\":\"https:\/\/23spots.com\/23spots-divers01\/#website\",\"url\":\"https:\/\/23spots.com\/23spots-divers01\/\",\"name\":\"23spots-divers01\",\"description\":\"Tauchenreisen, Tauchkurse, Tauchausr\u00fcstung\",\"potentialAction\":[{\"@type\":\"SearchAction\",\"target\":{\"@type\":\"EntryPoint\",\"urlTemplate\":\"https:\/\/23spots.com\/23spots-divers01\/?s={search_term_string}\"},\"query-input\":{\"@type\":\"PropertyValueSpecification\",\"valueRequired\":true,\"valueName\":\"search_term_string\"}}],\"inLanguage\":\"de\"}]}<\/script>\n<!-- \/ Yoast SEO plugin. -->","yoast_head_json":{"title":"Divemaster Tauchkurs - 23spots-divers01","robots":{"index":"noindex","follow":"follow","max-snippet":"max-snippet:-1","max-image-preview":"max-image-preview:large","max-video-preview":"max-video-preview:-1"},"og_locale":"de_DE","og_type":"article","og_title":"Divemaster Tauchkurs - 23spots-divers01","og_description":"Mit dem Divemaster Tauchkurs startest Du Dein Tauchkarriere auf einer professionellen Ebene und machst den Einstieg zum Tauchen als Beruf. Du lernst Tauchaktivit\u00e4ten zu beaufsichtigen und assistierst Tauchlehrern bei der Arbeit mit ihren Sch\u00fclern. Auch wirst Du Deine F\u00fchrungsqualit\u00e4ten f\u00f6rdern und Deine Tauchfertigkeiten auf ein professionelles Niveau bringen.","og_url":"https:\/\/23spots.com\/23spots-divers01\/tauchshop\/divemaster-tauchkurs\/","og_site_name":"23spots-divers01","article_modified_time":"2024-03-04T19:37:46+00:00","og_image":[{"width":560,"height":280,"url":"https:\/\/23spots.com\/23spots-divers01\/files\/divemaster_tauchkurs-1.jpg","type":"image\/jpeg"}],"twitter_card":"summary_large_image","twitter_misc":{"Gesch\u00e4tzte Lesezeit":"1\u00a0Minute"},"schema":{"@context":"https:\/\/schema.org","@graph":[{"@type":"WebPage","@id":"https:\/\/23spots.com\/23spots-divers01\/tauchshop\/divemaster-tauchkurs\/","url":"https:\/\/23spots.com\/23spots-divers01\/tauchshop\/divemaster-tauchkurs\/","name":"Divemaster Tauchkurs - 23spots-divers01","isPartOf":{"@id":"https:\/\/23spots.com\/23spots-divers01\/#website"},"primaryImageOfPage":{"@id":"https:\/\/23spots.com\/23spots-divers01\/tauchshop\/divemaster-tauchkurs\/#primaryimage"},"image":{"@id":"https:\/\/23spots.com\/23spots-divers01\/tauchshop\/divemaster-tauchkurs\/#primaryimage"},"thumbnailUrl":"https:\/\/23spots.com\/23spots-divers01\/files\/divemaster_tauchkurs-1.jpg","datePublished":"2017-11-05T15:38:06+00:00","dateModified":"2024-03-04T19:37:46+00:00","breadcrumb":{"@id":"https:\/\/23spots.com\/23spots-divers01\/tauchshop\/divemaster-tauchkurs\/#breadcrumb"},"inLanguage":"de","potentialAction":[{"@type":"ReadAction","target":["https:\/\/23spots.com\/23spots-divers01\/tauchshop\/divemaster-tauchkurs\/"]}]},{"@type":"ImageObject","inLanguage":"de","@id":"https:\/\/23spots.com\/23spots-divers01\/tauchshop\/divemaster-tauchkurs\/#primaryimage","url":"https:\/\/23spots.com\/23spots-divers01\/files\/divemaster_tauchkurs-1.jpg","contentUrl":"https:\/\/23spots.com\/23spots-divers01\/files\/divemaster_tauchkurs-1.jpg","width":560,"height":280},{"@type":"BreadcrumbList","@id":"https:\/\/23spots.com\/23spots-divers01\/tauchshop\/divemaster-tauchkurs\/#breadcrumb","itemListElement":[{"@type":"ListItem","position":1,"name":"Startseite","item":"https:\/\/23spots.com\/23spots-divers01\/"},{"@type":"ListItem","position":2,"name":"Tauchshop","item":"https:\/\/23spots.com\/23spots-divers01\/tauchshop\/"},{"@type":"ListItem","position":3,"name":"Divemaster Tauchkurs"}]},{"@type":"WebSite","@id":"https:\/\/23spots.com\/23spots-divers01\/#website","url":"https:\/\/23spots.com\/23spots-divers01\/","name":"23spots-divers01","description":"Tauchenreisen, Tauchkurse, Tauchausr\u00fcstung","potentialAction":[{"@type":"SearchAction","target":{"@type":"EntryPoint","urlTemplate":"https:\/\/23spots.com\/23spots-divers01\/?s={search_term_string}"},"query-input":{"@type":"PropertyValueSpecification","valueRequired":true,"valueName":"search_term_string"}}],"inLanguage":"de"}]}},"_links":{"self":[{"href":"https:\/\/23spots.com\/23spots-divers01\/wp-json\/wp\/v2\/product\/3377","targetHints":{"allow":["GET"]}}],"collection":[{"href":"https:\/\/23spots.com\/23spots-divers01\/wp-json\/wp\/v2\/product"}],"about":[{"href":"https:\/\/23spots.com\/23spots-divers01\/wp-json\/wp\/v2\/types\/product"}],"replies":[{"embeddable":true,"href":"https:\/\/23spots.com\/23spots-divers01\/wp-json\/wp\/v2\/comments?post=3377"}],"wp:featuredmedia":[{"embeddable":true,"href":"https:\/\/23spots.com\/23spots-divers01\/wp-json\/wp\/v2\/media\/3416"}],"wp:attachment":[{"href":"https:\/\/23spots.com\/23spots-divers01\/wp-json\/wp\/v2\/media?parent=3377"}],"wp:term":[{"taxonomy":"product_brand","embeddable":true,"href":"https:\/\/23spots.com\/23spots-divers01\/wp-json\/wp\/v2\/product_brand?post=3377"},{"taxonomy":"product_cat","embeddable":true,"href":"https:\/\/23spots.com\/23spots-divers01\/wp-json\/wp\/v2\/product_cat?post=3377"},{"taxonomy":"product_tag","embeddable":true,"href":"https:\/\/23spots.com\/23spots-divers01\/wp-json\/wp\/v2\/product_tag?post=3377"}],"curies":[{"name":"wp","href":"https:\/\/api.w.org\/{rel}","templated":true}]}}