{"id":3379,"date":"2017-11-05T16:38:10","date_gmt":"2017-11-05T15:38:10","guid":{"rendered":"https:\/\/23spotsdivers.com\/produkt\/import-placeholder-for-2516\/"},"modified":"2017-11-07T19:56:19","modified_gmt":"2017-11-07T18:56:19","slug":"emergency-first-response","status":"publish","type":"product","link":"https:\/\/23spots.com\/23spots-divers01\/tauchshop\/emergency-first-response\/","title":{"rendered":"Emergency First Response"},"content":{"rendered":"<p>Bei diesem innovativen und sehr interessanten Erste-Hilfe-Programm lernst Du die Herz-Lungen-Wiederbelebung (Erstversorgung) und die Erste Hilfe (Zweitversorgung), welches Fertigkeiten sind, die f\u00fcr jeden Abenteuertauchsportler n\u00fctzlich sind. Aber auch f\u00fcr Nichtaucher ist dieser Kurs sehr sinnvoll, um in Notf\u00e4llen richtig handeln zu k\u00f6nnen. Beim Emergency First Response handelt es sich um Programm, welches sich auf lebensrettende Ma\u00dfnahmen spezialisiert hat und zu einer der f\u00fchrenden internationalen Ausbildungsorganisationen in Bereich Erste Hilfe z\u00e4hlt.Du hast nun viele Eindr\u00fccke und Erfahrungen beim Tauchen gesammelt und m\u00f6chtest ein noch besseres und beruhigenderes Gef\u00fchl beim Tauchen haben. Dann ist der Emergency First Response \u2013 HLW Kurs f\u00fcr Erste Hilfe zur Erst- und Zweitversorgung der richtige Kurs f\u00fcr Dich!<\/p>\n","protected":false},"excerpt":{"rendered":"<p>Du hast nun viele Eindr\u00fccke und Erfahrungen beim Tauchen gesammelt und m\u00f6chtest ein noch besseres und beruhigenderes Gef\u00fchl beim Tauchen haben. Dann ist der Emergency First Responce \u2013 HLW Kurs f\u00fcr Erste Hilfe zur Erst- und Zweitversorgung der richtige Kurs f\u00fcr Dich! <\/p>\n","protected":false},"featured_media":3424,"comment_status":"closed","ping_status":"closed","template":"","meta":[],"product_brand":[],"product_cat":[91],"product_tag":[],"class_list":{"0":"post-3379","1":"product","2":"type-product","3":"status-publish","4":"has-post-thumbnail","6":"product_cat-erste-hilfe-kurse","8":"first","9":"instock","10":"taxable","11":"shipping-taxable","12":"purchasable","13":"product-type-simple"},"yoast_head":"<!-- This site is optimized with the Yoast SEO plugin v26.9 - https:\/\/yoast.com\/product\/yoast-seo-wordpress\/ -->\n<title>Emergency First Response - 23spots-divers01<\/title>\n<meta name=\"robots\" content=\"noindex, follow, max-snippet:-1, max-image-preview:large, max-video-preview:-1\" \/>\n<meta property=\"og:locale\" content=\"de_DE\" \/>\n<meta property=\"og:type\" content=\"article\" \/>\n<meta property=\"og:title\" content=\"Emergency First Response - 23spots-divers01\" \/>\n<meta property=\"og:description\" content=\"Du hast nun viele Eindr\u00fccke und Erfahrungen beim Tauchen gesammelt und m\u00f6chtest ein noch besseres und beruhigenderes Gef\u00fchl beim Tauchen haben. Dann ist der Emergency First Responce \u2013 HLW Kurs f\u00fcr Erste Hilfe zur Erst- und Zweitversorgung der richtige Kurs f\u00fcr Dich!\" \/>\n<meta property=\"og:url\" content=\"https:\/\/23spots.com\/23spots-divers01\/tauchshop\/emergency-first-response\/\" \/>\n<meta property=\"og:site_name\" content=\"23spots-divers01\" \/>\n<meta property=\"article:modified_time\" content=\"2017-11-07T18:56:19+00:00\" \/>\n<meta property=\"og:image\" content=\"https:\/\/23spots.com\/23spots-divers01\/files\/first_emergency_response_kurs-1.jpg\" \/>\n\t<meta property=\"og:image:width\" content=\"560\" \/>\n\t<meta property=\"og:image:height\" content=\"280\" \/>\n\t<meta property=\"og:image:type\" content=\"image\/jpeg\" \/>\n<meta name=\"twitter:card\" content=\"summary_large_image\" \/>\n<meta name=\"twitter:label1\" content=\"Gesch\u00e4tzte Lesezeit\" \/>\n\t<meta name=\"twitter:data1\" content=\"1\u00a0Minute\" \/>\n<script type=\"application\/ld+json\" class=\"yoast-schema-graph\">{\"@context\":\"https:\/\/schema.org\",\"@graph\":[{\"@type\":\"WebPage\",\"@id\":\"https:\/\/23spots.com\/23spots-divers01\/tauchshop\/emergency-first-response\/\",\"url\":\"https:\/\/23spots.com\/23spots-divers01\/tauchshop\/emergency-first-response\/\",\"name\":\"Emergency First Response - 23spots-divers01\",\"isPartOf\":{\"@id\":\"https:\/\/23spots.com\/23spots-divers01\/#website\"},\"primaryImageOfPage\":{\"@id\":\"https:\/\/23spots.com\/23spots-divers01\/tauchshop\/emergency-first-response\/#primaryimage\"},\"image\":{\"@id\":\"https:\/\/23spots.com\/23spots-divers01\/tauchshop\/emergency-first-response\/#primaryimage\"},\"thumbnailUrl\":\"https:\/\/23spots.com\/23spots-divers01\/files\/first_emergency_response_kurs-1.jpg\",\"datePublished\":\"2017-11-05T15:38:10+00:00\",\"dateModified\":\"2017-11-07T18:56:19+00:00\",\"breadcrumb\":{\"@id\":\"https:\/\/23spots.com\/23spots-divers01\/tauchshop\/emergency-first-response\/#breadcrumb\"},\"inLanguage\":\"de\",\"potentialAction\":[{\"@type\":\"ReadAction\",\"target\":[\"https:\/\/23spots.com\/23spots-divers01\/tauchshop\/emergency-first-response\/\"]}]},{\"@type\":\"ImageObject\",\"inLanguage\":\"de\",\"@id\":\"https:\/\/23spots.com\/23spots-divers01\/tauchshop\/emergency-first-response\/#primaryimage\",\"url\":\"https:\/\/23spots.com\/23spots-divers01\/files\/first_emergency_response_kurs-1.jpg\",\"contentUrl\":\"https:\/\/23spots.com\/23spots-divers01\/files\/first_emergency_response_kurs-1.jpg\",\"width\":560,\"height\":280},{\"@type\":\"BreadcrumbList\",\"@id\":\"https:\/\/23spots.com\/23spots-divers01\/tauchshop\/emergency-first-response\/#breadcrumb\",\"itemListElement\":[{\"@type\":\"ListItem\",\"position\":1,\"name\":\"Startseite\",\"item\":\"https:\/\/23spots.com\/23spots-divers01\/\"},{\"@type\":\"ListItem\",\"position\":2,\"name\":\"Tauchshop\",\"item\":\"https:\/\/23spots.com\/23spots-divers01\/tauchshop\/\"},{\"@type\":\"ListItem\",\"position\":3,\"name\":\"Emergency First Response\"}]},{\"@type\":\"WebSite\",\"@id\":\"https:\/\/23spots.com\/23spots-divers01\/#website\",\"url\":\"https:\/\/23spots.com\/23spots-divers01\/\",\"name\":\"23spots-divers01\",\"description\":\"Tauchenreisen, Tauchkurse, Tauchausr\u00fcstung\",\"potentialAction\":[{\"@type\":\"SearchAction\",\"target\":{\"@type\":\"EntryPoint\",\"urlTemplate\":\"https:\/\/23spots.com\/23spots-divers01\/?s={search_term_string}\"},\"query-input\":{\"@type\":\"PropertyValueSpecification\",\"valueRequired\":true,\"valueName\":\"search_term_string\"}}],\"inLanguage\":\"de\"}]}<\/script>\n<!-- \/ Yoast SEO plugin. -->","yoast_head_json":{"title":"Emergency First Response - 23spots-divers01","robots":{"index":"noindex","follow":"follow","max-snippet":"max-snippet:-1","max-image-preview":"max-image-preview:large","max-video-preview":"max-video-preview:-1"},"og_locale":"de_DE","og_type":"article","og_title":"Emergency First Response - 23spots-divers01","og_description":"Du hast nun viele Eindr\u00fccke und Erfahrungen beim Tauchen gesammelt und m\u00f6chtest ein noch besseres und beruhigenderes Gef\u00fchl beim Tauchen haben. Dann ist der Emergency First Responce \u2013 HLW Kurs f\u00fcr Erste Hilfe zur Erst- und Zweitversorgung der richtige Kurs f\u00fcr Dich!","og_url":"https:\/\/23spots.com\/23spots-divers01\/tauchshop\/emergency-first-response\/","og_site_name":"23spots-divers01","article_modified_time":"2017-11-07T18:56:19+00:00","og_image":[{"width":560,"height":280,"url":"https:\/\/23spots.com\/23spots-divers01\/files\/first_emergency_response_kurs-1.jpg","type":"image\/jpeg"}],"twitter_card":"summary_large_image","twitter_misc":{"Gesch\u00e4tzte Lesezeit":"1\u00a0Minute"},"schema":{"@context":"https:\/\/schema.org","@graph":[{"@type":"WebPage","@id":"https:\/\/23spots.com\/23spots-divers01\/tauchshop\/emergency-first-response\/","url":"https:\/\/23spots.com\/23spots-divers01\/tauchshop\/emergency-first-response\/","name":"Emergency First Response - 23spots-divers01","isPartOf":{"@id":"https:\/\/23spots.com\/23spots-divers01\/#website"},"primaryImageOfPage":{"@id":"https:\/\/23spots.com\/23spots-divers01\/tauchshop\/emergency-first-response\/#primaryimage"},"image":{"@id":"https:\/\/23spots.com\/23spots-divers01\/tauchshop\/emergency-first-response\/#primaryimage"},"thumbnailUrl":"https:\/\/23spots.com\/23spots-divers01\/files\/first_emergency_response_kurs-1.jpg","datePublished":"2017-11-05T15:38:10+00:00","dateModified":"2017-11-07T18:56:19+00:00","breadcrumb":{"@id":"https:\/\/23spots.com\/23spots-divers01\/tauchshop\/emergency-first-response\/#breadcrumb"},"inLanguage":"de","potentialAction":[{"@type":"ReadAction","target":["https:\/\/23spots.com\/23spots-divers01\/tauchshop\/emergency-first-response\/"]}]},{"@type":"ImageObject","inLanguage":"de","@id":"https:\/\/23spots.com\/23spots-divers01\/tauchshop\/emergency-first-response\/#primaryimage","url":"https:\/\/23spots.com\/23spots-divers01\/files\/first_emergency_response_kurs-1.jpg","contentUrl":"https:\/\/23spots.com\/23spots-divers01\/files\/first_emergency_response_kurs-1.jpg","width":560,"height":280},{"@type":"BreadcrumbList","@id":"https:\/\/23spots.com\/23spots-divers01\/tauchshop\/emergency-first-response\/#breadcrumb","itemListElement":[{"@type":"ListItem","position":1,"name":"Startseite","item":"https:\/\/23spots.com\/23spots-divers01\/"},{"@type":"ListItem","position":2,"name":"Tauchshop","item":"https:\/\/23spots.com\/23spots-divers01\/tauchshop\/"},{"@type":"ListItem","position":3,"name":"Emergency First Response"}]},{"@type":"WebSite","@id":"https:\/\/23spots.com\/23spots-divers01\/#website","url":"https:\/\/23spots.com\/23spots-divers01\/","name":"23spots-divers01","description":"Tauchenreisen, Tauchkurse, Tauchausr\u00fcstung","potentialAction":[{"@type":"SearchAction","target":{"@type":"EntryPoint","urlTemplate":"https:\/\/23spots.com\/23spots-divers01\/?s={search_term_string}"},"query-input":{"@type":"PropertyValueSpecification","valueRequired":true,"valueName":"search_term_string"}}],"inLanguage":"de"}]}},"_links":{"self":[{"href":"https:\/\/23spots.com\/23spots-divers01\/wp-json\/wp\/v2\/product\/3379","targetHints":{"allow":["GET"]}}],"collection":[{"href":"https:\/\/23spots.com\/23spots-divers01\/wp-json\/wp\/v2\/product"}],"about":[{"href":"https:\/\/23spots.com\/23spots-divers01\/wp-json\/wp\/v2\/types\/product"}],"replies":[{"embeddable":true,"href":"https:\/\/23spots.com\/23spots-divers01\/wp-json\/wp\/v2\/comments?post=3379"}],"wp:featuredmedia":[{"embeddable":true,"href":"https:\/\/23spots.com\/23spots-divers01\/wp-json\/wp\/v2\/media\/3424"}],"wp:attachment":[{"href":"https:\/\/23spots.com\/23spots-divers01\/wp-json\/wp\/v2\/media?parent=3379"}],"wp:term":[{"taxonomy":"product_brand","embeddable":true,"href":"https:\/\/23spots.com\/23spots-divers01\/wp-json\/wp\/v2\/product_brand?post=3379"},{"taxonomy":"product_cat","embeddable":true,"href":"https:\/\/23spots.com\/23spots-divers01\/wp-json\/wp\/v2\/product_cat?post=3379"},{"taxonomy":"product_tag","embeddable":true,"href":"https:\/\/23spots.com\/23spots-divers01\/wp-json\/wp\/v2\/product_tag?post=3379"}],"curies":[{"name":"wp","href":"https:\/\/api.w.org\/{rel}","templated":true}]}}