{"id":3381,"date":"2017-11-05T16:38:13","date_gmt":"2017-11-05T15:38:13","guid":{"rendered":"https:\/\/23spotsdivers.com\/produkt\/import-placeholder-for-2528\/"},"modified":"2017-11-05T18:20:50","modified_gmt":"2017-11-05T17:20:50","slug":"tauchreise-suedspanien","status":"publish","type":"product","link":"https:\/\/23spots.com\/23spots-divers01\/tauchshop\/tauchreise-suedspanien\/","title":{"rendered":"Tauchreise  S\u00fcdspanien"},"content":{"rendered":"<p>Tauche ab in einem ph\u00e4nomenalen Meeresschutzgebiet, welches von zahlreichen bizarren Felsformationen gezeichnet ist, die den optimalen Lebensraum f\u00fcr Unterwasserlebewesen darstellen. Ein wahres Mekka f\u00fcr Unterwasserfotographie und Videographie. Um die Region Cartagena findest Du rund 30 Wracks, welche betauchbar sind von normalen Sporttauchern bis hin zu Tec Divern.<br \/>\nDas Tauchgebiet wurde einst von keinem geringeren wie Jacqeus Cousteau ausgezeichnet und hat bis heute seine Sch\u00f6nheit und Einzigartigkeit bewahrt.<\/p>\n","protected":false},"excerpt":{"rendered":"<p>Starte noch heute Deinen Tauchurlaub im S\u00fcden von Spanien in der herrlichen Region Murcia. Entdecke eines der sch\u00f6nsten und besten Tauchgebiete im europ\u00e4ischen Mittelmeer. Die Region um Cabo de Palos, ein kleines malerisches Fischerd\u00f6rfchen, ist bekannt f\u00fcr sein einzigartiges Tauchgebiet. Es besticht durch seine atemberaubende Artenvielfalt und bezaubernden Unterwasserflora und -fauna.<\/p>\n","protected":false},"featured_media":3431,"comment_status":"closed","ping_status":"closed","template":"","meta":[],"product_brand":[],"product_cat":[75],"product_tag":[],"class_list":{"0":"post-3381","1":"product","2":"type-product","3":"status-publish","4":"has-post-thumbnail","6":"product_cat-tauchreisen","8":"first","9":"instock","10":"featured","11":"taxable","12":"shipping-taxable","13":"purchasable","14":"product-type-simple"},"yoast_head":"<!-- This site is optimized with the Yoast SEO plugin v26.9 - https:\/\/yoast.com\/product\/yoast-seo-wordpress\/ -->\n<title>Tauchreise S\u00fcdspanien - 23spots-divers01<\/title>\n<meta name=\"robots\" content=\"noindex, follow, max-snippet:-1, max-image-preview:large, max-video-preview:-1\" \/>\n<meta property=\"og:locale\" content=\"de_DE\" \/>\n<meta property=\"og:type\" content=\"article\" \/>\n<meta property=\"og:title\" content=\"Tauchreise S\u00fcdspanien - 23spots-divers01\" \/>\n<meta property=\"og:description\" content=\"Starte noch heute Deinen Tauchurlaub im S\u00fcden von Spanien in der herrlichen Region Murcia. Entdecke eines der sch\u00f6nsten und besten Tauchgebiete im europ\u00e4ischen Mittelmeer. Die Region um Cabo de Palos, ein kleines malerisches Fischerd\u00f6rfchen, ist bekannt f\u00fcr sein einzigartiges Tauchgebiet. Es besticht durch seine atemberaubende Artenvielfalt und bezaubernden Unterwasserflora und -fauna.\" \/>\n<meta property=\"og:url\" content=\"https:\/\/23spots.com\/23spots-divers01\/tauchshop\/tauchreise-suedspanien\/\" \/>\n<meta property=\"og:site_name\" content=\"23spots-divers01\" \/>\n<meta property=\"article:modified_time\" content=\"2017-11-05T17:20:50+00:00\" \/>\n<meta property=\"og:image\" content=\"https:\/\/23spots.com\/23spots-divers01\/files\/tauchen_sueden_spanien_murcia-1.jpg\" \/>\n\t<meta property=\"og:image:width\" content=\"560\" \/>\n\t<meta property=\"og:image:height\" content=\"280\" \/>\n\t<meta property=\"og:image:type\" content=\"image\/jpeg\" \/>\n<meta name=\"twitter:card\" content=\"summary_large_image\" \/>\n<script type=\"application\/ld+json\" class=\"yoast-schema-graph\">{\"@context\":\"https:\/\/schema.org\",\"@graph\":[{\"@type\":\"WebPage\",\"@id\":\"https:\/\/23spots.com\/23spots-divers01\/tauchshop\/tauchreise-suedspanien\/\",\"url\":\"https:\/\/23spots.com\/23spots-divers01\/tauchshop\/tauchreise-suedspanien\/\",\"name\":\"Tauchreise S\u00fcdspanien - 23spots-divers01\",\"isPartOf\":{\"@id\":\"https:\/\/23spots.com\/23spots-divers01\/#website\"},\"primaryImageOfPage\":{\"@id\":\"https:\/\/23spots.com\/23spots-divers01\/tauchshop\/tauchreise-suedspanien\/#primaryimage\"},\"image\":{\"@id\":\"https:\/\/23spots.com\/23spots-divers01\/tauchshop\/tauchreise-suedspanien\/#primaryimage\"},\"thumbnailUrl\":\"https:\/\/23spots.com\/23spots-divers01\/files\/tauchen_sueden_spanien_murcia-1.jpg\",\"datePublished\":\"2017-11-05T15:38:13+00:00\",\"dateModified\":\"2017-11-05T17:20:50+00:00\",\"breadcrumb\":{\"@id\":\"https:\/\/23spots.com\/23spots-divers01\/tauchshop\/tauchreise-suedspanien\/#breadcrumb\"},\"inLanguage\":\"de\",\"potentialAction\":[{\"@type\":\"ReadAction\",\"target\":[\"https:\/\/23spots.com\/23spots-divers01\/tauchshop\/tauchreise-suedspanien\/\"]}]},{\"@type\":\"ImageObject\",\"inLanguage\":\"de\",\"@id\":\"https:\/\/23spots.com\/23spots-divers01\/tauchshop\/tauchreise-suedspanien\/#primaryimage\",\"url\":\"https:\/\/23spots.com\/23spots-divers01\/files\/tauchen_sueden_spanien_murcia-1.jpg\",\"contentUrl\":\"https:\/\/23spots.com\/23spots-divers01\/files\/tauchen_sueden_spanien_murcia-1.jpg\",\"width\":560,\"height\":280},{\"@type\":\"BreadcrumbList\",\"@id\":\"https:\/\/23spots.com\/23spots-divers01\/tauchshop\/tauchreise-suedspanien\/#breadcrumb\",\"itemListElement\":[{\"@type\":\"ListItem\",\"position\":1,\"name\":\"Startseite\",\"item\":\"https:\/\/23spots.com\/23spots-divers01\/\"},{\"@type\":\"ListItem\",\"position\":2,\"name\":\"Tauchshop\",\"item\":\"https:\/\/23spots.com\/23spots-divers01\/tauchshop\/\"},{\"@type\":\"ListItem\",\"position\":3,\"name\":\"Tauchreise S\u00fcdspanien\"}]},{\"@type\":\"WebSite\",\"@id\":\"https:\/\/23spots.com\/23spots-divers01\/#website\",\"url\":\"https:\/\/23spots.com\/23spots-divers01\/\",\"name\":\"23spots-divers01\",\"description\":\"Tauchenreisen, Tauchkurse, Tauchausr\u00fcstung\",\"potentialAction\":[{\"@type\":\"SearchAction\",\"target\":{\"@type\":\"EntryPoint\",\"urlTemplate\":\"https:\/\/23spots.com\/23spots-divers01\/?s={search_term_string}\"},\"query-input\":{\"@type\":\"PropertyValueSpecification\",\"valueRequired\":true,\"valueName\":\"search_term_string\"}}],\"inLanguage\":\"de\"}]}<\/script>\n<!-- \/ Yoast SEO plugin. -->","yoast_head_json":{"title":"Tauchreise S\u00fcdspanien - 23spots-divers01","robots":{"index":"noindex","follow":"follow","max-snippet":"max-snippet:-1","max-image-preview":"max-image-preview:large","max-video-preview":"max-video-preview:-1"},"og_locale":"de_DE","og_type":"article","og_title":"Tauchreise S\u00fcdspanien - 23spots-divers01","og_description":"Starte noch heute Deinen Tauchurlaub im S\u00fcden von Spanien in der herrlichen Region Murcia. Entdecke eines der sch\u00f6nsten und besten Tauchgebiete im europ\u00e4ischen Mittelmeer. Die Region um Cabo de Palos, ein kleines malerisches Fischerd\u00f6rfchen, ist bekannt f\u00fcr sein einzigartiges Tauchgebiet. Es besticht durch seine atemberaubende Artenvielfalt und bezaubernden Unterwasserflora und -fauna.","og_url":"https:\/\/23spots.com\/23spots-divers01\/tauchshop\/tauchreise-suedspanien\/","og_site_name":"23spots-divers01","article_modified_time":"2017-11-05T17:20:50+00:00","og_image":[{"width":560,"height":280,"url":"https:\/\/23spots.com\/23spots-divers01\/files\/tauchen_sueden_spanien_murcia-1.jpg","type":"image\/jpeg"}],"twitter_card":"summary_large_image","schema":{"@context":"https:\/\/schema.org","@graph":[{"@type":"WebPage","@id":"https:\/\/23spots.com\/23spots-divers01\/tauchshop\/tauchreise-suedspanien\/","url":"https:\/\/23spots.com\/23spots-divers01\/tauchshop\/tauchreise-suedspanien\/","name":"Tauchreise S\u00fcdspanien - 23spots-divers01","isPartOf":{"@id":"https:\/\/23spots.com\/23spots-divers01\/#website"},"primaryImageOfPage":{"@id":"https:\/\/23spots.com\/23spots-divers01\/tauchshop\/tauchreise-suedspanien\/#primaryimage"},"image":{"@id":"https:\/\/23spots.com\/23spots-divers01\/tauchshop\/tauchreise-suedspanien\/#primaryimage"},"thumbnailUrl":"https:\/\/23spots.com\/23spots-divers01\/files\/tauchen_sueden_spanien_murcia-1.jpg","datePublished":"2017-11-05T15:38:13+00:00","dateModified":"2017-11-05T17:20:50+00:00","breadcrumb":{"@id":"https:\/\/23spots.com\/23spots-divers01\/tauchshop\/tauchreise-suedspanien\/#breadcrumb"},"inLanguage":"de","potentialAction":[{"@type":"ReadAction","target":["https:\/\/23spots.com\/23spots-divers01\/tauchshop\/tauchreise-suedspanien\/"]}]},{"@type":"ImageObject","inLanguage":"de","@id":"https:\/\/23spots.com\/23spots-divers01\/tauchshop\/tauchreise-suedspanien\/#primaryimage","url":"https:\/\/23spots.com\/23spots-divers01\/files\/tauchen_sueden_spanien_murcia-1.jpg","contentUrl":"https:\/\/23spots.com\/23spots-divers01\/files\/tauchen_sueden_spanien_murcia-1.jpg","width":560,"height":280},{"@type":"BreadcrumbList","@id":"https:\/\/23spots.com\/23spots-divers01\/tauchshop\/tauchreise-suedspanien\/#breadcrumb","itemListElement":[{"@type":"ListItem","position":1,"name":"Startseite","item":"https:\/\/23spots.com\/23spots-divers01\/"},{"@type":"ListItem","position":2,"name":"Tauchshop","item":"https:\/\/23spots.com\/23spots-divers01\/tauchshop\/"},{"@type":"ListItem","position":3,"name":"Tauchreise S\u00fcdspanien"}]},{"@type":"WebSite","@id":"https:\/\/23spots.com\/23spots-divers01\/#website","url":"https:\/\/23spots.com\/23spots-divers01\/","name":"23spots-divers01","description":"Tauchenreisen, Tauchkurse, Tauchausr\u00fcstung","potentialAction":[{"@type":"SearchAction","target":{"@type":"EntryPoint","urlTemplate":"https:\/\/23spots.com\/23spots-divers01\/?s={search_term_string}"},"query-input":{"@type":"PropertyValueSpecification","valueRequired":true,"valueName":"search_term_string"}}],"inLanguage":"de"}]}},"_links":{"self":[{"href":"https:\/\/23spots.com\/23spots-divers01\/wp-json\/wp\/v2\/product\/3381","targetHints":{"allow":["GET"]}}],"collection":[{"href":"https:\/\/23spots.com\/23spots-divers01\/wp-json\/wp\/v2\/product"}],"about":[{"href":"https:\/\/23spots.com\/23spots-divers01\/wp-json\/wp\/v2\/types\/product"}],"replies":[{"embeddable":true,"href":"https:\/\/23spots.com\/23spots-divers01\/wp-json\/wp\/v2\/comments?post=3381"}],"wp:featuredmedia":[{"embeddable":true,"href":"https:\/\/23spots.com\/23spots-divers01\/wp-json\/wp\/v2\/media\/3431"}],"wp:attachment":[{"href":"https:\/\/23spots.com\/23spots-divers01\/wp-json\/wp\/v2\/media?parent=3381"}],"wp:term":[{"taxonomy":"product_brand","embeddable":true,"href":"https:\/\/23spots.com\/23spots-divers01\/wp-json\/wp\/v2\/product_brand?post=3381"},{"taxonomy":"product_cat","embeddable":true,"href":"https:\/\/23spots.com\/23spots-divers01\/wp-json\/wp\/v2\/product_cat?post=3381"},{"taxonomy":"product_tag","embeddable":true,"href":"https:\/\/23spots.com\/23spots-divers01\/wp-json\/wp\/v2\/product_tag?post=3381"}],"curies":[{"name":"wp","href":"https:\/\/api.w.org\/{rel}","templated":true}]}}