{"id":5514,"date":"2024-01-23T08:33:19","date_gmt":"2024-01-23T07:33:19","guid":{"rendered":"https:\/\/23spotsdivers.com\/produkt\/mittelmeer-tauchsafari\/"},"modified":"2024-01-24T20:20:32","modified_gmt":"2024-01-24T19:20:32","slug":"mittelmeer-tauchsafari","status":"publish","type":"product","link":"https:\/\/23spots.com\/23spots-divers01\/tauchshop\/mittelmeer-tauchsafari\/","title":{"rendered":"Mittelmeer Tauchsafari"},"content":{"rendered":"<p style=\"text-align: left;\">Eine Tauchsafari im europ\u00e4ischen Mittelmeer mit dem herrlichen Segelschiff Sir Robert und seiner freundlichen Crew. Erkunde auf Deiner Tauchreise die Unterwasserwelt in Mallorca, Menorca, Sardinien, Golf von Nepal, Korsika oder entlang der Cote a Sur. Egal welche Tauchtour Du startest, Du wirst Deine komplette Zeit auf dem Schiff fachm\u00e4nnisch beraten und betreut.<\/p>\n","protected":false},"excerpt":{"rendered":"<p style=\"text-align: left;\">Die Guides zeigen Dir die besten Tauchpl\u00e4tze, begleiten Dich bei all Deinen Tauchg\u00e4ngen und Du kannst Wracktauchen oder tiefe Tauchg\u00e4nge machen, auch Tauchg\u00e4nge in niedrigen Tiefen sind durch die Artenvielfalt ein einzigartiges Highlight bei Deiner Tauchreise.<br \/>\nAuf der Sir Robert gibt es nat\u00fcrlich auch genug Tauchequipment, welches von Dir ausgeliehen werden kann, du brauchst also nicht unbedingt Deine komplette eigene Tauchausr\u00fcstung mitnehmen.<br \/>\nFalls Du mal einen tauchfreien Tag erlegen m\u00f6chtest, kannst Du dies nat\u00fcrlich jederzeit machen, es werden auch andere Aktivit\u00e4ten auf Anfrage unternommen.<br \/>\nBitte setze Dich einfach mit uns in Verbindung um alles weitere zu besprechen.<\/p>\n","protected":false},"featured_media":5518,"comment_status":"closed","ping_status":"closed","template":"","meta":[],"product_brand":[],"product_cat":[75,114],"product_tag":[],"class_list":{"0":"post-5514","1":"product","2":"type-product","3":"status-publish","4":"has-post-thumbnail","6":"product_cat-tauchreisen","7":"product_cat-tauchsport","9":"first","10":"instock","11":"taxable","12":"shipping-taxable","13":"purchasable","14":"product-type-simple"},"yoast_head":"<!-- This site is optimized with the Yoast SEO plugin v26.9 - https:\/\/yoast.com\/product\/yoast-seo-wordpress\/ -->\n<title>Mittelmeer Tauchsafari - 23spots-divers01<\/title>\n<meta name=\"robots\" content=\"noindex, follow, max-snippet:-1, max-image-preview:large, max-video-preview:-1\" \/>\n<meta property=\"og:locale\" content=\"de_DE\" \/>\n<meta property=\"og:type\" content=\"article\" \/>\n<meta property=\"og:title\" content=\"Mittelmeer Tauchsafari - 23spots-divers01\" \/>\n<meta property=\"og:description\" content=\"Die Guides zeigen Dir die besten Tauchpl\u00e4tze, begleiten Dich bei all Deinen Tauchg\u00e4ngen und Du kannst Wracktauchen oder tiefe Tauchg\u00e4nge machen, auch Tauchg\u00e4nge in niedrigen Tiefen sind durch die Artenvielfalt ein einzigartiges Highlight bei Deiner Tauchreise. Auf der Sir Robert gibt es nat\u00fcrlich auch genug Tauchequipment, welches von Dir ausgeliehen werden kann, du brauchst also nicht unbedingt Deine komplette eigene Tauchausr\u00fcstung mitnehmen. Falls Du mal einen tauchfreien Tag erlegen m\u00f6chtest, kannst Du dies nat\u00fcrlich jederzeit machen, es werden auch andere Aktivit\u00e4ten auf Anfrage unternommen. Bitte setze Dich einfach mit uns in Verbindung um alles weitere zu besprechen.\" \/>\n<meta property=\"og:url\" content=\"https:\/\/23spots.com\/23spots-divers01\/tauchshop\/mittelmeer-tauchsafari\/\" \/>\n<meta property=\"og:site_name\" content=\"23spots-divers01\" \/>\n<meta property=\"article:modified_time\" content=\"2024-01-24T19:20:32+00:00\" \/>\n<meta property=\"og:image\" content=\"https:\/\/23spots.com\/23spots-divers01\/files\/Tauchsafari-Mittelmeer-Test.jpg\" \/>\n\t<meta property=\"og:image:width\" content=\"800\" \/>\n\t<meta property=\"og:image:height\" content=\"800\" \/>\n\t<meta property=\"og:image:type\" content=\"image\/jpeg\" \/>\n<meta name=\"twitter:card\" content=\"summary_large_image\" \/>\n<meta name=\"twitter:label1\" content=\"Gesch\u00e4tzte Lesezeit\" \/>\n\t<meta name=\"twitter:data1\" content=\"1\u00a0Minute\" \/>\n<script type=\"application\/ld+json\" class=\"yoast-schema-graph\">{\"@context\":\"https:\/\/schema.org\",\"@graph\":[{\"@type\":\"WebPage\",\"@id\":\"https:\/\/23spots.com\/23spots-divers01\/tauchshop\/mittelmeer-tauchsafari\/\",\"url\":\"https:\/\/23spots.com\/23spots-divers01\/tauchshop\/mittelmeer-tauchsafari\/\",\"name\":\"Mittelmeer Tauchsafari - 23spots-divers01\",\"isPartOf\":{\"@id\":\"https:\/\/23spots.com\/23spots-divers01\/#website\"},\"primaryImageOfPage\":{\"@id\":\"https:\/\/23spots.com\/23spots-divers01\/tauchshop\/mittelmeer-tauchsafari\/#primaryimage\"},\"image\":{\"@id\":\"https:\/\/23spots.com\/23spots-divers01\/tauchshop\/mittelmeer-tauchsafari\/#primaryimage\"},\"thumbnailUrl\":\"https:\/\/23spots.com\/23spots-divers01\/files\/Tauchsafari-Mittelmeer-Test.jpg\",\"datePublished\":\"2024-01-23T07:33:19+00:00\",\"dateModified\":\"2024-01-24T19:20:32+00:00\",\"breadcrumb\":{\"@id\":\"https:\/\/23spots.com\/23spots-divers01\/tauchshop\/mittelmeer-tauchsafari\/#breadcrumb\"},\"inLanguage\":\"de\",\"potentialAction\":[{\"@type\":\"ReadAction\",\"target\":[\"https:\/\/23spots.com\/23spots-divers01\/tauchshop\/mittelmeer-tauchsafari\/\"]}]},{\"@type\":\"ImageObject\",\"inLanguage\":\"de\",\"@id\":\"https:\/\/23spots.com\/23spots-divers01\/tauchshop\/mittelmeer-tauchsafari\/#primaryimage\",\"url\":\"https:\/\/23spots.com\/23spots-divers01\/files\/Tauchsafari-Mittelmeer-Test.jpg\",\"contentUrl\":\"https:\/\/23spots.com\/23spots-divers01\/files\/Tauchsafari-Mittelmeer-Test.jpg\",\"width\":800,\"height\":800},{\"@type\":\"BreadcrumbList\",\"@id\":\"https:\/\/23spots.com\/23spots-divers01\/tauchshop\/mittelmeer-tauchsafari\/#breadcrumb\",\"itemListElement\":[{\"@type\":\"ListItem\",\"position\":1,\"name\":\"Startseite\",\"item\":\"https:\/\/23spots.com\/23spots-divers01\/\"},{\"@type\":\"ListItem\",\"position\":2,\"name\":\"Tauchshop\",\"item\":\"https:\/\/23spots.com\/23spots-divers01\/tauchshop\/\"},{\"@type\":\"ListItem\",\"position\":3,\"name\":\"Mittelmeer Tauchsafari\"}]},{\"@type\":\"WebSite\",\"@id\":\"https:\/\/23spots.com\/23spots-divers01\/#website\",\"url\":\"https:\/\/23spots.com\/23spots-divers01\/\",\"name\":\"23spots-divers01\",\"description\":\"Tauchenreisen, Tauchkurse, Tauchausr\u00fcstung\",\"potentialAction\":[{\"@type\":\"SearchAction\",\"target\":{\"@type\":\"EntryPoint\",\"urlTemplate\":\"https:\/\/23spots.com\/23spots-divers01\/?s={search_term_string}\"},\"query-input\":{\"@type\":\"PropertyValueSpecification\",\"valueRequired\":true,\"valueName\":\"search_term_string\"}}],\"inLanguage\":\"de\"}]}<\/script>\n<!-- \/ Yoast SEO plugin. -->","yoast_head_json":{"title":"Mittelmeer Tauchsafari - 23spots-divers01","robots":{"index":"noindex","follow":"follow","max-snippet":"max-snippet:-1","max-image-preview":"max-image-preview:large","max-video-preview":"max-video-preview:-1"},"og_locale":"de_DE","og_type":"article","og_title":"Mittelmeer Tauchsafari - 23spots-divers01","og_description":"Die Guides zeigen Dir die besten Tauchpl\u00e4tze, begleiten Dich bei all Deinen Tauchg\u00e4ngen und Du kannst Wracktauchen oder tiefe Tauchg\u00e4nge machen, auch Tauchg\u00e4nge in niedrigen Tiefen sind durch die Artenvielfalt ein einzigartiges Highlight bei Deiner Tauchreise. Auf der Sir Robert gibt es nat\u00fcrlich auch genug Tauchequipment, welches von Dir ausgeliehen werden kann, du brauchst also nicht unbedingt Deine komplette eigene Tauchausr\u00fcstung mitnehmen. Falls Du mal einen tauchfreien Tag erlegen m\u00f6chtest, kannst Du dies nat\u00fcrlich jederzeit machen, es werden auch andere Aktivit\u00e4ten auf Anfrage unternommen. Bitte setze Dich einfach mit uns in Verbindung um alles weitere zu besprechen.","og_url":"https:\/\/23spots.com\/23spots-divers01\/tauchshop\/mittelmeer-tauchsafari\/","og_site_name":"23spots-divers01","article_modified_time":"2024-01-24T19:20:32+00:00","og_image":[{"width":800,"height":800,"url":"https:\/\/23spots.com\/23spots-divers01\/files\/Tauchsafari-Mittelmeer-Test.jpg","type":"image\/jpeg"}],"twitter_card":"summary_large_image","twitter_misc":{"Gesch\u00e4tzte Lesezeit":"1\u00a0Minute"},"schema":{"@context":"https:\/\/schema.org","@graph":[{"@type":"WebPage","@id":"https:\/\/23spots.com\/23spots-divers01\/tauchshop\/mittelmeer-tauchsafari\/","url":"https:\/\/23spots.com\/23spots-divers01\/tauchshop\/mittelmeer-tauchsafari\/","name":"Mittelmeer Tauchsafari - 23spots-divers01","isPartOf":{"@id":"https:\/\/23spots.com\/23spots-divers01\/#website"},"primaryImageOfPage":{"@id":"https:\/\/23spots.com\/23spots-divers01\/tauchshop\/mittelmeer-tauchsafari\/#primaryimage"},"image":{"@id":"https:\/\/23spots.com\/23spots-divers01\/tauchshop\/mittelmeer-tauchsafari\/#primaryimage"},"thumbnailUrl":"https:\/\/23spots.com\/23spots-divers01\/files\/Tauchsafari-Mittelmeer-Test.jpg","datePublished":"2024-01-23T07:33:19+00:00","dateModified":"2024-01-24T19:20:32+00:00","breadcrumb":{"@id":"https:\/\/23spots.com\/23spots-divers01\/tauchshop\/mittelmeer-tauchsafari\/#breadcrumb"},"inLanguage":"de","potentialAction":[{"@type":"ReadAction","target":["https:\/\/23spots.com\/23spots-divers01\/tauchshop\/mittelmeer-tauchsafari\/"]}]},{"@type":"ImageObject","inLanguage":"de","@id":"https:\/\/23spots.com\/23spots-divers01\/tauchshop\/mittelmeer-tauchsafari\/#primaryimage","url":"https:\/\/23spots.com\/23spots-divers01\/files\/Tauchsafari-Mittelmeer-Test.jpg","contentUrl":"https:\/\/23spots.com\/23spots-divers01\/files\/Tauchsafari-Mittelmeer-Test.jpg","width":800,"height":800},{"@type":"BreadcrumbList","@id":"https:\/\/23spots.com\/23spots-divers01\/tauchshop\/mittelmeer-tauchsafari\/#breadcrumb","itemListElement":[{"@type":"ListItem","position":1,"name":"Startseite","item":"https:\/\/23spots.com\/23spots-divers01\/"},{"@type":"ListItem","position":2,"name":"Tauchshop","item":"https:\/\/23spots.com\/23spots-divers01\/tauchshop\/"},{"@type":"ListItem","position":3,"name":"Mittelmeer Tauchsafari"}]},{"@type":"WebSite","@id":"https:\/\/23spots.com\/23spots-divers01\/#website","url":"https:\/\/23spots.com\/23spots-divers01\/","name":"23spots-divers01","description":"Tauchenreisen, Tauchkurse, Tauchausr\u00fcstung","potentialAction":[{"@type":"SearchAction","target":{"@type":"EntryPoint","urlTemplate":"https:\/\/23spots.com\/23spots-divers01\/?s={search_term_string}"},"query-input":{"@type":"PropertyValueSpecification","valueRequired":true,"valueName":"search_term_string"}}],"inLanguage":"de"}]}},"_links":{"self":[{"href":"https:\/\/23spots.com\/23spots-divers01\/wp-json\/wp\/v2\/product\/5514","targetHints":{"allow":["GET"]}}],"collection":[{"href":"https:\/\/23spots.com\/23spots-divers01\/wp-json\/wp\/v2\/product"}],"about":[{"href":"https:\/\/23spots.com\/23spots-divers01\/wp-json\/wp\/v2\/types\/product"}],"replies":[{"embeddable":true,"href":"https:\/\/23spots.com\/23spots-divers01\/wp-json\/wp\/v2\/comments?post=5514"}],"wp:featuredmedia":[{"embeddable":true,"href":"https:\/\/23spots.com\/23spots-divers01\/wp-json\/wp\/v2\/media\/5518"}],"wp:attachment":[{"href":"https:\/\/23spots.com\/23spots-divers01\/wp-json\/wp\/v2\/media?parent=5514"}],"wp:term":[{"taxonomy":"product_brand","embeddable":true,"href":"https:\/\/23spots.com\/23spots-divers01\/wp-json\/wp\/v2\/product_brand?post=5514"},{"taxonomy":"product_cat","embeddable":true,"href":"https:\/\/23spots.com\/23spots-divers01\/wp-json\/wp\/v2\/product_cat?post=5514"},{"taxonomy":"product_tag","embeddable":true,"href":"https:\/\/23spots.com\/23spots-divers01\/wp-json\/wp\/v2\/product_tag?post=5514"}],"curies":[{"name":"wp","href":"https:\/\/api.w.org\/{rel}","templated":true}]}}